{"id":2526,"date":"2022-12-17T12:41:01","date_gmt":"2022-12-17T09:41:01","guid":{"rendered":"https:\/\/hidroponikbahce.com\/?post_type=product&#038;p=2526"},"modified":"2022-12-17T12:43:31","modified_gmt":"2022-12-17T09:43:31","slug":"hst-05-makarali-hasat-arabasi","status":"publish","type":"product","link":"https:\/\/hidroponikbahce.net\/en\/market\/hst-05-makarali-hasat-arabasi\/","title":{"rendered":"HST-05 Makaral\u0131 Hasat Arabas\u0131"},"content":{"rendered":"<div class=\"w-100 mt-4 text-center yazilarr\">\n<p>G\u00fc\u00e7lendirilmi\u015f \u00e7elik kafes yap\u0131s\u0131.<br \/>\nMakaral\u0131 \u00fcst kutu koyma alan\u0131.<br \/>\nIzgara Tip alt kasa koyma alan\u0131.<br \/>\nHer iki tarafta da yer alan y\u00f6nlendirme saplar\u0131.<\/p>\n<p><img data-recalc-dims=\"1\" decoding=\"async\" src=\"https:\/\/i0.wp.com\/www.seraymak.com\/resimler\/editor\/images\/HST-05-1.jpg?w=1290&#038;ssl=1\" alt=\"\" \/><\/p>\n<p>Dayan\u0131m\u0131 y\u00fcksek haval\u0131 teker grubu.<br \/>\nArabalar\u0131 birbirlerine ba\u011flayabilece\u011finiz \u00f6n-arka \u00e7eki grubu<\/p>\n<p><img data-recalc-dims=\"1\" decoding=\"async\" src=\"https:\/\/i0.wp.com\/www.seraymak.com\/resimler\/editor\/images\/HST-05-2.jpg?w=1290&#038;ssl=1\" alt=\"\" \/><\/p>\n<p>HST-05 modelinde kullan\u0131c\u0131 i\u00e7in \u00f6n ve arkada 2 adet e\u015fya cebi<\/p>\n<p><img data-recalc-dims=\"1\" decoding=\"async\" src=\"https:\/\/i0.wp.com\/www.seraymak.com\/resimler\/editor\/images\/HST-05-3.jpg?w=1290&#038;ssl=1\" alt=\"\" \/><\/p>\n<p>Zemin \u015fartlar\u0131na g\u00f6re ara mesafesi ayarlanabilir orta tekerler<\/p>\n<p><img data-recalc-dims=\"1\" decoding=\"async\" src=\"https:\/\/i0.wp.com\/www.seraymak.com\/resimler\/editor\/images\/HST-05-4.jpg?w=1290&#038;ssl=1\" alt=\"\" \/><\/p>\n<\/div>\n<div class=\"w-100 mt-4\">\n<table class=\"table table-striped\">\n<tbody>\n<tr>\n<td>MODEL<\/td>\n<td>HST-05<\/td>\n<\/tr>\n<tr>\n<td>ENERJ\u0130 BESLEME<\/td>\n<td>MEVCUT DE\u011e\u0130LD\u0130R.<\/td>\n<\/tr>\n<tr>\n<td>\u00c7ALI\u015eMA S\u00dcRES\u0130 (Kullan\u0131ma Ba\u011fl\u0131)<\/td>\n<td>S\u00dcRES\u0130Z<\/td>\n<\/tr>\n<tr>\n<td>\u00c7ALI\u015eMA ALANI<\/td>\n<td>BETON,SERT BASILMI\u015e TOPRAK ZEM\u0130N<\/td>\n<\/tr>\n<tr>\n<td>KASA KOYMA ALANI<\/td>\n<td>1900 mm x 434 mm<\/td>\n<\/tr>\n<tr>\n<td>KASA KOYMA YER\u0130<\/td>\n<td>Makaral\u0131 Sistem<\/td>\n<\/tr>\n<tr>\n<td>ALT KASA KOYMA ALANI<\/td>\n<td>1890 mm x 500 mm<\/td>\n<\/tr>\n<tr>\n<td>ALT KASA KOYMA YER\u0130<\/td>\n<td>Izgaral\u0131 Tip \u00c7ukur B\u00f6lme<\/td>\n<\/tr>\n<tr>\n<td>MAK\u0130NE A\u011eIRLI\u011eI<\/td>\n<td>86 kg<\/td>\n<\/tr>\n<tr>\n<td>MAKS\u0130MUM TA\u015eIMA KAPAS\u0130TES\u0130<\/td>\n<td>300 kg<\/td>\n<\/tr>\n<tr>\n<td>Y\u00d6NLEND\u0130RME<\/td>\n<td>ORTA TEKERDEN D\u00d6NEB\u0130LME<\/td>\n<\/tr>\n<tr>\n<td>ORTA TEKER<\/td>\n<td>HAVALI TEKER<\/td>\n<\/tr>\n<tr>\n<td>D\u00d6NER TEKERLER<\/td>\n<td>HAVALI D\u00d6NER TEKER<\/td>\n<\/tr>\n<tr>\n<td>E\u015eYA CEB\u0130<\/td>\n<td>MEVCUT<\/td>\n<\/tr>\n<tr>\n<td>BOYA<\/td>\n<td>\u00a0ELEKTROSTAT\u0130K FIRIN BOYA<\/td>\n<\/tr>\n<tr>\n<td>GARANT\u0130<\/td>\n<td>24 AY<\/td>\n<\/tr>\n<\/tbody>\n<\/table>\n<\/div>","protected":false},"excerpt":{"rendered":"<p>HST-05 \u00c7ift Katl\u0131 Makaral\u0131 Hasat Arabas\u0131 seralarda hasat edilen \u00fcr\u00fcnlerin sevkiyat\u0131nda \u00f6nemli role sahip ara\u00e7lard\u0131r.<br \/>\nHST-05 modeli toprakl\u0131 tar\u0131mda ray borular\u0131 olmayan i\u015fletmeler i\u00e7in geli\u015ftirilmi\u015f bir model olup sert toprak zeminlerde ve beton zeminlerde kullan\u0131ma uygundur.<\/p>\n<p>HST-05 Makaral\u0131 \u00fcst kat\u0131 sayesinde kasalar\u0131 yerle\u015ftirmek \u00e7ok daha kolay. Ayr\u0131ca bir alt kat bulundurmas\u0131 sebebi ile daha \u00e7ok kasa koyabilme imkan\u0131 sunar.<\/p>\n<p>HST-05 ile i\u015fg\u00fcc\u00fcnden ve zamandan b\u00fcy\u00fck tasarruf edin.<\/p>\n<p>[blocksy-content-block id=&#8221;2469&#8243;]<\/p>\n","protected":false},"featured_media":2529,"comment_status":"open","ping_status":"closed","template":"","meta":{"tpgb_global_settings":"","_vp_format_video_url":"","_vp_image_focal_point":[]},"product_brand":[],"product_cat":[152,199],"product_tag":[162,207,206,156,157],"class_list":{"0":"post-2526","1":"product","2":"type-product","3":"status-publish","4":"has-post-thumbnail","6":"product_cat-sera-makineleri","7":"product_cat-toprakli-sera-makineleri","8":"product_tag-hasat-arabasi","9":"product_tag-hasat-makinesi","10":"product_tag-makineli-hasat-arabasi","11":"product_tag-sera-arabasi","12":"product_tag-sera-makinesi","14":"first","15":"instock","16":"taxable","17":"shipping-taxable","18":"product-type-grouped"},"yoast_head":"<!-- This site is optimized with the Yoast SEO plugin v27.4 - https:\/\/yoast.com\/product\/yoast-seo-wordpress\/ -->\n<title>HST-05 Makaral\u0131 Hasat Arabas\u0131 - Hidroponik Bah\u00e7e<\/title>\n<meta name=\"description\" content=\"HST-05 \u00c7ift Katl\u0131 Makaral\u0131 Hasat Arabas\u0131 seralarda hasat edilen \u00fcr\u00fcnlerin sevkiyat\u0131nda \u00f6nemli role sahip ara\u00e7lard\u0131r.\u00a0HST-05 modeli toprakl\u0131 tar\u0131mda ray boru\" \/>\n<meta name=\"robots\" content=\"index, follow, max-snippet:-1, max-image-preview:large, max-video-preview:-1\" \/>\n<link rel=\"canonical\" href=\"https:\/\/hidroponikbahce.com\/market\/hst-05-makarali-hasat-arabasi\/\" \/>\n<meta property=\"og:locale\" content=\"en_US\" \/>\n<meta property=\"og:type\" content=\"article\" \/>\n<meta property=\"og:title\" content=\"HST-05 Makaral\u0131 Hasat Arabas\u0131 - Hidroponik Bah\u00e7e\" \/>\n<meta property=\"og:description\" content=\"HST-05 \u00c7ift Katl\u0131 Makaral\u0131 Hasat Arabas\u0131 seralarda hasat edilen \u00fcr\u00fcnlerin sevkiyat\u0131nda \u00f6nemli role sahip ara\u00e7lard\u0131r.\u00a0HST-05 modeli toprakl\u0131 tar\u0131mda ray boru\" \/>\n<meta property=\"og:url\" content=\"https:\/\/hidroponikbahce.com\/market\/hst-05-makarali-hasat-arabasi\/\" \/>\n<meta property=\"og:site_name\" content=\"Hidroponik Bah\u00e7e\" \/>\n<meta property=\"article:publisher\" content=\"https:\/\/www.facebook.com\/hydroponic.farm.5\" \/>\n<meta property=\"article:modified_time\" content=\"2022-12-17T09:43:31+00:00\" \/>\n<meta property=\"og:image\" content=\"https:\/\/i0.wp.com\/hidroponikbahce.com\/wp-content\/uploads\/2022\/12\/makarali-hasat-arabasi-hst-05-6.jpg?fit=900%2C738&ssl=1\" \/>\n\t<meta property=\"og:image:width\" content=\"900\" \/>\n\t<meta property=\"og:image:height\" content=\"738\" \/>\n\t<meta property=\"og:image:type\" content=\"image\/jpeg\" \/>\n<meta name=\"twitter:card\" content=\"summary_large_image\" \/>\n<meta name=\"twitter:label1\" content=\"Est. reading time\" \/>\n\t<meta name=\"twitter:data1\" content=\"2 minutes\" \/>\n<script type=\"application\/ld+json\" class=\"yoast-schema-graph\">{\"@context\":\"https:\\\/\\\/schema.org\",\"@graph\":[{\"@type\":\"WebPage\",\"@id\":\"https:\\\/\\\/hidroponikbahce.com\\\/market\\\/hst-05-makarali-hasat-arabasi\\\/\",\"url\":\"https:\\\/\\\/hidroponikbahce.com\\\/market\\\/hst-05-makarali-hasat-arabasi\\\/\",\"name\":\"HST-05 Makaral\u0131 Hasat Arabas\u0131 - Hidroponik Bah\u00e7e\",\"isPartOf\":{\"@id\":\"https:\\\/\\\/hidroponikbahce.com\\\/#website\"},\"primaryImageOfPage\":{\"@id\":\"https:\\\/\\\/hidroponikbahce.com\\\/market\\\/hst-05-makarali-hasat-arabasi\\\/#primaryimage\"},\"image\":{\"@id\":\"https:\\\/\\\/hidroponikbahce.com\\\/market\\\/hst-05-makarali-hasat-arabasi\\\/#primaryimage\"},\"thumbnailUrl\":\"https:\\\/\\\/i0.wp.com\\\/hidroponikbahce.net\\\/wp-content\\\/uploads\\\/2022\\\/12\\\/makarali-hasat-arabasi-hst-05-6.jpg?fit=900%2C738&ssl=1\",\"datePublished\":\"2022-12-17T09:41:01+00:00\",\"dateModified\":\"2022-12-17T09:43:31+00:00\",\"description\":\"HST-05 \u00c7ift Katl\u0131 Makaral\u0131 Hasat Arabas\u0131 seralarda hasat edilen \u00fcr\u00fcnlerin sevkiyat\u0131nda \u00f6nemli role sahip ara\u00e7lard\u0131r.\u00a0HST-05 modeli toprakl\u0131 tar\u0131mda ray boru\",\"breadcrumb\":{\"@id\":\"https:\\\/\\\/hidroponikbahce.com\\\/market\\\/hst-05-makarali-hasat-arabasi\\\/#breadcrumb\"},\"inLanguage\":\"en-US\",\"potentialAction\":[{\"@type\":\"ReadAction\",\"target\":[\"https:\\\/\\\/hidroponikbahce.com\\\/market\\\/hst-05-makarali-hasat-arabasi\\\/\"]}]},{\"@type\":\"ImageObject\",\"inLanguage\":\"en-US\",\"@id\":\"https:\\\/\\\/hidroponikbahce.com\\\/market\\\/hst-05-makarali-hasat-arabasi\\\/#primaryimage\",\"url\":\"https:\\\/\\\/i0.wp.com\\\/hidroponikbahce.net\\\/wp-content\\\/uploads\\\/2022\\\/12\\\/makarali-hasat-arabasi-hst-05-6.jpg?fit=900%2C738&ssl=1\",\"contentUrl\":\"https:\\\/\\\/i0.wp.com\\\/hidroponikbahce.net\\\/wp-content\\\/uploads\\\/2022\\\/12\\\/makarali-hasat-arabasi-hst-05-6.jpg?fit=900%2C738&ssl=1\",\"width\":900,\"height\":738},{\"@type\":\"BreadcrumbList\",\"@id\":\"https:\\\/\\\/hidroponikbahce.com\\\/market\\\/hst-05-makarali-hasat-arabasi\\\/#breadcrumb\",\"itemListElement\":[{\"@type\":\"ListItem\",\"position\":1,\"name\":\"Anasayfa\",\"item\":\"https:\\\/\\\/hidroponikbahce.net\\\/\"},{\"@type\":\"ListItem\",\"position\":2,\"name\":\"Market\",\"item\":\"https:\\\/\\\/hidroponikbahce.com\\\/market\\\/\"},{\"@type\":\"ListItem\",\"position\":3,\"name\":\"HST-05 Makaral\u0131 Hasat Arabas\u0131\"}]},{\"@type\":\"WebSite\",\"@id\":\"https:\\\/\\\/hidroponikbahce.com\\\/#website\",\"url\":\"https:\\\/\\\/hidroponikbahce.com\\\/\",\"name\":\"Hidroponik Bah\u00e7e\",\"description\":\"Topraks\u0131z Tar\u0131m Sistemleri\",\"publisher\":{\"@id\":\"https:\\\/\\\/hidroponikbahce.com\\\/#organization\"},\"potentialAction\":[{\"@type\":\"SearchAction\",\"target\":{\"@type\":\"EntryPoint\",\"urlTemplate\":\"https:\\\/\\\/hidroponikbahce.com\\\/?s={search_term_string}\"},\"query-input\":{\"@type\":\"PropertyValueSpecification\",\"valueRequired\":true,\"valueName\":\"search_term_string\"}}],\"inLanguage\":\"en-US\"},{\"@type\":\"Organization\",\"@id\":\"https:\\\/\\\/hidroponikbahce.com\\\/#organization\",\"name\":\"Hidroponik Bah\u00e7e\",\"url\":\"https:\\\/\\\/hidroponikbahce.com\\\/\",\"logo\":{\"@type\":\"ImageObject\",\"inLanguage\":\"en-US\",\"@id\":\"https:\\\/\\\/hidroponikbahce.com\\\/#\\\/schema\\\/logo\\\/image\\\/\",\"url\":\"https:\\\/\\\/i0.wp.com\\\/hidroponikbahce.net\\\/wp-content\\\/uploads\\\/2022\\\/12\\\/Logo-Hidroponik-Bahce.png?fit=2000%2C350&ssl=1\",\"contentUrl\":\"https:\\\/\\\/i0.wp.com\\\/hidroponikbahce.net\\\/wp-content\\\/uploads\\\/2022\\\/12\\\/Logo-Hidroponik-Bahce.png?fit=2000%2C350&ssl=1\",\"width\":2000,\"height\":350,\"caption\":\"Hidroponik Bah\u00e7e\"},\"image\":{\"@id\":\"https:\\\/\\\/hidroponikbahce.com\\\/#\\\/schema\\\/logo\\\/image\\\/\"},\"sameAs\":[\"https:\\\/\\\/www.facebook.com\\\/hydroponic.farm.5\",\"https:\\\/\\\/www.instagram.com\\\/hydroponic_market\\\/\",\"https:\\\/\\\/tr-tr.facebook.com\\\/groups\\\/205584269848909\\\/?mibextid=6NoCDW\",\"https:\\\/\\\/www.linkedin.com\\\/in\\\/hydroponic-farm-farmer-academy-249b3b196\",\"https:\\\/\\\/www.youtube.com\\\/channel\\\/UCkiZ8fuHlNtao_MkEQRhN-A\"]}]}<\/script>\n<!-- \/ Yoast SEO plugin. -->","yoast_head_json":{"title":"HST-05 Makaral\u0131 Hasat Arabas\u0131 - Hidroponik Bah\u00e7e","description":"HST-05 \u00c7ift Katl\u0131 Makaral\u0131 Hasat Arabas\u0131 seralarda hasat edilen \u00fcr\u00fcnlerin sevkiyat\u0131nda \u00f6nemli role sahip ara\u00e7lard\u0131r.\u00a0HST-05 modeli toprakl\u0131 tar\u0131mda ray boru","robots":{"index":"index","follow":"follow","max-snippet":"max-snippet:-1","max-image-preview":"max-image-preview:large","max-video-preview":"max-video-preview:-1"},"canonical":"https:\/\/hidroponikbahce.com\/market\/hst-05-makarali-hasat-arabasi\/","og_locale":"en_US","og_type":"article","og_title":"HST-05 Makaral\u0131 Hasat Arabas\u0131 - Hidroponik Bah\u00e7e","og_description":"HST-05 \u00c7ift Katl\u0131 Makaral\u0131 Hasat Arabas\u0131 seralarda hasat edilen \u00fcr\u00fcnlerin sevkiyat\u0131nda \u00f6nemli role sahip ara\u00e7lard\u0131r.\u00a0HST-05 modeli toprakl\u0131 tar\u0131mda ray boru","og_url":"https:\/\/hidroponikbahce.com\/market\/hst-05-makarali-hasat-arabasi\/","og_site_name":"Hidroponik Bah\u00e7e","article_publisher":"https:\/\/www.facebook.com\/hydroponic.farm.5","article_modified_time":"2022-12-17T09:43:31+00:00","og_image":[{"width":900,"height":738,"url":"https:\/\/i0.wp.com\/hidroponikbahce.com\/wp-content\/uploads\/2022\/12\/makarali-hasat-arabasi-hst-05-6.jpg?fit=900%2C738&ssl=1","type":"image\/jpeg"}],"twitter_card":"summary_large_image","twitter_misc":{"Est. reading time":"2 minutes"},"schema":{"@context":"https:\/\/schema.org","@graph":[{"@type":"WebPage","@id":"https:\/\/hidroponikbahce.com\/market\/hst-05-makarali-hasat-arabasi\/","url":"https:\/\/hidroponikbahce.com\/market\/hst-05-makarali-hasat-arabasi\/","name":"HST-05 Makaral\u0131 Hasat Arabas\u0131 - Hidroponik Bah\u00e7e","isPartOf":{"@id":"https:\/\/hidroponikbahce.com\/#website"},"primaryImageOfPage":{"@id":"https:\/\/hidroponikbahce.com\/market\/hst-05-makarali-hasat-arabasi\/#primaryimage"},"image":{"@id":"https:\/\/hidroponikbahce.com\/market\/hst-05-makarali-hasat-arabasi\/#primaryimage"},"thumbnailUrl":"https:\/\/i0.wp.com\/hidroponikbahce.net\/wp-content\/uploads\/2022\/12\/makarali-hasat-arabasi-hst-05-6.jpg?fit=900%2C738&ssl=1","datePublished":"2022-12-17T09:41:01+00:00","dateModified":"2022-12-17T09:43:31+00:00","description":"HST-05 \u00c7ift Katl\u0131 Makaral\u0131 Hasat Arabas\u0131 seralarda hasat edilen \u00fcr\u00fcnlerin sevkiyat\u0131nda \u00f6nemli role sahip ara\u00e7lard\u0131r.\u00a0HST-05 modeli toprakl\u0131 tar\u0131mda ray boru","breadcrumb":{"@id":"https:\/\/hidroponikbahce.com\/market\/hst-05-makarali-hasat-arabasi\/#breadcrumb"},"inLanguage":"en-US","potentialAction":[{"@type":"ReadAction","target":["https:\/\/hidroponikbahce.com\/market\/hst-05-makarali-hasat-arabasi\/"]}]},{"@type":"ImageObject","inLanguage":"en-US","@id":"https:\/\/hidroponikbahce.com\/market\/hst-05-makarali-hasat-arabasi\/#primaryimage","url":"https:\/\/i0.wp.com\/hidroponikbahce.net\/wp-content\/uploads\/2022\/12\/makarali-hasat-arabasi-hst-05-6.jpg?fit=900%2C738&ssl=1","contentUrl":"https:\/\/i0.wp.com\/hidroponikbahce.net\/wp-content\/uploads\/2022\/12\/makarali-hasat-arabasi-hst-05-6.jpg?fit=900%2C738&ssl=1","width":900,"height":738},{"@type":"BreadcrumbList","@id":"https:\/\/hidroponikbahce.com\/market\/hst-05-makarali-hasat-arabasi\/#breadcrumb","itemListElement":[{"@type":"ListItem","position":1,"name":"Anasayfa","item":"https:\/\/hidroponikbahce.net\/"},{"@type":"ListItem","position":2,"name":"Market","item":"https:\/\/hidroponikbahce.com\/market\/"},{"@type":"ListItem","position":3,"name":"HST-05 Makaral\u0131 Hasat Arabas\u0131"}]},{"@type":"WebSite","@id":"https:\/\/hidroponikbahce.com\/#website","url":"https:\/\/hidroponikbahce.com\/","name":"Hidroponik Bah\u00e7e","description":"Soilless Agricultural Systems","publisher":{"@id":"https:\/\/hidroponikbahce.com\/#organization"},"potentialAction":[{"@type":"SearchAction","target":{"@type":"EntryPoint","urlTemplate":"https:\/\/hidroponikbahce.com\/?s={search_term_string}"},"query-input":{"@type":"PropertyValueSpecification","valueRequired":true,"valueName":"search_term_string"}}],"inLanguage":"en-US"},{"@type":"Organization","@id":"https:\/\/hidroponikbahce.com\/#organization","name":"Hidroponik Bah\u00e7e","url":"https:\/\/hidroponikbahce.com\/","logo":{"@type":"ImageObject","inLanguage":"en-US","@id":"https:\/\/hidroponikbahce.com\/#\/schema\/logo\/image\/","url":"https:\/\/i0.wp.com\/hidroponikbahce.net\/wp-content\/uploads\/2022\/12\/Logo-Hidroponik-Bahce.png?fit=2000%2C350&ssl=1","contentUrl":"https:\/\/i0.wp.com\/hidroponikbahce.net\/wp-content\/uploads\/2022\/12\/Logo-Hidroponik-Bahce.png?fit=2000%2C350&ssl=1","width":2000,"height":350,"caption":"Hidroponik Bah\u00e7e"},"image":{"@id":"https:\/\/hidroponikbahce.com\/#\/schema\/logo\/image\/"},"sameAs":["https:\/\/www.facebook.com\/hydroponic.farm.5","https:\/\/www.instagram.com\/hydroponic_market\/","https:\/\/tr-tr.facebook.com\/groups\/205584269848909\/?mibextid=6NoCDW","https:\/\/www.linkedin.com\/in\/hydroponic-farm-farmer-academy-249b3b196","https:\/\/www.youtube.com\/channel\/UCkiZ8fuHlNtao_MkEQRhN-A"]}]}},"tpgb_featured_images":{"full":["https:\/\/i0.wp.com\/hidroponikbahce.net\/wp-content\/uploads\/2022\/12\/makarali-hasat-arabasi-hst-05-6.jpg?fit=900%2C738&ssl=1",900,738,false],"tp-image-grid":["https:\/\/i0.wp.com\/hidroponikbahce.net\/wp-content\/uploads\/2022\/12\/makarali-hasat-arabasi-hst-05-6.jpg?resize=700%2C700&ssl=1",700,700,true],"thumbnail":["https:\/\/i0.wp.com\/hidroponikbahce.net\/wp-content\/uploads\/2022\/12\/makarali-hasat-arabasi-hst-05-6.jpg?resize=150%2C150&ssl=1",150,150,true],"medium":["https:\/\/i0.wp.com\/hidroponikbahce.net\/wp-content\/uploads\/2022\/12\/makarali-hasat-arabasi-hst-05-6.jpg?fit=300%2C246&ssl=1",300,246,true],"medium_large":["https:\/\/i0.wp.com\/hidroponikbahce.net\/wp-content\/uploads\/2022\/12\/makarali-hasat-arabasi-hst-05-6.jpg?fit=768%2C630&ssl=1",768,630,true],"large":["https:\/\/i0.wp.com\/hidroponikbahce.net\/wp-content\/uploads\/2022\/12\/makarali-hasat-arabasi-hst-05-6.jpg?fit=900%2C738&ssl=1",900,738,true],"default":"https:\/\/hidroponikbahce.net\/wp-content\/plugins\/the-plus-addons-for-block-editor\/assets\/images\/tpgb-placeholder.jpg"},"tpgb_post_meta_info":{"get_date":"December 17, 2022","get_modified_date":"December 17, 2022","category_list":{"product_brand":false,"product_cat":[{"term_id":152,"name":"Sera Makineleri","slug":"sera-makineleri","term_group":0,"term_taxonomy_id":152,"taxonomy":"product_cat","description":"Seran\u0131zda ve tar\u0131m arazinizce i\u015finizi kolayla\u015ft\u0131racak, daha profesyonel \u00e7al\u0131\u015fman\u0131za imkan sa\u011flayacak makinalar","parent":0,"count":34,"filter":"raw"},{"term_id":199,"name":"Toprakl\u0131 Sera Makineleri","slug":"toprakli-sera-makineleri","term_group":0,"term_taxonomy_id":199,"taxonomy":"product_cat","description":"Toprakl\u0131 seralarda kullanmak \u00fczere tasarlanm\u0131\u015f makinelerdir. Sera arabalar\u0131, sera \u00e7al\u0131\u015fanlar\u0131n\u0131n i\u015flerini kolayla\u015ft\u0131rmak ve verimlili\u011fi art\u0131rmak i\u00e7in tasar\u0131mlanm\u0131\u015ft\u0131r","parent":152,"count":4,"filter":"raw"}],"product_tag":[{"term_id":162,"name":"hasat arabas\u0131","slug":"hasat-arabasi","term_group":0,"term_taxonomy_id":162,"taxonomy":"product_tag","description":"","parent":0,"count":7,"filter":"raw"},{"term_id":207,"name":"hasat makinesi","slug":"hasat-makinesi","term_group":0,"term_taxonomy_id":207,"taxonomy":"product_tag","description":"","parent":0,"count":1,"filter":"raw"},{"term_id":206,"name":"makineli hasat arabas\u0131","slug":"makineli-hasat-arabasi","term_group":0,"term_taxonomy_id":206,"taxonomy":"product_tag","description":"","parent":0,"count":1,"filter":"raw"},{"term_id":156,"name":"sera arabas\u0131","slug":"sera-arabasi","term_group":0,"term_taxonomy_id":156,"taxonomy":"product_tag","description":"","parent":0,"count":12,"filter":"raw"},{"term_id":157,"name":"sera makinesi","slug":"sera-makinesi","term_group":0,"term_taxonomy_id":157,"taxonomy":"product_tag","description":"","parent":0,"count":9,"filter":"raw"}]},"comment_count":1,"post_likes":0,"post_views":0},"tpgb_post_category":{"product_cat":"<a href=\"https:\/\/hidroponikbahce.net\/en\/product-category\/sera-makineleri\/\" alt=\"Sera Makineleri\"  class=\"product_cat-sera-makineleri\">Sera Makineleri<\/a> <a href=\"https:\/\/hidroponikbahce.net\/en\/product-category\/sera-makineleri\/toprakli-sera-makineleri\/\" alt=\"Toprakl\u0131 Sera Makineleri\"  class=\"product_cat-toprakli-sera-makineleri\">Toprakl\u0131 Sera Makineleri<\/a> ","product_tag":"<a href=\"https:\/\/hidroponikbahce.net\/en\/product-tag\/hasat-arabasi\/\" alt=\"hasat arabas\u0131\"  class=\"product_tag-hasat-arabasi\">hasat arabas\u0131<\/a> <a href=\"https:\/\/hidroponikbahce.net\/en\/product-tag\/hasat-makinesi\/\" alt=\"hasat makinesi\"  class=\"product_tag-hasat-makinesi\">hasat makinesi<\/a> <a href=\"https:\/\/hidroponikbahce.net\/en\/product-tag\/makineli-hasat-arabasi\/\" alt=\"makineli hasat arabas\u0131\"  class=\"product_tag-makineli-hasat-arabasi\">makineli hasat arabas\u0131<\/a> <a href=\"https:\/\/hidroponikbahce.net\/en\/product-tag\/sera-arabasi\/\" alt=\"sera arabas\u0131\"  class=\"product_tag-sera-arabasi\">sera arabas\u0131<\/a> <a href=\"https:\/\/hidroponikbahce.net\/en\/product-tag\/sera-makinesi\/\" alt=\"sera makinesi\"  class=\"product_tag-sera-makinesi\">sera makinesi<\/a> "},"tpgb_product_data":{"price_html":"","type":"grouped","gallery":["https:\/\/i0.wp.com\/hidroponikbahce.net\/wp-content\/uploads\/2022\/12\/makarali-hasat-arabasi-hst-05-5.jpg?fit=459%2C600&ssl=1",459,600,false],"category":"Sera Makineleri","procatslug":"sera-makineleri"},"jetpack-related-posts":[],"jetpack_sharing_enabled":true,"_links":{"self":[{"href":"https:\/\/hidroponikbahce.net\/en\/wp-json\/wp\/v2\/product\/2526","targetHints":{"allow":["GET"]}}],"collection":[{"href":"https:\/\/hidroponikbahce.net\/en\/wp-json\/wp\/v2\/product"}],"about":[{"href":"https:\/\/hidroponikbahce.net\/en\/wp-json\/wp\/v2\/types\/product"}],"replies":[{"embeddable":true,"href":"https:\/\/hidroponikbahce.net\/en\/wp-json\/wp\/v2\/comments?post=2526"}],"wp:featuredmedia":[{"embeddable":true,"href":"https:\/\/hidroponikbahce.net\/en\/wp-json\/wp\/v2\/media\/2529"}],"wp:attachment":[{"href":"https:\/\/hidroponikbahce.net\/en\/wp-json\/wp\/v2\/media?parent=2526"}],"wp:term":[{"taxonomy":"product_brand","embeddable":true,"href":"https:\/\/hidroponikbahce.net\/en\/wp-json\/wp\/v2\/product_brand?post=2526"},{"taxonomy":"product_cat","embeddable":true,"href":"https:\/\/hidroponikbahce.net\/en\/wp-json\/wp\/v2\/product_cat?post=2526"},{"taxonomy":"product_tag","embeddable":true,"href":"https:\/\/hidroponikbahce.net\/en\/wp-json\/wp\/v2\/product_tag?post=2526"}],"curies":[{"name":"wp","href":"https:\/\/api.w.org\/{rel}","templated":true}]}}