{"id":2505,"date":"2022-12-17T12:29:05","date_gmt":"2022-12-17T09:29:05","guid":{"rendered":"https:\/\/hidroponikbahce.com\/?post_type=product&#038;p=2505"},"modified":"2022-12-17T12:37:19","modified_gmt":"2022-12-17T09:37:19","slug":"tmkia-01-manuel-kulturel-islem-arabasi","status":"publish","type":"product","link":"https:\/\/hidroponikbahce.net\/en\/market\/tmkia-01-manuel-kulturel-islem-arabasi\/","title":{"rendered":"TMK\u0130A-01 Manuel K\u00fclt\u00fcrel \u0130\u015flem Arabas\u0131"},"content":{"rendered":"<div class=\"w-100 mt-4 text-center yazilarr\">\n<p>Platform kald\u0131rma y\u00fcksekli\u011fi 2000 mm.<br \/>\nPlatform ta\u015f\u0131ma kapasitesi 160 kg.<br \/>\nPlatform \u00e7elik kafes \u00fczeri kayd\u0131rmaz \u00f6zelli\u011fe sahip al\u00fcminyum \u00e7eta malzemesi ile kaplanm\u0131\u015ft\u0131r.<br \/>\nPlatform, manuel olarak \u00e7evirme kolu sayesinde makineye hareket verdirebildi\u011fi gibi ayn\u0131 zamanda direksiyon olarak kullanarak makineye y\u00f6n verebilmektedir.<\/p>\n<p><img data-recalc-dims=\"1\" decoding=\"async\" src=\"https:\/\/i0.wp.com\/www.seraymak.com\/resimler\/editor\/images\/z2.jpg?w=1290&#038;ssl=1\" alt=\"\" \/><\/p>\n<p>TMK\u0130A-01 Modeli y\u00fcksekli\u011fi kademe kademe ayarlanabilen bir platforma sahiptir.<\/p>\n<p><img data-recalc-dims=\"1\" decoding=\"async\" src=\"https:\/\/i0.wp.com\/www.seraymak.com\/resimler\/editor\/images\/z3.jpg?w=1290&#038;ssl=1\" alt=\"\" \/><\/p>\n<p>TMK\u0130A-01 Manuel k\u00fclt\u00fcrel i\u015flem arabas\u0131 arka tekerlerini zeminin durumuna g\u00f6re her bir tarafa 13.5 cm olmak \u00fczere geni\u015fletme imkan\u0131 sunmaktad\u0131r. Toplam teker ara mesafesi 27 cm uzamakta olup kullan\u0131c\u0131n\u0131n zemin \u015fartlar\u0131na g\u00f6re daha g\u00fcvenli bir kullan\u0131m sa\u011flamas\u0131na olanak sa\u011flar.<\/p>\n<p><img data-recalc-dims=\"1\" decoding=\"async\" src=\"https:\/\/i0.wp.com\/www.seraymak.com\/resimler\/editor\/images\/z4.jpg?w=1290&#038;ssl=1\" alt=\"\" \/><\/p>\n<p>Arka teker mili \u00fczerinde diferansiyel mevcuttur. Bu sayede makinenin manevralar\u0131 daha kolay almas\u0131 sa\u011flanm\u0131\u015ft\u0131r.<\/p>\n<\/div>\n<div class=\"w-100 mt-4\">\n<table class=\"table table-striped\">\n<tbody>\n<tr>\n<td>MODEL<\/td>\n<td>TMK\u0130A-01<\/td>\n<\/tr>\n<tr>\n<td>ENERJ\u0130 BESLEME<\/td>\n<td>MEVCUT DE\u011e\u0130LD\u0130R<\/td>\n<\/tr>\n<tr>\n<td>Y\u00d6NLEND\u0130RME<\/td>\n<td>D\u0130REKS\u0130YON (D\u00d6NER TABLA)<\/td>\n<\/tr>\n<tr>\n<td>\u00c7ALI\u015eMA S\u00dcRES\u0130<\/td>\n<td>S\u00dcRES\u0130Z<\/td>\n<\/tr>\n<tr>\n<td>\u00c7ALI\u015eMA ALANI<\/td>\n<td>BETON,SERT BASILMI\u015e TOPRAK ZEM\u0130N<\/td>\n<\/tr>\n<tr>\n<td>TEKERLER<\/td>\n<td>16.5 x 6.5 &#8211; 8\u00a0Dubleks Lastik<\/td>\n<\/tr>\n<tr>\n<td>MAKS\u0130MUM PLATFORM Y\u00dcKSEKL\u0130\u011e\u0130<\/td>\n<td>2000 mm<\/td>\n<\/tr>\n<tr>\n<td>PLATFORM Y\u00dcKSELTME ARALI\u011eI<\/td>\n<td>270 mm<\/td>\n<\/tr>\n<tr>\n<td>PLATFORM B\u0130N\u0130\u015e<\/td>\n<td>MERD\u0130VEN T\u0130P\u0130<\/td>\n<\/tr>\n<tr>\n<td>MAK\u0130NE A\u011eIRLI\u011eI<\/td>\n<td>224 kg<\/td>\n<\/tr>\n<tr>\n<td>MAKS\u0130MUM KALDIRMA KAPAS\u0130TES\u0130<\/td>\n<td>160 kg<\/td>\n<\/tr>\n<tr>\n<td>KULLANICI E\u015eYA CEB\u0130<\/td>\n<td>MEVCUT<\/td>\n<\/tr>\n<tr>\n<td>G\u00dcVENL\u0130K KAPISI<\/td>\n<td>MEVCUT DE\u011e\u0130L<\/td>\n<\/tr>\n<tr>\n<td>BOYA<\/td>\n<td>ELEKTROSTAT\u0130K FIRIN BOYA<\/td>\n<\/tr>\n<tr>\n<td>GARANT\u0130<\/td>\n<td>24 AY<\/td>\n<\/tr>\n<\/tbody>\n<\/table>\n<\/div>","protected":false},"excerpt":{"rendered":"<p>TMK\u0130A-01 Manuel K\u00fclt\u00fcrel \u0130\u015flem Arabas\u0131 Modeli seralarda ask\u0131 teli ba\u011flama, gerdirme, budama, dikim, hasat gibi sera i\u00e7i t\u00fcm i\u015flerde kullan\u0131lmak \u00fczere tasarlanm\u0131\u015ft\u0131r.<\/p>\n<p>TMK\u0130A-01 modeli toprakl\u0131 tar\u0131mda ray borular\u0131 olmayan i\u015fletmeler i\u00e7in geli\u015ftirilmi\u015f bir model olup sert toprak zeminlerde ve beton zeminlerde geni\u015f tabanl\u0131 tekerlekleri ile kullan\u0131ma uygundur. Platformun maksimum kald\u0131rma y\u00fcksekli\u011fi 2 metredir, TMK\u0130A-01 modeli kullan\u0131c\u0131ya 4 metre \u00e7al\u0131\u015fma y\u00fcksekli\u011fi imk\u00e2n\u0131 tan\u0131r.<\/p>\n<p>TMK\u0130A-01 Manuel bir kullan\u0131ma sahip olup kullan\u0131c\u0131, platform \u00fczerinden \u00e7evirme kolu vas\u0131tas\u0131 ile hem hareketi verdirebildi\u011fi gibi ayn\u0131 zamanda mekanik direksiyon olarak da makineye y\u00f6n verebilmektedir.<br \/>\nBasit yap\u0131s\u0131 portatif platform ve korkuluklar\u0131 ile hem i\u015flevsel hem de uygun fiyatl\u0131 \u00fcr\u00fcn arayanlar i\u00e7in m\u00fckemmel bir tercih.<\/p>\n<p>[blocksy-content-block id=&#8221;2469&#8243;]<\/p>\n","protected":false},"featured_media":2507,"comment_status":"open","ping_status":"closed","template":"","meta":{"tpgb_global_settings":"","_vp_format_video_url":"","_vp_image_focal_point":[]},"product_brand":[],"product_cat":[152,199],"product_tag":[153,156,157],"class_list":{"0":"post-2505","1":"product","2":"type-product","3":"status-publish","4":"has-post-thumbnail","6":"product_cat-sera-makineleri","7":"product_cat-toprakli-sera-makineleri","8":"product_tag-kulturel-islem-arabasi","9":"product_tag-sera-arabasi","10":"product_tag-sera-makinesi","12":"first","13":"instock","14":"taxable","15":"shipping-taxable","16":"product-type-grouped"},"yoast_head":"<!-- This site is optimized with the Yoast SEO plugin v27.4 - https:\/\/yoast.com\/product\/yoast-seo-wordpress\/ -->\n<title>TMK\u0130A-01 Manuel K\u00fclt\u00fcrel \u0130\u015flem Arabas\u0131 - Hidroponik Bah\u00e7e<\/title>\n<meta name=\"description\" content=\"Manuel K\u00fclt\u00fcrel \u0130\u015flem Arabas\u0131 Modeli seralarda ask\u0131 teli ba\u011flama, gerdirme, budama, dikim, hasat gibi sera i\u00e7i t\u00fcm i\u015flerde kullan\u0131lmak \u00fczere tasarlanm\u0131\u015ft\u0131r.\" \/>\n<meta name=\"robots\" content=\"index, follow, max-snippet:-1, max-image-preview:large, max-video-preview:-1\" \/>\n<link rel=\"canonical\" href=\"https:\/\/hidroponikbahce.com\/market\/tmkia-01-manuel-kulturel-islem-arabasi\/\" \/>\n<meta property=\"og:locale\" content=\"en_US\" \/>\n<meta property=\"og:type\" content=\"article\" \/>\n<meta property=\"og:title\" content=\"TMK\u0130A-01 Manuel K\u00fclt\u00fcrel \u0130\u015flem Arabas\u0131 - Hidroponik Bah\u00e7e\" \/>\n<meta property=\"og:description\" content=\"Manuel K\u00fclt\u00fcrel \u0130\u015flem Arabas\u0131 Modeli seralarda ask\u0131 teli ba\u011flama, gerdirme, budama, dikim, hasat gibi sera i\u00e7i t\u00fcm i\u015flerde kullan\u0131lmak \u00fczere tasarlanm\u0131\u015ft\u0131r.\" \/>\n<meta property=\"og:url\" content=\"https:\/\/hidroponikbahce.com\/market\/tmkia-01-manuel-kulturel-islem-arabasi\/\" \/>\n<meta property=\"og:site_name\" content=\"Hidroponik Bah\u00e7e\" \/>\n<meta property=\"article:publisher\" content=\"https:\/\/www.facebook.com\/hydroponic.farm.5\" \/>\n<meta property=\"article:modified_time\" content=\"2022-12-17T09:37:19+00:00\" \/>\n<meta property=\"og:image\" content=\"https:\/\/i0.wp.com\/hidroponikbahce.com\/wp-content\/uploads\/2022\/12\/manuel-kulturel-islem-arabasi-tmkia-01-7.jpg?fit=448%2C600&ssl=1\" \/>\n\t<meta property=\"og:image:width\" content=\"448\" \/>\n\t<meta property=\"og:image:height\" content=\"600\" \/>\n\t<meta property=\"og:image:type\" content=\"image\/jpeg\" \/>\n<meta name=\"twitter:card\" content=\"summary_large_image\" \/>\n<meta name=\"twitter:label1\" content=\"Est. reading time\" \/>\n\t<meta name=\"twitter:data1\" content=\"2 minutes\" \/>\n<script type=\"application\/ld+json\" class=\"yoast-schema-graph\">{\"@context\":\"https:\\\/\\\/schema.org\",\"@graph\":[{\"@type\":\"WebPage\",\"@id\":\"https:\\\/\\\/hidroponikbahce.com\\\/market\\\/tmkia-01-manuel-kulturel-islem-arabasi\\\/\",\"url\":\"https:\\\/\\\/hidroponikbahce.com\\\/market\\\/tmkia-01-manuel-kulturel-islem-arabasi\\\/\",\"name\":\"TMK\u0130A-01 Manuel K\u00fclt\u00fcrel \u0130\u015flem Arabas\u0131 - Hidroponik Bah\u00e7e\",\"isPartOf\":{\"@id\":\"https:\\\/\\\/hidroponikbahce.com\\\/#website\"},\"primaryImageOfPage\":{\"@id\":\"https:\\\/\\\/hidroponikbahce.com\\\/market\\\/tmkia-01-manuel-kulturel-islem-arabasi\\\/#primaryimage\"},\"image\":{\"@id\":\"https:\\\/\\\/hidroponikbahce.com\\\/market\\\/tmkia-01-manuel-kulturel-islem-arabasi\\\/#primaryimage\"},\"thumbnailUrl\":\"https:\\\/\\\/i0.wp.com\\\/hidroponikbahce.net\\\/wp-content\\\/uploads\\\/2022\\\/12\\\/manuel-kulturel-islem-arabasi-tmkia-01-7.jpg?fit=448%2C600&ssl=1\",\"datePublished\":\"2022-12-17T09:29:05+00:00\",\"dateModified\":\"2022-12-17T09:37:19+00:00\",\"description\":\"Manuel K\u00fclt\u00fcrel \u0130\u015flem Arabas\u0131 Modeli seralarda ask\u0131 teli ba\u011flama, gerdirme, budama, dikim, hasat gibi sera i\u00e7i t\u00fcm i\u015flerde kullan\u0131lmak \u00fczere tasarlanm\u0131\u015ft\u0131r.\",\"breadcrumb\":{\"@id\":\"https:\\\/\\\/hidroponikbahce.com\\\/market\\\/tmkia-01-manuel-kulturel-islem-arabasi\\\/#breadcrumb\"},\"inLanguage\":\"en-US\",\"potentialAction\":[{\"@type\":\"ReadAction\",\"target\":[\"https:\\\/\\\/hidroponikbahce.com\\\/market\\\/tmkia-01-manuel-kulturel-islem-arabasi\\\/\"]}]},{\"@type\":\"ImageObject\",\"inLanguage\":\"en-US\",\"@id\":\"https:\\\/\\\/hidroponikbahce.com\\\/market\\\/tmkia-01-manuel-kulturel-islem-arabasi\\\/#primaryimage\",\"url\":\"https:\\\/\\\/i0.wp.com\\\/hidroponikbahce.net\\\/wp-content\\\/uploads\\\/2022\\\/12\\\/manuel-kulturel-islem-arabasi-tmkia-01-7.jpg?fit=448%2C600&ssl=1\",\"contentUrl\":\"https:\\\/\\\/i0.wp.com\\\/hidroponikbahce.net\\\/wp-content\\\/uploads\\\/2022\\\/12\\\/manuel-kulturel-islem-arabasi-tmkia-01-7.jpg?fit=448%2C600&ssl=1\",\"width\":448,\"height\":600},{\"@type\":\"BreadcrumbList\",\"@id\":\"https:\\\/\\\/hidroponikbahce.com\\\/market\\\/tmkia-01-manuel-kulturel-islem-arabasi\\\/#breadcrumb\",\"itemListElement\":[{\"@type\":\"ListItem\",\"position\":1,\"name\":\"Anasayfa\",\"item\":\"https:\\\/\\\/hidroponikbahce.net\\\/\"},{\"@type\":\"ListItem\",\"position\":2,\"name\":\"Market\",\"item\":\"https:\\\/\\\/hidroponikbahce.com\\\/market\\\/\"},{\"@type\":\"ListItem\",\"position\":3,\"name\":\"TMK\u0130A-01 Manuel K\u00fclt\u00fcrel \u0130\u015flem Arabas\u0131\"}]},{\"@type\":\"WebSite\",\"@id\":\"https:\\\/\\\/hidroponikbahce.com\\\/#website\",\"url\":\"https:\\\/\\\/hidroponikbahce.com\\\/\",\"name\":\"Hidroponik Bah\u00e7e\",\"description\":\"Topraks\u0131z Tar\u0131m Sistemleri\",\"publisher\":{\"@id\":\"https:\\\/\\\/hidroponikbahce.com\\\/#organization\"},\"potentialAction\":[{\"@type\":\"SearchAction\",\"target\":{\"@type\":\"EntryPoint\",\"urlTemplate\":\"https:\\\/\\\/hidroponikbahce.com\\\/?s={search_term_string}\"},\"query-input\":{\"@type\":\"PropertyValueSpecification\",\"valueRequired\":true,\"valueName\":\"search_term_string\"}}],\"inLanguage\":\"en-US\"},{\"@type\":\"Organization\",\"@id\":\"https:\\\/\\\/hidroponikbahce.com\\\/#organization\",\"name\":\"Hidroponik Bah\u00e7e\",\"url\":\"https:\\\/\\\/hidroponikbahce.com\\\/\",\"logo\":{\"@type\":\"ImageObject\",\"inLanguage\":\"en-US\",\"@id\":\"https:\\\/\\\/hidroponikbahce.com\\\/#\\\/schema\\\/logo\\\/image\\\/\",\"url\":\"https:\\\/\\\/i0.wp.com\\\/hidroponikbahce.net\\\/wp-content\\\/uploads\\\/2022\\\/12\\\/Logo-Hidroponik-Bahce.png?fit=2000%2C350&ssl=1\",\"contentUrl\":\"https:\\\/\\\/i0.wp.com\\\/hidroponikbahce.net\\\/wp-content\\\/uploads\\\/2022\\\/12\\\/Logo-Hidroponik-Bahce.png?fit=2000%2C350&ssl=1\",\"width\":2000,\"height\":350,\"caption\":\"Hidroponik Bah\u00e7e\"},\"image\":{\"@id\":\"https:\\\/\\\/hidroponikbahce.com\\\/#\\\/schema\\\/logo\\\/image\\\/\"},\"sameAs\":[\"https:\\\/\\\/www.facebook.com\\\/hydroponic.farm.5\",\"https:\\\/\\\/www.instagram.com\\\/hydroponic_market\\\/\",\"https:\\\/\\\/tr-tr.facebook.com\\\/groups\\\/205584269848909\\\/?mibextid=6NoCDW\",\"https:\\\/\\\/www.linkedin.com\\\/in\\\/hydroponic-farm-farmer-academy-249b3b196\",\"https:\\\/\\\/www.youtube.com\\\/channel\\\/UCkiZ8fuHlNtao_MkEQRhN-A\"]}]}<\/script>\n<!-- \/ Yoast SEO plugin. -->","yoast_head_json":{"title":"TMK\u0130A-01 Manuel K\u00fclt\u00fcrel \u0130\u015flem Arabas\u0131 - Hidroponik Bah\u00e7e","description":"Manuel K\u00fclt\u00fcrel \u0130\u015flem Arabas\u0131 Modeli seralarda ask\u0131 teli ba\u011flama, gerdirme, budama, dikim, hasat gibi sera i\u00e7i t\u00fcm i\u015flerde kullan\u0131lmak \u00fczere tasarlanm\u0131\u015ft\u0131r.","robots":{"index":"index","follow":"follow","max-snippet":"max-snippet:-1","max-image-preview":"max-image-preview:large","max-video-preview":"max-video-preview:-1"},"canonical":"https:\/\/hidroponikbahce.com\/market\/tmkia-01-manuel-kulturel-islem-arabasi\/","og_locale":"en_US","og_type":"article","og_title":"TMK\u0130A-01 Manuel K\u00fclt\u00fcrel \u0130\u015flem Arabas\u0131 - Hidroponik Bah\u00e7e","og_description":"Manuel K\u00fclt\u00fcrel \u0130\u015flem Arabas\u0131 Modeli seralarda ask\u0131 teli ba\u011flama, gerdirme, budama, dikim, hasat gibi sera i\u00e7i t\u00fcm i\u015flerde kullan\u0131lmak \u00fczere tasarlanm\u0131\u015ft\u0131r.","og_url":"https:\/\/hidroponikbahce.com\/market\/tmkia-01-manuel-kulturel-islem-arabasi\/","og_site_name":"Hidroponik Bah\u00e7e","article_publisher":"https:\/\/www.facebook.com\/hydroponic.farm.5","article_modified_time":"2022-12-17T09:37:19+00:00","og_image":[{"width":448,"height":600,"url":"https:\/\/i0.wp.com\/hidroponikbahce.com\/wp-content\/uploads\/2022\/12\/manuel-kulturel-islem-arabasi-tmkia-01-7.jpg?fit=448%2C600&ssl=1","type":"image\/jpeg"}],"twitter_card":"summary_large_image","twitter_misc":{"Est. reading time":"2 minutes"},"schema":{"@context":"https:\/\/schema.org","@graph":[{"@type":"WebPage","@id":"https:\/\/hidroponikbahce.com\/market\/tmkia-01-manuel-kulturel-islem-arabasi\/","url":"https:\/\/hidroponikbahce.com\/market\/tmkia-01-manuel-kulturel-islem-arabasi\/","name":"TMK\u0130A-01 Manuel K\u00fclt\u00fcrel \u0130\u015flem Arabas\u0131 - Hidroponik Bah\u00e7e","isPartOf":{"@id":"https:\/\/hidroponikbahce.com\/#website"},"primaryImageOfPage":{"@id":"https:\/\/hidroponikbahce.com\/market\/tmkia-01-manuel-kulturel-islem-arabasi\/#primaryimage"},"image":{"@id":"https:\/\/hidroponikbahce.com\/market\/tmkia-01-manuel-kulturel-islem-arabasi\/#primaryimage"},"thumbnailUrl":"https:\/\/i0.wp.com\/hidroponikbahce.net\/wp-content\/uploads\/2022\/12\/manuel-kulturel-islem-arabasi-tmkia-01-7.jpg?fit=448%2C600&ssl=1","datePublished":"2022-12-17T09:29:05+00:00","dateModified":"2022-12-17T09:37:19+00:00","description":"Manuel K\u00fclt\u00fcrel \u0130\u015flem Arabas\u0131 Modeli seralarda ask\u0131 teli ba\u011flama, gerdirme, budama, dikim, hasat gibi sera i\u00e7i t\u00fcm i\u015flerde kullan\u0131lmak \u00fczere tasarlanm\u0131\u015ft\u0131r.","breadcrumb":{"@id":"https:\/\/hidroponikbahce.com\/market\/tmkia-01-manuel-kulturel-islem-arabasi\/#breadcrumb"},"inLanguage":"en-US","potentialAction":[{"@type":"ReadAction","target":["https:\/\/hidroponikbahce.com\/market\/tmkia-01-manuel-kulturel-islem-arabasi\/"]}]},{"@type":"ImageObject","inLanguage":"en-US","@id":"https:\/\/hidroponikbahce.com\/market\/tmkia-01-manuel-kulturel-islem-arabasi\/#primaryimage","url":"https:\/\/i0.wp.com\/hidroponikbahce.net\/wp-content\/uploads\/2022\/12\/manuel-kulturel-islem-arabasi-tmkia-01-7.jpg?fit=448%2C600&ssl=1","contentUrl":"https:\/\/i0.wp.com\/hidroponikbahce.net\/wp-content\/uploads\/2022\/12\/manuel-kulturel-islem-arabasi-tmkia-01-7.jpg?fit=448%2C600&ssl=1","width":448,"height":600},{"@type":"BreadcrumbList","@id":"https:\/\/hidroponikbahce.com\/market\/tmkia-01-manuel-kulturel-islem-arabasi\/#breadcrumb","itemListElement":[{"@type":"ListItem","position":1,"name":"Anasayfa","item":"https:\/\/hidroponikbahce.net\/"},{"@type":"ListItem","position":2,"name":"Market","item":"https:\/\/hidroponikbahce.com\/market\/"},{"@type":"ListItem","position":3,"name":"TMK\u0130A-01 Manuel K\u00fclt\u00fcrel \u0130\u015flem Arabas\u0131"}]},{"@type":"WebSite","@id":"https:\/\/hidroponikbahce.com\/#website","url":"https:\/\/hidroponikbahce.com\/","name":"Hidroponik Bah\u00e7e","description":"Soilless Agricultural Systems","publisher":{"@id":"https:\/\/hidroponikbahce.com\/#organization"},"potentialAction":[{"@type":"SearchAction","target":{"@type":"EntryPoint","urlTemplate":"https:\/\/hidroponikbahce.com\/?s={search_term_string}"},"query-input":{"@type":"PropertyValueSpecification","valueRequired":true,"valueName":"search_term_string"}}],"inLanguage":"en-US"},{"@type":"Organization","@id":"https:\/\/hidroponikbahce.com\/#organization","name":"Hidroponik Bah\u00e7e","url":"https:\/\/hidroponikbahce.com\/","logo":{"@type":"ImageObject","inLanguage":"en-US","@id":"https:\/\/hidroponikbahce.com\/#\/schema\/logo\/image\/","url":"https:\/\/i0.wp.com\/hidroponikbahce.net\/wp-content\/uploads\/2022\/12\/Logo-Hidroponik-Bahce.png?fit=2000%2C350&ssl=1","contentUrl":"https:\/\/i0.wp.com\/hidroponikbahce.net\/wp-content\/uploads\/2022\/12\/Logo-Hidroponik-Bahce.png?fit=2000%2C350&ssl=1","width":2000,"height":350,"caption":"Hidroponik Bah\u00e7e"},"image":{"@id":"https:\/\/hidroponikbahce.com\/#\/schema\/logo\/image\/"},"sameAs":["https:\/\/www.facebook.com\/hydroponic.farm.5","https:\/\/www.instagram.com\/hydroponic_market\/","https:\/\/tr-tr.facebook.com\/groups\/205584269848909\/?mibextid=6NoCDW","https:\/\/www.linkedin.com\/in\/hydroponic-farm-farmer-academy-249b3b196","https:\/\/www.youtube.com\/channel\/UCkiZ8fuHlNtao_MkEQRhN-A"]}]}},"tpgb_featured_images":{"full":["https:\/\/i0.wp.com\/hidroponikbahce.net\/wp-content\/uploads\/2022\/12\/manuel-kulturel-islem-arabasi-tmkia-01-7.jpg?fit=448%2C600&ssl=1",448,600,false],"tp-image-grid":["https:\/\/i0.wp.com\/hidroponikbahce.net\/wp-content\/uploads\/2022\/12\/manuel-kulturel-islem-arabasi-tmkia-01-7.jpg?resize=448%2C600&ssl=1",700,700,true],"thumbnail":["https:\/\/i0.wp.com\/hidroponikbahce.net\/wp-content\/uploads\/2022\/12\/manuel-kulturel-islem-arabasi-tmkia-01-7.jpg?resize=150%2C150&ssl=1",150,150,true],"medium":["https:\/\/i0.wp.com\/hidroponikbahce.net\/wp-content\/uploads\/2022\/12\/manuel-kulturel-islem-arabasi-tmkia-01-7.jpg?fit=224%2C300&ssl=1",224,300,true],"medium_large":["https:\/\/i0.wp.com\/hidroponikbahce.net\/wp-content\/uploads\/2022\/12\/manuel-kulturel-islem-arabasi-tmkia-01-7.jpg?fit=448%2C600&ssl=1",448,600,true],"large":["https:\/\/i0.wp.com\/hidroponikbahce.net\/wp-content\/uploads\/2022\/12\/manuel-kulturel-islem-arabasi-tmkia-01-7.jpg?fit=448%2C600&ssl=1",448,600,true],"default":"https:\/\/hidroponikbahce.net\/wp-content\/plugins\/the-plus-addons-for-block-editor\/assets\/images\/tpgb-placeholder.jpg"},"tpgb_post_meta_info":{"get_date":"December 17, 2022","get_modified_date":"December 17, 2022","category_list":{"product_brand":false,"product_cat":[{"term_id":152,"name":"Sera Makineleri","slug":"sera-makineleri","term_group":0,"term_taxonomy_id":152,"taxonomy":"product_cat","description":"Seran\u0131zda ve tar\u0131m arazinizce i\u015finizi kolayla\u015ft\u0131racak, daha profesyonel \u00e7al\u0131\u015fman\u0131za imkan sa\u011flayacak makinalar","parent":0,"count":34,"filter":"raw"},{"term_id":199,"name":"Toprakl\u0131 Sera Makineleri","slug":"toprakli-sera-makineleri","term_group":0,"term_taxonomy_id":199,"taxonomy":"product_cat","description":"Toprakl\u0131 seralarda kullanmak \u00fczere tasarlanm\u0131\u015f makinelerdir. Sera arabalar\u0131, sera \u00e7al\u0131\u015fanlar\u0131n\u0131n i\u015flerini kolayla\u015ft\u0131rmak ve verimlili\u011fi art\u0131rmak i\u00e7in tasar\u0131mlanm\u0131\u015ft\u0131r","parent":152,"count":4,"filter":"raw"}],"product_tag":[{"term_id":153,"name":"k\u00fclt\u00fcrel i\u015flem arabas\u0131","slug":"kulturel-islem-arabasi","term_group":0,"term_taxonomy_id":153,"taxonomy":"product_tag","description":"","parent":0,"count":5,"filter":"raw"},{"term_id":156,"name":"sera arabas\u0131","slug":"sera-arabasi","term_group":0,"term_taxonomy_id":156,"taxonomy":"product_tag","description":"","parent":0,"count":12,"filter":"raw"},{"term_id":157,"name":"sera makinesi","slug":"sera-makinesi","term_group":0,"term_taxonomy_id":157,"taxonomy":"product_tag","description":"","parent":0,"count":9,"filter":"raw"}]},"comment_count":0,"post_likes":0,"post_views":0},"tpgb_post_category":{"product_cat":"<a href=\"https:\/\/hidroponikbahce.net\/en\/product-category\/sera-makineleri\/\" alt=\"Sera Makineleri\"  class=\"product_cat-sera-makineleri\">Sera Makineleri<\/a> <a href=\"https:\/\/hidroponikbahce.net\/en\/product-category\/sera-makineleri\/toprakli-sera-makineleri\/\" alt=\"Toprakl\u0131 Sera Makineleri\"  class=\"product_cat-toprakli-sera-makineleri\">Toprakl\u0131 Sera Makineleri<\/a> ","product_tag":"<a href=\"https:\/\/hidroponikbahce.net\/en\/product-tag\/kulturel-islem-arabasi\/\" alt=\"k\u00fclt\u00fcrel i\u015flem arabas\u0131\"  class=\"product_tag-kulturel-islem-arabasi\">k\u00fclt\u00fcrel i\u015flem arabas\u0131<\/a> <a href=\"https:\/\/hidroponikbahce.net\/en\/product-tag\/sera-arabasi\/\" alt=\"sera arabas\u0131\"  class=\"product_tag-sera-arabasi\">sera arabas\u0131<\/a> <a href=\"https:\/\/hidroponikbahce.net\/en\/product-tag\/sera-makinesi\/\" alt=\"sera makinesi\"  class=\"product_tag-sera-makinesi\">sera makinesi<\/a> "},"tpgb_product_data":{"price_html":"","type":"grouped","gallery":["https:\/\/i0.wp.com\/hidroponikbahce.net\/wp-content\/uploads\/2022\/12\/manuel-kulturel-islem-arabasi-tmkia-01-6.jpg?fit=305%2C600&ssl=1",305,600,false],"category":"Sera Makineleri","procatslug":"sera-makineleri"},"jetpack-related-posts":[],"jetpack_sharing_enabled":true,"_links":{"self":[{"href":"https:\/\/hidroponikbahce.net\/en\/wp-json\/wp\/v2\/product\/2505","targetHints":{"allow":["GET"]}}],"collection":[{"href":"https:\/\/hidroponikbahce.net\/en\/wp-json\/wp\/v2\/product"}],"about":[{"href":"https:\/\/hidroponikbahce.net\/en\/wp-json\/wp\/v2\/types\/product"}],"replies":[{"embeddable":true,"href":"https:\/\/hidroponikbahce.net\/en\/wp-json\/wp\/v2\/comments?post=2505"}],"wp:featuredmedia":[{"embeddable":true,"href":"https:\/\/hidroponikbahce.net\/en\/wp-json\/wp\/v2\/media\/2507"}],"wp:attachment":[{"href":"https:\/\/hidroponikbahce.net\/en\/wp-json\/wp\/v2\/media?parent=2505"}],"wp:term":[{"taxonomy":"product_brand","embeddable":true,"href":"https:\/\/hidroponikbahce.net\/en\/wp-json\/wp\/v2\/product_brand?post=2505"},{"taxonomy":"product_cat","embeddable":true,"href":"https:\/\/hidroponikbahce.net\/en\/wp-json\/wp\/v2\/product_cat?post=2505"},{"taxonomy":"product_tag","embeddable":true,"href":"https:\/\/hidroponikbahce.net\/en\/wp-json\/wp\/v2\/product_tag?post=2505"}],"curies":[{"name":"wp","href":"https:\/\/api.w.org\/{rel}","templated":true}]}}