{"id":2492,"date":"2022-12-17T12:01:36","date_gmt":"2022-12-17T09:01:36","guid":{"rendered":"https:\/\/hidroponikbahce.com\/?post_type=product&#038;p=2492"},"modified":"2022-12-17T12:38:35","modified_gmt":"2022-12-17T09:38:35","slug":"pkt-01-paketleme-unitesi","status":"publish","type":"product","link":"https:\/\/hidroponikbahce.net\/en\/market\/pkt-01-paketleme-unitesi\/","title":{"rendered":"PKT-01 Paketleme \u00dcnitesi"},"content":{"rendered":"<p>G\u00fc\u00e7lendirilmi\u015f \u00e7elik kafes yap\u0131s\u0131.<\/p>\n<p>\u00c7elik konstr\u00fcksiyon, st37 sac ve u profil konstr\u00fcksiyon elemanlar\u0131ndan olu\u015fmaktad\u0131r.<\/p>\n<p>Paketleme \u00fcnitesi \u00fczerinde 20 adet se\u00e7me masas\u0131 bulunmaktad\u0131r.<\/p>\n<p>\u00dcnite 4 katl\u0131 bir sisteme sahip olup 4 kat\u0131nda da hareketli bant sistemi yer almaktad\u0131r.<\/p>\n<p>1.KAT &#8211;&gt;Iskarta band\u0131 (bant hammadde gelen tarafa do\u011fru \u00e7al\u0131\u015f\u0131r).<br \/>\n2.KAT &#8211;&gt;\u0130\u015flenecek \u00fcr\u00fcn band\u0131 (bant hem ileri hem geri \u00e7al\u0131\u015fmaktad\u0131r.)<br \/>\n3.KAT &#8211;&gt;i\u015flenmi\u015f \u00fcr\u00fcn band\u0131 (bant sadece ileri y\u00f6nde \u00e7al\u0131\u015fmaktad\u0131r)<br \/>\n4.KAT &#8211;&gt;Bo\u015f kasa ambalaj band\u0131 (bant hem ileri hem geri \u00e7al\u0131\u015fmaktad\u0131r.)<\/p>\n<p>\u00dcnite \u00fczerinde 4 adet sonsuz red\u00fckt\u00f6rl\u00fc elektrik motoru mevcuttur.<\/p>\n<p>\u00dcnite \u00e7al\u0131\u015fma voltaj\u0131 380 Volt \/ 50 Hz.<\/p>\n<p>\u00dcnite \u00fczerinde yer alan se\u00e7me masalar\u0131 hareketli yap\u0131da olup katlanabilir yap\u0131dad\u0131r.<\/p>\n<p>\u00dcnitede hareket tekerlekleri yer almaktad\u0131r. Tekerlekli yap\u0131s\u0131 sayesinde ta\u015f\u0131ma i\u015flemi kolayca yap\u0131lmaktad\u0131r.<\/p>\n<p>Paketleme \u00fcnitesinin \u00fcst k\u0131sm\u0131na ip rulo ba\u011flant\u0131s\u0131 i\u00e7in ask\u0131 kancalar\u0131 yerle\u015ftirilmi\u015ftir.<\/p>\n<p>Bant sonlar\u0131nda kasalar\u0131 alg\u0131layarak band\u0131 durduran sens\u00f6rler bulunmaktad\u0131r.<\/p>\n<p>Paketleme \u00fcnitesinde yeterli d\u00fczeyde ayd\u0131nlatma sistemi yerle\u015ftirilmi\u015ftir.<\/p>\n<p>\u00dcnite yan\u0131nda iki adet de \u00fcr\u00fcn masas\u0131 bulunmaktad\u0131r.<\/p>","protected":false},"excerpt":{"rendered":"<p>PKT-01 paketleme \u00fcnitesi seralarda toplanan domateslerin istiflenip paketlenerek depolara g\u00f6nderilmesi a\u015famas\u0131nda rol oynayan \u00fcnitelerdir. \u0130ste\u011fe g\u00f6re masa say\u0131s\u0131 ve kat say\u0131s\u0131 de\u011fi\u015febilen \u00f6zellikte olup m\u00fc\u015fteriye g\u00f6re tasar\u0131m\u0131 ger\u00e7ekle\u015ftirilir.<\/p>\n<p>Elektrik motorlu bant sistemlerini \u00fczerinde bar\u0131nd\u0131ran PKT-01 tercihleriniz aras\u0131nda yer alacakt\u0131r.<\/p>\n<p>[blocksy-content-block id=&#8221;2469&#8243;]<\/p>\n","protected":false},"featured_media":2484,"comment_status":"open","ping_status":"closed","template":"","meta":{"tpgb_global_settings":"","_vp_format_video_url":"","_vp_image_focal_point":[]},"product_brand":[],"product_cat":[198,152],"product_tag":[203,205,202,204],"class_list":{"0":"post-2492","1":"product","2":"type-product","3":"status-publish","4":"has-post-thumbnail","6":"product_cat-paketleme-uniteleri","7":"product_cat-sera-makineleri","8":"product_tag-domates-paketleme","9":"product_tag-paketleme-makinesi","10":"product_tag-paketleme-unitesi","11":"product_tag-sera-paketleme","13":"first","14":"instock","15":"taxable","16":"shipping-taxable","17":"product-type-grouped"},"yoast_head":"<!-- This site is optimized with the Yoast SEO plugin v27.4 - https:\/\/yoast.com\/product\/yoast-seo-wordpress\/ -->\n<title>PKT-01 Paketleme \u00dcnitesi - Hidroponik Bah\u00e7e<\/title>\n<meta name=\"description\" content=\"PKT-01 paketleme \u00fcnitesi seralarda toplanan domateslerin istiflenip paketlenerek depolara g\u00f6nderilmesi a\u015famas\u0131nda rol oynayan \u00fcnitelerdir. \u0130ste\u011fe g\u00f6re masa\" \/>\n<meta name=\"robots\" content=\"index, follow, max-snippet:-1, max-image-preview:large, max-video-preview:-1\" \/>\n<link rel=\"canonical\" href=\"https:\/\/hidroponikbahce.com\/market\/pkt-01-paketleme-unitesi\/\" \/>\n<meta property=\"og:locale\" content=\"en_US\" \/>\n<meta property=\"og:type\" content=\"article\" \/>\n<meta property=\"og:title\" content=\"PKT-01 Paketleme \u00dcnitesi - Hidroponik Bah\u00e7e\" \/>\n<meta property=\"og:description\" content=\"PKT-01 paketleme \u00fcnitesi seralarda toplanan domateslerin istiflenip paketlenerek depolara g\u00f6nderilmesi a\u015famas\u0131nda rol oynayan \u00fcnitelerdir. \u0130ste\u011fe g\u00f6re masa\" \/>\n<meta property=\"og:url\" content=\"https:\/\/hidroponikbahce.com\/market\/pkt-01-paketleme-unitesi\/\" \/>\n<meta property=\"og:site_name\" content=\"Hidroponik Bah\u00e7e\" \/>\n<meta property=\"article:publisher\" content=\"https:\/\/www.facebook.com\/hydroponic.farm.5\" \/>\n<meta property=\"article:modified_time\" content=\"2022-12-17T09:38:35+00:00\" \/>\n<meta property=\"og:image\" content=\"https:\/\/i0.wp.com\/hidroponikbahce.com\/wp-content\/uploads\/2022\/12\/paketleme-unitesi-pkt-01-1.png?fit=337%2C452&ssl=1\" \/>\n\t<meta property=\"og:image:width\" content=\"337\" \/>\n\t<meta property=\"og:image:height\" content=\"452\" \/>\n\t<meta property=\"og:image:type\" content=\"image\/png\" \/>\n<meta name=\"twitter:card\" content=\"summary_large_image\" \/>\n<meta name=\"twitter:label1\" content=\"Est. reading time\" \/>\n\t<meta name=\"twitter:data1\" content=\"1 minute\" \/>\n<script type=\"application\/ld+json\" class=\"yoast-schema-graph\">{\"@context\":\"https:\\\/\\\/schema.org\",\"@graph\":[{\"@type\":\"WebPage\",\"@id\":\"https:\\\/\\\/hidroponikbahce.com\\\/market\\\/pkt-01-paketleme-unitesi\\\/\",\"url\":\"https:\\\/\\\/hidroponikbahce.com\\\/market\\\/pkt-01-paketleme-unitesi\\\/\",\"name\":\"PKT-01 Paketleme \u00dcnitesi - Hidroponik Bah\u00e7e\",\"isPartOf\":{\"@id\":\"https:\\\/\\\/hidroponikbahce.com\\\/#website\"},\"primaryImageOfPage\":{\"@id\":\"https:\\\/\\\/hidroponikbahce.com\\\/market\\\/pkt-01-paketleme-unitesi\\\/#primaryimage\"},\"image\":{\"@id\":\"https:\\\/\\\/hidroponikbahce.com\\\/market\\\/pkt-01-paketleme-unitesi\\\/#primaryimage\"},\"thumbnailUrl\":\"https:\\\/\\\/i0.wp.com\\\/hidroponikbahce.net\\\/wp-content\\\/uploads\\\/2022\\\/12\\\/paketleme-unitesi-pkt-01-1.png?fit=337%2C452&ssl=1\",\"datePublished\":\"2022-12-17T09:01:36+00:00\",\"dateModified\":\"2022-12-17T09:38:35+00:00\",\"description\":\"PKT-01 paketleme \u00fcnitesi seralarda toplanan domateslerin istiflenip paketlenerek depolara g\u00f6nderilmesi a\u015famas\u0131nda rol oynayan \u00fcnitelerdir. \u0130ste\u011fe g\u00f6re masa\",\"breadcrumb\":{\"@id\":\"https:\\\/\\\/hidroponikbahce.com\\\/market\\\/pkt-01-paketleme-unitesi\\\/#breadcrumb\"},\"inLanguage\":\"en-US\",\"potentialAction\":[{\"@type\":\"ReadAction\",\"target\":[\"https:\\\/\\\/hidroponikbahce.com\\\/market\\\/pkt-01-paketleme-unitesi\\\/\"]}]},{\"@type\":\"ImageObject\",\"inLanguage\":\"en-US\",\"@id\":\"https:\\\/\\\/hidroponikbahce.com\\\/market\\\/pkt-01-paketleme-unitesi\\\/#primaryimage\",\"url\":\"https:\\\/\\\/i0.wp.com\\\/hidroponikbahce.net\\\/wp-content\\\/uploads\\\/2022\\\/12\\\/paketleme-unitesi-pkt-01-1.png?fit=337%2C452&ssl=1\",\"contentUrl\":\"https:\\\/\\\/i0.wp.com\\\/hidroponikbahce.net\\\/wp-content\\\/uploads\\\/2022\\\/12\\\/paketleme-unitesi-pkt-01-1.png?fit=337%2C452&ssl=1\",\"width\":337,\"height\":452},{\"@type\":\"BreadcrumbList\",\"@id\":\"https:\\\/\\\/hidroponikbahce.com\\\/market\\\/pkt-01-paketleme-unitesi\\\/#breadcrumb\",\"itemListElement\":[{\"@type\":\"ListItem\",\"position\":1,\"name\":\"Anasayfa\",\"item\":\"https:\\\/\\\/hidroponikbahce.net\\\/\"},{\"@type\":\"ListItem\",\"position\":2,\"name\":\"Market\",\"item\":\"https:\\\/\\\/hidroponikbahce.com\\\/market\\\/\"},{\"@type\":\"ListItem\",\"position\":3,\"name\":\"PKT-01 Paketleme \u00dcnitesi\"}]},{\"@type\":\"WebSite\",\"@id\":\"https:\\\/\\\/hidroponikbahce.com\\\/#website\",\"url\":\"https:\\\/\\\/hidroponikbahce.com\\\/\",\"name\":\"Hidroponik Bah\u00e7e\",\"description\":\"Topraks\u0131z Tar\u0131m Sistemleri\",\"publisher\":{\"@id\":\"https:\\\/\\\/hidroponikbahce.com\\\/#organization\"},\"potentialAction\":[{\"@type\":\"SearchAction\",\"target\":{\"@type\":\"EntryPoint\",\"urlTemplate\":\"https:\\\/\\\/hidroponikbahce.com\\\/?s={search_term_string}\"},\"query-input\":{\"@type\":\"PropertyValueSpecification\",\"valueRequired\":true,\"valueName\":\"search_term_string\"}}],\"inLanguage\":\"en-US\"},{\"@type\":\"Organization\",\"@id\":\"https:\\\/\\\/hidroponikbahce.com\\\/#organization\",\"name\":\"Hidroponik Bah\u00e7e\",\"url\":\"https:\\\/\\\/hidroponikbahce.com\\\/\",\"logo\":{\"@type\":\"ImageObject\",\"inLanguage\":\"en-US\",\"@id\":\"https:\\\/\\\/hidroponikbahce.com\\\/#\\\/schema\\\/logo\\\/image\\\/\",\"url\":\"https:\\\/\\\/i0.wp.com\\\/hidroponikbahce.net\\\/wp-content\\\/uploads\\\/2022\\\/12\\\/Logo-Hidroponik-Bahce.png?fit=2000%2C350&ssl=1\",\"contentUrl\":\"https:\\\/\\\/i0.wp.com\\\/hidroponikbahce.net\\\/wp-content\\\/uploads\\\/2022\\\/12\\\/Logo-Hidroponik-Bahce.png?fit=2000%2C350&ssl=1\",\"width\":2000,\"height\":350,\"caption\":\"Hidroponik Bah\u00e7e\"},\"image\":{\"@id\":\"https:\\\/\\\/hidroponikbahce.com\\\/#\\\/schema\\\/logo\\\/image\\\/\"},\"sameAs\":[\"https:\\\/\\\/www.facebook.com\\\/hydroponic.farm.5\",\"https:\\\/\\\/www.instagram.com\\\/hydroponic_market\\\/\",\"https:\\\/\\\/tr-tr.facebook.com\\\/groups\\\/205584269848909\\\/?mibextid=6NoCDW\",\"https:\\\/\\\/www.linkedin.com\\\/in\\\/hydroponic-farm-farmer-academy-249b3b196\",\"https:\\\/\\\/www.youtube.com\\\/channel\\\/UCkiZ8fuHlNtao_MkEQRhN-A\"]}]}<\/script>\n<!-- \/ Yoast SEO plugin. -->","yoast_head_json":{"title":"PKT-01 Paketleme \u00dcnitesi - Hidroponik Bah\u00e7e","description":"PKT-01 paketleme \u00fcnitesi seralarda toplanan domateslerin istiflenip paketlenerek depolara g\u00f6nderilmesi a\u015famas\u0131nda rol oynayan \u00fcnitelerdir. \u0130ste\u011fe g\u00f6re masa","robots":{"index":"index","follow":"follow","max-snippet":"max-snippet:-1","max-image-preview":"max-image-preview:large","max-video-preview":"max-video-preview:-1"},"canonical":"https:\/\/hidroponikbahce.com\/market\/pkt-01-paketleme-unitesi\/","og_locale":"en_US","og_type":"article","og_title":"PKT-01 Paketleme \u00dcnitesi - Hidroponik Bah\u00e7e","og_description":"PKT-01 paketleme \u00fcnitesi seralarda toplanan domateslerin istiflenip paketlenerek depolara g\u00f6nderilmesi a\u015famas\u0131nda rol oynayan \u00fcnitelerdir. \u0130ste\u011fe g\u00f6re masa","og_url":"https:\/\/hidroponikbahce.com\/market\/pkt-01-paketleme-unitesi\/","og_site_name":"Hidroponik Bah\u00e7e","article_publisher":"https:\/\/www.facebook.com\/hydroponic.farm.5","article_modified_time":"2022-12-17T09:38:35+00:00","og_image":[{"width":337,"height":452,"url":"https:\/\/i0.wp.com\/hidroponikbahce.com\/wp-content\/uploads\/2022\/12\/paketleme-unitesi-pkt-01-1.png?fit=337%2C452&ssl=1","type":"image\/png"}],"twitter_card":"summary_large_image","twitter_misc":{"Est. reading time":"1 minute"},"schema":{"@context":"https:\/\/schema.org","@graph":[{"@type":"WebPage","@id":"https:\/\/hidroponikbahce.com\/market\/pkt-01-paketleme-unitesi\/","url":"https:\/\/hidroponikbahce.com\/market\/pkt-01-paketleme-unitesi\/","name":"PKT-01 Paketleme \u00dcnitesi - Hidroponik Bah\u00e7e","isPartOf":{"@id":"https:\/\/hidroponikbahce.com\/#website"},"primaryImageOfPage":{"@id":"https:\/\/hidroponikbahce.com\/market\/pkt-01-paketleme-unitesi\/#primaryimage"},"image":{"@id":"https:\/\/hidroponikbahce.com\/market\/pkt-01-paketleme-unitesi\/#primaryimage"},"thumbnailUrl":"https:\/\/i0.wp.com\/hidroponikbahce.net\/wp-content\/uploads\/2022\/12\/paketleme-unitesi-pkt-01-1.png?fit=337%2C452&ssl=1","datePublished":"2022-12-17T09:01:36+00:00","dateModified":"2022-12-17T09:38:35+00:00","description":"PKT-01 paketleme \u00fcnitesi seralarda toplanan domateslerin istiflenip paketlenerek depolara g\u00f6nderilmesi a\u015famas\u0131nda rol oynayan \u00fcnitelerdir. \u0130ste\u011fe g\u00f6re masa","breadcrumb":{"@id":"https:\/\/hidroponikbahce.com\/market\/pkt-01-paketleme-unitesi\/#breadcrumb"},"inLanguage":"en-US","potentialAction":[{"@type":"ReadAction","target":["https:\/\/hidroponikbahce.com\/market\/pkt-01-paketleme-unitesi\/"]}]},{"@type":"ImageObject","inLanguage":"en-US","@id":"https:\/\/hidroponikbahce.com\/market\/pkt-01-paketleme-unitesi\/#primaryimage","url":"https:\/\/i0.wp.com\/hidroponikbahce.net\/wp-content\/uploads\/2022\/12\/paketleme-unitesi-pkt-01-1.png?fit=337%2C452&ssl=1","contentUrl":"https:\/\/i0.wp.com\/hidroponikbahce.net\/wp-content\/uploads\/2022\/12\/paketleme-unitesi-pkt-01-1.png?fit=337%2C452&ssl=1","width":337,"height":452},{"@type":"BreadcrumbList","@id":"https:\/\/hidroponikbahce.com\/market\/pkt-01-paketleme-unitesi\/#breadcrumb","itemListElement":[{"@type":"ListItem","position":1,"name":"Anasayfa","item":"https:\/\/hidroponikbahce.net\/"},{"@type":"ListItem","position":2,"name":"Market","item":"https:\/\/hidroponikbahce.com\/market\/"},{"@type":"ListItem","position":3,"name":"PKT-01 Paketleme \u00dcnitesi"}]},{"@type":"WebSite","@id":"https:\/\/hidroponikbahce.com\/#website","url":"https:\/\/hidroponikbahce.com\/","name":"Hidroponik Bah\u00e7e","description":"Soilless Agricultural Systems","publisher":{"@id":"https:\/\/hidroponikbahce.com\/#organization"},"potentialAction":[{"@type":"SearchAction","target":{"@type":"EntryPoint","urlTemplate":"https:\/\/hidroponikbahce.com\/?s={search_term_string}"},"query-input":{"@type":"PropertyValueSpecification","valueRequired":true,"valueName":"search_term_string"}}],"inLanguage":"en-US"},{"@type":"Organization","@id":"https:\/\/hidroponikbahce.com\/#organization","name":"Hidroponik Bah\u00e7e","url":"https:\/\/hidroponikbahce.com\/","logo":{"@type":"ImageObject","inLanguage":"en-US","@id":"https:\/\/hidroponikbahce.com\/#\/schema\/logo\/image\/","url":"https:\/\/i0.wp.com\/hidroponikbahce.net\/wp-content\/uploads\/2022\/12\/Logo-Hidroponik-Bahce.png?fit=2000%2C350&ssl=1","contentUrl":"https:\/\/i0.wp.com\/hidroponikbahce.net\/wp-content\/uploads\/2022\/12\/Logo-Hidroponik-Bahce.png?fit=2000%2C350&ssl=1","width":2000,"height":350,"caption":"Hidroponik Bah\u00e7e"},"image":{"@id":"https:\/\/hidroponikbahce.com\/#\/schema\/logo\/image\/"},"sameAs":["https:\/\/www.facebook.com\/hydroponic.farm.5","https:\/\/www.instagram.com\/hydroponic_market\/","https:\/\/tr-tr.facebook.com\/groups\/205584269848909\/?mibextid=6NoCDW","https:\/\/www.linkedin.com\/in\/hydroponic-farm-farmer-academy-249b3b196","https:\/\/www.youtube.com\/channel\/UCkiZ8fuHlNtao_MkEQRhN-A"]}]}},"tpgb_featured_images":{"full":["https:\/\/i0.wp.com\/hidroponikbahce.net\/wp-content\/uploads\/2022\/12\/paketleme-unitesi-pkt-01-1.png?fit=337%2C452&ssl=1",337,452,false],"tp-image-grid":["https:\/\/i0.wp.com\/hidroponikbahce.net\/wp-content\/uploads\/2022\/12\/paketleme-unitesi-pkt-01-1.png?resize=337%2C452&ssl=1",700,700,true],"thumbnail":["https:\/\/i0.wp.com\/hidroponikbahce.net\/wp-content\/uploads\/2022\/12\/paketleme-unitesi-pkt-01-1.png?resize=150%2C150&ssl=1",150,150,true],"medium":["https:\/\/i0.wp.com\/hidroponikbahce.net\/wp-content\/uploads\/2022\/12\/paketleme-unitesi-pkt-01-1.png?fit=224%2C300&ssl=1",224,300,true],"medium_large":["https:\/\/i0.wp.com\/hidroponikbahce.net\/wp-content\/uploads\/2022\/12\/paketleme-unitesi-pkt-01-1.png?fit=337%2C452&ssl=1",337,452,true],"large":["https:\/\/i0.wp.com\/hidroponikbahce.net\/wp-content\/uploads\/2022\/12\/paketleme-unitesi-pkt-01-1.png?fit=337%2C452&ssl=1",337,452,true],"default":"https:\/\/hidroponikbahce.net\/wp-content\/plugins\/the-plus-addons-for-block-editor\/assets\/images\/tpgb-placeholder.jpg"},"tpgb_post_meta_info":{"get_date":"December 17, 2022","get_modified_date":"December 17, 2022","category_list":{"product_brand":false,"product_cat":[{"term_id":198,"name":"Paketleme \u00dcniteleri","slug":"paketleme-uniteleri","term_group":0,"term_taxonomy_id":198,"taxonomy":"product_cat","description":"Paketleme \u00fcnitesi seralarda toplanan domateslerin istiflenip paketlenerek depolara g\u00f6nderilmesi a\u015famas\u0131nda rol oynayan \u00fcnitelerdir. \u0130ste\u011fe g\u00f6re masa say\u0131s\u0131 ve kat say\u0131s\u0131 de\u011fi\u015febilen \u00f6zellikte olup m\u00fc\u015fteriye g\u00f6re tasar\u0131m\u0131 ger\u00e7ekle\u015ftirilir.\r\n\r\nElektrik motorlu bant sistemlerini \u00fczerinde bar\u0131nd\u0131ran PKT-01 tercihleriniz aras\u0131nda yer alacakt\u0131r.","parent":152,"count":1,"filter":"raw"},{"term_id":152,"name":"Sera Makineleri","slug":"sera-makineleri","term_group":0,"term_taxonomy_id":152,"taxonomy":"product_cat","description":"Seran\u0131zda ve tar\u0131m arazinizce i\u015finizi kolayla\u015ft\u0131racak, daha profesyonel \u00e7al\u0131\u015fman\u0131za imkan sa\u011flayacak makinalar","parent":0,"count":34,"filter":"raw"}],"product_tag":[{"term_id":203,"name":"domates paketleme","slug":"domates-paketleme","term_group":0,"term_taxonomy_id":203,"taxonomy":"product_tag","description":"","parent":0,"count":1,"filter":"raw"},{"term_id":205,"name":"paketleme makinesi","slug":"paketleme-makinesi","term_group":0,"term_taxonomy_id":205,"taxonomy":"product_tag","description":"","parent":0,"count":1,"filter":"raw"},{"term_id":202,"name":"paketleme \u00fcnitesi","slug":"paketleme-unitesi","term_group":0,"term_taxonomy_id":202,"taxonomy":"product_tag","description":"","parent":0,"count":1,"filter":"raw"},{"term_id":204,"name":"sera paketleme","slug":"sera-paketleme","term_group":0,"term_taxonomy_id":204,"taxonomy":"product_tag","description":"","parent":0,"count":1,"filter":"raw"}]},"comment_count":0,"post_likes":0,"post_views":0},"tpgb_post_category":{"product_cat":"<a href=\"https:\/\/hidroponikbahce.net\/en\/product-category\/sera-makineleri\/paketleme-uniteleri\/\" alt=\"Paketleme \u00dcniteleri\"  class=\"product_cat-paketleme-uniteleri\">Paketleme \u00dcniteleri<\/a> <a href=\"https:\/\/hidroponikbahce.net\/en\/product-category\/sera-makineleri\/\" alt=\"Sera Makineleri\"  class=\"product_cat-sera-makineleri\">Sera Makineleri<\/a> ","product_tag":"<a href=\"https:\/\/hidroponikbahce.net\/en\/product-tag\/domates-paketleme\/\" alt=\"domates paketleme\"  class=\"product_tag-domates-paketleme\">domates paketleme<\/a> <a href=\"https:\/\/hidroponikbahce.net\/en\/product-tag\/paketleme-makinesi\/\" alt=\"paketleme makinesi\"  class=\"product_tag-paketleme-makinesi\">paketleme makinesi<\/a> <a href=\"https:\/\/hidroponikbahce.net\/en\/product-tag\/paketleme-unitesi\/\" alt=\"paketleme \u00fcnitesi\"  class=\"product_tag-paketleme-unitesi\">paketleme \u00fcnitesi<\/a> <a href=\"https:\/\/hidroponikbahce.net\/en\/product-tag\/sera-paketleme\/\" alt=\"sera paketleme\"  class=\"product_tag-sera-paketleme\">sera paketleme<\/a> "},"tpgb_product_data":{"price_html":"","type":"grouped","gallery":["https:\/\/i0.wp.com\/hidroponikbahce.net\/wp-content\/uploads\/2022\/12\/paketleme-unitesi-pkt-01-1.jpg?fit=448%2C600&ssl=1",448,600,false],"category":"Paketleme \u00dcniteleri","procatslug":"paketleme-uniteleri"},"jetpack-related-posts":[],"jetpack_sharing_enabled":true,"_links":{"self":[{"href":"https:\/\/hidroponikbahce.net\/en\/wp-json\/wp\/v2\/product\/2492","targetHints":{"allow":["GET"]}}],"collection":[{"href":"https:\/\/hidroponikbahce.net\/en\/wp-json\/wp\/v2\/product"}],"about":[{"href":"https:\/\/hidroponikbahce.net\/en\/wp-json\/wp\/v2\/types\/product"}],"replies":[{"embeddable":true,"href":"https:\/\/hidroponikbahce.net\/en\/wp-json\/wp\/v2\/comments?post=2492"}],"wp:featuredmedia":[{"embeddable":true,"href":"https:\/\/hidroponikbahce.net\/en\/wp-json\/wp\/v2\/media\/2484"}],"wp:attachment":[{"href":"https:\/\/hidroponikbahce.net\/en\/wp-json\/wp\/v2\/media?parent=2492"}],"wp:term":[{"taxonomy":"product_brand","embeddable":true,"href":"https:\/\/hidroponikbahce.net\/en\/wp-json\/wp\/v2\/product_brand?post=2492"},{"taxonomy":"product_cat","embeddable":true,"href":"https:\/\/hidroponikbahce.net\/en\/wp-json\/wp\/v2\/product_cat?post=2492"},{"taxonomy":"product_tag","embeddable":true,"href":"https:\/\/hidroponikbahce.net\/en\/wp-json\/wp\/v2\/product_tag?post=2492"}],"curies":[{"name":"wp","href":"https:\/\/api.w.org\/{rel}","templated":true}]}}