{"id":2480,"date":"2022-12-17T11:51:54","date_gmt":"2022-12-17T08:51:54","guid":{"rendered":"https:\/\/hidroponikbahce.com\/?post_type=product&#038;p=2480"},"modified":"2022-12-17T11:51:55","modified_gmt":"2022-12-17T08:51:55","slug":"yta-01-yaprak-toplama-arabasi","status":"publish","type":"product","link":"https:\/\/hidroponikbahce.net\/en\/market\/yta-01-yaprak-toplama-arabasi\/","title":{"rendered":"YTA-01 Yaprak Toplama Arabas\u0131"},"content":{"rendered":"<div class=\"w-100 mt-4 text-center yazilarr\">\n<p>G\u00fc\u00e7lendirilmi\u015f \u00e7elik kafes yap\u0131s\u0131.<br \/>\nGalvaniz saclardan imal edilen yaprak havuzu.<br \/>\nHer iki tarafta da yer alan y\u00f6nlendirme saplar\u0131.<\/p>\n<p><img data-recalc-dims=\"1\" decoding=\"async\" src=\"https:\/\/i0.wp.com\/www.seraymak.com\/resimler\/editor\/images\/yaprak1.jpg?w=1290&#038;ssl=1\" alt=\"\" \/><\/p>\n<p>Dayan\u0131m\u0131 y\u00fcksek \u00f6zel \u00fcretim polyamid ray tekerleri<\/p>\n<p><img data-recalc-dims=\"1\" decoding=\"async\" src=\"https:\/\/i0.wp.com\/www.seraymak.com\/resimler\/editor\/images\/HST-01-2.jpg?w=1290&#038;ssl=1\" alt=\"\" \/><\/p>\n<p>Dayan\u0131kl\u0131 Poli\u00fcretan Kapl\u0131 D\u00f6ner Tekerler.<br \/>\nArabalar\u0131 birbirlerine ba\u011flayabilece\u011finiz \u00f6n-arka \u00e7eki grubu<\/p>\n<p><img data-recalc-dims=\"1\" decoding=\"async\" src=\"https:\/\/i0.wp.com\/www.seraymak.com\/resimler\/editor\/images\/yaprak2.jpg?w=1290&#038;ssl=1\" alt=\"\" \/><\/p>\n<p>E\u011fimli Taban\u0131 bulunan havuz sayesinde kolay yaprak bo\u015falt\u0131m\u0131<\/p>\n<p><img data-recalc-dims=\"1\" decoding=\"async\" src=\"https:\/\/i0.wp.com\/www.seraymak.com\/resimler\/editor\/images\/yaprak3.jpg?w=1290&#038;ssl=1\" alt=\"\" \/>\n<\/div>\n<div class=\"w-100 mt-4\">\n<table class=\"table table-striped\">\n<tbody>\n<tr>\n<td>MODEL<\/td>\n<td>YTA-01<\/td>\n<\/tr>\n<tr>\n<td>ELEKTR\u0130K ENERJ\u0130S\u0130<\/td>\n<td>MEVCUT DE\u011e\u0130LD\u0130R.<\/td>\n<\/tr>\n<tr>\n<td>\u00c7ALI\u015eMA S\u00dcRES\u0130 (Kullan\u0131ma Ba\u011fl\u0131)<\/td>\n<td>S\u00dcRES\u0130Z<\/td>\n<\/tr>\n<tr>\n<td>YAPRAK HAZNES\u0130 HACM\u0130<\/td>\n<td>740 L\u0130TRE<\/td>\n<\/tr>\n<tr>\n<td>YAPRAK HAZNES\u0130 MALZEMES\u0130<\/td>\n<td>DKP SAC<\/td>\n<\/tr>\n<tr>\n<td>MAK\u0130NE A\u011eIRLI\u011eI<\/td>\n<td>112 KG<\/td>\n<\/tr>\n<tr>\n<td>MAKS\u0130MUM TA\u015eIMA KAPAS\u0130TES\u0130<\/td>\n<td>300 kg<\/td>\n<\/tr>\n<tr>\n<td>STANDART \u00c7ALI\u015eMA RAYI BORU \u00c7API<br \/>\n(FARKLI RAY \u00d6L\u00c7\u00dcLER\u0130NDE S\u0130ZE \u00d6ZEL \u00dcRET\u0130M YAPILMAKTADIR.)<\/td>\n<td>\u00a051 mm<\/td>\n<\/tr>\n<tr>\n<td>STANDART \u00c7ALI\u015eMA RAYI DI\u015e-DI\u015e \u00d6L\u00c7\u00dcS\u00dc<br \/>\n(FARKLI RAY \u00d6L\u00c7\u00dcLER\u0130NDE S\u0130ZE \u00d6ZEL \u00dcRET\u0130M YAPILMAKTADIR.)<\/td>\n<td>600 mm<\/td>\n<\/tr>\n<tr>\n<td>YAN RAYA GE\u00c7\u0130\u015e<\/td>\n<td>ORTA TEKERDEN D\u00d6NEB\u0130LME<\/td>\n<\/tr>\n<tr>\n<td>ORTA TEKER<\/td>\n<td>SAC JANTLI LAST\u0130K KAPLI TEKERLER<\/td>\n<\/tr>\n<tr>\n<td>RAY TEKER\u0130<\/td>\n<td>METALMAK POLYAM\u0130D RAY TEKERLER\u0130<\/td>\n<\/tr>\n<tr>\n<td>D\u00d6NER TEKERLER<\/td>\n<td>POL\u0130\u00dcRETAN KAPLI D\u00d6NER TEKERLER<\/td>\n<\/tr>\n<tr>\n<td>KAPAK HAREKET-K\u0130L\u0130T S\u0130STESM\u0130<\/td>\n<td>MENTE\u015eEL\u0130-GE\u00c7ME Z\u0130NC\u0130RL\u0130<\/td>\n<\/tr>\n<tr>\n<td>E\u015eYA CEB\u0130<\/td>\n<td>MEVCUT DE\u011e\u0130LD\u0130R.<\/td>\n<\/tr>\n<tr>\n<td>\u00d6N-ARKA Y\u00d6NLEND\u0130RME SAPLARI<\/td>\n<td>MEVCUT<\/td>\n<\/tr>\n<tr>\n<td>BOYA<\/td>\n<td>ELEKTROSTAT\u0130K FIRIN BOYA<\/td>\n<\/tr>\n<tr>\n<td>GARANT\u0130<\/td>\n<td>24 AY<\/td>\n<\/tr>\n<\/tbody>\n<\/table>\n<\/div>","protected":false},"excerpt":{"rendered":"<p>YTA-01 Yaprak toplama arabas\u0131 d\u00fcz zeminlerde ve ray borular\u0131 olan seralarda ray \u00fczeri kullan\u0131ma uygun olup seralarda toplanan yapraklar\u0131n depolan\u0131p b\u00f6lgeden uzakla\u015ft\u0131rmak i\u00e7in kullan\u0131lan ara\u00e7lard\u0131r.<\/p>\n<p>YTA-01 ile i\u015fg\u00fcc\u00fcnden ve zamandan b\u00fcy\u00fck tasarruf edin.<\/p>\n<p>[blocksy-content-block id=&#8221;2469&#8243;]<\/p>\n","protected":false},"featured_media":2473,"comment_status":"open","ping_status":"closed","template":"","meta":{"tpgb_global_settings":"","_vp_format_video_url":"","_vp_image_focal_point":[]},"product_brand":[],"product_cat":[152,195],"product_tag":[156,197,196],"class_list":{"0":"post-2480","1":"product","2":"type-product","3":"status-publish","4":"has-post-thumbnail","6":"product_cat-sera-makineleri","7":"product_cat-yaprak-toplama-arabalari","8":"product_tag-sera-arabasi","9":"product_tag-temizlik-arabasi","10":"product_tag-yaprak-toplama-arabasi","12":"first","13":"instock","14":"taxable","15":"shipping-taxable","16":"product-type-grouped"},"yoast_head":"<!-- This site is optimized with the Yoast SEO plugin v27.4 - https:\/\/yoast.com\/product\/yoast-seo-wordpress\/ -->\n<title>YTA-01 Yaprak Toplama Arabas\u0131 - Hidroponik Bah\u00e7e<\/title>\n<meta name=\"description\" content=\"YTA-01 Yaprak toplama arabas\u0131 d\u00fcz zeminlerde ve ray borular\u0131 olan seralarda ray \u00fczeri kullan\u0131ma uygun olup seralarda toplanan yapraklar\u0131n depolan\u0131p\" \/>\n<meta name=\"robots\" content=\"index, follow, max-snippet:-1, max-image-preview:large, max-video-preview:-1\" \/>\n<link rel=\"canonical\" href=\"https:\/\/hidroponikbahce.com\/market\/yta-01-yaprak-toplama-arabasi\/\" \/>\n<meta property=\"og:locale\" content=\"en_US\" \/>\n<meta property=\"og:type\" content=\"article\" \/>\n<meta property=\"og:title\" content=\"YTA-01 Yaprak Toplama Arabas\u0131 - Hidroponik Bah\u00e7e\" \/>\n<meta property=\"og:description\" content=\"YTA-01 Yaprak toplama arabas\u0131 d\u00fcz zeminlerde ve ray borular\u0131 olan seralarda ray \u00fczeri kullan\u0131ma uygun olup seralarda toplanan yapraklar\u0131n depolan\u0131p\" \/>\n<meta property=\"og:url\" content=\"https:\/\/hidroponikbahce.com\/market\/yta-01-yaprak-toplama-arabasi\/\" \/>\n<meta property=\"og:site_name\" content=\"Hidroponik Bah\u00e7e\" \/>\n<meta property=\"article:publisher\" content=\"https:\/\/www.facebook.com\/hydroponic.farm.5\" \/>\n<meta property=\"article:modified_time\" content=\"2022-12-17T08:51:55+00:00\" \/>\n<meta property=\"og:image\" content=\"https:\/\/i0.wp.com\/hidroponikbahce.com\/wp-content\/uploads\/2022\/12\/yaprak-toplama-arabasi-ta-01-7.jpg?fit=900%2C898&ssl=1\" \/>\n\t<meta property=\"og:image:width\" content=\"900\" \/>\n\t<meta property=\"og:image:height\" content=\"898\" \/>\n\t<meta property=\"og:image:type\" content=\"image\/jpeg\" \/>\n<meta name=\"twitter:card\" content=\"summary_large_image\" \/>\n<meta name=\"twitter:label1\" content=\"Est. reading time\" \/>\n\t<meta name=\"twitter:data1\" content=\"2 minutes\" \/>\n<script type=\"application\/ld+json\" class=\"yoast-schema-graph\">{\"@context\":\"https:\\\/\\\/schema.org\",\"@graph\":[{\"@type\":\"WebPage\",\"@id\":\"https:\\\/\\\/hidroponikbahce.com\\\/market\\\/yta-01-yaprak-toplama-arabasi\\\/\",\"url\":\"https:\\\/\\\/hidroponikbahce.com\\\/market\\\/yta-01-yaprak-toplama-arabasi\\\/\",\"name\":\"YTA-01 Yaprak Toplama Arabas\u0131 - Hidroponik Bah\u00e7e\",\"isPartOf\":{\"@id\":\"https:\\\/\\\/hidroponikbahce.com\\\/#website\"},\"primaryImageOfPage\":{\"@id\":\"https:\\\/\\\/hidroponikbahce.com\\\/market\\\/yta-01-yaprak-toplama-arabasi\\\/#primaryimage\"},\"image\":{\"@id\":\"https:\\\/\\\/hidroponikbahce.com\\\/market\\\/yta-01-yaprak-toplama-arabasi\\\/#primaryimage\"},\"thumbnailUrl\":\"https:\\\/\\\/i0.wp.com\\\/hidroponikbahce.net\\\/wp-content\\\/uploads\\\/2022\\\/12\\\/yaprak-toplama-arabasi-ta-01-7.jpg?fit=900%2C898&ssl=1\",\"datePublished\":\"2022-12-17T08:51:54+00:00\",\"dateModified\":\"2022-12-17T08:51:55+00:00\",\"description\":\"YTA-01 Yaprak toplama arabas\u0131 d\u00fcz zeminlerde ve ray borular\u0131 olan seralarda ray \u00fczeri kullan\u0131ma uygun olup seralarda toplanan yapraklar\u0131n depolan\u0131p\",\"breadcrumb\":{\"@id\":\"https:\\\/\\\/hidroponikbahce.com\\\/market\\\/yta-01-yaprak-toplama-arabasi\\\/#breadcrumb\"},\"inLanguage\":\"en-US\",\"potentialAction\":[{\"@type\":\"ReadAction\",\"target\":[\"https:\\\/\\\/hidroponikbahce.com\\\/market\\\/yta-01-yaprak-toplama-arabasi\\\/\"]}]},{\"@type\":\"ImageObject\",\"inLanguage\":\"en-US\",\"@id\":\"https:\\\/\\\/hidroponikbahce.com\\\/market\\\/yta-01-yaprak-toplama-arabasi\\\/#primaryimage\",\"url\":\"https:\\\/\\\/i0.wp.com\\\/hidroponikbahce.net\\\/wp-content\\\/uploads\\\/2022\\\/12\\\/yaprak-toplama-arabasi-ta-01-7.jpg?fit=900%2C898&ssl=1\",\"contentUrl\":\"https:\\\/\\\/i0.wp.com\\\/hidroponikbahce.net\\\/wp-content\\\/uploads\\\/2022\\\/12\\\/yaprak-toplama-arabasi-ta-01-7.jpg?fit=900%2C898&ssl=1\",\"width\":900,\"height\":898},{\"@type\":\"BreadcrumbList\",\"@id\":\"https:\\\/\\\/hidroponikbahce.com\\\/market\\\/yta-01-yaprak-toplama-arabasi\\\/#breadcrumb\",\"itemListElement\":[{\"@type\":\"ListItem\",\"position\":1,\"name\":\"Anasayfa\",\"item\":\"https:\\\/\\\/hidroponikbahce.net\\\/\"},{\"@type\":\"ListItem\",\"position\":2,\"name\":\"Market\",\"item\":\"https:\\\/\\\/hidroponikbahce.com\\\/market\\\/\"},{\"@type\":\"ListItem\",\"position\":3,\"name\":\"YTA-01 Yaprak Toplama Arabas\u0131\"}]},{\"@type\":\"WebSite\",\"@id\":\"https:\\\/\\\/hidroponikbahce.com\\\/#website\",\"url\":\"https:\\\/\\\/hidroponikbahce.com\\\/\",\"name\":\"Hidroponik Bah\u00e7e\",\"description\":\"Topraks\u0131z Tar\u0131m Sistemleri\",\"publisher\":{\"@id\":\"https:\\\/\\\/hidroponikbahce.com\\\/#organization\"},\"potentialAction\":[{\"@type\":\"SearchAction\",\"target\":{\"@type\":\"EntryPoint\",\"urlTemplate\":\"https:\\\/\\\/hidroponikbahce.com\\\/?s={search_term_string}\"},\"query-input\":{\"@type\":\"PropertyValueSpecification\",\"valueRequired\":true,\"valueName\":\"search_term_string\"}}],\"inLanguage\":\"en-US\"},{\"@type\":\"Organization\",\"@id\":\"https:\\\/\\\/hidroponikbahce.com\\\/#organization\",\"name\":\"Hidroponik Bah\u00e7e\",\"url\":\"https:\\\/\\\/hidroponikbahce.com\\\/\",\"logo\":{\"@type\":\"ImageObject\",\"inLanguage\":\"en-US\",\"@id\":\"https:\\\/\\\/hidroponikbahce.com\\\/#\\\/schema\\\/logo\\\/image\\\/\",\"url\":\"https:\\\/\\\/i0.wp.com\\\/hidroponikbahce.net\\\/wp-content\\\/uploads\\\/2022\\\/12\\\/Logo-Hidroponik-Bahce.png?fit=2000%2C350&ssl=1\",\"contentUrl\":\"https:\\\/\\\/i0.wp.com\\\/hidroponikbahce.net\\\/wp-content\\\/uploads\\\/2022\\\/12\\\/Logo-Hidroponik-Bahce.png?fit=2000%2C350&ssl=1\",\"width\":2000,\"height\":350,\"caption\":\"Hidroponik Bah\u00e7e\"},\"image\":{\"@id\":\"https:\\\/\\\/hidroponikbahce.com\\\/#\\\/schema\\\/logo\\\/image\\\/\"},\"sameAs\":[\"https:\\\/\\\/www.facebook.com\\\/hydroponic.farm.5\",\"https:\\\/\\\/www.instagram.com\\\/hydroponic_market\\\/\",\"https:\\\/\\\/tr-tr.facebook.com\\\/groups\\\/205584269848909\\\/?mibextid=6NoCDW\",\"https:\\\/\\\/www.linkedin.com\\\/in\\\/hydroponic-farm-farmer-academy-249b3b196\",\"https:\\\/\\\/www.youtube.com\\\/channel\\\/UCkiZ8fuHlNtao_MkEQRhN-A\"]}]}<\/script>\n<!-- \/ Yoast SEO plugin. -->","yoast_head_json":{"title":"YTA-01 Yaprak Toplama Arabas\u0131 - Hidroponik Bah\u00e7e","description":"YTA-01 Yaprak toplama arabas\u0131 d\u00fcz zeminlerde ve ray borular\u0131 olan seralarda ray \u00fczeri kullan\u0131ma uygun olup seralarda toplanan yapraklar\u0131n depolan\u0131p","robots":{"index":"index","follow":"follow","max-snippet":"max-snippet:-1","max-image-preview":"max-image-preview:large","max-video-preview":"max-video-preview:-1"},"canonical":"https:\/\/hidroponikbahce.com\/market\/yta-01-yaprak-toplama-arabasi\/","og_locale":"en_US","og_type":"article","og_title":"YTA-01 Yaprak Toplama Arabas\u0131 - Hidroponik Bah\u00e7e","og_description":"YTA-01 Yaprak toplama arabas\u0131 d\u00fcz zeminlerde ve ray borular\u0131 olan seralarda ray \u00fczeri kullan\u0131ma uygun olup seralarda toplanan yapraklar\u0131n depolan\u0131p","og_url":"https:\/\/hidroponikbahce.com\/market\/yta-01-yaprak-toplama-arabasi\/","og_site_name":"Hidroponik Bah\u00e7e","article_publisher":"https:\/\/www.facebook.com\/hydroponic.farm.5","article_modified_time":"2022-12-17T08:51:55+00:00","og_image":[{"width":900,"height":898,"url":"https:\/\/i0.wp.com\/hidroponikbahce.com\/wp-content\/uploads\/2022\/12\/yaprak-toplama-arabasi-ta-01-7.jpg?fit=900%2C898&ssl=1","type":"image\/jpeg"}],"twitter_card":"summary_large_image","twitter_misc":{"Est. reading time":"2 minutes"},"schema":{"@context":"https:\/\/schema.org","@graph":[{"@type":"WebPage","@id":"https:\/\/hidroponikbahce.com\/market\/yta-01-yaprak-toplama-arabasi\/","url":"https:\/\/hidroponikbahce.com\/market\/yta-01-yaprak-toplama-arabasi\/","name":"YTA-01 Yaprak Toplama Arabas\u0131 - Hidroponik Bah\u00e7e","isPartOf":{"@id":"https:\/\/hidroponikbahce.com\/#website"},"primaryImageOfPage":{"@id":"https:\/\/hidroponikbahce.com\/market\/yta-01-yaprak-toplama-arabasi\/#primaryimage"},"image":{"@id":"https:\/\/hidroponikbahce.com\/market\/yta-01-yaprak-toplama-arabasi\/#primaryimage"},"thumbnailUrl":"https:\/\/i0.wp.com\/hidroponikbahce.net\/wp-content\/uploads\/2022\/12\/yaprak-toplama-arabasi-ta-01-7.jpg?fit=900%2C898&ssl=1","datePublished":"2022-12-17T08:51:54+00:00","dateModified":"2022-12-17T08:51:55+00:00","description":"YTA-01 Yaprak toplama arabas\u0131 d\u00fcz zeminlerde ve ray borular\u0131 olan seralarda ray \u00fczeri kullan\u0131ma uygun olup seralarda toplanan yapraklar\u0131n depolan\u0131p","breadcrumb":{"@id":"https:\/\/hidroponikbahce.com\/market\/yta-01-yaprak-toplama-arabasi\/#breadcrumb"},"inLanguage":"en-US","potentialAction":[{"@type":"ReadAction","target":["https:\/\/hidroponikbahce.com\/market\/yta-01-yaprak-toplama-arabasi\/"]}]},{"@type":"ImageObject","inLanguage":"en-US","@id":"https:\/\/hidroponikbahce.com\/market\/yta-01-yaprak-toplama-arabasi\/#primaryimage","url":"https:\/\/i0.wp.com\/hidroponikbahce.net\/wp-content\/uploads\/2022\/12\/yaprak-toplama-arabasi-ta-01-7.jpg?fit=900%2C898&ssl=1","contentUrl":"https:\/\/i0.wp.com\/hidroponikbahce.net\/wp-content\/uploads\/2022\/12\/yaprak-toplama-arabasi-ta-01-7.jpg?fit=900%2C898&ssl=1","width":900,"height":898},{"@type":"BreadcrumbList","@id":"https:\/\/hidroponikbahce.com\/market\/yta-01-yaprak-toplama-arabasi\/#breadcrumb","itemListElement":[{"@type":"ListItem","position":1,"name":"Anasayfa","item":"https:\/\/hidroponikbahce.net\/"},{"@type":"ListItem","position":2,"name":"Market","item":"https:\/\/hidroponikbahce.com\/market\/"},{"@type":"ListItem","position":3,"name":"YTA-01 Yaprak Toplama Arabas\u0131"}]},{"@type":"WebSite","@id":"https:\/\/hidroponikbahce.com\/#website","url":"https:\/\/hidroponikbahce.com\/","name":"Hidroponik Bah\u00e7e","description":"Soilless Agricultural Systems","publisher":{"@id":"https:\/\/hidroponikbahce.com\/#organization"},"potentialAction":[{"@type":"SearchAction","target":{"@type":"EntryPoint","urlTemplate":"https:\/\/hidroponikbahce.com\/?s={search_term_string}"},"query-input":{"@type":"PropertyValueSpecification","valueRequired":true,"valueName":"search_term_string"}}],"inLanguage":"en-US"},{"@type":"Organization","@id":"https:\/\/hidroponikbahce.com\/#organization","name":"Hidroponik Bah\u00e7e","url":"https:\/\/hidroponikbahce.com\/","logo":{"@type":"ImageObject","inLanguage":"en-US","@id":"https:\/\/hidroponikbahce.com\/#\/schema\/logo\/image\/","url":"https:\/\/i0.wp.com\/hidroponikbahce.net\/wp-content\/uploads\/2022\/12\/Logo-Hidroponik-Bahce.png?fit=2000%2C350&ssl=1","contentUrl":"https:\/\/i0.wp.com\/hidroponikbahce.net\/wp-content\/uploads\/2022\/12\/Logo-Hidroponik-Bahce.png?fit=2000%2C350&ssl=1","width":2000,"height":350,"caption":"Hidroponik Bah\u00e7e"},"image":{"@id":"https:\/\/hidroponikbahce.com\/#\/schema\/logo\/image\/"},"sameAs":["https:\/\/www.facebook.com\/hydroponic.farm.5","https:\/\/www.instagram.com\/hydroponic_market\/","https:\/\/tr-tr.facebook.com\/groups\/205584269848909\/?mibextid=6NoCDW","https:\/\/www.linkedin.com\/in\/hydroponic-farm-farmer-academy-249b3b196","https:\/\/www.youtube.com\/channel\/UCkiZ8fuHlNtao_MkEQRhN-A"]}]}},"tpgb_featured_images":{"full":["https:\/\/i0.wp.com\/hidroponikbahce.net\/wp-content\/uploads\/2022\/12\/yaprak-toplama-arabasi-ta-01-7.jpg?fit=900%2C898&ssl=1",900,898,false],"tp-image-grid":["https:\/\/i0.wp.com\/hidroponikbahce.net\/wp-content\/uploads\/2022\/12\/yaprak-toplama-arabasi-ta-01-7.jpg?resize=700%2C700&ssl=1",700,700,true],"thumbnail":["https:\/\/i0.wp.com\/hidroponikbahce.net\/wp-content\/uploads\/2022\/12\/yaprak-toplama-arabasi-ta-01-7.jpg?resize=150%2C150&ssl=1",150,150,true],"medium":["https:\/\/i0.wp.com\/hidroponikbahce.net\/wp-content\/uploads\/2022\/12\/yaprak-toplama-arabasi-ta-01-7.jpg?fit=300%2C300&ssl=1",300,300,true],"medium_large":["https:\/\/i0.wp.com\/hidroponikbahce.net\/wp-content\/uploads\/2022\/12\/yaprak-toplama-arabasi-ta-01-7.jpg?fit=768%2C766&ssl=1",768,766,true],"large":["https:\/\/i0.wp.com\/hidroponikbahce.net\/wp-content\/uploads\/2022\/12\/yaprak-toplama-arabasi-ta-01-7.jpg?fit=900%2C898&ssl=1",900,898,true],"default":"https:\/\/hidroponikbahce.net\/wp-content\/plugins\/the-plus-addons-for-block-editor\/assets\/images\/tpgb-placeholder.jpg"},"tpgb_post_meta_info":{"get_date":"December 17, 2022","get_modified_date":"December 17, 2022","category_list":{"product_brand":false,"product_cat":[{"term_id":152,"name":"Sera Makineleri","slug":"sera-makineleri","term_group":0,"term_taxonomy_id":152,"taxonomy":"product_cat","description":"Seran\u0131zda ve tar\u0131m arazinizce i\u015finizi kolayla\u015ft\u0131racak, daha profesyonel \u00e7al\u0131\u015fman\u0131za imkan sa\u011flayacak makinalar","parent":0,"count":34,"filter":"raw"},{"term_id":195,"name":"Yaprak Toplama Arabalar\u0131","slug":"yaprak-toplama-arabalari","term_group":0,"term_taxonomy_id":195,"taxonomy":"product_cat","description":"Yaprak toplama arabas\u0131 d\u00fcz zeminlerde ve ray borular\u0131 olan seralarda ray \u00fczeri kullan\u0131ma uygun olup seralarda toplanan yapraklar\u0131n depolan\u0131p b\u00f6lgeden uzakla\u015ft\u0131rmak i\u00e7in kullan\u0131lan ara\u00e7lard\u0131r.","parent":152,"count":1,"filter":"raw"}],"product_tag":[{"term_id":156,"name":"sera arabas\u0131","slug":"sera-arabasi","term_group":0,"term_taxonomy_id":156,"taxonomy":"product_tag","description":"","parent":0,"count":12,"filter":"raw"},{"term_id":197,"name":"temizlik arabas\u0131","slug":"temizlik-arabasi","term_group":0,"term_taxonomy_id":197,"taxonomy":"product_tag","description":"","parent":0,"count":1,"filter":"raw"},{"term_id":196,"name":"yaprak toplama arabas\u0131","slug":"yaprak-toplama-arabasi","term_group":0,"term_taxonomy_id":196,"taxonomy":"product_tag","description":"","parent":0,"count":1,"filter":"raw"}]},"comment_count":0,"post_likes":0,"post_views":0},"tpgb_post_category":{"product_cat":"<a href=\"https:\/\/hidroponikbahce.net\/en\/product-category\/sera-makineleri\/\" alt=\"Sera Makineleri\"  class=\"product_cat-sera-makineleri\">Sera Makineleri<\/a> <a href=\"https:\/\/hidroponikbahce.net\/en\/product-category\/sera-makineleri\/yaprak-toplama-arabalari\/\" alt=\"Yaprak Toplama Arabalar\u0131\"  class=\"product_cat-yaprak-toplama-arabalari\">Yaprak Toplama Arabalar\u0131<\/a> ","product_tag":"<a href=\"https:\/\/hidroponikbahce.net\/en\/product-tag\/sera-arabasi\/\" alt=\"sera arabas\u0131\"  class=\"product_tag-sera-arabasi\">sera arabas\u0131<\/a> <a href=\"https:\/\/hidroponikbahce.net\/en\/product-tag\/temizlik-arabasi\/\" alt=\"temizlik arabas\u0131\"  class=\"product_tag-temizlik-arabasi\">temizlik arabas\u0131<\/a> <a href=\"https:\/\/hidroponikbahce.net\/en\/product-tag\/yaprak-toplama-arabasi\/\" alt=\"yaprak toplama arabas\u0131\"  class=\"product_tag-yaprak-toplama-arabasi\">yaprak toplama arabas\u0131<\/a> "},"tpgb_product_data":{"price_html":"","type":"grouped","gallery":["https:\/\/i0.wp.com\/hidroponikbahce.net\/wp-content\/uploads\/2022\/12\/yaprak-toplama-arabasi-ta-01-6.jpg?fit=900%2C860&ssl=1",900,860,false],"category":"Sera Makineleri","procatslug":"sera-makineleri"},"jetpack-related-posts":[],"jetpack_sharing_enabled":true,"_links":{"self":[{"href":"https:\/\/hidroponikbahce.net\/en\/wp-json\/wp\/v2\/product\/2480","targetHints":{"allow":["GET"]}}],"collection":[{"href":"https:\/\/hidroponikbahce.net\/en\/wp-json\/wp\/v2\/product"}],"about":[{"href":"https:\/\/hidroponikbahce.net\/en\/wp-json\/wp\/v2\/types\/product"}],"replies":[{"embeddable":true,"href":"https:\/\/hidroponikbahce.net\/en\/wp-json\/wp\/v2\/comments?post=2480"}],"wp:featuredmedia":[{"embeddable":true,"href":"https:\/\/hidroponikbahce.net\/en\/wp-json\/wp\/v2\/media\/2473"}],"wp:attachment":[{"href":"https:\/\/hidroponikbahce.net\/en\/wp-json\/wp\/v2\/media?parent=2480"}],"wp:term":[{"taxonomy":"product_brand","embeddable":true,"href":"https:\/\/hidroponikbahce.net\/en\/wp-json\/wp\/v2\/product_brand?post=2480"},{"taxonomy":"product_cat","embeddable":true,"href":"https:\/\/hidroponikbahce.net\/en\/wp-json\/wp\/v2\/product_cat?post=2480"},{"taxonomy":"product_tag","embeddable":true,"href":"https:\/\/hidroponikbahce.net\/en\/wp-json\/wp\/v2\/product_tag?post=2480"}],"curies":[{"name":"wp","href":"https:\/\/api.w.org\/{rel}","templated":true}]}}