{"id":2453,"date":"2022-12-17T10:53:52","date_gmt":"2022-12-17T07:53:52","guid":{"rendered":"https:\/\/hidroponikbahce.com\/?post_type=product&#038;p=2453"},"modified":"2026-02-02T19:25:25","modified_gmt":"2026-02-02T16:25:25","slug":"rmk-01-romork","status":"publish","type":"product","link":"https:\/\/hidroponikbahce.net\/en\/market\/rmk-01-romork\/","title":{"rendered":"RMK-01 R\u00f6mork"},"content":{"rendered":"<div class=\"w-100 mt-4 text-center yazilarr\">\n<p>RMK-01 Sera i\u00e7i r\u00f6morkunun \u00f6n taraf\u0131nda ayarlanabilir \u00f6n \u00e7eki demiri<\/p>\n<p><img data-recalc-dims=\"1\" decoding=\"async\" src=\"https:\/\/i0.wp.com\/www.seraymak.com\/resimler\/editor\/images\/RMK-01-1.jpg?w=1290&#038;ssl=1\" alt=\"\" \/><\/p>\n<p>RMK-01 Sera i\u00e7i r\u00f6morkunun arka taraf\u0131nda 3 kademeli boyu ayarlanabilen arka \u00e7eki demiri<\/p>\n<p><img data-recalc-dims=\"1\" decoding=\"async\" src=\"https:\/\/i0.wp.com\/www.seraymak.com\/resimler\/editor\/images\/RMK-01-2.jpg?w=1290&#038;ssl=1\" alt=\"\" \/><\/p>\n<p>R\u00f6morkun yan kapaklar\u0131 ve arka kapaklar\u0131 mente\u015fe sistemli olup 180 derece a\u00e7\u0131labilmektedir.<\/p>\n<p><img data-recalc-dims=\"1\" decoding=\"async\" src=\"https:\/\/i0.wp.com\/www.seraymak.com\/resimler\/editor\/images\/RMK-01-3.jpg?w=1290&#038;ssl=1\" alt=\"\" \/><\/p>\n<\/div>\n<div class=\"w-100 mt-4\">\n<table class=\"table table-striped\">\n<tbody>\n<tr>\n<td>MODEL<\/td>\n<td>RMK-01<\/td>\n<\/tr>\n<tr>\n<td>ELEKTR\u0130K ENERJ\u0130S\u0130<\/td>\n<td>MEVCUT DE\u011e\u0130LD\u0130R.<\/td>\n<\/tr>\n<tr>\n<td>TA\u015eIMA KAPAS\u0130TES\u0130<\/td>\n<td>1000 KG<\/td>\n<\/tr>\n<tr>\n<td>D\u00d6NME HAREKET\u0130<\/td>\n<td>D\u00d6NER TABLA<\/td>\n<\/tr>\n<tr>\n<td>\u00c7EK\u0130 KOLU<\/td>\n<td>MEVCUT<\/td>\n<\/tr>\n<tr>\n<td>AYARLANAB\u0130LEN ARKA \u00c7EK\u0130 GRUBU<\/td>\n<td>MEVCUT<\/td>\n<\/tr>\n<tr>\n<td>TEKERLER<\/td>\n<td>16.5 x 6.5 &#8211; 8<\/td>\n<\/tr>\n<tr>\n<td>A\u00c7ILAB\u0130LEN MENTE\u015eEL\u0130 YAN KAPAKLAR<\/td>\n<td>MEVCUT<\/td>\n<\/tr>\n<tr>\n<td>A\u00c7ILAB\u0130LEN MENTE\u015eEL\u0130 ARKA KAPAK<\/td>\n<td>MEVCUT<\/td>\n<\/tr>\n<tr>\n<td>R\u00d6MORK ZEM\u0130N\u0130<\/td>\n<td>DKP SAC<\/td>\n<\/tr>\n<tr>\n<td>MAK\u0130NE A\u011eIRLI\u011eI<\/td>\n<td>244 Kg<\/td>\n<\/tr>\n<tr>\n<td>BOYA<\/td>\n<td>ELEKTROSTAT\u0130K FIRIN BOYA<\/td>\n<\/tr>\n<tr>\n<td>GARANT\u0130<\/td>\n<td>24 AY<\/td>\n<\/tr>\n<\/tbody>\n<\/table>\n<\/div>","protected":false},"excerpt":{"rendered":"<p>RMK-01 r\u00f6morku sera i\u00e7lerinde malzeme ta\u015f\u0131maya yarayan ara\u00e7lard\u0131r.<br \/>\nRMK-01 180 derece a\u00e7\u0131labilen yan ve arka kapaklar\u0131 sayesinde kullan\u0131c\u0131ya rahat bir indirme ve y\u00fckleme imkan\u0131 sunar.<br \/>\nRMK-01 ile i\u015fg\u00fcc\u00fcnden ve zamandan b\u00fcy\u00fck tasarruf edin.<\/p>\n<p>[blocksy-content-block id=&#8221;2469&#8243;]<\/p>\n","protected":false},"featured_media":2457,"comment_status":"open","ping_status":"closed","template":"","meta":{"tpgb_global_settings":"","_vp_format_video_url":"","_vp_image_focal_point":[]},"product_brand":[],"product_cat":[189,152],"product_tag":[194,162,193,156],"class_list":{"0":"post-2453","1":"product","2":"type-product","3":"status-publish","4":"has-post-thumbnail","6":"product_cat-akulu-cekici-ve-romorklar","7":"product_cat-sera-makineleri","8":"product_tag-akulu-cekici-romorku","9":"product_tag-hasat-arabasi","10":"product_tag-romork","11":"product_tag-sera-arabasi","13":"first","14":"instock","15":"taxable","16":"shipping-taxable","17":"product-type-grouped"},"yoast_head":"<!-- This site is optimized with the Yoast SEO plugin v27.4 - https:\/\/yoast.com\/product\/yoast-seo-wordpress\/ -->\n<title>RMK-01 R\u00f6mork - Hidroponik Bah\u00e7e<\/title>\n<meta name=\"description\" content=\"RMK-01 r\u00f6mork sera i\u00e7lerinde malzeme ta\u015f\u0131maya yarayan ara\u00e7lard\u0131r.\u00a0180 derece a\u00e7\u0131labilen yan ve arka kapaklar\u0131 sayesinde kullan\u0131c\u0131ya rahat bir indirme ve y\u00fc\" \/>\n<meta name=\"robots\" content=\"index, follow, max-snippet:-1, max-image-preview:large, max-video-preview:-1\" \/>\n<link rel=\"canonical\" href=\"https:\/\/hidroponikbahce.com\/market\/rmk-01-romork\/\" \/>\n<meta property=\"og:locale\" content=\"en_US\" \/>\n<meta property=\"og:type\" content=\"article\" \/>\n<meta property=\"og:title\" content=\"RMK-01 R\u00f6mork - Hidroponik Bah\u00e7e\" \/>\n<meta property=\"og:description\" content=\"RMK-01 r\u00f6mork sera i\u00e7lerinde malzeme ta\u015f\u0131maya yarayan ara\u00e7lard\u0131r.\u00a0180 derece a\u00e7\u0131labilen yan ve arka kapaklar\u0131 sayesinde kullan\u0131c\u0131ya rahat bir indirme ve y\u00fc\" \/>\n<meta property=\"og:url\" content=\"https:\/\/hidroponikbahce.com\/market\/rmk-01-romork\/\" \/>\n<meta property=\"og:site_name\" content=\"Hidroponik Bah\u00e7e\" \/>\n<meta property=\"article:publisher\" content=\"https:\/\/www.facebook.com\/hydroponic.farm.5\" \/>\n<meta property=\"article:modified_time\" content=\"2026-02-02T16:25:25+00:00\" \/>\n<meta property=\"og:image\" content=\"https:\/\/i0.wp.com\/hidroponikbahce.com\/wp-content\/uploads\/2022\/12\/romork-rmk-01-5.jpg?fit=448%2C600&ssl=1\" \/>\n\t<meta property=\"og:image:width\" content=\"448\" \/>\n\t<meta property=\"og:image:height\" content=\"600\" \/>\n\t<meta property=\"og:image:type\" content=\"image\/jpeg\" \/>\n<meta name=\"twitter:card\" content=\"summary_large_image\" \/>\n<meta name=\"twitter:label1\" content=\"Est. reading time\" \/>\n\t<meta name=\"twitter:data1\" content=\"2 minutes\" \/>\n<script type=\"application\/ld+json\" class=\"yoast-schema-graph\">{\"@context\":\"https:\\\/\\\/schema.org\",\"@graph\":[{\"@type\":\"WebPage\",\"@id\":\"https:\\\/\\\/hidroponikbahce.com\\\/market\\\/rmk-01-romork\\\/\",\"url\":\"https:\\\/\\\/hidroponikbahce.com\\\/market\\\/rmk-01-romork\\\/\",\"name\":\"RMK-01 R\u00f6mork - Hidroponik Bah\u00e7e\",\"isPartOf\":{\"@id\":\"https:\\\/\\\/hidroponikbahce.com\\\/#website\"},\"primaryImageOfPage\":{\"@id\":\"https:\\\/\\\/hidroponikbahce.com\\\/market\\\/rmk-01-romork\\\/#primaryimage\"},\"image\":{\"@id\":\"https:\\\/\\\/hidroponikbahce.com\\\/market\\\/rmk-01-romork\\\/#primaryimage\"},\"thumbnailUrl\":\"https:\\\/\\\/i0.wp.com\\\/hidroponikbahce.net\\\/wp-content\\\/uploads\\\/2022\\\/12\\\/romork-rmk-01-5.jpg?fit=448%2C600&ssl=1\",\"datePublished\":\"2022-12-17T07:53:52+00:00\",\"dateModified\":\"2026-02-02T16:25:25+00:00\",\"description\":\"RMK-01 r\u00f6mork sera i\u00e7lerinde malzeme ta\u015f\u0131maya yarayan ara\u00e7lard\u0131r.\u00a0180 derece a\u00e7\u0131labilen yan ve arka kapaklar\u0131 sayesinde kullan\u0131c\u0131ya rahat bir indirme ve y\u00fc\",\"breadcrumb\":{\"@id\":\"https:\\\/\\\/hidroponikbahce.com\\\/market\\\/rmk-01-romork\\\/#breadcrumb\"},\"inLanguage\":\"en-US\",\"potentialAction\":[{\"@type\":\"ReadAction\",\"target\":[\"https:\\\/\\\/hidroponikbahce.com\\\/market\\\/rmk-01-romork\\\/\"]}]},{\"@type\":\"ImageObject\",\"inLanguage\":\"en-US\",\"@id\":\"https:\\\/\\\/hidroponikbahce.com\\\/market\\\/rmk-01-romork\\\/#primaryimage\",\"url\":\"https:\\\/\\\/i0.wp.com\\\/hidroponikbahce.net\\\/wp-content\\\/uploads\\\/2022\\\/12\\\/romork-rmk-01-5.jpg?fit=448%2C600&ssl=1\",\"contentUrl\":\"https:\\\/\\\/i0.wp.com\\\/hidroponikbahce.net\\\/wp-content\\\/uploads\\\/2022\\\/12\\\/romork-rmk-01-5.jpg?fit=448%2C600&ssl=1\",\"width\":448,\"height\":600},{\"@type\":\"BreadcrumbList\",\"@id\":\"https:\\\/\\\/hidroponikbahce.com\\\/market\\\/rmk-01-romork\\\/#breadcrumb\",\"itemListElement\":[{\"@type\":\"ListItem\",\"position\":1,\"name\":\"Anasayfa\",\"item\":\"https:\\\/\\\/hidroponikbahce.net\\\/\"},{\"@type\":\"ListItem\",\"position\":2,\"name\":\"Market\",\"item\":\"https:\\\/\\\/hidroponikbahce.com\\\/market\\\/\"},{\"@type\":\"ListItem\",\"position\":3,\"name\":\"RMK-01 R\u00f6mork\"}]},{\"@type\":\"WebSite\",\"@id\":\"https:\\\/\\\/hidroponikbahce.com\\\/#website\",\"url\":\"https:\\\/\\\/hidroponikbahce.com\\\/\",\"name\":\"Hidroponik Bah\u00e7e\",\"description\":\"Topraks\u0131z Tar\u0131m Sistemleri\",\"publisher\":{\"@id\":\"https:\\\/\\\/hidroponikbahce.com\\\/#organization\"},\"potentialAction\":[{\"@type\":\"SearchAction\",\"target\":{\"@type\":\"EntryPoint\",\"urlTemplate\":\"https:\\\/\\\/hidroponikbahce.com\\\/?s={search_term_string}\"},\"query-input\":{\"@type\":\"PropertyValueSpecification\",\"valueRequired\":true,\"valueName\":\"search_term_string\"}}],\"inLanguage\":\"en-US\"},{\"@type\":\"Organization\",\"@id\":\"https:\\\/\\\/hidroponikbahce.com\\\/#organization\",\"name\":\"Hidroponik Bah\u00e7e\",\"url\":\"https:\\\/\\\/hidroponikbahce.com\\\/\",\"logo\":{\"@type\":\"ImageObject\",\"inLanguage\":\"en-US\",\"@id\":\"https:\\\/\\\/hidroponikbahce.com\\\/#\\\/schema\\\/logo\\\/image\\\/\",\"url\":\"https:\\\/\\\/i0.wp.com\\\/hidroponikbahce.net\\\/wp-content\\\/uploads\\\/2022\\\/12\\\/Logo-Hidroponik-Bahce.png?fit=2000%2C350&ssl=1\",\"contentUrl\":\"https:\\\/\\\/i0.wp.com\\\/hidroponikbahce.net\\\/wp-content\\\/uploads\\\/2022\\\/12\\\/Logo-Hidroponik-Bahce.png?fit=2000%2C350&ssl=1\",\"width\":2000,\"height\":350,\"caption\":\"Hidroponik Bah\u00e7e\"},\"image\":{\"@id\":\"https:\\\/\\\/hidroponikbahce.com\\\/#\\\/schema\\\/logo\\\/image\\\/\"},\"sameAs\":[\"https:\\\/\\\/www.facebook.com\\\/hydroponic.farm.5\",\"https:\\\/\\\/www.instagram.com\\\/hydroponic_market\\\/\",\"https:\\\/\\\/tr-tr.facebook.com\\\/groups\\\/205584269848909\\\/?mibextid=6NoCDW\",\"https:\\\/\\\/www.linkedin.com\\\/in\\\/hydroponic-farm-farmer-academy-249b3b196\",\"https:\\\/\\\/www.youtube.com\\\/channel\\\/UCkiZ8fuHlNtao_MkEQRhN-A\"]}]}<\/script>\n<!-- \/ Yoast SEO plugin. -->","yoast_head_json":{"title":"RMK-01 R\u00f6mork - Hidroponik Bah\u00e7e","description":"RMK-01 r\u00f6mork sera i\u00e7lerinde malzeme ta\u015f\u0131maya yarayan ara\u00e7lard\u0131r.\u00a0180 derece a\u00e7\u0131labilen yan ve arka kapaklar\u0131 sayesinde kullan\u0131c\u0131ya rahat bir indirme ve y\u00fc","robots":{"index":"index","follow":"follow","max-snippet":"max-snippet:-1","max-image-preview":"max-image-preview:large","max-video-preview":"max-video-preview:-1"},"canonical":"https:\/\/hidroponikbahce.com\/market\/rmk-01-romork\/","og_locale":"en_US","og_type":"article","og_title":"RMK-01 R\u00f6mork - Hidroponik Bah\u00e7e","og_description":"RMK-01 r\u00f6mork sera i\u00e7lerinde malzeme ta\u015f\u0131maya yarayan ara\u00e7lard\u0131r.\u00a0180 derece a\u00e7\u0131labilen yan ve arka kapaklar\u0131 sayesinde kullan\u0131c\u0131ya rahat bir indirme ve y\u00fc","og_url":"https:\/\/hidroponikbahce.com\/market\/rmk-01-romork\/","og_site_name":"Hidroponik Bah\u00e7e","article_publisher":"https:\/\/www.facebook.com\/hydroponic.farm.5","article_modified_time":"2026-02-02T16:25:25+00:00","og_image":[{"width":448,"height":600,"url":"https:\/\/i0.wp.com\/hidroponikbahce.com\/wp-content\/uploads\/2022\/12\/romork-rmk-01-5.jpg?fit=448%2C600&ssl=1","type":"image\/jpeg"}],"twitter_card":"summary_large_image","twitter_misc":{"Est. reading time":"2 minutes"},"schema":{"@context":"https:\/\/schema.org","@graph":[{"@type":"WebPage","@id":"https:\/\/hidroponikbahce.com\/market\/rmk-01-romork\/","url":"https:\/\/hidroponikbahce.com\/market\/rmk-01-romork\/","name":"RMK-01 R\u00f6mork - Hidroponik Bah\u00e7e","isPartOf":{"@id":"https:\/\/hidroponikbahce.com\/#website"},"primaryImageOfPage":{"@id":"https:\/\/hidroponikbahce.com\/market\/rmk-01-romork\/#primaryimage"},"image":{"@id":"https:\/\/hidroponikbahce.com\/market\/rmk-01-romork\/#primaryimage"},"thumbnailUrl":"https:\/\/i0.wp.com\/hidroponikbahce.net\/wp-content\/uploads\/2022\/12\/romork-rmk-01-5.jpg?fit=448%2C600&ssl=1","datePublished":"2022-12-17T07:53:52+00:00","dateModified":"2026-02-02T16:25:25+00:00","description":"RMK-01 r\u00f6mork sera i\u00e7lerinde malzeme ta\u015f\u0131maya yarayan ara\u00e7lard\u0131r.\u00a0180 derece a\u00e7\u0131labilen yan ve arka kapaklar\u0131 sayesinde kullan\u0131c\u0131ya rahat bir indirme ve y\u00fc","breadcrumb":{"@id":"https:\/\/hidroponikbahce.com\/market\/rmk-01-romork\/#breadcrumb"},"inLanguage":"en-US","potentialAction":[{"@type":"ReadAction","target":["https:\/\/hidroponikbahce.com\/market\/rmk-01-romork\/"]}]},{"@type":"ImageObject","inLanguage":"en-US","@id":"https:\/\/hidroponikbahce.com\/market\/rmk-01-romork\/#primaryimage","url":"https:\/\/i0.wp.com\/hidroponikbahce.net\/wp-content\/uploads\/2022\/12\/romork-rmk-01-5.jpg?fit=448%2C600&ssl=1","contentUrl":"https:\/\/i0.wp.com\/hidroponikbahce.net\/wp-content\/uploads\/2022\/12\/romork-rmk-01-5.jpg?fit=448%2C600&ssl=1","width":448,"height":600},{"@type":"BreadcrumbList","@id":"https:\/\/hidroponikbahce.com\/market\/rmk-01-romork\/#breadcrumb","itemListElement":[{"@type":"ListItem","position":1,"name":"Anasayfa","item":"https:\/\/hidroponikbahce.net\/"},{"@type":"ListItem","position":2,"name":"Market","item":"https:\/\/hidroponikbahce.com\/market\/"},{"@type":"ListItem","position":3,"name":"RMK-01 R\u00f6mork"}]},{"@type":"WebSite","@id":"https:\/\/hidroponikbahce.com\/#website","url":"https:\/\/hidroponikbahce.com\/","name":"Hidroponik Bah\u00e7e","description":"Soilless Agricultural Systems","publisher":{"@id":"https:\/\/hidroponikbahce.com\/#organization"},"potentialAction":[{"@type":"SearchAction","target":{"@type":"EntryPoint","urlTemplate":"https:\/\/hidroponikbahce.com\/?s={search_term_string}"},"query-input":{"@type":"PropertyValueSpecification","valueRequired":true,"valueName":"search_term_string"}}],"inLanguage":"en-US"},{"@type":"Organization","@id":"https:\/\/hidroponikbahce.com\/#organization","name":"Hidroponik Bah\u00e7e","url":"https:\/\/hidroponikbahce.com\/","logo":{"@type":"ImageObject","inLanguage":"en-US","@id":"https:\/\/hidroponikbahce.com\/#\/schema\/logo\/image\/","url":"https:\/\/i0.wp.com\/hidroponikbahce.net\/wp-content\/uploads\/2022\/12\/Logo-Hidroponik-Bahce.png?fit=2000%2C350&ssl=1","contentUrl":"https:\/\/i0.wp.com\/hidroponikbahce.net\/wp-content\/uploads\/2022\/12\/Logo-Hidroponik-Bahce.png?fit=2000%2C350&ssl=1","width":2000,"height":350,"caption":"Hidroponik Bah\u00e7e"},"image":{"@id":"https:\/\/hidroponikbahce.com\/#\/schema\/logo\/image\/"},"sameAs":["https:\/\/www.facebook.com\/hydroponic.farm.5","https:\/\/www.instagram.com\/hydroponic_market\/","https:\/\/tr-tr.facebook.com\/groups\/205584269848909\/?mibextid=6NoCDW","https:\/\/www.linkedin.com\/in\/hydroponic-farm-farmer-academy-249b3b196","https:\/\/www.youtube.com\/channel\/UCkiZ8fuHlNtao_MkEQRhN-A"]}]}},"tpgb_featured_images":{"full":["https:\/\/i0.wp.com\/hidroponikbahce.net\/wp-content\/uploads\/2022\/12\/romork-rmk-01-5.jpg?fit=448%2C600&ssl=1",448,600,false],"tp-image-grid":["https:\/\/i0.wp.com\/hidroponikbahce.net\/wp-content\/uploads\/2022\/12\/romork-rmk-01-5.jpg?resize=448%2C600&ssl=1",700,700,true],"thumbnail":["https:\/\/i0.wp.com\/hidroponikbahce.net\/wp-content\/uploads\/2022\/12\/romork-rmk-01-5.jpg?resize=150%2C150&ssl=1",150,150,true],"medium":["https:\/\/i0.wp.com\/hidroponikbahce.net\/wp-content\/uploads\/2022\/12\/romork-rmk-01-5.jpg?fit=224%2C300&ssl=1",224,300,true],"medium_large":["https:\/\/i0.wp.com\/hidroponikbahce.net\/wp-content\/uploads\/2022\/12\/romork-rmk-01-5.jpg?fit=448%2C600&ssl=1",448,600,true],"large":["https:\/\/i0.wp.com\/hidroponikbahce.net\/wp-content\/uploads\/2022\/12\/romork-rmk-01-5.jpg?fit=448%2C600&ssl=1",448,600,true],"default":"https:\/\/hidroponikbahce.net\/wp-content\/plugins\/the-plus-addons-for-block-editor\/assets\/images\/tpgb-placeholder.jpg"},"tpgb_post_meta_info":{"get_date":"December 17, 2022","get_modified_date":"February 2, 2026","category_list":{"product_brand":false,"product_cat":[{"term_id":189,"name":"Ak\u00fcl\u00fc \u00c7ekici ve R\u00f6morklar","slug":"akulu-cekici-ve-romorklar","term_group":0,"term_taxonomy_id":189,"taxonomy":"product_cat","description":"Ak\u00fc Beslemeli \u00c7ekici treyler sera i\u00e7erisinde bulunan hasat arabalar\u0131, r\u00f6morklar, ila\u00e7lama tanklar\u0131 vb. t\u00fcm \u00fcr\u00fcnleri arkas\u0131na ba\u011flay\u0131p \u00e7ekebilece\u011finiz elektrikli ara\u00e7t\u0131r.\r\nG\u00fc\u00e7l\u00fc ak\u00fcs\u00fc ve motoru ile sizi yar\u0131 yolda b\u0131rakmadan t\u00fcm y\u00fcklerinizi \u00e7ekebilme kapasitesine sahip \u00c7ekici treyler araba konforuna yak\u0131n yap\u0131s\u0131 ile tercihleriniz aras\u0131nda yer alacakt\u0131r. \u0130\u015fg\u00fcc\u00fcnden ve zamandan b\u00fcy\u00fck tasarruf edin.","parent":152,"count":2,"filter":"raw"},{"term_id":152,"name":"Sera Makineleri","slug":"sera-makineleri","term_group":0,"term_taxonomy_id":152,"taxonomy":"product_cat","description":"Seran\u0131zda ve tar\u0131m arazinizce i\u015finizi kolayla\u015ft\u0131racak, daha profesyonel \u00e7al\u0131\u015fman\u0131za imkan sa\u011flayacak makinalar","parent":0,"count":34,"filter":"raw"}],"product_tag":[{"term_id":194,"name":"ak\u00fcl\u00fc \u00e7ekici r\u00f6morku","slug":"akulu-cekici-romorku","term_group":0,"term_taxonomy_id":194,"taxonomy":"product_tag","description":"","parent":0,"count":1,"filter":"raw"},{"term_id":162,"name":"hasat arabas\u0131","slug":"hasat-arabasi","term_group":0,"term_taxonomy_id":162,"taxonomy":"product_tag","description":"","parent":0,"count":7,"filter":"raw"},{"term_id":193,"name":"r\u00f6mork","slug":"romork","term_group":0,"term_taxonomy_id":193,"taxonomy":"product_tag","description":"","parent":0,"count":1,"filter":"raw"},{"term_id":156,"name":"sera arabas\u0131","slug":"sera-arabasi","term_group":0,"term_taxonomy_id":156,"taxonomy":"product_tag","description":"","parent":0,"count":12,"filter":"raw"}]},"comment_count":1,"post_likes":0,"post_views":0},"tpgb_post_category":{"product_cat":"<a href=\"https:\/\/hidroponikbahce.net\/en\/product-category\/sera-makineleri\/akulu-cekici-ve-romorklar\/\" alt=\"Ak\u00fcl\u00fc \u00c7ekici ve R\u00f6morklar\"  class=\"product_cat-akulu-cekici-ve-romorklar\">Ak\u00fcl\u00fc \u00c7ekici ve R\u00f6morklar<\/a> <a href=\"https:\/\/hidroponikbahce.net\/en\/product-category\/sera-makineleri\/\" alt=\"Sera Makineleri\"  class=\"product_cat-sera-makineleri\">Sera Makineleri<\/a> ","product_tag":"<a href=\"https:\/\/hidroponikbahce.net\/en\/product-tag\/akulu-cekici-romorku\/\" alt=\"ak\u00fcl\u00fc \u00e7ekici r\u00f6morku\"  class=\"product_tag-akulu-cekici-romorku\">ak\u00fcl\u00fc \u00e7ekici r\u00f6morku<\/a> <a href=\"https:\/\/hidroponikbahce.net\/en\/product-tag\/hasat-arabasi\/\" alt=\"hasat arabas\u0131\"  class=\"product_tag-hasat-arabasi\">hasat arabas\u0131<\/a> <a href=\"https:\/\/hidroponikbahce.net\/en\/product-tag\/romork\/\" alt=\"r\u00f6mork\"  class=\"product_tag-romork\">r\u00f6mork<\/a> <a href=\"https:\/\/hidroponikbahce.net\/en\/product-tag\/sera-arabasi\/\" alt=\"sera arabas\u0131\"  class=\"product_tag-sera-arabasi\">sera arabas\u0131<\/a> "},"tpgb_product_data":{"price_html":"","type":"grouped","gallery":["https:\/\/i0.wp.com\/hidroponikbahce.net\/wp-content\/uploads\/2022\/12\/romork-rmk-01-8.jpg?fit=900%2C673&ssl=1",900,673,false],"category":"Ak\u00fcl\u00fc \u00c7ekici ve R\u00f6morklar","procatslug":"akulu-cekici-ve-romorklar"},"jetpack-related-posts":[],"jetpack_sharing_enabled":true,"_links":{"self":[{"href":"https:\/\/hidroponikbahce.net\/en\/wp-json\/wp\/v2\/product\/2453","targetHints":{"allow":["GET"]}}],"collection":[{"href":"https:\/\/hidroponikbahce.net\/en\/wp-json\/wp\/v2\/product"}],"about":[{"href":"https:\/\/hidroponikbahce.net\/en\/wp-json\/wp\/v2\/types\/product"}],"replies":[{"embeddable":true,"href":"https:\/\/hidroponikbahce.net\/en\/wp-json\/wp\/v2\/comments?post=2453"}],"wp:featuredmedia":[{"embeddable":true,"href":"https:\/\/hidroponikbahce.net\/en\/wp-json\/wp\/v2\/media\/2457"}],"wp:attachment":[{"href":"https:\/\/hidroponikbahce.net\/en\/wp-json\/wp\/v2\/media?parent=2453"}],"wp:term":[{"taxonomy":"product_brand","embeddable":true,"href":"https:\/\/hidroponikbahce.net\/en\/wp-json\/wp\/v2\/product_brand?post=2453"},{"taxonomy":"product_cat","embeddable":true,"href":"https:\/\/hidroponikbahce.net\/en\/wp-json\/wp\/v2\/product_cat?post=2453"},{"taxonomy":"product_tag","embeddable":true,"href":"https:\/\/hidroponikbahce.net\/en\/wp-json\/wp\/v2\/product_tag?post=2453"}],"curies":[{"name":"wp","href":"https:\/\/api.w.org\/{rel}","templated":true}]}}