{"id":2435,"date":"2022-12-17T10:46:26","date_gmt":"2022-12-17T07:46:26","guid":{"rendered":"https:\/\/hidroponikbahce.com\/?post_type=product&#038;p=2435"},"modified":"2022-12-26T09:13:37","modified_gmt":"2022-12-26T06:13:37","slug":"at-01-akulu-romork-cekici","status":"publish","type":"product","link":"https:\/\/hidroponikbahce.net\/en\/market\/at-01-akulu-romork-cekici\/","title":{"rendered":"AT-01 Ak\u00fcl\u00fc R\u00f6mork \u00c7ekici"},"content":{"rendered":"<div class=\"w-100 mt-4 text-center yazilarr\">\n<p>AT-01 \u00dczerinde \u00f6n arka farlar, d\u00f6n\u00fc\u015f sinyal grubu ve fren lambalar\u0131 gibi uyar\u0131 ayd\u0131nlatma ekipmanlar\u0131 bulunmaktad\u0131r.<\/p>\n<p><img data-recalc-dims=\"1\" decoding=\"async\" src=\"https:\/\/i0.wp.com\/www.seraymak.com\/resimler\/editor\/images\/AT-01-1.jpg?w=1290&#038;ssl=1\" alt=\"\" \/><\/p>\n<p>Makine \u00fczerinde anahtarl\u0131 kontak mevcut olup bu \u00fcnite \u00fczerinden ayn\u0131 zamanda makinan\u0131n \u015farj durumunu takip edebilece\u011finiz g\u00f6sterge ekran\u0131 yer almaktad\u0131r.<\/p>\n<p><img data-recalc-dims=\"1\" decoding=\"async\" src=\"https:\/\/i0.wp.com\/www.seraymak.com\/resimler\/editor\/images\/AT-01-2.jpg?w=1290&#038;ssl=1\" alt=\"\" \/><\/p>\n<p>\u015earj cihaz\u0131 makine \u00fczerinde yer almay\u0131p harici olarak makine ile birlikte verilmektedir. Oturak alt\u0131nda \u015farj cihaz\u0131 i\u00e7in \u00f6zel bir saklama yeri mevcut olup burada \u015farj cihaz\u0131n\u0131z\u0131 yerinde saklayabilirsiniz.<br \/>\nMakine oturak alt\u0131na yerle\u015ftirilmi\u015f 12 volt 60 amper 6 adet jel ak\u00fcden beslenmektedir.<\/p>\n<p><img data-recalc-dims=\"1\" decoding=\"async\" src=\"https:\/\/i0.wp.com\/www.seraymak.com\/resimler\/editor\/images\/AT-01-3.jpg?w=1290&#038;ssl=1\" alt=\"\" \/><\/p>\n<p>Makinenin h\u0131zlanmas\u0131 el gaz\u0131 ile frenlemesi ise fren pedal\u0131 kullan\u0131larak yap\u0131lmakatad\u0131r.<\/p>\n<p><img data-recalc-dims=\"1\" decoding=\"async\" src=\"https:\/\/i0.wp.com\/www.seraymak.com\/resimler\/editor\/images\/AT-01-4.jpg?w=1290&#038;ssl=1\" alt=\"\" \/><\/p>\n<p>Makinenin arka taraf\u0131nda, kitlenmeli pim ba\u011flant\u0131l\u0131 \u00e7eki demiri yer almaktad\u0131r.<\/p>\n<p><img data-recalc-dims=\"1\" decoding=\"async\" src=\"https:\/\/i0.wp.com\/www.seraymak.com\/resimler\/editor\/images\/AT-01-5.jpg?w=1290&#038;ssl=1\" alt=\"\" \/><\/p>\n<p>AT-01 \u00c7ekici treylerde s\u00fcr\u00fcc\u00fc otura\u011f\u0131 ve arka tarafta konumland\u0131r\u0131lm\u0131\u015f 1 adet yolcu otura\u011f\u0131 yer almaktad\u0131r. S\u00fcr\u00fcc\u00fc otura\u011f\u0131nda hem s\u0131rt dayama hem de alt koltu\u011fu ayarlanabilir yap\u0131dad\u0131r.<\/p>\n<p><img data-recalc-dims=\"1\" decoding=\"async\" src=\"https:\/\/i0.wp.com\/www.seraymak.com\/resimler\/editor\/images\/AT-01-6.jpg?w=1290&#038;ssl=1\" alt=\"\" \/><\/p>\n<\/div>\n<div class=\"w-100 mt-4\">\n<table class=\"table table-striped\">\n<tbody>\n<tr>\n<td>MODEL<\/td>\n<td>AT-01<\/td>\n<\/tr>\n<tr>\n<td>ENERJ\u0130 BESLEME<\/td>\n<td>AK\u00dc \/ 6 X 12 V-60A JEL<\/td>\n<\/tr>\n<tr>\n<td>ELEKTR\u0130K MOTORU<\/td>\n<td>2500 W DC X 1<\/td>\n<\/tr>\n<tr>\n<td>\u015eARJ C\u0130HAZI (HAR\u0130C\u0130)<\/td>\n<td>MEVCUT<\/td>\n<\/tr>\n<tr>\n<td>\u015eARJ \u0130\u00c7\u0130N GEREKL\u0130 ENERJ\u0130<\/td>\n<td>220 VOLT \/ 50 Hz<\/td>\n<\/tr>\n<tr>\n<td>\u015eARJ KABLOSU<\/td>\n<td>MEVCUT<\/td>\n<\/tr>\n<tr>\n<td>\u015eARJ S\u00dcRES\u0130<\/td>\n<td>6-8 SAAT<\/td>\n<\/tr>\n<tr>\n<td>\u00c7ALI\u015eMA MENZ\u0130L\u0130 (Kullan\u0131ma Ba\u011fl\u0131)<\/td>\n<td>50 KM<\/td>\n<\/tr>\n<tr>\n<td>MAKS\u0130MUM HIZI<\/td>\n<td>32 KM\/S<\/td>\n<\/tr>\n<tr>\n<td>Y\u00dcK V\u0130TES\u0130<\/td>\n<td>MEVCUT<\/td>\n<\/tr>\n<tr>\n<td>MAK\u0130NE A\u011eIRLI\u011eI<\/td>\n<td>362 kg<\/td>\n<\/tr>\n<tr>\n<td>EKRAN \u00dcZER\u0130NDEN \u015eARJ DURUMU TAK\u0130B\u0130<\/td>\n<td>MEVCUT<\/td>\n<\/tr>\n<tr>\n<td>EKRAN \u00dcZER\u0130NDEN ANLIK HIZ TAK\u0130B\u0130<\/td>\n<td>MEVCUT DE\u011e\u0130LD\u0130R.<\/td>\n<\/tr>\n<tr>\n<td>\u00d6N-ARKA FARKLAR<\/td>\n<td>MEVCUT<\/td>\n<\/tr>\n<tr>\n<td>\u00d6N-ARKA S\u0130NYALLER<\/td>\n<td>MEVCUT<\/td>\n<\/tr>\n<tr>\n<td>ELEKTR\u0130KL\u0130 KORNA<\/td>\n<td>MEVCUT<\/td>\n<\/tr>\n<tr>\n<td>AYNA<\/td>\n<td>MEVCUT<\/td>\n<\/tr>\n<tr>\n<td>EL FREN\u0130<\/td>\n<td>MEVCUT<\/td>\n<\/tr>\n<tr>\n<td>SIRT AYARLI KOLTUK<\/td>\n<td>MEVCUT<\/td>\n<\/tr>\n<tr>\n<td>MULT\u0130MEDYA<\/td>\n<td>MEVCUT DE\u011e\u0130LD\u0130R<\/td>\n<\/tr>\n<tr>\n<td>YEDEK ANAKTAR<\/td>\n<td>MEVCUT<\/td>\n<\/tr>\n<tr>\n<td>BOYA<\/td>\n<td>ELEKTROSTAT\u0130K FIRIN BOYA<\/td>\n<\/tr>\n<tr>\n<td>GARANT\u0130<\/td>\n<td>24 AY<\/td>\n<\/tr>\n<\/tbody>\n<\/table>\n<\/div>","protected":false},"excerpt":{"rendered":"<p>Ak\u00fc Beslemeli METALMAK AT-01 \u00c7ekici treyler sera i\u00e7erisinde bulunan hasat arabalar\u0131, r\u00f6morklar, ila\u00e7lama tanklar\u0131 vb. t\u00fcm \u00fcr\u00fcnleri arkas\u0131na ba\u011flay\u0131p \u00e7ekebilece\u011finiz elektrikli ara\u00e7t\u0131r.<\/p>\n<p>G\u00fc\u00e7l\u00fc ak\u00fcs\u00fc ve motoru ile sizi yar\u0131 yolda b\u0131rakmadan t\u00fcm y\u00fcklerinizi \u00e7ekebilme kapasitesine sahip AT-01 \u00e7ekici treyler araba konforuna yak\u0131n yap\u0131s\u0131 ile tercihleriniz aras\u0131nda yer alacakt\u0131r.<\/p>\n<p>AT-01 ile i\u015fg\u00fcc\u00fcnden ve zamandan b\u00fcy\u00fck tasarruf edin.<\/p>\n<p>[blocksy-content-block id=&#8221;2469&#8243;]<\/p>\n","protected":false},"featured_media":2441,"comment_status":"open","ping_status":"closed","template":"","meta":{"tpgb_global_settings":"","_vp_format_video_url":"","_vp_image_focal_point":[]},"product_brand":[],"product_cat":[189,152],"product_tag":[191,192,190,156,157],"class_list":{"0":"post-2435","1":"product","2":"type-product","3":"status-publish","4":"has-post-thumbnail","6":"product_cat-akulu-cekici-ve-romorklar","7":"product_cat-sera-makineleri","8":"product_tag-akulu-cekici","9":"product_tag-kasa-tasiyici","10":"product_tag-romork-cekici","11":"product_tag-sera-arabasi","12":"product_tag-sera-makinesi","14":"first","15":"instock","16":"featured","17":"taxable","18":"shipping-taxable","19":"product-type-grouped"},"yoast_head":"<!-- This site is optimized with the Yoast SEO plugin v27.4 - https:\/\/yoast.com\/product\/yoast-seo-wordpress\/ -->\n<title>AT-01 Ak\u00fcl\u00fc R\u00f6mork \u00c7ekici - Hidroponik Bah\u00e7e<\/title>\n<meta name=\"description\" content=\"Ak\u00fc Beslemeli \u00c7ekici treyler sera i\u00e7erisinde bulunan hasat arabalar\u0131, r\u00f6morklar, ila\u00e7lama tanklar\u0131 vb. \u00fcr\u00fcnleri arkas\u0131na ba\u011flay\u0131p \u00e7ekebilece\u011finiz elektrikli\" \/>\n<meta name=\"robots\" content=\"index, follow, max-snippet:-1, max-image-preview:large, max-video-preview:-1\" \/>\n<link rel=\"canonical\" href=\"https:\/\/hidroponikbahce.com\/market\/at-01-akulu-romork-cekici\/\" \/>\n<meta property=\"og:locale\" content=\"en_US\" \/>\n<meta property=\"og:type\" content=\"article\" \/>\n<meta property=\"og:title\" content=\"AT-01 Ak\u00fcl\u00fc R\u00f6mork \u00c7ekici - Hidroponik Bah\u00e7e\" \/>\n<meta property=\"og:description\" content=\"Ak\u00fc Beslemeli \u00c7ekici treyler sera i\u00e7erisinde bulunan hasat arabalar\u0131, r\u00f6morklar, ila\u00e7lama tanklar\u0131 vb. \u00fcr\u00fcnleri arkas\u0131na ba\u011flay\u0131p \u00e7ekebilece\u011finiz elektrikli\" \/>\n<meta property=\"og:url\" content=\"https:\/\/hidroponikbahce.com\/market\/at-01-akulu-romork-cekici\/\" \/>\n<meta property=\"og:site_name\" content=\"Hidroponik Bah\u00e7e\" \/>\n<meta property=\"article:publisher\" content=\"https:\/\/www.facebook.com\/hydroponic.farm.5\" \/>\n<meta property=\"article:modified_time\" content=\"2022-12-26T06:13:37+00:00\" \/>\n<meta property=\"og:image\" content=\"https:\/\/i0.wp.com\/hidroponikbahce.com\/wp-content\/uploads\/2022\/12\/akulu-cekici-at-01-13.jpg?fit=900%2C700&ssl=1\" \/>\n\t<meta property=\"og:image:width\" content=\"900\" \/>\n\t<meta property=\"og:image:height\" content=\"700\" \/>\n\t<meta property=\"og:image:type\" content=\"image\/jpeg\" \/>\n<meta name=\"twitter:card\" content=\"summary_large_image\" \/>\n<meta name=\"twitter:label1\" content=\"Est. reading time\" \/>\n\t<meta name=\"twitter:data1\" content=\"3 minutes\" \/>\n<script type=\"application\/ld+json\" class=\"yoast-schema-graph\">{\"@context\":\"https:\\\/\\\/schema.org\",\"@graph\":[{\"@type\":\"WebPage\",\"@id\":\"https:\\\/\\\/hidroponikbahce.com\\\/market\\\/at-01-akulu-romork-cekici\\\/\",\"url\":\"https:\\\/\\\/hidroponikbahce.com\\\/market\\\/at-01-akulu-romork-cekici\\\/\",\"name\":\"AT-01 Ak\u00fcl\u00fc R\u00f6mork \u00c7ekici - Hidroponik Bah\u00e7e\",\"isPartOf\":{\"@id\":\"https:\\\/\\\/hidroponikbahce.com\\\/#website\"},\"primaryImageOfPage\":{\"@id\":\"https:\\\/\\\/hidroponikbahce.com\\\/market\\\/at-01-akulu-romork-cekici\\\/#primaryimage\"},\"image\":{\"@id\":\"https:\\\/\\\/hidroponikbahce.com\\\/market\\\/at-01-akulu-romork-cekici\\\/#primaryimage\"},\"thumbnailUrl\":\"https:\\\/\\\/i0.wp.com\\\/hidroponikbahce.net\\\/wp-content\\\/uploads\\\/2022\\\/12\\\/akulu-cekici-at-01-13.jpg?fit=900%2C700&ssl=1\",\"datePublished\":\"2022-12-17T07:46:26+00:00\",\"dateModified\":\"2022-12-26T06:13:37+00:00\",\"description\":\"Ak\u00fc Beslemeli \u00c7ekici treyler sera i\u00e7erisinde bulunan hasat arabalar\u0131, r\u00f6morklar, ila\u00e7lama tanklar\u0131 vb. \u00fcr\u00fcnleri arkas\u0131na ba\u011flay\u0131p \u00e7ekebilece\u011finiz elektrikli\",\"breadcrumb\":{\"@id\":\"https:\\\/\\\/hidroponikbahce.com\\\/market\\\/at-01-akulu-romork-cekici\\\/#breadcrumb\"},\"inLanguage\":\"en-US\",\"potentialAction\":[{\"@type\":\"ReadAction\",\"target\":[\"https:\\\/\\\/hidroponikbahce.com\\\/market\\\/at-01-akulu-romork-cekici\\\/\"]}]},{\"@type\":\"ImageObject\",\"inLanguage\":\"en-US\",\"@id\":\"https:\\\/\\\/hidroponikbahce.com\\\/market\\\/at-01-akulu-romork-cekici\\\/#primaryimage\",\"url\":\"https:\\\/\\\/i0.wp.com\\\/hidroponikbahce.net\\\/wp-content\\\/uploads\\\/2022\\\/12\\\/akulu-cekici-at-01-13.jpg?fit=900%2C700&ssl=1\",\"contentUrl\":\"https:\\\/\\\/i0.wp.com\\\/hidroponikbahce.net\\\/wp-content\\\/uploads\\\/2022\\\/12\\\/akulu-cekici-at-01-13.jpg?fit=900%2C700&ssl=1\",\"width\":900,\"height\":700},{\"@type\":\"BreadcrumbList\",\"@id\":\"https:\\\/\\\/hidroponikbahce.com\\\/market\\\/at-01-akulu-romork-cekici\\\/#breadcrumb\",\"itemListElement\":[{\"@type\":\"ListItem\",\"position\":1,\"name\":\"Anasayfa\",\"item\":\"https:\\\/\\\/hidroponikbahce.net\\\/\"},{\"@type\":\"ListItem\",\"position\":2,\"name\":\"Market\",\"item\":\"https:\\\/\\\/hidroponikbahce.com\\\/market\\\/\"},{\"@type\":\"ListItem\",\"position\":3,\"name\":\"AT-01 Ak\u00fcl\u00fc R\u00f6mork \u00c7ekici\"}]},{\"@type\":\"WebSite\",\"@id\":\"https:\\\/\\\/hidroponikbahce.com\\\/#website\",\"url\":\"https:\\\/\\\/hidroponikbahce.com\\\/\",\"name\":\"Hidroponik Bah\u00e7e\",\"description\":\"Topraks\u0131z Tar\u0131m Sistemleri\",\"publisher\":{\"@id\":\"https:\\\/\\\/hidroponikbahce.com\\\/#organization\"},\"potentialAction\":[{\"@type\":\"SearchAction\",\"target\":{\"@type\":\"EntryPoint\",\"urlTemplate\":\"https:\\\/\\\/hidroponikbahce.com\\\/?s={search_term_string}\"},\"query-input\":{\"@type\":\"PropertyValueSpecification\",\"valueRequired\":true,\"valueName\":\"search_term_string\"}}],\"inLanguage\":\"en-US\"},{\"@type\":\"Organization\",\"@id\":\"https:\\\/\\\/hidroponikbahce.com\\\/#organization\",\"name\":\"Hidroponik Bah\u00e7e\",\"url\":\"https:\\\/\\\/hidroponikbahce.com\\\/\",\"logo\":{\"@type\":\"ImageObject\",\"inLanguage\":\"en-US\",\"@id\":\"https:\\\/\\\/hidroponikbahce.com\\\/#\\\/schema\\\/logo\\\/image\\\/\",\"url\":\"https:\\\/\\\/i0.wp.com\\\/hidroponikbahce.net\\\/wp-content\\\/uploads\\\/2022\\\/12\\\/Logo-Hidroponik-Bahce.png?fit=2000%2C350&ssl=1\",\"contentUrl\":\"https:\\\/\\\/i0.wp.com\\\/hidroponikbahce.net\\\/wp-content\\\/uploads\\\/2022\\\/12\\\/Logo-Hidroponik-Bahce.png?fit=2000%2C350&ssl=1\",\"width\":2000,\"height\":350,\"caption\":\"Hidroponik Bah\u00e7e\"},\"image\":{\"@id\":\"https:\\\/\\\/hidroponikbahce.com\\\/#\\\/schema\\\/logo\\\/image\\\/\"},\"sameAs\":[\"https:\\\/\\\/www.facebook.com\\\/hydroponic.farm.5\",\"https:\\\/\\\/www.instagram.com\\\/hydroponic_market\\\/\",\"https:\\\/\\\/tr-tr.facebook.com\\\/groups\\\/205584269848909\\\/?mibextid=6NoCDW\",\"https:\\\/\\\/www.linkedin.com\\\/in\\\/hydroponic-farm-farmer-academy-249b3b196\",\"https:\\\/\\\/www.youtube.com\\\/channel\\\/UCkiZ8fuHlNtao_MkEQRhN-A\"]}]}<\/script>\n<!-- \/ Yoast SEO plugin. -->","yoast_head_json":{"title":"AT-01 Ak\u00fcl\u00fc R\u00f6mork \u00c7ekici - Hidroponik Bah\u00e7e","description":"Ak\u00fc Beslemeli \u00c7ekici treyler sera i\u00e7erisinde bulunan hasat arabalar\u0131, r\u00f6morklar, ila\u00e7lama tanklar\u0131 vb. \u00fcr\u00fcnleri arkas\u0131na ba\u011flay\u0131p \u00e7ekebilece\u011finiz elektrikli","robots":{"index":"index","follow":"follow","max-snippet":"max-snippet:-1","max-image-preview":"max-image-preview:large","max-video-preview":"max-video-preview:-1"},"canonical":"https:\/\/hidroponikbahce.com\/market\/at-01-akulu-romork-cekici\/","og_locale":"en_US","og_type":"article","og_title":"AT-01 Ak\u00fcl\u00fc R\u00f6mork \u00c7ekici - Hidroponik Bah\u00e7e","og_description":"Ak\u00fc Beslemeli \u00c7ekici treyler sera i\u00e7erisinde bulunan hasat arabalar\u0131, r\u00f6morklar, ila\u00e7lama tanklar\u0131 vb. \u00fcr\u00fcnleri arkas\u0131na ba\u011flay\u0131p \u00e7ekebilece\u011finiz elektrikli","og_url":"https:\/\/hidroponikbahce.com\/market\/at-01-akulu-romork-cekici\/","og_site_name":"Hidroponik Bah\u00e7e","article_publisher":"https:\/\/www.facebook.com\/hydroponic.farm.5","article_modified_time":"2022-12-26T06:13:37+00:00","og_image":[{"width":900,"height":700,"url":"https:\/\/i0.wp.com\/hidroponikbahce.com\/wp-content\/uploads\/2022\/12\/akulu-cekici-at-01-13.jpg?fit=900%2C700&ssl=1","type":"image\/jpeg"}],"twitter_card":"summary_large_image","twitter_misc":{"Est. reading time":"3 minutes"},"schema":{"@context":"https:\/\/schema.org","@graph":[{"@type":"WebPage","@id":"https:\/\/hidroponikbahce.com\/market\/at-01-akulu-romork-cekici\/","url":"https:\/\/hidroponikbahce.com\/market\/at-01-akulu-romork-cekici\/","name":"AT-01 Ak\u00fcl\u00fc R\u00f6mork \u00c7ekici - Hidroponik Bah\u00e7e","isPartOf":{"@id":"https:\/\/hidroponikbahce.com\/#website"},"primaryImageOfPage":{"@id":"https:\/\/hidroponikbahce.com\/market\/at-01-akulu-romork-cekici\/#primaryimage"},"image":{"@id":"https:\/\/hidroponikbahce.com\/market\/at-01-akulu-romork-cekici\/#primaryimage"},"thumbnailUrl":"https:\/\/i0.wp.com\/hidroponikbahce.net\/wp-content\/uploads\/2022\/12\/akulu-cekici-at-01-13.jpg?fit=900%2C700&ssl=1","datePublished":"2022-12-17T07:46:26+00:00","dateModified":"2022-12-26T06:13:37+00:00","description":"Ak\u00fc Beslemeli \u00c7ekici treyler sera i\u00e7erisinde bulunan hasat arabalar\u0131, r\u00f6morklar, ila\u00e7lama tanklar\u0131 vb. \u00fcr\u00fcnleri arkas\u0131na ba\u011flay\u0131p \u00e7ekebilece\u011finiz elektrikli","breadcrumb":{"@id":"https:\/\/hidroponikbahce.com\/market\/at-01-akulu-romork-cekici\/#breadcrumb"},"inLanguage":"en-US","potentialAction":[{"@type":"ReadAction","target":["https:\/\/hidroponikbahce.com\/market\/at-01-akulu-romork-cekici\/"]}]},{"@type":"ImageObject","inLanguage":"en-US","@id":"https:\/\/hidroponikbahce.com\/market\/at-01-akulu-romork-cekici\/#primaryimage","url":"https:\/\/i0.wp.com\/hidroponikbahce.net\/wp-content\/uploads\/2022\/12\/akulu-cekici-at-01-13.jpg?fit=900%2C700&ssl=1","contentUrl":"https:\/\/i0.wp.com\/hidroponikbahce.net\/wp-content\/uploads\/2022\/12\/akulu-cekici-at-01-13.jpg?fit=900%2C700&ssl=1","width":900,"height":700},{"@type":"BreadcrumbList","@id":"https:\/\/hidroponikbahce.com\/market\/at-01-akulu-romork-cekici\/#breadcrumb","itemListElement":[{"@type":"ListItem","position":1,"name":"Anasayfa","item":"https:\/\/hidroponikbahce.net\/"},{"@type":"ListItem","position":2,"name":"Market","item":"https:\/\/hidroponikbahce.com\/market\/"},{"@type":"ListItem","position":3,"name":"AT-01 Ak\u00fcl\u00fc R\u00f6mork \u00c7ekici"}]},{"@type":"WebSite","@id":"https:\/\/hidroponikbahce.com\/#website","url":"https:\/\/hidroponikbahce.com\/","name":"Hidroponik Bah\u00e7e","description":"Soilless Agricultural Systems","publisher":{"@id":"https:\/\/hidroponikbahce.com\/#organization"},"potentialAction":[{"@type":"SearchAction","target":{"@type":"EntryPoint","urlTemplate":"https:\/\/hidroponikbahce.com\/?s={search_term_string}"},"query-input":{"@type":"PropertyValueSpecification","valueRequired":true,"valueName":"search_term_string"}}],"inLanguage":"en-US"},{"@type":"Organization","@id":"https:\/\/hidroponikbahce.com\/#organization","name":"Hidroponik Bah\u00e7e","url":"https:\/\/hidroponikbahce.com\/","logo":{"@type":"ImageObject","inLanguage":"en-US","@id":"https:\/\/hidroponikbahce.com\/#\/schema\/logo\/image\/","url":"https:\/\/i0.wp.com\/hidroponikbahce.net\/wp-content\/uploads\/2022\/12\/Logo-Hidroponik-Bahce.png?fit=2000%2C350&ssl=1","contentUrl":"https:\/\/i0.wp.com\/hidroponikbahce.net\/wp-content\/uploads\/2022\/12\/Logo-Hidroponik-Bahce.png?fit=2000%2C350&ssl=1","width":2000,"height":350,"caption":"Hidroponik Bah\u00e7e"},"image":{"@id":"https:\/\/hidroponikbahce.com\/#\/schema\/logo\/image\/"},"sameAs":["https:\/\/www.facebook.com\/hydroponic.farm.5","https:\/\/www.instagram.com\/hydroponic_market\/","https:\/\/tr-tr.facebook.com\/groups\/205584269848909\/?mibextid=6NoCDW","https:\/\/www.linkedin.com\/in\/hydroponic-farm-farmer-academy-249b3b196","https:\/\/www.youtube.com\/channel\/UCkiZ8fuHlNtao_MkEQRhN-A"]}]}},"tpgb_featured_images":{"full":["https:\/\/i0.wp.com\/hidroponikbahce.net\/wp-content\/uploads\/2022\/12\/akulu-cekici-at-01-13.jpg?fit=900%2C700&ssl=1",900,700,false],"tp-image-grid":["https:\/\/i0.wp.com\/hidroponikbahce.net\/wp-content\/uploads\/2022\/12\/akulu-cekici-at-01-13.jpg?resize=700%2C700&ssl=1",700,700,true],"thumbnail":["https:\/\/i0.wp.com\/hidroponikbahce.net\/wp-content\/uploads\/2022\/12\/akulu-cekici-at-01-13.jpg?resize=150%2C150&ssl=1",150,150,true],"medium":["https:\/\/i0.wp.com\/hidroponikbahce.net\/wp-content\/uploads\/2022\/12\/akulu-cekici-at-01-13.jpg?fit=300%2C233&ssl=1",300,233,true],"medium_large":["https:\/\/i0.wp.com\/hidroponikbahce.net\/wp-content\/uploads\/2022\/12\/akulu-cekici-at-01-13.jpg?fit=768%2C597&ssl=1",768,597,true],"large":["https:\/\/i0.wp.com\/hidroponikbahce.net\/wp-content\/uploads\/2022\/12\/akulu-cekici-at-01-13.jpg?fit=900%2C700&ssl=1",900,700,true],"default":"https:\/\/hidroponikbahce.net\/wp-content\/plugins\/the-plus-addons-for-block-editor\/assets\/images\/tpgb-placeholder.jpg"},"tpgb_post_meta_info":{"get_date":"December 17, 2022","get_modified_date":"December 26, 2022","category_list":{"product_brand":false,"product_cat":[{"term_id":189,"name":"Ak\u00fcl\u00fc \u00c7ekici ve R\u00f6morklar","slug":"akulu-cekici-ve-romorklar","term_group":0,"term_taxonomy_id":189,"taxonomy":"product_cat","description":"Ak\u00fc Beslemeli \u00c7ekici treyler sera i\u00e7erisinde bulunan hasat arabalar\u0131, r\u00f6morklar, ila\u00e7lama tanklar\u0131 vb. t\u00fcm \u00fcr\u00fcnleri arkas\u0131na ba\u011flay\u0131p \u00e7ekebilece\u011finiz elektrikli ara\u00e7t\u0131r.\r\nG\u00fc\u00e7l\u00fc ak\u00fcs\u00fc ve motoru ile sizi yar\u0131 yolda b\u0131rakmadan t\u00fcm y\u00fcklerinizi \u00e7ekebilme kapasitesine sahip \u00c7ekici treyler araba konforuna yak\u0131n yap\u0131s\u0131 ile tercihleriniz aras\u0131nda yer alacakt\u0131r. \u0130\u015fg\u00fcc\u00fcnden ve zamandan b\u00fcy\u00fck tasarruf edin.","parent":152,"count":2,"filter":"raw"},{"term_id":152,"name":"Sera Makineleri","slug":"sera-makineleri","term_group":0,"term_taxonomy_id":152,"taxonomy":"product_cat","description":"Seran\u0131zda ve tar\u0131m arazinizce i\u015finizi kolayla\u015ft\u0131racak, daha profesyonel \u00e7al\u0131\u015fman\u0131za imkan sa\u011flayacak makinalar","parent":0,"count":34,"filter":"raw"}],"product_tag":[{"term_id":191,"name":"ak\u00fcl\u00fc \u00e7ekici","slug":"akulu-cekici","term_group":0,"term_taxonomy_id":191,"taxonomy":"product_tag","description":"","parent":0,"count":1,"filter":"raw"},{"term_id":192,"name":"kasa ta\u015f\u0131y\u0131c\u0131","slug":"kasa-tasiyici","term_group":0,"term_taxonomy_id":192,"taxonomy":"product_tag","description":"","parent":0,"count":1,"filter":"raw"},{"term_id":190,"name":"r\u00f6mork \u00e7ekici","slug":"romork-cekici","term_group":0,"term_taxonomy_id":190,"taxonomy":"product_tag","description":"","parent":0,"count":1,"filter":"raw"},{"term_id":156,"name":"sera arabas\u0131","slug":"sera-arabasi","term_group":0,"term_taxonomy_id":156,"taxonomy":"product_tag","description":"","parent":0,"count":12,"filter":"raw"},{"term_id":157,"name":"sera makinesi","slug":"sera-makinesi","term_group":0,"term_taxonomy_id":157,"taxonomy":"product_tag","description":"","parent":0,"count":9,"filter":"raw"}]},"comment_count":0,"post_likes":0,"post_views":0},"tpgb_post_category":{"product_cat":"<a href=\"https:\/\/hidroponikbahce.net\/en\/product-category\/sera-makineleri\/akulu-cekici-ve-romorklar\/\" alt=\"Ak\u00fcl\u00fc \u00c7ekici ve R\u00f6morklar\"  class=\"product_cat-akulu-cekici-ve-romorklar\">Ak\u00fcl\u00fc \u00c7ekici ve R\u00f6morklar<\/a> <a href=\"https:\/\/hidroponikbahce.net\/en\/product-category\/sera-makineleri\/\" alt=\"Sera Makineleri\"  class=\"product_cat-sera-makineleri\">Sera Makineleri<\/a> ","product_tag":"<a href=\"https:\/\/hidroponikbahce.net\/en\/product-tag\/akulu-cekici\/\" alt=\"ak\u00fcl\u00fc \u00e7ekici\"  class=\"product_tag-akulu-cekici\">ak\u00fcl\u00fc \u00e7ekici<\/a> <a href=\"https:\/\/hidroponikbahce.net\/en\/product-tag\/kasa-tasiyici\/\" alt=\"kasa ta\u015f\u0131y\u0131c\u0131\"  class=\"product_tag-kasa-tasiyici\">kasa ta\u015f\u0131y\u0131c\u0131<\/a> <a href=\"https:\/\/hidroponikbahce.net\/en\/product-tag\/romork-cekici\/\" alt=\"r\u00f6mork \u00e7ekici\"  class=\"product_tag-romork-cekici\">r\u00f6mork \u00e7ekici<\/a> <a href=\"https:\/\/hidroponikbahce.net\/en\/product-tag\/sera-arabasi\/\" alt=\"sera arabas\u0131\"  class=\"product_tag-sera-arabasi\">sera arabas\u0131<\/a> <a href=\"https:\/\/hidroponikbahce.net\/en\/product-tag\/sera-makinesi\/\" alt=\"sera makinesi\"  class=\"product_tag-sera-makinesi\">sera makinesi<\/a> "},"tpgb_product_data":{"price_html":"","type":"grouped","gallery":["https:\/\/i0.wp.com\/hidroponikbahce.net\/wp-content\/uploads\/2022\/12\/akulu-cekici-at-01-14.jpg?fit=900%2C673&ssl=1",900,673,false],"category":"Ak\u00fcl\u00fc \u00c7ekici ve R\u00f6morklar","procatslug":"akulu-cekici-ve-romorklar"},"jetpack-related-posts":[],"jetpack_sharing_enabled":true,"_links":{"self":[{"href":"https:\/\/hidroponikbahce.net\/en\/wp-json\/wp\/v2\/product\/2435","targetHints":{"allow":["GET"]}}],"collection":[{"href":"https:\/\/hidroponikbahce.net\/en\/wp-json\/wp\/v2\/product"}],"about":[{"href":"https:\/\/hidroponikbahce.net\/en\/wp-json\/wp\/v2\/types\/product"}],"replies":[{"embeddable":true,"href":"https:\/\/hidroponikbahce.net\/en\/wp-json\/wp\/v2\/comments?post=2435"}],"wp:featuredmedia":[{"embeddable":true,"href":"https:\/\/hidroponikbahce.net\/en\/wp-json\/wp\/v2\/media\/2441"}],"wp:attachment":[{"href":"https:\/\/hidroponikbahce.net\/en\/wp-json\/wp\/v2\/media?parent=2435"}],"wp:term":[{"taxonomy":"product_brand","embeddable":true,"href":"https:\/\/hidroponikbahce.net\/en\/wp-json\/wp\/v2\/product_brand?post=2435"},{"taxonomy":"product_cat","embeddable":true,"href":"https:\/\/hidroponikbahce.net\/en\/wp-json\/wp\/v2\/product_cat?post=2435"},{"taxonomy":"product_tag","embeddable":true,"href":"https:\/\/hidroponikbahce.net\/en\/wp-json\/wp\/v2\/product_tag?post=2435"}],"curies":[{"name":"wp","href":"https:\/\/api.w.org\/{rel}","templated":true}]}}