{"id":2426,"date":"2022-12-17T09:52:26","date_gmt":"2022-12-17T06:52:26","guid":{"rendered":"https:\/\/hidroponikbahce.com\/?post_type=product&#038;p=2426"},"modified":"2022-12-17T11:35:32","modified_gmt":"2022-12-17T08:35:32","slug":"aski-01-urun-aski-teli","status":"publish","type":"product","link":"https:\/\/hidroponikbahce.net\/en\/market\/aski-01-urun-aski-teli\/","title":{"rendered":"ASKI-01 \u00dcr\u00fcn Ask\u0131 Teli"},"content":{"rendered":"<p>ASKI-01 sera ask\u0131 telleri, seralarda bitkileri ba\u011flamada kullan\u0131lan \u00fcr\u00fcnlerdir. M\u00fc\u015fteri talebine g\u00f6re 18 cm ve ya 22 cm tellerin \u00fcretimi ger\u00e7ekle\u015ftirilip ister sadece tel isterseniz de belirtece\u011finiz metrede ip sar\u0131lm\u0131\u015f tel olarak ta \u00fcr\u00fcnler haz\u0131rlanabilmektedir.<\/p>","protected":false},"excerpt":{"rendered":"<p>ASKI-01 sera ask\u0131 telleri, seralarda bitkileri ba\u011flamada kullan\u0131lan \u00fcr\u00fcnlerdir. M\u00fc\u015fteri talebine g\u00f6re 18 cm ve ya 22 cm tellerin \u00fcretimi ger\u00e7ekle\u015ftirilip ister sadece tel isterseniz de belirtece\u011finiz metrede ip sar\u0131lm\u0131\u015f tel olarak ta \u00fcr\u00fcnler haz\u0131rlanabilmektedir.<\/p>\n<p>[blocksy-content-block id=&#8221;2469&#8243;]<\/p>\n","protected":false},"featured_media":2431,"comment_status":"open","ping_status":"closed","template":"","meta":{"tpgb_global_settings":"","_vp_format_video_url":"","_vp_image_focal_point":[]},"product_brand":[],"product_cat":[174,152],"product_tag":[188],"class_list":{"0":"post-2426","1":"product","2":"type-product","3":"status-publish","4":"has-post-thumbnail","6":"product_cat-ip-sarma-makineleri","7":"product_cat-sera-makineleri","8":"product_tag-aski-teli","10":"first","11":"instock","12":"taxable","13":"shipping-taxable","14":"product-type-grouped"},"yoast_head":"<!-- This site is optimized with the Yoast SEO plugin v27.4 - https:\/\/yoast.com\/product\/yoast-seo-wordpress\/ -->\n<title>ASKI-01 \u00dcr\u00fcn Ask\u0131 Teli - Hidroponik Bah\u00e7e<\/title>\n<meta name=\"description\" content=\"ASKI-01 sera ask\u0131 teli, seralarda bitkileri ba\u011flamada kullan\u0131lan \u00fcr\u00fcnlerdir. M\u00fc\u015fteri talebine g\u00f6re 18 cm ve ya 22 cm tellerin \u00fcretimi ger\u00e7ekle\u015ftirilip\" \/>\n<meta name=\"robots\" content=\"index, follow, max-snippet:-1, max-image-preview:large, max-video-preview:-1\" \/>\n<link rel=\"canonical\" href=\"https:\/\/hidroponikbahce.com\/market\/aski-01-urun-aski-teli\/\" \/>\n<meta property=\"og:locale\" content=\"en_US\" \/>\n<meta property=\"og:type\" content=\"article\" \/>\n<meta property=\"og:title\" content=\"ASKI-01 \u00dcr\u00fcn Ask\u0131 Teli - Hidroponik Bah\u00e7e\" \/>\n<meta property=\"og:description\" content=\"ASKI-01 sera ask\u0131 teli, seralarda bitkileri ba\u011flamada kullan\u0131lan \u00fcr\u00fcnlerdir. M\u00fc\u015fteri talebine g\u00f6re 18 cm ve ya 22 cm tellerin \u00fcretimi ger\u00e7ekle\u015ftirilip\" \/>\n<meta property=\"og:url\" content=\"https:\/\/hidroponikbahce.com\/market\/aski-01-urun-aski-teli\/\" \/>\n<meta property=\"og:site_name\" content=\"Hidroponik Bah\u00e7e\" \/>\n<meta property=\"article:publisher\" content=\"https:\/\/www.facebook.com\/hydroponic.farm.5\" \/>\n<meta property=\"article:modified_time\" content=\"2022-12-17T08:35:32+00:00\" \/>\n<meta property=\"og:image\" content=\"https:\/\/i0.wp.com\/hidroponikbahce.com\/wp-content\/uploads\/2022\/12\/aski-teli-aski-01-6.jpg?fit=653%2C490&ssl=1\" \/>\n\t<meta property=\"og:image:width\" content=\"653\" \/>\n\t<meta property=\"og:image:height\" content=\"490\" \/>\n\t<meta property=\"og:image:type\" content=\"image\/jpeg\" \/>\n<meta name=\"twitter:card\" content=\"summary_large_image\" \/>\n<meta name=\"twitter:label1\" content=\"Est. reading time\" \/>\n\t<meta name=\"twitter:data1\" content=\"1 minute\" \/>\n<script type=\"application\/ld+json\" class=\"yoast-schema-graph\">{\"@context\":\"https:\\\/\\\/schema.org\",\"@graph\":[{\"@type\":\"WebPage\",\"@id\":\"https:\\\/\\\/hidroponikbahce.com\\\/market\\\/aski-01-urun-aski-teli\\\/\",\"url\":\"https:\\\/\\\/hidroponikbahce.com\\\/market\\\/aski-01-urun-aski-teli\\\/\",\"name\":\"ASKI-01 \u00dcr\u00fcn Ask\u0131 Teli - Hidroponik Bah\u00e7e\",\"isPartOf\":{\"@id\":\"https:\\\/\\\/hidroponikbahce.com\\\/#website\"},\"primaryImageOfPage\":{\"@id\":\"https:\\\/\\\/hidroponikbahce.com\\\/market\\\/aski-01-urun-aski-teli\\\/#primaryimage\"},\"image\":{\"@id\":\"https:\\\/\\\/hidroponikbahce.com\\\/market\\\/aski-01-urun-aski-teli\\\/#primaryimage\"},\"thumbnailUrl\":\"https:\\\/\\\/i0.wp.com\\\/hidroponikbahce.net\\\/wp-content\\\/uploads\\\/2022\\\/12\\\/aski-teli-aski-01-6.jpg?fit=653%2C490&ssl=1\",\"datePublished\":\"2022-12-17T06:52:26+00:00\",\"dateModified\":\"2022-12-17T08:35:32+00:00\",\"description\":\"ASKI-01 sera ask\u0131 teli, seralarda bitkileri ba\u011flamada kullan\u0131lan \u00fcr\u00fcnlerdir. M\u00fc\u015fteri talebine g\u00f6re 18 cm ve ya 22 cm tellerin \u00fcretimi ger\u00e7ekle\u015ftirilip\",\"breadcrumb\":{\"@id\":\"https:\\\/\\\/hidroponikbahce.com\\\/market\\\/aski-01-urun-aski-teli\\\/#breadcrumb\"},\"inLanguage\":\"en-US\",\"potentialAction\":[{\"@type\":\"ReadAction\",\"target\":[\"https:\\\/\\\/hidroponikbahce.com\\\/market\\\/aski-01-urun-aski-teli\\\/\"]}]},{\"@type\":\"ImageObject\",\"inLanguage\":\"en-US\",\"@id\":\"https:\\\/\\\/hidroponikbahce.com\\\/market\\\/aski-01-urun-aski-teli\\\/#primaryimage\",\"url\":\"https:\\\/\\\/i0.wp.com\\\/hidroponikbahce.net\\\/wp-content\\\/uploads\\\/2022\\\/12\\\/aski-teli-aski-01-6.jpg?fit=653%2C490&ssl=1\",\"contentUrl\":\"https:\\\/\\\/i0.wp.com\\\/hidroponikbahce.net\\\/wp-content\\\/uploads\\\/2022\\\/12\\\/aski-teli-aski-01-6.jpg?fit=653%2C490&ssl=1\",\"width\":653,\"height\":490},{\"@type\":\"BreadcrumbList\",\"@id\":\"https:\\\/\\\/hidroponikbahce.com\\\/market\\\/aski-01-urun-aski-teli\\\/#breadcrumb\",\"itemListElement\":[{\"@type\":\"ListItem\",\"position\":1,\"name\":\"Anasayfa\",\"item\":\"https:\\\/\\\/hidroponikbahce.net\\\/\"},{\"@type\":\"ListItem\",\"position\":2,\"name\":\"Market\",\"item\":\"https:\\\/\\\/hidroponikbahce.com\\\/market\\\/\"},{\"@type\":\"ListItem\",\"position\":3,\"name\":\"ASKI-01 \u00dcr\u00fcn Ask\u0131 Teli\"}]},{\"@type\":\"WebSite\",\"@id\":\"https:\\\/\\\/hidroponikbahce.com\\\/#website\",\"url\":\"https:\\\/\\\/hidroponikbahce.com\\\/\",\"name\":\"Hidroponik Bah\u00e7e\",\"description\":\"Topraks\u0131z Tar\u0131m Sistemleri\",\"publisher\":{\"@id\":\"https:\\\/\\\/hidroponikbahce.com\\\/#organization\"},\"potentialAction\":[{\"@type\":\"SearchAction\",\"target\":{\"@type\":\"EntryPoint\",\"urlTemplate\":\"https:\\\/\\\/hidroponikbahce.com\\\/?s={search_term_string}\"},\"query-input\":{\"@type\":\"PropertyValueSpecification\",\"valueRequired\":true,\"valueName\":\"search_term_string\"}}],\"inLanguage\":\"en-US\"},{\"@type\":\"Organization\",\"@id\":\"https:\\\/\\\/hidroponikbahce.com\\\/#organization\",\"name\":\"Hidroponik Bah\u00e7e\",\"url\":\"https:\\\/\\\/hidroponikbahce.com\\\/\",\"logo\":{\"@type\":\"ImageObject\",\"inLanguage\":\"en-US\",\"@id\":\"https:\\\/\\\/hidroponikbahce.com\\\/#\\\/schema\\\/logo\\\/image\\\/\",\"url\":\"https:\\\/\\\/i0.wp.com\\\/hidroponikbahce.net\\\/wp-content\\\/uploads\\\/2022\\\/12\\\/Logo-Hidroponik-Bahce.png?fit=2000%2C350&ssl=1\",\"contentUrl\":\"https:\\\/\\\/i0.wp.com\\\/hidroponikbahce.net\\\/wp-content\\\/uploads\\\/2022\\\/12\\\/Logo-Hidroponik-Bahce.png?fit=2000%2C350&ssl=1\",\"width\":2000,\"height\":350,\"caption\":\"Hidroponik Bah\u00e7e\"},\"image\":{\"@id\":\"https:\\\/\\\/hidroponikbahce.com\\\/#\\\/schema\\\/logo\\\/image\\\/\"},\"sameAs\":[\"https:\\\/\\\/www.facebook.com\\\/hydroponic.farm.5\",\"https:\\\/\\\/www.instagram.com\\\/hydroponic_market\\\/\",\"https:\\\/\\\/tr-tr.facebook.com\\\/groups\\\/205584269848909\\\/?mibextid=6NoCDW\",\"https:\\\/\\\/www.linkedin.com\\\/in\\\/hydroponic-farm-farmer-academy-249b3b196\",\"https:\\\/\\\/www.youtube.com\\\/channel\\\/UCkiZ8fuHlNtao_MkEQRhN-A\"]}]}<\/script>\n<!-- \/ Yoast SEO plugin. -->","yoast_head_json":{"title":"ASKI-01 \u00dcr\u00fcn Ask\u0131 Teli - Hidroponik Bah\u00e7e","description":"ASKI-01 sera ask\u0131 teli, seralarda bitkileri ba\u011flamada kullan\u0131lan \u00fcr\u00fcnlerdir. M\u00fc\u015fteri talebine g\u00f6re 18 cm ve ya 22 cm tellerin \u00fcretimi ger\u00e7ekle\u015ftirilip","robots":{"index":"index","follow":"follow","max-snippet":"max-snippet:-1","max-image-preview":"max-image-preview:large","max-video-preview":"max-video-preview:-1"},"canonical":"https:\/\/hidroponikbahce.com\/market\/aski-01-urun-aski-teli\/","og_locale":"en_US","og_type":"article","og_title":"ASKI-01 \u00dcr\u00fcn Ask\u0131 Teli - Hidroponik Bah\u00e7e","og_description":"ASKI-01 sera ask\u0131 teli, seralarda bitkileri ba\u011flamada kullan\u0131lan \u00fcr\u00fcnlerdir. M\u00fc\u015fteri talebine g\u00f6re 18 cm ve ya 22 cm tellerin \u00fcretimi ger\u00e7ekle\u015ftirilip","og_url":"https:\/\/hidroponikbahce.com\/market\/aski-01-urun-aski-teli\/","og_site_name":"Hidroponik Bah\u00e7e","article_publisher":"https:\/\/www.facebook.com\/hydroponic.farm.5","article_modified_time":"2022-12-17T08:35:32+00:00","og_image":[{"width":653,"height":490,"url":"https:\/\/i0.wp.com\/hidroponikbahce.com\/wp-content\/uploads\/2022\/12\/aski-teli-aski-01-6.jpg?fit=653%2C490&ssl=1","type":"image\/jpeg"}],"twitter_card":"summary_large_image","twitter_misc":{"Est. reading time":"1 minute"},"schema":{"@context":"https:\/\/schema.org","@graph":[{"@type":"WebPage","@id":"https:\/\/hidroponikbahce.com\/market\/aski-01-urun-aski-teli\/","url":"https:\/\/hidroponikbahce.com\/market\/aski-01-urun-aski-teli\/","name":"ASKI-01 \u00dcr\u00fcn Ask\u0131 Teli - Hidroponik Bah\u00e7e","isPartOf":{"@id":"https:\/\/hidroponikbahce.com\/#website"},"primaryImageOfPage":{"@id":"https:\/\/hidroponikbahce.com\/market\/aski-01-urun-aski-teli\/#primaryimage"},"image":{"@id":"https:\/\/hidroponikbahce.com\/market\/aski-01-urun-aski-teli\/#primaryimage"},"thumbnailUrl":"https:\/\/i0.wp.com\/hidroponikbahce.net\/wp-content\/uploads\/2022\/12\/aski-teli-aski-01-6.jpg?fit=653%2C490&ssl=1","datePublished":"2022-12-17T06:52:26+00:00","dateModified":"2022-12-17T08:35:32+00:00","description":"ASKI-01 sera ask\u0131 teli, seralarda bitkileri ba\u011flamada kullan\u0131lan \u00fcr\u00fcnlerdir. M\u00fc\u015fteri talebine g\u00f6re 18 cm ve ya 22 cm tellerin \u00fcretimi ger\u00e7ekle\u015ftirilip","breadcrumb":{"@id":"https:\/\/hidroponikbahce.com\/market\/aski-01-urun-aski-teli\/#breadcrumb"},"inLanguage":"en-US","potentialAction":[{"@type":"ReadAction","target":["https:\/\/hidroponikbahce.com\/market\/aski-01-urun-aski-teli\/"]}]},{"@type":"ImageObject","inLanguage":"en-US","@id":"https:\/\/hidroponikbahce.com\/market\/aski-01-urun-aski-teli\/#primaryimage","url":"https:\/\/i0.wp.com\/hidroponikbahce.net\/wp-content\/uploads\/2022\/12\/aski-teli-aski-01-6.jpg?fit=653%2C490&ssl=1","contentUrl":"https:\/\/i0.wp.com\/hidroponikbahce.net\/wp-content\/uploads\/2022\/12\/aski-teli-aski-01-6.jpg?fit=653%2C490&ssl=1","width":653,"height":490},{"@type":"BreadcrumbList","@id":"https:\/\/hidroponikbahce.com\/market\/aski-01-urun-aski-teli\/#breadcrumb","itemListElement":[{"@type":"ListItem","position":1,"name":"Anasayfa","item":"https:\/\/hidroponikbahce.net\/"},{"@type":"ListItem","position":2,"name":"Market","item":"https:\/\/hidroponikbahce.com\/market\/"},{"@type":"ListItem","position":3,"name":"ASKI-01 \u00dcr\u00fcn Ask\u0131 Teli"}]},{"@type":"WebSite","@id":"https:\/\/hidroponikbahce.com\/#website","url":"https:\/\/hidroponikbahce.com\/","name":"Hidroponik Bah\u00e7e","description":"Soilless Agricultural Systems","publisher":{"@id":"https:\/\/hidroponikbahce.com\/#organization"},"potentialAction":[{"@type":"SearchAction","target":{"@type":"EntryPoint","urlTemplate":"https:\/\/hidroponikbahce.com\/?s={search_term_string}"},"query-input":{"@type":"PropertyValueSpecification","valueRequired":true,"valueName":"search_term_string"}}],"inLanguage":"en-US"},{"@type":"Organization","@id":"https:\/\/hidroponikbahce.com\/#organization","name":"Hidroponik Bah\u00e7e","url":"https:\/\/hidroponikbahce.com\/","logo":{"@type":"ImageObject","inLanguage":"en-US","@id":"https:\/\/hidroponikbahce.com\/#\/schema\/logo\/image\/","url":"https:\/\/i0.wp.com\/hidroponikbahce.net\/wp-content\/uploads\/2022\/12\/Logo-Hidroponik-Bahce.png?fit=2000%2C350&ssl=1","contentUrl":"https:\/\/i0.wp.com\/hidroponikbahce.net\/wp-content\/uploads\/2022\/12\/Logo-Hidroponik-Bahce.png?fit=2000%2C350&ssl=1","width":2000,"height":350,"caption":"Hidroponik Bah\u00e7e"},"image":{"@id":"https:\/\/hidroponikbahce.com\/#\/schema\/logo\/image\/"},"sameAs":["https:\/\/www.facebook.com\/hydroponic.farm.5","https:\/\/www.instagram.com\/hydroponic_market\/","https:\/\/tr-tr.facebook.com\/groups\/205584269848909\/?mibextid=6NoCDW","https:\/\/www.linkedin.com\/in\/hydroponic-farm-farmer-academy-249b3b196","https:\/\/www.youtube.com\/channel\/UCkiZ8fuHlNtao_MkEQRhN-A"]}]}},"tpgb_featured_images":{"full":["https:\/\/i0.wp.com\/hidroponikbahce.net\/wp-content\/uploads\/2022\/12\/aski-teli-aski-01-6.jpg?fit=653%2C490&ssl=1",653,490,false],"tp-image-grid":["https:\/\/i0.wp.com\/hidroponikbahce.net\/wp-content\/uploads\/2022\/12\/aski-teli-aski-01-6.jpg?resize=653%2C490&ssl=1",700,700,true],"thumbnail":["https:\/\/i0.wp.com\/hidroponikbahce.net\/wp-content\/uploads\/2022\/12\/aski-teli-aski-01-6.jpg?resize=150%2C150&ssl=1",150,150,true],"medium":["https:\/\/i0.wp.com\/hidroponikbahce.net\/wp-content\/uploads\/2022\/12\/aski-teli-aski-01-6.jpg?fit=300%2C225&ssl=1",300,225,true],"medium_large":["https:\/\/i0.wp.com\/hidroponikbahce.net\/wp-content\/uploads\/2022\/12\/aski-teli-aski-01-6.jpg?fit=653%2C490&ssl=1",653,490,true],"large":["https:\/\/i0.wp.com\/hidroponikbahce.net\/wp-content\/uploads\/2022\/12\/aski-teli-aski-01-6.jpg?fit=653%2C490&ssl=1",653,490,true],"default":"https:\/\/hidroponikbahce.net\/wp-content\/plugins\/the-plus-addons-for-block-editor\/assets\/images\/tpgb-placeholder.jpg"},"tpgb_post_meta_info":{"get_date":"December 17, 2022","get_modified_date":"December 17, 2022","category_list":{"product_brand":false,"product_cat":[{"term_id":174,"name":"\u0130p Sarma Makineleri","slug":"ip-sarma-makineleri","term_group":0,"term_taxonomy_id":174,"taxonomy":"product_cat","description":"Seralarda bitkileri ba\u011flamak i\u00e7in kullan\u0131lan ipi tele sarmakla g\u00f6revli makinedir. Makine \u00fczerinde yer alan kontrol ekran\u0131 \u00fczerinden sar\u0131m say\u0131n\u0131z\u0131 girerek istedi\u011finiz uzunluklarda ipi rahatl\u0131kla sarabilmeye olanak sa\u011flar. Tekerlekli yap\u0131s\u0131 sayesinde istedi\u011finiz noktaya rahatl\u0131kla ta\u015f\u0131yabilece\u011finiz makine i\u015flevselli\u011fi ile tercih edebilece\u011finiz bir \u00fcr\u00fcnlerdir.","parent":152,"count":7,"filter":"raw"},{"term_id":152,"name":"Sera Makineleri","slug":"sera-makineleri","term_group":0,"term_taxonomy_id":152,"taxonomy":"product_cat","description":"Seran\u0131zda ve tar\u0131m arazinizce i\u015finizi kolayla\u015ft\u0131racak, daha profesyonel \u00e7al\u0131\u015fman\u0131za imkan sa\u011flayacak makinalar","parent":0,"count":34,"filter":"raw"}],"product_tag":[{"term_id":188,"name":"ask\u0131 teli","slug":"aski-teli","term_group":0,"term_taxonomy_id":188,"taxonomy":"product_tag","description":"","parent":0,"count":1,"filter":"raw"}]},"comment_count":0,"post_likes":0,"post_views":0},"tpgb_post_category":{"product_cat":"<a href=\"https:\/\/hidroponikbahce.net\/en\/product-category\/sera-makineleri\/ip-sarma-makineleri\/\" alt=\"\u0130p Sarma Makineleri\"  class=\"product_cat-ip-sarma-makineleri\">\u0130p Sarma Makineleri<\/a> <a href=\"https:\/\/hidroponikbahce.net\/en\/product-category\/sera-makineleri\/\" alt=\"Sera Makineleri\"  class=\"product_cat-sera-makineleri\">Sera Makineleri<\/a> ","product_tag":"<a href=\"https:\/\/hidroponikbahce.net\/en\/product-tag\/aski-teli\/\" alt=\"ask\u0131 teli\"  class=\"product_tag-aski-teli\">ask\u0131 teli<\/a> "},"tpgb_product_data":{"price_html":"","type":"grouped","gallery":["https:\/\/i0.wp.com\/hidroponikbahce.net\/wp-content\/uploads\/2022\/12\/aski-teli-aski-01-4.jpg?fit=640%2C480&ssl=1",640,480,false],"category":"\u0130p Sarma Makineleri","procatslug":"ip-sarma-makineleri"},"jetpack-related-posts":[],"jetpack_sharing_enabled":true,"_links":{"self":[{"href":"https:\/\/hidroponikbahce.net\/en\/wp-json\/wp\/v2\/product\/2426","targetHints":{"allow":["GET"]}}],"collection":[{"href":"https:\/\/hidroponikbahce.net\/en\/wp-json\/wp\/v2\/product"}],"about":[{"href":"https:\/\/hidroponikbahce.net\/en\/wp-json\/wp\/v2\/types\/product"}],"replies":[{"embeddable":true,"href":"https:\/\/hidroponikbahce.net\/en\/wp-json\/wp\/v2\/comments?post=2426"}],"wp:featuredmedia":[{"embeddable":true,"href":"https:\/\/hidroponikbahce.net\/en\/wp-json\/wp\/v2\/media\/2431"}],"wp:attachment":[{"href":"https:\/\/hidroponikbahce.net\/en\/wp-json\/wp\/v2\/media?parent=2426"}],"wp:term":[{"taxonomy":"product_brand","embeddable":true,"href":"https:\/\/hidroponikbahce.net\/en\/wp-json\/wp\/v2\/product_brand?post=2426"},{"taxonomy":"product_cat","embeddable":true,"href":"https:\/\/hidroponikbahce.net\/en\/wp-json\/wp\/v2\/product_cat?post=2426"},{"taxonomy":"product_tag","embeddable":true,"href":"https:\/\/hidroponikbahce.net\/en\/wp-json\/wp\/v2\/product_tag?post=2426"}],"curies":[{"name":"wp","href":"https:\/\/api.w.org\/{rel}","templated":true}]}}