{"id":2400,"date":"2022-12-17T09:38:30","date_gmt":"2022-12-17T06:38:30","guid":{"rendered":"https:\/\/hidroponikbahce.com\/?post_type=product&#038;p=2400"},"modified":"2022-12-17T11:36:10","modified_gmt":"2022-12-17T08:36:10","slug":"is-04-ip-sarma-makinasi-camasir-ipi-sarma","status":"publish","type":"product","link":"https:\/\/hidroponikbahce.net\/en\/market\/is-04-ip-sarma-makinasi-camasir-ipi-sarma\/","title":{"rendered":"\u0130S-04 \u0130p Sarma Makinas\u0131 ( \u00c7ama\u015f\u0131r \u0130pi Sarma )"},"content":{"rendered":"<div class=\"w-100 mt-4 text-center yazilarr\">\n<p>Makine \u00fczerinde ayn\u0131 anda sar\u0131m yapabilen 20 adet \u00e7ama\u015f\u0131r ipi sar\u0131m kafas\u0131 yer almaktad\u0131r.<br \/>\n\u0130S-04 \u0130p sarma makinesinin t\u00fcm kafalar\u0131 ayarlanabilir yap\u0131da oldu\u011fundan \u00e7e\u015fitli \u00f6l\u00e7\u00fclerde \u00e7ama\u015f\u0131r iplerini rahatl\u0131kla sarabilme olana\u011f\u0131 sunar.<\/p>\n<p><img data-recalc-dims=\"1\" decoding=\"async\" src=\"https:\/\/i0.wp.com\/www.seraymak.com\/resimler\/editor\/images\/%C4%B0S-04-1.jpg?w=1290&#038;ssl=1\" alt=\"\" \/><\/p>\n<p><img data-recalc-dims=\"1\" decoding=\"async\" src=\"https:\/\/i0.wp.com\/www.seraymak.com\/resimler\/editor\/images\/%C4%B0S-04-2.jpg?w=1290&#038;ssl=1\" alt=\"\" \/><\/p>\n<p>\u0130S-04 Modelinin Kontrol panelinin \u00fczerinde 2 adet ekran bulunmaktad\u0131r. B\u00fcy\u00fck ekrandan sar\u0131m yapmak istedi\u011finiz turu girebilir ve anl\u0131k tur takibini yapabilirsiniz. Panel \u00fczerinde yer alan di\u011fer bir ekrandan ise toplam sar\u0131lan ip takibini yapabilirsiniz. Ekran \u00fczerinden istedi\u011finiz anda s\u0131f\u0131rlama yaparak belirli bir periyotta sar\u0131lan toplam teli g\u00f6rebilme imkan\u0131 sunulmaktad\u0131r. Ayr\u0131ca kontrol paneli \u00fczerinde 1 adet ba\u015flat(start) butonu ve 1 adet durdurma(stop) butonu yer almaktad\u0131r.<\/p>\n<p><img data-recalc-dims=\"1\" decoding=\"async\" src=\"https:\/\/i0.wp.com\/www.seraymak.com\/resimler\/editor\/images\/%C4%B0S-04-3.jpg?w=1290&#038;ssl=1\" alt=\"\" \/><\/p>\n<p>\u0130S-04 Modelinin kontrol paneli 180 derece d\u00f6nebilen bir yap\u0131da tasarlanm\u0131\u015f olup, kullan\u0131c\u0131ya makinenin her iki taraf\u0131nda da makineyi kullanabilme \u00f6zelli\u011fi sa\u011flar.<\/p>\n<p><img data-recalc-dims=\"1\" decoding=\"async\" src=\"https:\/\/i0.wp.com\/www.seraymak.com\/resimler\/editor\/images\/%C4%B0S-04-4.jpg?w=1290&#038;ssl=1\" alt=\"\" \/><\/p>\n<p>Model \u00fczerinde 20 adet \u0130p bobinlerini koyabilece\u011finiz konik \u00e7ubuklu b\u00f6lme yer almaktad\u0131r.<\/p>\n<p><img data-recalc-dims=\"1\" decoding=\"async\" src=\"https:\/\/i0.wp.com\/www.seraymak.com\/resimler\/editor\/images\/%C4%B0S-04-5.jpg?w=1290&#038;ssl=1\" alt=\"\" \/><\/p>\n<p>Tekerleri sayesinde \u0130S-04 \u0130p sarma makinesini diledi\u011finiz yere rahatl\u0131kla g\u00f6t\u00fcrebilirsiniz.<\/p>\n<\/div>\n<div class=\"w-100 mt-4\">\n<table class=\"table table-striped\">\n<tbody>\n<tr>\n<td>MODEL<\/td>\n<td>\u0130S-04<\/td>\n<\/tr>\n<tr>\n<td>\u00c7ALI\u015eMA VOLTAJI<br \/>\n(\u0130STE\u011eE G\u00d6RE 380 VOLT OLARAKTA \u00dcRET\u0130LMEKTED\u0130R.)<\/td>\n<td>220 V \/ 50 Hz<\/td>\n<\/tr>\n<tr>\n<td>ELEKTR\u0130K MOTORU<\/td>\n<td>1,1 Kw<\/td>\n<\/tr>\n<tr>\n<td>SARIM HIZI<\/td>\n<td>280 Devir \/ Dakika<\/td>\n<\/tr>\n<tr>\n<td>ANLIK SARIM KAFA ADET\u0130<\/td>\n<td>20 KAFA<\/td>\n<\/tr>\n<tr>\n<td>SARIM T\u00dcR\u00dc<\/td>\n<td>TEK SARIM<\/td>\n<\/tr>\n<tr>\n<td>SARIM YAPILACAK \u0130P<\/td>\n<td>\u00c7AMA\u015eIR \u0130P\u0130<\/td>\n<\/tr>\n<tr>\n<td>SARIM SAYAC S\u0130STEM\u0130<\/td>\n<td>TUR S\u0130STEM\u0130<\/td>\n<\/tr>\n<tr>\n<td>AYARLANAB\u0130L\u0130R SARIM SAYISI EKRANI<\/td>\n<td>MEVCUT<\/td>\n<\/tr>\n<tr>\n<td>TOPLAM SARILAN TEL SAYISI TAK\u0130P EKRANI<\/td>\n<td>MEVCUT<\/td>\n<\/tr>\n<tr>\n<td>\u00d6L\u00c7\u00dcS\u00dc AYARLANAB\u0130LEN KAFA<\/td>\n<td>MEVCUT<\/td>\n<\/tr>\n<tr>\n<td>SARIMI YAPILAB\u0130LEN KAFA UZUNLUKLARI<\/td>\n<td>12-24 cm Aras\u0131<\/td>\n<\/tr>\n<tr>\n<td>STANDART SARIM KAFA UZUNLU\u011eU<br \/>\n(Kafalar\u0131n ilk ayar\u0131 20 cm sar\u0131ma g\u00f6re yap\u0131lmakta olup farkl\u0131 bir uzunluk isterseniz ayr\u0131ca bildiriniz.)<\/td>\n<td>20 cm (Uzunluk Ayarl\u0131 Kafalar)<\/td>\n<\/tr>\n<tr>\n<td>\u0130P SARIM MERKEZ Y\u00dcKSEKL\u0130\u011e\u0130<\/td>\n<td>1138 mm<\/td>\n<\/tr>\n<tr>\n<td>\u0130P GERG\u0130 AYARI (TANS\u0130YON)<\/td>\n<td>MEVCUT<\/td>\n<\/tr>\n<tr>\n<td>HAREKET TEKERLER\u0130<\/td>\n<td>2x Sabit Teker \u00a0ve 2x Frenli D\u00f6ner Teker<\/td>\n<\/tr>\n<tr>\n<td>MAK\u0130NE A\u011eIRLI\u011eI<\/td>\n<td>260 Kg<\/td>\n<\/tr>\n<tr>\n<td>BOB\u0130N YERLE\u015eT\u0130RME \u00c7UBUKLARI<\/td>\n<td>MEVCUT<\/td>\n<\/tr>\n<tr>\n<td>HER TARAFA D\u00d6NEB\u0130LEN KONTROL EKRANI<\/td>\n<td>MEVCUT<\/td>\n<\/tr>\n<tr>\n<td>BOYA<\/td>\n<td>ELEKTROSTAT\u0130K FIRIN BOYA<\/td>\n<\/tr>\n<tr>\n<td>GARANT\u0130<\/td>\n<td>24 AY<\/td>\n<\/tr>\n<\/tbody>\n<\/table>\n<\/div>","protected":false},"excerpt":{"rendered":"<p>Elektrik Beslemeli \u0130S-04 \u00c7ama\u015f\u0131r \u0130pi Sarma Makinas\u0131 evlerde kullan\u0131lan \u00e7ama\u015f\u0131r iplerini sarmak i\u00e7in kullan\u0131lan makinedir.<br \/>\n\u0130S-04 modeli ayarlanabilen konik u\u00e7lar\u0131 sayesinde istedi\u011finiz \u00f6l\u00e7\u00fclerde sar\u0131m yapmaya olanak sa\u011flar.<\/p>\n<p>Makine \u00fczerinde yer alan kontrol ekran\u0131 \u00fczerinden sar\u0131m say\u0131n\u0131z\u0131 girerek istedi\u011finiz uzunluklarda ipi rahatl\u0131kla sarabilirsiniz.<br \/>\nTekerlekli yap\u0131s\u0131 sayesinde istedi\u011finiz noktaya rahatl\u0131kla ta\u015f\u0131yabilece\u011finiz \u0130S-04 \u00c7ama\u015f\u0131r \u0130pi sarma makinesi i\u015flevselli\u011fi ve uygun fiyat\u0131 ile tercih edebilece\u011finiz bir \u00fcr\u00fcnd\u00fcr.<\/p>\n<p>\u0130S-04 model ile i\u015fg\u00fcc\u00fcnden ve zamandan b\u00fcy\u00fck tasarruf edin.<\/p>\n<p>[blocksy-content-block id=&#8221;2469&#8243;]<\/p>\n","protected":false},"featured_media":2405,"comment_status":"open","ping_status":"closed","template":"","meta":{"tpgb_global_settings":"","_vp_format_video_url":"","_vp_image_focal_point":[]},"product_brand":[],"product_cat":[174,152],"product_tag":[181,175,176,182,183],"class_list":{"0":"post-2400","1":"product","2":"type-product","3":"status-publish","4":"has-post-thumbnail","6":"product_cat-ip-sarma-makineleri","7":"product_cat-sera-makineleri","8":"product_tag-ip-sarma","9":"product_tag-ip-sarma-makinesi","10":"product_tag-sera-ipi","11":"product_tag-sera-teli","12":"product_tag-tel-sarma-makinasi","14":"first","15":"instock","16":"taxable","17":"shipping-taxable","18":"product-type-grouped"},"yoast_head":"<!-- This site is optimized with the Yoast SEO plugin v27.4 - https:\/\/yoast.com\/product\/yoast-seo-wordpress\/ -->\n<title>\u0130S-04 \u0130p Sarma Makinas\u0131 ( \u00c7ama\u015f\u0131r \u0130pi Sarma ) - Hidroponik Bah\u00e7e<\/title>\n<meta name=\"description\" content=\"Elektrik Beslemeli \u0130S-04 \u00c7ama\u015f\u0131r \u0130pi Sarma Makinas\u0131 evlerde kullan\u0131lan \u00e7ama\u015f\u0131r iplerini sarmak i\u00e7in kullan\u0131lan makinedir.\u0130S-04 modeli ayarlanabilen konik\" \/>\n<meta name=\"robots\" content=\"index, follow, max-snippet:-1, max-image-preview:large, max-video-preview:-1\" \/>\n<link rel=\"canonical\" href=\"https:\/\/hidroponikbahce.com\/market\/is-04-ip-sarma-makinasi-camasir-ipi-sarma\/\" \/>\n<meta property=\"og:locale\" content=\"en_US\" \/>\n<meta property=\"og:type\" content=\"article\" \/>\n<meta property=\"og:title\" content=\"\u0130S-04 \u0130p Sarma Makinas\u0131 ( \u00c7ama\u015f\u0131r \u0130pi Sarma ) - Hidroponik Bah\u00e7e\" \/>\n<meta property=\"og:description\" content=\"Elektrik Beslemeli \u0130S-04 \u00c7ama\u015f\u0131r \u0130pi Sarma Makinas\u0131 evlerde kullan\u0131lan \u00e7ama\u015f\u0131r iplerini sarmak i\u00e7in kullan\u0131lan makinedir.\u0130S-04 modeli ayarlanabilen konik\" \/>\n<meta property=\"og:url\" content=\"https:\/\/hidroponikbahce.com\/market\/is-04-ip-sarma-makinasi-camasir-ipi-sarma\/\" \/>\n<meta property=\"og:site_name\" content=\"Hidroponik Bah\u00e7e\" \/>\n<meta property=\"article:publisher\" content=\"https:\/\/www.facebook.com\/hydroponic.farm.5\" \/>\n<meta property=\"article:modified_time\" content=\"2022-12-17T08:36:10+00:00\" \/>\n<meta property=\"og:image\" content=\"https:\/\/i0.wp.com\/hidroponikbahce.com\/wp-content\/uploads\/2022\/12\/ip-sarma-makinesi-is-04-3.jpg?fit=779%2C745&ssl=1\" \/>\n\t<meta property=\"og:image:width\" content=\"779\" \/>\n\t<meta property=\"og:image:height\" content=\"745\" \/>\n\t<meta property=\"og:image:type\" content=\"image\/jpeg\" \/>\n<meta name=\"twitter:card\" content=\"summary_large_image\" \/>\n<meta name=\"twitter:label1\" content=\"Est. reading time\" \/>\n\t<meta name=\"twitter:data1\" content=\"3 minutes\" \/>\n<script type=\"application\/ld+json\" class=\"yoast-schema-graph\">{\"@context\":\"https:\\\/\\\/schema.org\",\"@graph\":[{\"@type\":\"WebPage\",\"@id\":\"https:\\\/\\\/hidroponikbahce.com\\\/market\\\/is-04-ip-sarma-makinasi-camasir-ipi-sarma\\\/\",\"url\":\"https:\\\/\\\/hidroponikbahce.com\\\/market\\\/is-04-ip-sarma-makinasi-camasir-ipi-sarma\\\/\",\"name\":\"\u0130S-04 \u0130p Sarma Makinas\u0131 ( \u00c7ama\u015f\u0131r \u0130pi Sarma ) - Hidroponik Bah\u00e7e\",\"isPartOf\":{\"@id\":\"https:\\\/\\\/hidroponikbahce.com\\\/#website\"},\"primaryImageOfPage\":{\"@id\":\"https:\\\/\\\/hidroponikbahce.com\\\/market\\\/is-04-ip-sarma-makinasi-camasir-ipi-sarma\\\/#primaryimage\"},\"image\":{\"@id\":\"https:\\\/\\\/hidroponikbahce.com\\\/market\\\/is-04-ip-sarma-makinasi-camasir-ipi-sarma\\\/#primaryimage\"},\"thumbnailUrl\":\"https:\\\/\\\/i0.wp.com\\\/hidroponikbahce.net\\\/wp-content\\\/uploads\\\/2022\\\/12\\\/ip-sarma-makinesi-is-04-3.jpg?fit=779%2C745&ssl=1\",\"datePublished\":\"2022-12-17T06:38:30+00:00\",\"dateModified\":\"2022-12-17T08:36:10+00:00\",\"description\":\"Elektrik Beslemeli \u0130S-04 \u00c7ama\u015f\u0131r \u0130pi Sarma Makinas\u0131 evlerde kullan\u0131lan \u00e7ama\u015f\u0131r iplerini sarmak i\u00e7in kullan\u0131lan makinedir.\u0130S-04 modeli ayarlanabilen konik\",\"breadcrumb\":{\"@id\":\"https:\\\/\\\/hidroponikbahce.com\\\/market\\\/is-04-ip-sarma-makinasi-camasir-ipi-sarma\\\/#breadcrumb\"},\"inLanguage\":\"en-US\",\"potentialAction\":[{\"@type\":\"ReadAction\",\"target\":[\"https:\\\/\\\/hidroponikbahce.com\\\/market\\\/is-04-ip-sarma-makinasi-camasir-ipi-sarma\\\/\"]}]},{\"@type\":\"ImageObject\",\"inLanguage\":\"en-US\",\"@id\":\"https:\\\/\\\/hidroponikbahce.com\\\/market\\\/is-04-ip-sarma-makinasi-camasir-ipi-sarma\\\/#primaryimage\",\"url\":\"https:\\\/\\\/i0.wp.com\\\/hidroponikbahce.net\\\/wp-content\\\/uploads\\\/2022\\\/12\\\/ip-sarma-makinesi-is-04-3.jpg?fit=779%2C745&ssl=1\",\"contentUrl\":\"https:\\\/\\\/i0.wp.com\\\/hidroponikbahce.net\\\/wp-content\\\/uploads\\\/2022\\\/12\\\/ip-sarma-makinesi-is-04-3.jpg?fit=779%2C745&ssl=1\",\"width\":779,\"height\":745},{\"@type\":\"BreadcrumbList\",\"@id\":\"https:\\\/\\\/hidroponikbahce.com\\\/market\\\/is-04-ip-sarma-makinasi-camasir-ipi-sarma\\\/#breadcrumb\",\"itemListElement\":[{\"@type\":\"ListItem\",\"position\":1,\"name\":\"Anasayfa\",\"item\":\"https:\\\/\\\/hidroponikbahce.net\\\/\"},{\"@type\":\"ListItem\",\"position\":2,\"name\":\"Market\",\"item\":\"https:\\\/\\\/hidroponikbahce.com\\\/market\\\/\"},{\"@type\":\"ListItem\",\"position\":3,\"name\":\"\u0130S-04 \u0130p Sarma Makinas\u0131 ( \u00c7ama\u015f\u0131r \u0130pi Sarma )\"}]},{\"@type\":\"WebSite\",\"@id\":\"https:\\\/\\\/hidroponikbahce.com\\\/#website\",\"url\":\"https:\\\/\\\/hidroponikbahce.com\\\/\",\"name\":\"Hidroponik Bah\u00e7e\",\"description\":\"Topraks\u0131z Tar\u0131m Sistemleri\",\"publisher\":{\"@id\":\"https:\\\/\\\/hidroponikbahce.com\\\/#organization\"},\"potentialAction\":[{\"@type\":\"SearchAction\",\"target\":{\"@type\":\"EntryPoint\",\"urlTemplate\":\"https:\\\/\\\/hidroponikbahce.com\\\/?s={search_term_string}\"},\"query-input\":{\"@type\":\"PropertyValueSpecification\",\"valueRequired\":true,\"valueName\":\"search_term_string\"}}],\"inLanguage\":\"en-US\"},{\"@type\":\"Organization\",\"@id\":\"https:\\\/\\\/hidroponikbahce.com\\\/#organization\",\"name\":\"Hidroponik Bah\u00e7e\",\"url\":\"https:\\\/\\\/hidroponikbahce.com\\\/\",\"logo\":{\"@type\":\"ImageObject\",\"inLanguage\":\"en-US\",\"@id\":\"https:\\\/\\\/hidroponikbahce.com\\\/#\\\/schema\\\/logo\\\/image\\\/\",\"url\":\"https:\\\/\\\/i0.wp.com\\\/hidroponikbahce.net\\\/wp-content\\\/uploads\\\/2022\\\/12\\\/Logo-Hidroponik-Bahce.png?fit=2000%2C350&ssl=1\",\"contentUrl\":\"https:\\\/\\\/i0.wp.com\\\/hidroponikbahce.net\\\/wp-content\\\/uploads\\\/2022\\\/12\\\/Logo-Hidroponik-Bahce.png?fit=2000%2C350&ssl=1\",\"width\":2000,\"height\":350,\"caption\":\"Hidroponik Bah\u00e7e\"},\"image\":{\"@id\":\"https:\\\/\\\/hidroponikbahce.com\\\/#\\\/schema\\\/logo\\\/image\\\/\"},\"sameAs\":[\"https:\\\/\\\/www.facebook.com\\\/hydroponic.farm.5\",\"https:\\\/\\\/www.instagram.com\\\/hydroponic_market\\\/\",\"https:\\\/\\\/tr-tr.facebook.com\\\/groups\\\/205584269848909\\\/?mibextid=6NoCDW\",\"https:\\\/\\\/www.linkedin.com\\\/in\\\/hydroponic-farm-farmer-academy-249b3b196\",\"https:\\\/\\\/www.youtube.com\\\/channel\\\/UCkiZ8fuHlNtao_MkEQRhN-A\"]}]}<\/script>\n<!-- \/ Yoast SEO plugin. -->","yoast_head_json":{"title":"\u0130S-04 \u0130p Sarma Makinas\u0131 ( \u00c7ama\u015f\u0131r \u0130pi Sarma ) - Hidroponik Bah\u00e7e","description":"Elektrik Beslemeli \u0130S-04 \u00c7ama\u015f\u0131r \u0130pi Sarma Makinas\u0131 evlerde kullan\u0131lan \u00e7ama\u015f\u0131r iplerini sarmak i\u00e7in kullan\u0131lan makinedir.\u0130S-04 modeli ayarlanabilen konik","robots":{"index":"index","follow":"follow","max-snippet":"max-snippet:-1","max-image-preview":"max-image-preview:large","max-video-preview":"max-video-preview:-1"},"canonical":"https:\/\/hidroponikbahce.com\/market\/is-04-ip-sarma-makinasi-camasir-ipi-sarma\/","og_locale":"en_US","og_type":"article","og_title":"\u0130S-04 \u0130p Sarma Makinas\u0131 ( \u00c7ama\u015f\u0131r \u0130pi Sarma ) - Hidroponik Bah\u00e7e","og_description":"Elektrik Beslemeli \u0130S-04 \u00c7ama\u015f\u0131r \u0130pi Sarma Makinas\u0131 evlerde kullan\u0131lan \u00e7ama\u015f\u0131r iplerini sarmak i\u00e7in kullan\u0131lan makinedir.\u0130S-04 modeli ayarlanabilen konik","og_url":"https:\/\/hidroponikbahce.com\/market\/is-04-ip-sarma-makinasi-camasir-ipi-sarma\/","og_site_name":"Hidroponik Bah\u00e7e","article_publisher":"https:\/\/www.facebook.com\/hydroponic.farm.5","article_modified_time":"2022-12-17T08:36:10+00:00","og_image":[{"width":779,"height":745,"url":"https:\/\/i0.wp.com\/hidroponikbahce.com\/wp-content\/uploads\/2022\/12\/ip-sarma-makinesi-is-04-3.jpg?fit=779%2C745&ssl=1","type":"image\/jpeg"}],"twitter_card":"summary_large_image","twitter_misc":{"Est. reading time":"3 minutes"},"schema":{"@context":"https:\/\/schema.org","@graph":[{"@type":"WebPage","@id":"https:\/\/hidroponikbahce.com\/market\/is-04-ip-sarma-makinasi-camasir-ipi-sarma\/","url":"https:\/\/hidroponikbahce.com\/market\/is-04-ip-sarma-makinasi-camasir-ipi-sarma\/","name":"\u0130S-04 \u0130p Sarma Makinas\u0131 ( \u00c7ama\u015f\u0131r \u0130pi Sarma ) - Hidroponik Bah\u00e7e","isPartOf":{"@id":"https:\/\/hidroponikbahce.com\/#website"},"primaryImageOfPage":{"@id":"https:\/\/hidroponikbahce.com\/market\/is-04-ip-sarma-makinasi-camasir-ipi-sarma\/#primaryimage"},"image":{"@id":"https:\/\/hidroponikbahce.com\/market\/is-04-ip-sarma-makinasi-camasir-ipi-sarma\/#primaryimage"},"thumbnailUrl":"https:\/\/i0.wp.com\/hidroponikbahce.net\/wp-content\/uploads\/2022\/12\/ip-sarma-makinesi-is-04-3.jpg?fit=779%2C745&ssl=1","datePublished":"2022-12-17T06:38:30+00:00","dateModified":"2022-12-17T08:36:10+00:00","description":"Elektrik Beslemeli \u0130S-04 \u00c7ama\u015f\u0131r \u0130pi Sarma Makinas\u0131 evlerde kullan\u0131lan \u00e7ama\u015f\u0131r iplerini sarmak i\u00e7in kullan\u0131lan makinedir.\u0130S-04 modeli ayarlanabilen konik","breadcrumb":{"@id":"https:\/\/hidroponikbahce.com\/market\/is-04-ip-sarma-makinasi-camasir-ipi-sarma\/#breadcrumb"},"inLanguage":"en-US","potentialAction":[{"@type":"ReadAction","target":["https:\/\/hidroponikbahce.com\/market\/is-04-ip-sarma-makinasi-camasir-ipi-sarma\/"]}]},{"@type":"ImageObject","inLanguage":"en-US","@id":"https:\/\/hidroponikbahce.com\/market\/is-04-ip-sarma-makinasi-camasir-ipi-sarma\/#primaryimage","url":"https:\/\/i0.wp.com\/hidroponikbahce.net\/wp-content\/uploads\/2022\/12\/ip-sarma-makinesi-is-04-3.jpg?fit=779%2C745&ssl=1","contentUrl":"https:\/\/i0.wp.com\/hidroponikbahce.net\/wp-content\/uploads\/2022\/12\/ip-sarma-makinesi-is-04-3.jpg?fit=779%2C745&ssl=1","width":779,"height":745},{"@type":"BreadcrumbList","@id":"https:\/\/hidroponikbahce.com\/market\/is-04-ip-sarma-makinasi-camasir-ipi-sarma\/#breadcrumb","itemListElement":[{"@type":"ListItem","position":1,"name":"Anasayfa","item":"https:\/\/hidroponikbahce.net\/"},{"@type":"ListItem","position":2,"name":"Market","item":"https:\/\/hidroponikbahce.com\/market\/"},{"@type":"ListItem","position":3,"name":"\u0130S-04 \u0130p Sarma Makinas\u0131 ( \u00c7ama\u015f\u0131r \u0130pi Sarma )"}]},{"@type":"WebSite","@id":"https:\/\/hidroponikbahce.com\/#website","url":"https:\/\/hidroponikbahce.com\/","name":"Hidroponik Bah\u00e7e","description":"Soilless Agricultural Systems","publisher":{"@id":"https:\/\/hidroponikbahce.com\/#organization"},"potentialAction":[{"@type":"SearchAction","target":{"@type":"EntryPoint","urlTemplate":"https:\/\/hidroponikbahce.com\/?s={search_term_string}"},"query-input":{"@type":"PropertyValueSpecification","valueRequired":true,"valueName":"search_term_string"}}],"inLanguage":"en-US"},{"@type":"Organization","@id":"https:\/\/hidroponikbahce.com\/#organization","name":"Hidroponik Bah\u00e7e","url":"https:\/\/hidroponikbahce.com\/","logo":{"@type":"ImageObject","inLanguage":"en-US","@id":"https:\/\/hidroponikbahce.com\/#\/schema\/logo\/image\/","url":"https:\/\/i0.wp.com\/hidroponikbahce.net\/wp-content\/uploads\/2022\/12\/Logo-Hidroponik-Bahce.png?fit=2000%2C350&ssl=1","contentUrl":"https:\/\/i0.wp.com\/hidroponikbahce.net\/wp-content\/uploads\/2022\/12\/Logo-Hidroponik-Bahce.png?fit=2000%2C350&ssl=1","width":2000,"height":350,"caption":"Hidroponik Bah\u00e7e"},"image":{"@id":"https:\/\/hidroponikbahce.com\/#\/schema\/logo\/image\/"},"sameAs":["https:\/\/www.facebook.com\/hydroponic.farm.5","https:\/\/www.instagram.com\/hydroponic_market\/","https:\/\/tr-tr.facebook.com\/groups\/205584269848909\/?mibextid=6NoCDW","https:\/\/www.linkedin.com\/in\/hydroponic-farm-farmer-academy-249b3b196","https:\/\/www.youtube.com\/channel\/UCkiZ8fuHlNtao_MkEQRhN-A"]}]}},"tpgb_featured_images":{"full":["https:\/\/i0.wp.com\/hidroponikbahce.net\/wp-content\/uploads\/2022\/12\/ip-sarma-makinesi-is-04-3.jpg?fit=779%2C745&ssl=1",779,745,false],"tp-image-grid":["https:\/\/i0.wp.com\/hidroponikbahce.net\/wp-content\/uploads\/2022\/12\/ip-sarma-makinesi-is-04-3.jpg?resize=700%2C700&ssl=1",700,700,true],"thumbnail":["https:\/\/i0.wp.com\/hidroponikbahce.net\/wp-content\/uploads\/2022\/12\/ip-sarma-makinesi-is-04-3.jpg?resize=150%2C150&ssl=1",150,150,true],"medium":["https:\/\/i0.wp.com\/hidroponikbahce.net\/wp-content\/uploads\/2022\/12\/ip-sarma-makinesi-is-04-3.jpg?fit=300%2C287&ssl=1",300,287,true],"medium_large":["https:\/\/i0.wp.com\/hidroponikbahce.net\/wp-content\/uploads\/2022\/12\/ip-sarma-makinesi-is-04-3.jpg?fit=768%2C734&ssl=1",768,734,true],"large":["https:\/\/i0.wp.com\/hidroponikbahce.net\/wp-content\/uploads\/2022\/12\/ip-sarma-makinesi-is-04-3.jpg?fit=779%2C745&ssl=1",779,745,true],"default":"https:\/\/hidroponikbahce.net\/wp-content\/plugins\/the-plus-addons-for-block-editor\/assets\/images\/tpgb-placeholder.jpg"},"tpgb_post_meta_info":{"get_date":"December 17, 2022","get_modified_date":"December 17, 2022","category_list":{"product_brand":false,"product_cat":[{"term_id":174,"name":"\u0130p Sarma Makineleri","slug":"ip-sarma-makineleri","term_group":0,"term_taxonomy_id":174,"taxonomy":"product_cat","description":"Seralarda bitkileri ba\u011flamak i\u00e7in kullan\u0131lan ipi tele sarmakla g\u00f6revli makinedir. Makine \u00fczerinde yer alan kontrol ekran\u0131 \u00fczerinden sar\u0131m say\u0131n\u0131z\u0131 girerek istedi\u011finiz uzunluklarda ipi rahatl\u0131kla sarabilmeye olanak sa\u011flar. Tekerlekli yap\u0131s\u0131 sayesinde istedi\u011finiz noktaya rahatl\u0131kla ta\u015f\u0131yabilece\u011finiz makine i\u015flevselli\u011fi ile tercih edebilece\u011finiz bir \u00fcr\u00fcnlerdir.","parent":152,"count":7,"filter":"raw"},{"term_id":152,"name":"Sera Makineleri","slug":"sera-makineleri","term_group":0,"term_taxonomy_id":152,"taxonomy":"product_cat","description":"Seran\u0131zda ve tar\u0131m arazinizce i\u015finizi kolayla\u015ft\u0131racak, daha profesyonel \u00e7al\u0131\u015fman\u0131za imkan sa\u011flayacak makinalar","parent":0,"count":34,"filter":"raw"}],"product_tag":[{"term_id":181,"name":"ip sarma","slug":"ip-sarma","term_group":0,"term_taxonomy_id":181,"taxonomy":"product_tag","description":"","parent":0,"count":3,"filter":"raw"},{"term_id":175,"name":"ip sarma makinesi","slug":"ip-sarma-makinesi","term_group":0,"term_taxonomy_id":175,"taxonomy":"product_tag","description":"","parent":0,"count":5,"filter":"raw"},{"term_id":176,"name":"sera ipi","slug":"sera-ipi","term_group":0,"term_taxonomy_id":176,"taxonomy":"product_tag","description":"","parent":0,"count":6,"filter":"raw"},{"term_id":182,"name":"sera teli","slug":"sera-teli","term_group":0,"term_taxonomy_id":182,"taxonomy":"product_tag","description":"","parent":0,"count":1,"filter":"raw"},{"term_id":183,"name":"tel sarma makinas\u0131","slug":"tel-sarma-makinasi","term_group":0,"term_taxonomy_id":183,"taxonomy":"product_tag","description":"","parent":0,"count":1,"filter":"raw"}]},"comment_count":0,"post_likes":0,"post_views":0},"tpgb_post_category":{"product_cat":"<a href=\"https:\/\/hidroponikbahce.net\/en\/product-category\/sera-makineleri\/ip-sarma-makineleri\/\" alt=\"\u0130p Sarma Makineleri\"  class=\"product_cat-ip-sarma-makineleri\">\u0130p Sarma Makineleri<\/a> <a href=\"https:\/\/hidroponikbahce.net\/en\/product-category\/sera-makineleri\/\" alt=\"Sera Makineleri\"  class=\"product_cat-sera-makineleri\">Sera Makineleri<\/a> ","product_tag":"<a href=\"https:\/\/hidroponikbahce.net\/en\/product-tag\/ip-sarma\/\" alt=\"ip sarma\"  class=\"product_tag-ip-sarma\">ip sarma<\/a> <a href=\"https:\/\/hidroponikbahce.net\/en\/product-tag\/ip-sarma-makinesi\/\" alt=\"ip sarma makinesi\"  class=\"product_tag-ip-sarma-makinesi\">ip sarma makinesi<\/a> <a href=\"https:\/\/hidroponikbahce.net\/en\/product-tag\/sera-ipi\/\" alt=\"sera ipi\"  class=\"product_tag-sera-ipi\">sera ipi<\/a> <a href=\"https:\/\/hidroponikbahce.net\/en\/product-tag\/sera-teli\/\" alt=\"sera teli\"  class=\"product_tag-sera-teli\">sera teli<\/a> <a href=\"https:\/\/hidroponikbahce.net\/en\/product-tag\/tel-sarma-makinasi\/\" alt=\"tel sarma makinas\u0131\"  class=\"product_tag-tel-sarma-makinasi\">tel sarma makinas\u0131<\/a> "},"tpgb_product_data":{"price_html":"","type":"grouped","gallery":["https:\/\/i0.wp.com\/hidroponikbahce.net\/wp-content\/uploads\/2022\/12\/ip-sarma-makinesi-is-04-1.jpg?fit=539%2C600&ssl=1",539,600,false],"category":"\u0130p Sarma Makineleri","procatslug":"ip-sarma-makineleri"},"jetpack-related-posts":[],"jetpack_sharing_enabled":true,"_links":{"self":[{"href":"https:\/\/hidroponikbahce.net\/en\/wp-json\/wp\/v2\/product\/2400","targetHints":{"allow":["GET"]}}],"collection":[{"href":"https:\/\/hidroponikbahce.net\/en\/wp-json\/wp\/v2\/product"}],"about":[{"href":"https:\/\/hidroponikbahce.net\/en\/wp-json\/wp\/v2\/types\/product"}],"replies":[{"embeddable":true,"href":"https:\/\/hidroponikbahce.net\/en\/wp-json\/wp\/v2\/comments?post=2400"}],"wp:featuredmedia":[{"embeddable":true,"href":"https:\/\/hidroponikbahce.net\/en\/wp-json\/wp\/v2\/media\/2405"}],"wp:attachment":[{"href":"https:\/\/hidroponikbahce.net\/en\/wp-json\/wp\/v2\/media?parent=2400"}],"wp:term":[{"taxonomy":"product_brand","embeddable":true,"href":"https:\/\/hidroponikbahce.net\/en\/wp-json\/wp\/v2\/product_brand?post=2400"},{"taxonomy":"product_cat","embeddable":true,"href":"https:\/\/hidroponikbahce.net\/en\/wp-json\/wp\/v2\/product_cat?post=2400"},{"taxonomy":"product_tag","embeddable":true,"href":"https:\/\/hidroponikbahce.net\/en\/wp-json\/wp\/v2\/product_tag?post=2400"}],"curies":[{"name":"wp","href":"https:\/\/api.w.org\/{rel}","templated":true}]}}