{"id":2358,"date":"2022-12-17T09:03:24","date_gmt":"2022-12-17T06:03:24","guid":{"rendered":"https:\/\/hidroponikbahce.com\/?post_type=product&#038;p=2358"},"modified":"2022-12-17T11:37:36","modified_gmt":"2022-12-17T08:37:36","slug":"tim-02-2-tonluk-ilaclama-makinasi","status":"publish","type":"product","link":"https:\/\/hidroponikbahce.net\/en\/market\/tim-02-2-tonluk-ilaclama-makinasi\/","title":{"rendered":"T\u0130M-02 2 Tonluk \u0130la\u00e7lama Makinas\u0131"},"content":{"rendered":"<div class=\"w-100 mt-4 text-center yazilarr\">\n<p>Tank\u0131n alabilece\u011fi maksimum ila\u00e7 kapasitesi 2 ton.<br \/>\nMakine hareketi manuel olarak \u00f6n tarafta yer alan y\u00f6nlendirme sap\u0131 ile olmaktad\u0131r.<\/p>\n<p>Y\u00f6nlendirme sap\u0131 ayr\u0131ca \u00e7eki demiri olarak kullan\u0131lmaktad\u0131r. \u00c7ekici troylerin arkas\u0131na ba\u011flayarak istedi\u011finiz yere kolayl\u0131kla g\u00f6t\u00fcrebilirsiniz.<br \/>\nTonluk ila\u00e7lama depolar\u0131 ilac\u0131n, i\u00e7 ve d\u0131\u015f ortam \u015fartlar\u0131n\u0131n olu\u015fturabilece\u011fi korozyon ihtimaline kar\u015f\u0131 dayan\u0131m \u00f6zelli\u011fine sahip ve kolay hareket ettirilebilmesi ve y\u00f6nlendirilebilmesi ad\u0131na hafif malzemeden imal edilmi\u015ftir.<\/p>\n<p>Makine \u00fczerinde yer alan motor,pompa, teker gruplar\u0131 d\u00fcnya standartlar\u0131na uygun kaliteli malzemelerden se\u00e7ilmektedir<br \/>\nTank \u00fczerinde ila\u00e7 miktar\u0131n\u0131 g\u00f6rebilece\u011finiz s\u0131v\u0131 g\u00f6stergesi bulunmaktad\u0131r.<\/p>\n<p><img data-recalc-dims=\"1\" decoding=\"async\" src=\"https:\/\/i0.wp.com\/www.seraymak.com\/resimler\/editor\/images\/T%C4%B0M-01.jpg?w=1290&#038;ssl=1\" alt=\"\" \/><\/p>\n<p>Pompa \u00fczerinde ve arka hortum \u00e7\u0131k\u0131\u015f yerlerinde filtre sistemi mevcuttur.<\/p>\n<\/div>\n<div class=\"w-100 mt-4\">\n<table class=\"table table-striped\">\n<tbody>\n<tr>\n<td>MODEL<\/td>\n<td>T\u0130M-02<\/td>\n<\/tr>\n<tr>\n<td>ENERJ\u0130 BESLEME<\/td>\n<td>380 Volt \/ 50 Hz<\/td>\n<\/tr>\n<tr>\n<td>POMPA MOTOR G\u00dcC\u00dc<\/td>\n<td>7,5 Kw<\/td>\n<\/tr>\n<tr>\n<td>POMPA \u00c7ALI\u015eMA MAKS\u0130MUM BASINCI<\/td>\n<td>50 Bar<\/td>\n<\/tr>\n<tr>\n<td>POMPA MAKS\u0130MUM DEB\u0130S\u0130<\/td>\n<td>99 Litre \/ Dakika<\/td>\n<\/tr>\n<tr>\n<td>\u00c7ALI\u015eMA S\u00dcRES\u0130 (Kullan\u0131ma Ba\u011fl\u0131)<\/td>\n<td>S\u00fcresiz<\/td>\n<\/tr>\n<tr>\n<td>\u0130LAC TANKI HACM\u0130<\/td>\n<td>2000 Litre<\/td>\n<\/tr>\n<tr>\n<td>TANK MALZEMES\u0130<\/td>\n<td>POLYESTER<\/td>\n<\/tr>\n<tr>\n<td>SU SEV\u0130YE G\u00d6STERGES\u0130<\/td>\n<td>MEVCUT<\/td>\n<\/tr>\n<tr>\n<td>EL YIKAMA HAZNES\u0130<\/td>\n<td>MEVCUT<\/td>\n<\/tr>\n<tr>\n<td>MAK\u0130NE A\u011eIRLI\u011eI<\/td>\n<td>446 kg<\/td>\n<\/tr>\n<tr>\n<td>MAK\u0130NE HAREKET\u0130<\/td>\n<td>MANUEL<\/td>\n<\/tr>\n<tr>\n<td>MAK\u0130NE Y\u00d6NLEND\u0130RME<\/td>\n<td>MANUEL (D\u00f6ner Tekerler)<\/td>\n<\/tr>\n<tr>\n<td>\u00c7EK\u0130 SAPI<\/td>\n<td>MEVCUT<\/td>\n<\/tr>\n<tr>\n<td>LAST\u0130K TEKER \u00d6L\u00c7\u00dcLER\u0130<\/td>\n<td>10.0 \/ 80 &#8211; 12 IMP<\/td>\n<\/tr>\n<tr>\n<td>MAK\u0130NE UZUNLU\u011eU<\/td>\n<td>2830 mm<\/td>\n<\/tr>\n<tr>\n<td>MAK\u0130NE GEN\u0130\u015eL\u0130\u011e\u0130<\/td>\n<td>1680 mm<\/td>\n<\/tr>\n<tr>\n<td>MAK\u0130NE Y\u00dcKSEKL\u0130\u011e\u0130<\/td>\n<td>1460 mm<\/td>\n<\/tr>\n<tr>\n<td>GARANT\u0130<\/td>\n<td>24 AY<\/td>\n<\/tr>\n<\/tbody>\n<\/table>\n<\/div>","protected":false},"excerpt":{"rendered":"<p>T\u0130M-02 2 Ton \u0130la\u00e7 Kapasiteli Tank, seralarda ilac\u0131 haz\u0131rlay\u0131p hortumlu ila\u00e7lama arabalar\u0131na istenilen bas\u0131n\u00e7ta basabilmeye olanak sa\u011flayan makinalard\u0131r. T\u0130M modelleri haval\u0131 lastik tekerleri sayesine her zeminde kullan\u0131ma uygundur.<\/p>\n<p>Seran\u0131z\u0131n demirba\u015flar\u0131ndan olan T\u0130M tonluk ila\u00e7lama modelleri uygun fiyat\u0131 ile tercihleriniz aras\u0131na yer alacakt\u0131r.<\/p>\n<p>[blocksy-content-block id=&#8221;2469&#8243;]<\/p>\n","protected":false},"featured_media":2361,"comment_status":"open","ping_status":"closed","template":"","meta":{"tpgb_global_settings":"","_vp_format_video_url":"","_vp_image_focal_point":[]},"product_brand":[],"product_cat":[152,172],"product_tag":[169,168,170,173],"class_list":{"0":"post-2358","1":"product","2":"type-product","3":"status-publish","4":"has-post-thumbnail","6":"product_cat-sera-makineleri","7":"product_cat-tonluk-ilaclama-makineleri","8":"product_tag-ilaclama-arabasi","9":"product_tag-ilaclama-makinesi","10":"product_tag-sera-ilaclama","11":"product_tag-tonluk-ilaclama","13":"first","14":"instock","15":"taxable","16":"shipping-taxable","17":"product-type-grouped"},"yoast_head":"<!-- This site is optimized with the Yoast SEO plugin v27.4 - https:\/\/yoast.com\/product\/yoast-seo-wordpress\/ -->\n<title>T\u0130M-02 2 Tonluk \u0130la\u00e7lama Makinas\u0131 - Hidroponik Bah\u00e7e<\/title>\n<meta name=\"description\" content=\"T\u0130M-02 2 Ton \u0130la\u00e7 Kapasiteli Tank, seralarda ilac\u0131 haz\u0131rlay\u0131p hortumlu ila\u00e7lama arabalar\u0131na istenilen bas\u0131n\u00e7ta basabilmeye olanak sa\u011flayan ila\u00e7lama arabas\u0131\" \/>\n<meta name=\"robots\" content=\"index, follow, max-snippet:-1, max-image-preview:large, max-video-preview:-1\" \/>\n<link rel=\"canonical\" href=\"https:\/\/hidroponikbahce.com\/market\/tim-02-2-tonluk-ilaclama-makinasi\/\" \/>\n<meta property=\"og:locale\" content=\"en_US\" \/>\n<meta property=\"og:type\" content=\"article\" \/>\n<meta property=\"og:title\" content=\"T\u0130M-02 2 Tonluk \u0130la\u00e7lama Makinas\u0131 - Hidroponik Bah\u00e7e\" \/>\n<meta property=\"og:description\" content=\"T\u0130M-02 2 Ton \u0130la\u00e7 Kapasiteli Tank, seralarda ilac\u0131 haz\u0131rlay\u0131p hortumlu ila\u00e7lama arabalar\u0131na istenilen bas\u0131n\u00e7ta basabilmeye olanak sa\u011flayan ila\u00e7lama arabas\u0131\" \/>\n<meta property=\"og:url\" content=\"https:\/\/hidroponikbahce.com\/market\/tim-02-2-tonluk-ilaclama-makinasi\/\" \/>\n<meta property=\"og:site_name\" content=\"Hidroponik Bah\u00e7e\" \/>\n<meta property=\"article:publisher\" content=\"https:\/\/www.facebook.com\/hydroponic.farm.5\" \/>\n<meta property=\"article:modified_time\" content=\"2022-12-17T08:37:36+00:00\" \/>\n<meta property=\"og:image\" content=\"https:\/\/i0.wp.com\/hidroponikbahce.com\/wp-content\/uploads\/2022\/12\/tonluk-ilaclama-makinesi-tim-02-3.jpg?fit=539%2C600&ssl=1\" \/>\n\t<meta property=\"og:image:width\" content=\"539\" \/>\n\t<meta property=\"og:image:height\" content=\"600\" \/>\n\t<meta property=\"og:image:type\" content=\"image\/jpeg\" \/>\n<meta name=\"twitter:card\" content=\"summary_large_image\" \/>\n<meta name=\"twitter:label1\" content=\"Est. reading time\" \/>\n\t<meta name=\"twitter:data1\" content=\"2 minutes\" \/>\n<script type=\"application\/ld+json\" class=\"yoast-schema-graph\">{\"@context\":\"https:\\\/\\\/schema.org\",\"@graph\":[{\"@type\":\"WebPage\",\"@id\":\"https:\\\/\\\/hidroponikbahce.com\\\/market\\\/tim-02-2-tonluk-ilaclama-makinasi\\\/\",\"url\":\"https:\\\/\\\/hidroponikbahce.com\\\/market\\\/tim-02-2-tonluk-ilaclama-makinasi\\\/\",\"name\":\"T\u0130M-02 2 Tonluk \u0130la\u00e7lama Makinas\u0131 - Hidroponik Bah\u00e7e\",\"isPartOf\":{\"@id\":\"https:\\\/\\\/hidroponikbahce.com\\\/#website\"},\"primaryImageOfPage\":{\"@id\":\"https:\\\/\\\/hidroponikbahce.com\\\/market\\\/tim-02-2-tonluk-ilaclama-makinasi\\\/#primaryimage\"},\"image\":{\"@id\":\"https:\\\/\\\/hidroponikbahce.com\\\/market\\\/tim-02-2-tonluk-ilaclama-makinasi\\\/#primaryimage\"},\"thumbnailUrl\":\"https:\\\/\\\/i0.wp.com\\\/hidroponikbahce.net\\\/wp-content\\\/uploads\\\/2022\\\/12\\\/tonluk-ilaclama-makinesi-tim-02-3.jpg?fit=539%2C600&ssl=1\",\"datePublished\":\"2022-12-17T06:03:24+00:00\",\"dateModified\":\"2022-12-17T08:37:36+00:00\",\"description\":\"T\u0130M-02 2 Ton \u0130la\u00e7 Kapasiteli Tank, seralarda ilac\u0131 haz\u0131rlay\u0131p hortumlu ila\u00e7lama arabalar\u0131na istenilen bas\u0131n\u00e7ta basabilmeye olanak sa\u011flayan ila\u00e7lama arabas\u0131\",\"breadcrumb\":{\"@id\":\"https:\\\/\\\/hidroponikbahce.com\\\/market\\\/tim-02-2-tonluk-ilaclama-makinasi\\\/#breadcrumb\"},\"inLanguage\":\"en-US\",\"potentialAction\":[{\"@type\":\"ReadAction\",\"target\":[\"https:\\\/\\\/hidroponikbahce.com\\\/market\\\/tim-02-2-tonluk-ilaclama-makinasi\\\/\"]}]},{\"@type\":\"ImageObject\",\"inLanguage\":\"en-US\",\"@id\":\"https:\\\/\\\/hidroponikbahce.com\\\/market\\\/tim-02-2-tonluk-ilaclama-makinasi\\\/#primaryimage\",\"url\":\"https:\\\/\\\/i0.wp.com\\\/hidroponikbahce.net\\\/wp-content\\\/uploads\\\/2022\\\/12\\\/tonluk-ilaclama-makinesi-tim-02-3.jpg?fit=539%2C600&ssl=1\",\"contentUrl\":\"https:\\\/\\\/i0.wp.com\\\/hidroponikbahce.net\\\/wp-content\\\/uploads\\\/2022\\\/12\\\/tonluk-ilaclama-makinesi-tim-02-3.jpg?fit=539%2C600&ssl=1\",\"width\":539,\"height\":600},{\"@type\":\"BreadcrumbList\",\"@id\":\"https:\\\/\\\/hidroponikbahce.com\\\/market\\\/tim-02-2-tonluk-ilaclama-makinasi\\\/#breadcrumb\",\"itemListElement\":[{\"@type\":\"ListItem\",\"position\":1,\"name\":\"Anasayfa\",\"item\":\"https:\\\/\\\/hidroponikbahce.net\\\/\"},{\"@type\":\"ListItem\",\"position\":2,\"name\":\"Market\",\"item\":\"https:\\\/\\\/hidroponikbahce.com\\\/market\\\/\"},{\"@type\":\"ListItem\",\"position\":3,\"name\":\"T\u0130M-02 2 Tonluk \u0130la\u00e7lama Makinas\u0131\"}]},{\"@type\":\"WebSite\",\"@id\":\"https:\\\/\\\/hidroponikbahce.com\\\/#website\",\"url\":\"https:\\\/\\\/hidroponikbahce.com\\\/\",\"name\":\"Hidroponik Bah\u00e7e\",\"description\":\"Topraks\u0131z Tar\u0131m Sistemleri\",\"publisher\":{\"@id\":\"https:\\\/\\\/hidroponikbahce.com\\\/#organization\"},\"potentialAction\":[{\"@type\":\"SearchAction\",\"target\":{\"@type\":\"EntryPoint\",\"urlTemplate\":\"https:\\\/\\\/hidroponikbahce.com\\\/?s={search_term_string}\"},\"query-input\":{\"@type\":\"PropertyValueSpecification\",\"valueRequired\":true,\"valueName\":\"search_term_string\"}}],\"inLanguage\":\"en-US\"},{\"@type\":\"Organization\",\"@id\":\"https:\\\/\\\/hidroponikbahce.com\\\/#organization\",\"name\":\"Hidroponik Bah\u00e7e\",\"url\":\"https:\\\/\\\/hidroponikbahce.com\\\/\",\"logo\":{\"@type\":\"ImageObject\",\"inLanguage\":\"en-US\",\"@id\":\"https:\\\/\\\/hidroponikbahce.com\\\/#\\\/schema\\\/logo\\\/image\\\/\",\"url\":\"https:\\\/\\\/i0.wp.com\\\/hidroponikbahce.net\\\/wp-content\\\/uploads\\\/2022\\\/12\\\/Logo-Hidroponik-Bahce.png?fit=2000%2C350&ssl=1\",\"contentUrl\":\"https:\\\/\\\/i0.wp.com\\\/hidroponikbahce.net\\\/wp-content\\\/uploads\\\/2022\\\/12\\\/Logo-Hidroponik-Bahce.png?fit=2000%2C350&ssl=1\",\"width\":2000,\"height\":350,\"caption\":\"Hidroponik Bah\u00e7e\"},\"image\":{\"@id\":\"https:\\\/\\\/hidroponikbahce.com\\\/#\\\/schema\\\/logo\\\/image\\\/\"},\"sameAs\":[\"https:\\\/\\\/www.facebook.com\\\/hydroponic.farm.5\",\"https:\\\/\\\/www.instagram.com\\\/hydroponic_market\\\/\",\"https:\\\/\\\/tr-tr.facebook.com\\\/groups\\\/205584269848909\\\/?mibextid=6NoCDW\",\"https:\\\/\\\/www.linkedin.com\\\/in\\\/hydroponic-farm-farmer-academy-249b3b196\",\"https:\\\/\\\/www.youtube.com\\\/channel\\\/UCkiZ8fuHlNtao_MkEQRhN-A\"]}]}<\/script>\n<!-- \/ Yoast SEO plugin. -->","yoast_head_json":{"title":"T\u0130M-02 2 Tonluk \u0130la\u00e7lama Makinas\u0131 - Hidroponik Bah\u00e7e","description":"T\u0130M-02 2 Ton \u0130la\u00e7 Kapasiteli Tank, seralarda ilac\u0131 haz\u0131rlay\u0131p hortumlu ila\u00e7lama arabalar\u0131na istenilen bas\u0131n\u00e7ta basabilmeye olanak sa\u011flayan ila\u00e7lama arabas\u0131","robots":{"index":"index","follow":"follow","max-snippet":"max-snippet:-1","max-image-preview":"max-image-preview:large","max-video-preview":"max-video-preview:-1"},"canonical":"https:\/\/hidroponikbahce.com\/market\/tim-02-2-tonluk-ilaclama-makinasi\/","og_locale":"en_US","og_type":"article","og_title":"T\u0130M-02 2 Tonluk \u0130la\u00e7lama Makinas\u0131 - Hidroponik Bah\u00e7e","og_description":"T\u0130M-02 2 Ton \u0130la\u00e7 Kapasiteli Tank, seralarda ilac\u0131 haz\u0131rlay\u0131p hortumlu ila\u00e7lama arabalar\u0131na istenilen bas\u0131n\u00e7ta basabilmeye olanak sa\u011flayan ila\u00e7lama arabas\u0131","og_url":"https:\/\/hidroponikbahce.com\/market\/tim-02-2-tonluk-ilaclama-makinasi\/","og_site_name":"Hidroponik Bah\u00e7e","article_publisher":"https:\/\/www.facebook.com\/hydroponic.farm.5","article_modified_time":"2022-12-17T08:37:36+00:00","og_image":[{"width":539,"height":600,"url":"https:\/\/i0.wp.com\/hidroponikbahce.com\/wp-content\/uploads\/2022\/12\/tonluk-ilaclama-makinesi-tim-02-3.jpg?fit=539%2C600&ssl=1","type":"image\/jpeg"}],"twitter_card":"summary_large_image","twitter_misc":{"Est. reading time":"2 minutes"},"schema":{"@context":"https:\/\/schema.org","@graph":[{"@type":"WebPage","@id":"https:\/\/hidroponikbahce.com\/market\/tim-02-2-tonluk-ilaclama-makinasi\/","url":"https:\/\/hidroponikbahce.com\/market\/tim-02-2-tonluk-ilaclama-makinasi\/","name":"T\u0130M-02 2 Tonluk \u0130la\u00e7lama Makinas\u0131 - Hidroponik Bah\u00e7e","isPartOf":{"@id":"https:\/\/hidroponikbahce.com\/#website"},"primaryImageOfPage":{"@id":"https:\/\/hidroponikbahce.com\/market\/tim-02-2-tonluk-ilaclama-makinasi\/#primaryimage"},"image":{"@id":"https:\/\/hidroponikbahce.com\/market\/tim-02-2-tonluk-ilaclama-makinasi\/#primaryimage"},"thumbnailUrl":"https:\/\/i0.wp.com\/hidroponikbahce.net\/wp-content\/uploads\/2022\/12\/tonluk-ilaclama-makinesi-tim-02-3.jpg?fit=539%2C600&ssl=1","datePublished":"2022-12-17T06:03:24+00:00","dateModified":"2022-12-17T08:37:36+00:00","description":"T\u0130M-02 2 Ton \u0130la\u00e7 Kapasiteli Tank, seralarda ilac\u0131 haz\u0131rlay\u0131p hortumlu ila\u00e7lama arabalar\u0131na istenilen bas\u0131n\u00e7ta basabilmeye olanak sa\u011flayan ila\u00e7lama arabas\u0131","breadcrumb":{"@id":"https:\/\/hidroponikbahce.com\/market\/tim-02-2-tonluk-ilaclama-makinasi\/#breadcrumb"},"inLanguage":"en-US","potentialAction":[{"@type":"ReadAction","target":["https:\/\/hidroponikbahce.com\/market\/tim-02-2-tonluk-ilaclama-makinasi\/"]}]},{"@type":"ImageObject","inLanguage":"en-US","@id":"https:\/\/hidroponikbahce.com\/market\/tim-02-2-tonluk-ilaclama-makinasi\/#primaryimage","url":"https:\/\/i0.wp.com\/hidroponikbahce.net\/wp-content\/uploads\/2022\/12\/tonluk-ilaclama-makinesi-tim-02-3.jpg?fit=539%2C600&ssl=1","contentUrl":"https:\/\/i0.wp.com\/hidroponikbahce.net\/wp-content\/uploads\/2022\/12\/tonluk-ilaclama-makinesi-tim-02-3.jpg?fit=539%2C600&ssl=1","width":539,"height":600},{"@type":"BreadcrumbList","@id":"https:\/\/hidroponikbahce.com\/market\/tim-02-2-tonluk-ilaclama-makinasi\/#breadcrumb","itemListElement":[{"@type":"ListItem","position":1,"name":"Anasayfa","item":"https:\/\/hidroponikbahce.net\/"},{"@type":"ListItem","position":2,"name":"Market","item":"https:\/\/hidroponikbahce.com\/market\/"},{"@type":"ListItem","position":3,"name":"T\u0130M-02 2 Tonluk \u0130la\u00e7lama Makinas\u0131"}]},{"@type":"WebSite","@id":"https:\/\/hidroponikbahce.com\/#website","url":"https:\/\/hidroponikbahce.com\/","name":"Hidroponik Bah\u00e7e","description":"Soilless Agricultural Systems","publisher":{"@id":"https:\/\/hidroponikbahce.com\/#organization"},"potentialAction":[{"@type":"SearchAction","target":{"@type":"EntryPoint","urlTemplate":"https:\/\/hidroponikbahce.com\/?s={search_term_string}"},"query-input":{"@type":"PropertyValueSpecification","valueRequired":true,"valueName":"search_term_string"}}],"inLanguage":"en-US"},{"@type":"Organization","@id":"https:\/\/hidroponikbahce.com\/#organization","name":"Hidroponik Bah\u00e7e","url":"https:\/\/hidroponikbahce.com\/","logo":{"@type":"ImageObject","inLanguage":"en-US","@id":"https:\/\/hidroponikbahce.com\/#\/schema\/logo\/image\/","url":"https:\/\/i0.wp.com\/hidroponikbahce.net\/wp-content\/uploads\/2022\/12\/Logo-Hidroponik-Bahce.png?fit=2000%2C350&ssl=1","contentUrl":"https:\/\/i0.wp.com\/hidroponikbahce.net\/wp-content\/uploads\/2022\/12\/Logo-Hidroponik-Bahce.png?fit=2000%2C350&ssl=1","width":2000,"height":350,"caption":"Hidroponik Bah\u00e7e"},"image":{"@id":"https:\/\/hidroponikbahce.com\/#\/schema\/logo\/image\/"},"sameAs":["https:\/\/www.facebook.com\/hydroponic.farm.5","https:\/\/www.instagram.com\/hydroponic_market\/","https:\/\/tr-tr.facebook.com\/groups\/205584269848909\/?mibextid=6NoCDW","https:\/\/www.linkedin.com\/in\/hydroponic-farm-farmer-academy-249b3b196","https:\/\/www.youtube.com\/channel\/UCkiZ8fuHlNtao_MkEQRhN-A"]}]}},"tpgb_featured_images":{"full":["https:\/\/i0.wp.com\/hidroponikbahce.net\/wp-content\/uploads\/2022\/12\/tonluk-ilaclama-makinesi-tim-02-3.jpg?fit=539%2C600&ssl=1",539,600,false],"tp-image-grid":["https:\/\/i0.wp.com\/hidroponikbahce.net\/wp-content\/uploads\/2022\/12\/tonluk-ilaclama-makinesi-tim-02-3.jpg?resize=539%2C600&ssl=1",700,700,true],"thumbnail":["https:\/\/i0.wp.com\/hidroponikbahce.net\/wp-content\/uploads\/2022\/12\/tonluk-ilaclama-makinesi-tim-02-3.jpg?resize=150%2C150&ssl=1",150,150,true],"medium":["https:\/\/i0.wp.com\/hidroponikbahce.net\/wp-content\/uploads\/2022\/12\/tonluk-ilaclama-makinesi-tim-02-3.jpg?fit=270%2C300&ssl=1",270,300,true],"medium_large":["https:\/\/i0.wp.com\/hidroponikbahce.net\/wp-content\/uploads\/2022\/12\/tonluk-ilaclama-makinesi-tim-02-3.jpg?fit=539%2C600&ssl=1",539,600,true],"large":["https:\/\/i0.wp.com\/hidroponikbahce.net\/wp-content\/uploads\/2022\/12\/tonluk-ilaclama-makinesi-tim-02-3.jpg?fit=539%2C600&ssl=1",539,600,true],"default":"https:\/\/hidroponikbahce.net\/wp-content\/plugins\/the-plus-addons-for-block-editor\/assets\/images\/tpgb-placeholder.jpg"},"tpgb_post_meta_info":{"get_date":"December 17, 2022","get_modified_date":"December 17, 2022","category_list":{"product_brand":false,"product_cat":[{"term_id":152,"name":"Sera Makineleri","slug":"sera-makineleri","term_group":0,"term_taxonomy_id":152,"taxonomy":"product_cat","description":"Seran\u0131zda ve tar\u0131m arazinizce i\u015finizi kolayla\u015ft\u0131racak, daha profesyonel \u00e7al\u0131\u015fman\u0131za imkan sa\u011flayacak makinalar","parent":0,"count":34,"filter":"raw"},{"term_id":172,"name":"Tonluk \u0130la\u00e7lama Makineleri","slug":"tonluk-ilaclama-makineleri","term_group":0,"term_taxonomy_id":172,"taxonomy":"product_cat","description":"Sera ila\u00e7lama makinesi, seralarda bitkilerin b\u00fcy\u00fcmesi s\u0131ras\u0131nda kar\u015f\u0131la\u015fabilecekleri zararl\u0131 b\u00f6cekleri, ha\u015fereleri ve bitki hastal\u0131klar\u0131n\u0131 \u00f6nlemek amac\u0131yla kullan\u0131lan bir cihazd\u0131r. Bu cihazlar, seralarda bulunan hava ak\u0131\u015f\u0131n\u0131 kontrol ederek, ila\u00e7lar\u0131n sera i\u00e7inde yay\u0131lmas\u0131n\u0131 sa\u011flar. Bu sayede, bitkilerin b\u00fcy\u00fcmesi s\u0131ras\u0131nda zararl\u0131 b\u00f6ceklerin ve ha\u015ferelerin etkisinden korunur ve bitki hastal\u0131klar\u0131n\u0131n ortaya \u00e7\u0131kmas\u0131 \u00f6nlenebilir. Sera ila\u00e7lama makinesi, genellikle hava ve su ile \u00e7al\u0131\u015fan bir pompa veya kompres\u00f6r kullan\u0131larak \u00e7al\u0131\u015f\u0131r ve ila\u00e7lar\u0131n sera i\u00e7inde yay\u0131lmas\u0131n\u0131 sa\u011flar. Bu cihazlar, ayr\u0131ca hava sirk\u00fclasyonunu iyile\u015ftirme amac\u0131yla kullan\u0131lan bir hava filtresi de i\u00e7erebilir. Sera ila\u00e7lama makinesi, seralarda yeti\u015ftirilen bitkilerin sa\u011fl\u0131kl\u0131 bir \u015fekilde b\u00fcy\u00fcmesine yard\u0131mc\u0131 olur ve bu sayede, bitki \u00fcretiminin verimlili\u011fini artt\u0131r\u0131r.","parent":152,"count":3,"filter":"raw"}],"product_tag":[{"term_id":169,"name":"ila\u00e7lama arabas\u0131","slug":"ilaclama-arabasi","term_group":0,"term_taxonomy_id":169,"taxonomy":"product_tag","description":"","parent":0,"count":8,"filter":"raw"},{"term_id":168,"name":"ila\u00e7lama makinesi","slug":"ilaclama-makinesi","term_group":0,"term_taxonomy_id":168,"taxonomy":"product_tag","description":"","parent":0,"count":7,"filter":"raw"},{"term_id":170,"name":"sera ila\u00e7lama","slug":"sera-ilaclama","term_group":0,"term_taxonomy_id":170,"taxonomy":"product_tag","description":"","parent":0,"count":9,"filter":"raw"},{"term_id":173,"name":"tonluk ila\u00e7lama","slug":"tonluk-ilaclama","term_group":0,"term_taxonomy_id":173,"taxonomy":"product_tag","description":"","parent":0,"count":3,"filter":"raw"}]},"comment_count":0,"post_likes":0,"post_views":0},"tpgb_post_category":{"product_cat":"<a href=\"https:\/\/hidroponikbahce.net\/en\/product-category\/sera-makineleri\/\" alt=\"Sera Makineleri\"  class=\"product_cat-sera-makineleri\">Sera Makineleri<\/a> <a href=\"https:\/\/hidroponikbahce.net\/en\/product-category\/sera-makineleri\/tonluk-ilaclama-makineleri\/\" alt=\"Tonluk \u0130la\u00e7lama Makineleri\"  class=\"product_cat-tonluk-ilaclama-makineleri\">Tonluk \u0130la\u00e7lama Makineleri<\/a> ","product_tag":"<a href=\"https:\/\/hidroponikbahce.net\/en\/product-tag\/ilaclama-arabasi\/\" alt=\"ila\u00e7lama arabas\u0131\"  class=\"product_tag-ilaclama-arabasi\">ila\u00e7lama arabas\u0131<\/a> <a href=\"https:\/\/hidroponikbahce.net\/en\/product-tag\/ilaclama-makinesi\/\" alt=\"ila\u00e7lama makinesi\"  class=\"product_tag-ilaclama-makinesi\">ila\u00e7lama makinesi<\/a> <a href=\"https:\/\/hidroponikbahce.net\/en\/product-tag\/sera-ilaclama\/\" alt=\"sera ila\u00e7lama\"  class=\"product_tag-sera-ilaclama\">sera ila\u00e7lama<\/a> <a href=\"https:\/\/hidroponikbahce.net\/en\/product-tag\/tonluk-ilaclama\/\" alt=\"tonluk ila\u00e7lama\"  class=\"product_tag-tonluk-ilaclama\">tonluk ila\u00e7lama<\/a> "},"tpgb_product_data":{"price_html":"","type":"grouped","gallery":["https:\/\/i0.wp.com\/hidroponikbahce.net\/wp-content\/uploads\/2022\/12\/tonluk-ilaclama-makinesi-tim-02-2.jpg?fit=539%2C600&ssl=1",539,600,false],"category":"Sera Makineleri","procatslug":"sera-makineleri"},"jetpack-related-posts":[],"jetpack_sharing_enabled":true,"_links":{"self":[{"href":"https:\/\/hidroponikbahce.net\/en\/wp-json\/wp\/v2\/product\/2358","targetHints":{"allow":["GET"]}}],"collection":[{"href":"https:\/\/hidroponikbahce.net\/en\/wp-json\/wp\/v2\/product"}],"about":[{"href":"https:\/\/hidroponikbahce.net\/en\/wp-json\/wp\/v2\/types\/product"}],"replies":[{"embeddable":true,"href":"https:\/\/hidroponikbahce.net\/en\/wp-json\/wp\/v2\/comments?post=2358"}],"wp:featuredmedia":[{"embeddable":true,"href":"https:\/\/hidroponikbahce.net\/en\/wp-json\/wp\/v2\/media\/2361"}],"wp:attachment":[{"href":"https:\/\/hidroponikbahce.net\/en\/wp-json\/wp\/v2\/media?parent=2358"}],"wp:term":[{"taxonomy":"product_brand","embeddable":true,"href":"https:\/\/hidroponikbahce.net\/en\/wp-json\/wp\/v2\/product_brand?post=2358"},{"taxonomy":"product_cat","embeddable":true,"href":"https:\/\/hidroponikbahce.net\/en\/wp-json\/wp\/v2\/product_cat?post=2358"},{"taxonomy":"product_tag","embeddable":true,"href":"https:\/\/hidroponikbahce.net\/en\/wp-json\/wp\/v2\/product_tag?post=2358"}],"curies":[{"name":"wp","href":"https:\/\/api.w.org\/{rel}","templated":true}]}}