{"id":2350,"date":"2022-12-16T18:38:00","date_gmt":"2022-12-16T15:38:00","guid":{"rendered":"https:\/\/hidroponikbahce.com\/?post_type=product&#038;p=2350"},"modified":"2022-12-17T11:38:02","modified_gmt":"2022-12-17T08:38:02","slug":"benzinli-ilaclama-makinasi","status":"publish","type":"product","link":"https:\/\/hidroponikbahce.net\/en\/market\/benzinli-ilaclama-makinasi\/","title":{"rendered":"Benzinli \u0130la\u00e7lama Makinas\u0131"},"content":{"rendered":"<p>Manuel Benzinli Tankl\u0131 <strong>B\u0130M-01<\/strong> \u0130la\u00e7lama Makinesi modeli seralarda geleneksel y\u00f6ntemleri geride b\u0131rakarak h\u0131zl\u0131 , homojen ila\u00e7lama yapmas\u0131 ve kullan\u0131c\u0131ya kolayl\u0131k sa\u011flamas\u0131 \u00fczere tasarlanm\u0131\u015ft\u0131r.<\/p>\n<p><strong>-B\u0130M-01<\/strong> tankl\u0131 ila\u00e7lama modelidir . Kullan\u0131c\u0131 hi\u00e7bir yard\u0131mc\u0131 hortum vs. ile u\u011fra\u015fmadan depoya ilac\u0131n\u0131 koyup ila\u00e7lamaya ba\u015flayabilir.<br \/>\n<strong>-B\u0130M-01<\/strong> tamamen kullan\u0131c\u0131n\u0131n kolayl\u0131\u011f\u0131 a\u00e7\u0131s\u0131ndan tasarlanm\u0131\u015ft\u0131r.<br \/>\n-Modelimizin nozul say\u0131s\u0131 kullan\u0131c\u0131n\u0131n ihtiyac\u0131na g\u00f6re de\u011fi\u015fkenlik g\u00f6sterebilir. Standart olarak 6-6 12 adet nozul bulunmaktad\u0131r.<br \/>\n-Nozul k\u0131sm\u0131 yatay hale gelerek al\u00e7ak kap\u0131lardan ge\u00e7erken , serada hol de\u011fi\u015fikli\u011fi yaparken size kolayl\u0131k sa\u011flamaktad\u0131r.<br \/>\n<strong>-B\u0130M-01<\/strong> modelimizin \u00fczerinde kullan\u0131c\u0131lara kolayl\u0131k sa\u011flayacak e\u015fya cebi bulunmaktad\u0131r.<br \/>\n<strong>-B\u0130M-01<\/strong> Modeli\u00a0daralt\u0131lm\u0131\u015f eni ile \u00e7al\u0131\u015fma esnas\u0131nda bitkilere zarar vermeyecek \u015fekilde tasarlanm\u0131\u015ft\u0131r.<\/p>\n<p>&#8211;Basit yap\u0131s\u0131\u00a0ile hem i\u015flevsel hem de uygun fiyatl\u0131 \u00fcr\u00fcn arayanlar i\u00e7in m\u00fckemmel bir tercih.&#8211;<\/p>","protected":false},"excerpt":{"rendered":"<p>Manuel Benzinli Tankl\u0131 <strong>B\u0130M-01<\/strong> \u0130la\u00e7lama Makinesi modeli seralarda geleneksel y\u00f6ntemleri geride b\u0131rakarak h\u0131zl\u0131 , homojen ila\u00e7lama yapmas\u0131 ve kullan\u0131c\u0131ya kolayl\u0131k sa\u011flamas\u0131 \u00fczere tasarlanm\u0131\u015ft\u0131r.<\/p>\n<p><strong>-B\u0130M-01<\/strong> tankl\u0131 ila\u00e7lama modelidir . Kullan\u0131c\u0131 hi\u00e7bir yard\u0131mc\u0131 hortum vs. ile u\u011fra\u015fmadan depoya ilac\u0131n\u0131 koyup ila\u00e7lamaya ba\u015flayabilir.<br \/>\n<strong>-B\u0130M-01<\/strong> tamamen kullan\u0131c\u0131n\u0131n kolayl\u0131\u011f\u0131 a\u00e7\u0131s\u0131ndan tasarlanm\u0131\u015ft\u0131r.<br \/>\n-Modelimizin nozul say\u0131s\u0131 kullan\u0131c\u0131n\u0131n ihtiyac\u0131na g\u00f6re de\u011fi\u015fkenlik g\u00f6sterebilir. Standart olarak 6-6 12 adet nozul bulunmaktad\u0131r.<br \/>\n-Nozul k\u0131sm\u0131 yatay hale gelerek al\u00e7ak kap\u0131lardan ge\u00e7erken , serada hol de\u011fi\u015fikli\u011fi yaparken size kolayl\u0131k sa\u011flamaktad\u0131r.<br \/>\n<strong>-B\u0130M-01<\/strong> modelimizin \u00fczerinde kullan\u0131c\u0131lara kolayl\u0131k sa\u011flayacak e\u015fya cebi bulunmaktad\u0131r.<br \/>\n<strong>-B\u0130M-01<\/strong> Modeli\u00a0daralt\u0131lm\u0131\u015f eni ile \u00e7al\u0131\u015fma esnas\u0131nda bitkilere zarar vermeyecek \u015fekilde tasarlanm\u0131\u015ft\u0131r.<\/p>\n<p>[blocksy-content-block id=&#8221;2469&#8243;]<\/p>\n<p>&#8211;Basit yap\u0131s\u0131\u00a0ile hem i\u015flevsel hem de uygun fiyatl\u0131 \u00fcr\u00fcn arayanlar i\u00e7in m\u00fckemmel bir tercih.&#8211;<\/p>\n","protected":false},"featured_media":2351,"comment_status":"open","ping_status":"closed","template":"","meta":{"tpgb_global_settings":"","_vp_format_video_url":"","_vp_image_focal_point":[]},"product_brand":[],"product_cat":[167,152],"product_tag":[168,156,170],"class_list":{"0":"post-2350","1":"product","2":"type-product","3":"status-publish","4":"has-post-thumbnail","6":"product_cat-ilaclama-makineleri","7":"product_cat-sera-makineleri","8":"product_tag-ilaclama-makinesi","9":"product_tag-sera-arabasi","10":"product_tag-sera-ilaclama","12":"first","13":"instock","14":"taxable","15":"shipping-taxable","16":"product-type-grouped"},"yoast_head":"<!-- This site is optimized with the Yoast SEO plugin v27.4 - https:\/\/yoast.com\/product\/yoast-seo-wordpress\/ -->\n<title>Benzinli \u0130la\u00e7lama Makinas\u0131 - Hidroponik Bah\u00e7e<\/title>\n<meta name=\"description\" content=\"Benzinli ila\u00e7lama makinesi modeli seralarda geleneksel y\u00f6ntemleri geride b\u0131rakarak h\u0131zl\u0131, homojen ila\u00e7lama yapmas\u0131 ve kullan\u0131c\u0131ya kolayl\u0131k sa\u011flamas\u0131 \u00fczere\" \/>\n<meta name=\"robots\" content=\"index, follow, max-snippet:-1, max-image-preview:large, max-video-preview:-1\" \/>\n<link rel=\"canonical\" href=\"https:\/\/hidroponikbahce.com\/market\/benzinli-ilaclama-makinasi\/\" \/>\n<meta property=\"og:locale\" content=\"en_US\" \/>\n<meta property=\"og:type\" content=\"article\" \/>\n<meta property=\"og:title\" content=\"Benzinli \u0130la\u00e7lama Makinas\u0131 - Hidroponik Bah\u00e7e\" \/>\n<meta property=\"og:description\" content=\"Benzinli ila\u00e7lama makinesi modeli seralarda geleneksel y\u00f6ntemleri geride b\u0131rakarak h\u0131zl\u0131, homojen ila\u00e7lama yapmas\u0131 ve kullan\u0131c\u0131ya kolayl\u0131k sa\u011flamas\u0131 \u00fczere\" \/>\n<meta property=\"og:url\" content=\"https:\/\/hidroponikbahce.com\/market\/benzinli-ilaclama-makinasi\/\" \/>\n<meta property=\"og:site_name\" content=\"Hidroponik Bah\u00e7e\" \/>\n<meta property=\"article:publisher\" content=\"https:\/\/www.facebook.com\/hydroponic.farm.5\" \/>\n<meta property=\"article:modified_time\" content=\"2022-12-17T08:38:02+00:00\" \/>\n<meta property=\"og:image\" content=\"https:\/\/i0.wp.com\/hidroponikbahce.com\/wp-content\/uploads\/2022\/12\/benzinli-ilaclama-makinesi-bim-01.jpg?fit=900%2C675&ssl=1\" \/>\n\t<meta property=\"og:image:width\" content=\"900\" \/>\n\t<meta property=\"og:image:height\" content=\"675\" \/>\n\t<meta property=\"og:image:type\" content=\"image\/jpeg\" \/>\n<meta name=\"twitter:card\" content=\"summary_large_image\" \/>\n<meta name=\"twitter:label1\" content=\"Est. reading time\" \/>\n\t<meta name=\"twitter:data1\" content=\"1 minute\" \/>\n<script type=\"application\/ld+json\" class=\"yoast-schema-graph\">{\"@context\":\"https:\\\/\\\/schema.org\",\"@graph\":[{\"@type\":\"WebPage\",\"@id\":\"https:\\\/\\\/hidroponikbahce.com\\\/market\\\/benzinli-ilaclama-makinasi\\\/\",\"url\":\"https:\\\/\\\/hidroponikbahce.com\\\/market\\\/benzinli-ilaclama-makinasi\\\/\",\"name\":\"Benzinli \u0130la\u00e7lama Makinas\u0131 - Hidroponik Bah\u00e7e\",\"isPartOf\":{\"@id\":\"https:\\\/\\\/hidroponikbahce.com\\\/#website\"},\"primaryImageOfPage\":{\"@id\":\"https:\\\/\\\/hidroponikbahce.com\\\/market\\\/benzinli-ilaclama-makinasi\\\/#primaryimage\"},\"image\":{\"@id\":\"https:\\\/\\\/hidroponikbahce.com\\\/market\\\/benzinli-ilaclama-makinasi\\\/#primaryimage\"},\"thumbnailUrl\":\"https:\\\/\\\/i0.wp.com\\\/hidroponikbahce.net\\\/wp-content\\\/uploads\\\/2022\\\/12\\\/benzinli-ilaclama-makinesi-bim-01.jpg?fit=900%2C675&ssl=1\",\"datePublished\":\"2022-12-16T15:38:00+00:00\",\"dateModified\":\"2022-12-17T08:38:02+00:00\",\"description\":\"Benzinli ila\u00e7lama makinesi modeli seralarda geleneksel y\u00f6ntemleri geride b\u0131rakarak h\u0131zl\u0131, homojen ila\u00e7lama yapmas\u0131 ve kullan\u0131c\u0131ya kolayl\u0131k sa\u011flamas\u0131 \u00fczere\",\"breadcrumb\":{\"@id\":\"https:\\\/\\\/hidroponikbahce.com\\\/market\\\/benzinli-ilaclama-makinasi\\\/#breadcrumb\"},\"inLanguage\":\"en-US\",\"potentialAction\":[{\"@type\":\"ReadAction\",\"target\":[\"https:\\\/\\\/hidroponikbahce.com\\\/market\\\/benzinli-ilaclama-makinasi\\\/\"]}]},{\"@type\":\"ImageObject\",\"inLanguage\":\"en-US\",\"@id\":\"https:\\\/\\\/hidroponikbahce.com\\\/market\\\/benzinli-ilaclama-makinasi\\\/#primaryimage\",\"url\":\"https:\\\/\\\/i0.wp.com\\\/hidroponikbahce.net\\\/wp-content\\\/uploads\\\/2022\\\/12\\\/benzinli-ilaclama-makinesi-bim-01.jpg?fit=900%2C675&ssl=1\",\"contentUrl\":\"https:\\\/\\\/i0.wp.com\\\/hidroponikbahce.net\\\/wp-content\\\/uploads\\\/2022\\\/12\\\/benzinli-ilaclama-makinesi-bim-01.jpg?fit=900%2C675&ssl=1\",\"width\":900,\"height\":675},{\"@type\":\"BreadcrumbList\",\"@id\":\"https:\\\/\\\/hidroponikbahce.com\\\/market\\\/benzinli-ilaclama-makinasi\\\/#breadcrumb\",\"itemListElement\":[{\"@type\":\"ListItem\",\"position\":1,\"name\":\"Anasayfa\",\"item\":\"https:\\\/\\\/hidroponikbahce.net\\\/\"},{\"@type\":\"ListItem\",\"position\":2,\"name\":\"Market\",\"item\":\"https:\\\/\\\/hidroponikbahce.com\\\/market\\\/\"},{\"@type\":\"ListItem\",\"position\":3,\"name\":\"Benzinli \u0130la\u00e7lama Makinas\u0131\"}]},{\"@type\":\"WebSite\",\"@id\":\"https:\\\/\\\/hidroponikbahce.com\\\/#website\",\"url\":\"https:\\\/\\\/hidroponikbahce.com\\\/\",\"name\":\"Hidroponik Bah\u00e7e\",\"description\":\"Topraks\u0131z Tar\u0131m Sistemleri\",\"publisher\":{\"@id\":\"https:\\\/\\\/hidroponikbahce.com\\\/#organization\"},\"potentialAction\":[{\"@type\":\"SearchAction\",\"target\":{\"@type\":\"EntryPoint\",\"urlTemplate\":\"https:\\\/\\\/hidroponikbahce.com\\\/?s={search_term_string}\"},\"query-input\":{\"@type\":\"PropertyValueSpecification\",\"valueRequired\":true,\"valueName\":\"search_term_string\"}}],\"inLanguage\":\"en-US\"},{\"@type\":\"Organization\",\"@id\":\"https:\\\/\\\/hidroponikbahce.com\\\/#organization\",\"name\":\"Hidroponik Bah\u00e7e\",\"url\":\"https:\\\/\\\/hidroponikbahce.com\\\/\",\"logo\":{\"@type\":\"ImageObject\",\"inLanguage\":\"en-US\",\"@id\":\"https:\\\/\\\/hidroponikbahce.com\\\/#\\\/schema\\\/logo\\\/image\\\/\",\"url\":\"https:\\\/\\\/i0.wp.com\\\/hidroponikbahce.net\\\/wp-content\\\/uploads\\\/2022\\\/12\\\/Logo-Hidroponik-Bahce.png?fit=2000%2C350&ssl=1\",\"contentUrl\":\"https:\\\/\\\/i0.wp.com\\\/hidroponikbahce.net\\\/wp-content\\\/uploads\\\/2022\\\/12\\\/Logo-Hidroponik-Bahce.png?fit=2000%2C350&ssl=1\",\"width\":2000,\"height\":350,\"caption\":\"Hidroponik Bah\u00e7e\"},\"image\":{\"@id\":\"https:\\\/\\\/hidroponikbahce.com\\\/#\\\/schema\\\/logo\\\/image\\\/\"},\"sameAs\":[\"https:\\\/\\\/www.facebook.com\\\/hydroponic.farm.5\",\"https:\\\/\\\/www.instagram.com\\\/hydroponic_market\\\/\",\"https:\\\/\\\/tr-tr.facebook.com\\\/groups\\\/205584269848909\\\/?mibextid=6NoCDW\",\"https:\\\/\\\/www.linkedin.com\\\/in\\\/hydroponic-farm-farmer-academy-249b3b196\",\"https:\\\/\\\/www.youtube.com\\\/channel\\\/UCkiZ8fuHlNtao_MkEQRhN-A\"]}]}<\/script>\n<!-- \/ Yoast SEO plugin. -->","yoast_head_json":{"title":"Benzinli \u0130la\u00e7lama Makinas\u0131 - Hidroponik Bah\u00e7e","description":"Benzinli ila\u00e7lama makinesi modeli seralarda geleneksel y\u00f6ntemleri geride b\u0131rakarak h\u0131zl\u0131, homojen ila\u00e7lama yapmas\u0131 ve kullan\u0131c\u0131ya kolayl\u0131k sa\u011flamas\u0131 \u00fczere","robots":{"index":"index","follow":"follow","max-snippet":"max-snippet:-1","max-image-preview":"max-image-preview:large","max-video-preview":"max-video-preview:-1"},"canonical":"https:\/\/hidroponikbahce.com\/market\/benzinli-ilaclama-makinasi\/","og_locale":"en_US","og_type":"article","og_title":"Benzinli \u0130la\u00e7lama Makinas\u0131 - Hidroponik Bah\u00e7e","og_description":"Benzinli ila\u00e7lama makinesi modeli seralarda geleneksel y\u00f6ntemleri geride b\u0131rakarak h\u0131zl\u0131, homojen ila\u00e7lama yapmas\u0131 ve kullan\u0131c\u0131ya kolayl\u0131k sa\u011flamas\u0131 \u00fczere","og_url":"https:\/\/hidroponikbahce.com\/market\/benzinli-ilaclama-makinasi\/","og_site_name":"Hidroponik Bah\u00e7e","article_publisher":"https:\/\/www.facebook.com\/hydroponic.farm.5","article_modified_time":"2022-12-17T08:38:02+00:00","og_image":[{"width":900,"height":675,"url":"https:\/\/i0.wp.com\/hidroponikbahce.com\/wp-content\/uploads\/2022\/12\/benzinli-ilaclama-makinesi-bim-01.jpg?fit=900%2C675&ssl=1","type":"image\/jpeg"}],"twitter_card":"summary_large_image","twitter_misc":{"Est. reading time":"1 minute"},"schema":{"@context":"https:\/\/schema.org","@graph":[{"@type":"WebPage","@id":"https:\/\/hidroponikbahce.com\/market\/benzinli-ilaclama-makinasi\/","url":"https:\/\/hidroponikbahce.com\/market\/benzinli-ilaclama-makinasi\/","name":"Benzinli \u0130la\u00e7lama Makinas\u0131 - Hidroponik Bah\u00e7e","isPartOf":{"@id":"https:\/\/hidroponikbahce.com\/#website"},"primaryImageOfPage":{"@id":"https:\/\/hidroponikbahce.com\/market\/benzinli-ilaclama-makinasi\/#primaryimage"},"image":{"@id":"https:\/\/hidroponikbahce.com\/market\/benzinli-ilaclama-makinasi\/#primaryimage"},"thumbnailUrl":"https:\/\/i0.wp.com\/hidroponikbahce.net\/wp-content\/uploads\/2022\/12\/benzinli-ilaclama-makinesi-bim-01.jpg?fit=900%2C675&ssl=1","datePublished":"2022-12-16T15:38:00+00:00","dateModified":"2022-12-17T08:38:02+00:00","description":"Benzinli ila\u00e7lama makinesi modeli seralarda geleneksel y\u00f6ntemleri geride b\u0131rakarak h\u0131zl\u0131, homojen ila\u00e7lama yapmas\u0131 ve kullan\u0131c\u0131ya kolayl\u0131k sa\u011flamas\u0131 \u00fczere","breadcrumb":{"@id":"https:\/\/hidroponikbahce.com\/market\/benzinli-ilaclama-makinasi\/#breadcrumb"},"inLanguage":"en-US","potentialAction":[{"@type":"ReadAction","target":["https:\/\/hidroponikbahce.com\/market\/benzinli-ilaclama-makinasi\/"]}]},{"@type":"ImageObject","inLanguage":"en-US","@id":"https:\/\/hidroponikbahce.com\/market\/benzinli-ilaclama-makinasi\/#primaryimage","url":"https:\/\/i0.wp.com\/hidroponikbahce.net\/wp-content\/uploads\/2022\/12\/benzinli-ilaclama-makinesi-bim-01.jpg?fit=900%2C675&ssl=1","contentUrl":"https:\/\/i0.wp.com\/hidroponikbahce.net\/wp-content\/uploads\/2022\/12\/benzinli-ilaclama-makinesi-bim-01.jpg?fit=900%2C675&ssl=1","width":900,"height":675},{"@type":"BreadcrumbList","@id":"https:\/\/hidroponikbahce.com\/market\/benzinli-ilaclama-makinasi\/#breadcrumb","itemListElement":[{"@type":"ListItem","position":1,"name":"Anasayfa","item":"https:\/\/hidroponikbahce.net\/"},{"@type":"ListItem","position":2,"name":"Market","item":"https:\/\/hidroponikbahce.com\/market\/"},{"@type":"ListItem","position":3,"name":"Benzinli \u0130la\u00e7lama Makinas\u0131"}]},{"@type":"WebSite","@id":"https:\/\/hidroponikbahce.com\/#website","url":"https:\/\/hidroponikbahce.com\/","name":"Hidroponik Bah\u00e7e","description":"Soilless Agricultural Systems","publisher":{"@id":"https:\/\/hidroponikbahce.com\/#organization"},"potentialAction":[{"@type":"SearchAction","target":{"@type":"EntryPoint","urlTemplate":"https:\/\/hidroponikbahce.com\/?s={search_term_string}"},"query-input":{"@type":"PropertyValueSpecification","valueRequired":true,"valueName":"search_term_string"}}],"inLanguage":"en-US"},{"@type":"Organization","@id":"https:\/\/hidroponikbahce.com\/#organization","name":"Hidroponik Bah\u00e7e","url":"https:\/\/hidroponikbahce.com\/","logo":{"@type":"ImageObject","inLanguage":"en-US","@id":"https:\/\/hidroponikbahce.com\/#\/schema\/logo\/image\/","url":"https:\/\/i0.wp.com\/hidroponikbahce.net\/wp-content\/uploads\/2022\/12\/Logo-Hidroponik-Bahce.png?fit=2000%2C350&ssl=1","contentUrl":"https:\/\/i0.wp.com\/hidroponikbahce.net\/wp-content\/uploads\/2022\/12\/Logo-Hidroponik-Bahce.png?fit=2000%2C350&ssl=1","width":2000,"height":350,"caption":"Hidroponik Bah\u00e7e"},"image":{"@id":"https:\/\/hidroponikbahce.com\/#\/schema\/logo\/image\/"},"sameAs":["https:\/\/www.facebook.com\/hydroponic.farm.5","https:\/\/www.instagram.com\/hydroponic_market\/","https:\/\/tr-tr.facebook.com\/groups\/205584269848909\/?mibextid=6NoCDW","https:\/\/www.linkedin.com\/in\/hydroponic-farm-farmer-academy-249b3b196","https:\/\/www.youtube.com\/channel\/UCkiZ8fuHlNtao_MkEQRhN-A"]}]}},"tpgb_featured_images":{"full":["https:\/\/i0.wp.com\/hidroponikbahce.net\/wp-content\/uploads\/2022\/12\/benzinli-ilaclama-makinesi-bim-01.jpg?fit=900%2C675&ssl=1",900,675,false],"tp-image-grid":["https:\/\/i0.wp.com\/hidroponikbahce.net\/wp-content\/uploads\/2022\/12\/benzinli-ilaclama-makinesi-bim-01.jpg?resize=700%2C675&ssl=1",700,700,true],"thumbnail":["https:\/\/i0.wp.com\/hidroponikbahce.net\/wp-content\/uploads\/2022\/12\/benzinli-ilaclama-makinesi-bim-01.jpg?resize=150%2C150&ssl=1",150,150,true],"medium":["https:\/\/i0.wp.com\/hidroponikbahce.net\/wp-content\/uploads\/2022\/12\/benzinli-ilaclama-makinesi-bim-01.jpg?fit=300%2C225&ssl=1",300,225,true],"medium_large":["https:\/\/i0.wp.com\/hidroponikbahce.net\/wp-content\/uploads\/2022\/12\/benzinli-ilaclama-makinesi-bim-01.jpg?fit=768%2C576&ssl=1",768,576,true],"large":["https:\/\/i0.wp.com\/hidroponikbahce.net\/wp-content\/uploads\/2022\/12\/benzinli-ilaclama-makinesi-bim-01.jpg?fit=900%2C675&ssl=1",900,675,true],"default":"https:\/\/hidroponikbahce.net\/wp-content\/plugins\/the-plus-addons-for-block-editor\/assets\/images\/tpgb-placeholder.jpg"},"tpgb_post_meta_info":{"get_date":"December 16, 2022","get_modified_date":"December 17, 2022","category_list":{"product_brand":false,"product_cat":[{"term_id":167,"name":"\u0130la\u00e7lama Makineleri","slug":"ilaclama-makineleri","term_group":0,"term_taxonomy_id":167,"taxonomy":"product_cat","description":"Sera ila\u00e7lama makinesi, seralarda bitkilerin b\u00fcy\u00fcmesi s\u0131ras\u0131nda kar\u015f\u0131la\u015fabilecekleri zararl\u0131 b\u00f6cekleri, ha\u015fereleri ve bitki hastal\u0131klar\u0131n\u0131 \u00f6nlemek amac\u0131yla kullan\u0131lan bir cihazd\u0131r. Bu cihazlar, seralarda bulunan hava ak\u0131\u015f\u0131n\u0131 kontrol ederek, ila\u00e7lar\u0131n sera i\u00e7inde yay\u0131lmas\u0131n\u0131 sa\u011flar. Bu sayede, bitkilerin b\u00fcy\u00fcmesi s\u0131ras\u0131nda zararl\u0131 b\u00f6ceklerin ve ha\u015ferelerin etkisinden korunur ve bitki hastal\u0131klar\u0131n\u0131n ortaya \u00e7\u0131kmas\u0131 \u00f6nlenebilir. Sera ila\u00e7lama makinesi, genellikle hava ve su ile \u00e7al\u0131\u015fan bir pompa veya kompres\u00f6r kullan\u0131larak \u00e7al\u0131\u015f\u0131r ve ila\u00e7lar\u0131n sera i\u00e7inde yay\u0131lmas\u0131n\u0131 sa\u011flar. Bu cihazlar, ayr\u0131ca hava sirk\u00fclasyonunu iyile\u015ftirme amac\u0131yla kullan\u0131lan bir hava filtresi de i\u00e7erebilir. Sera ila\u00e7lama makinesi, seralarda yeti\u015ftirilen bitkilerin sa\u011fl\u0131kl\u0131 bir \u015fekilde b\u00fcy\u00fcmesine yard\u0131mc\u0131 olur ve bu sayede, bitki \u00fcretiminin verimlili\u011fini artt\u0131r\u0131r.","parent":152,"count":5,"filter":"raw"},{"term_id":152,"name":"Sera Makineleri","slug":"sera-makineleri","term_group":0,"term_taxonomy_id":152,"taxonomy":"product_cat","description":"Seran\u0131zda ve tar\u0131m arazinizce i\u015finizi kolayla\u015ft\u0131racak, daha profesyonel \u00e7al\u0131\u015fman\u0131za imkan sa\u011flayacak makinalar","parent":0,"count":34,"filter":"raw"}],"product_tag":[{"term_id":168,"name":"ila\u00e7lama makinesi","slug":"ilaclama-makinesi","term_group":0,"term_taxonomy_id":168,"taxonomy":"product_tag","description":"","parent":0,"count":7,"filter":"raw"},{"term_id":156,"name":"sera arabas\u0131","slug":"sera-arabasi","term_group":0,"term_taxonomy_id":156,"taxonomy":"product_tag","description":"","parent":0,"count":12,"filter":"raw"},{"term_id":170,"name":"sera ila\u00e7lama","slug":"sera-ilaclama","term_group":0,"term_taxonomy_id":170,"taxonomy":"product_tag","description":"","parent":0,"count":9,"filter":"raw"}]},"comment_count":0,"post_likes":0,"post_views":0},"tpgb_post_category":{"product_cat":"<a href=\"https:\/\/hidroponikbahce.net\/en\/product-category\/sera-makineleri\/ilaclama-makineleri\/\" alt=\"\u0130la\u00e7lama Makineleri\"  class=\"product_cat-ilaclama-makineleri\">\u0130la\u00e7lama Makineleri<\/a> <a href=\"https:\/\/hidroponikbahce.net\/en\/product-category\/sera-makineleri\/\" alt=\"Sera Makineleri\"  class=\"product_cat-sera-makineleri\">Sera Makineleri<\/a> ","product_tag":"<a href=\"https:\/\/hidroponikbahce.net\/en\/product-tag\/ilaclama-makinesi\/\" alt=\"ila\u00e7lama makinesi\"  class=\"product_tag-ilaclama-makinesi\">ila\u00e7lama makinesi<\/a> <a href=\"https:\/\/hidroponikbahce.net\/en\/product-tag\/sera-arabasi\/\" alt=\"sera arabas\u0131\"  class=\"product_tag-sera-arabasi\">sera arabas\u0131<\/a> <a href=\"https:\/\/hidroponikbahce.net\/en\/product-tag\/sera-ilaclama\/\" alt=\"sera ila\u00e7lama\"  class=\"product_tag-sera-ilaclama\">sera ila\u00e7lama<\/a> "},"tpgb_product_data":{"price_html":"","type":"grouped","gallery":false,"category":"\u0130la\u00e7lama Makineleri","procatslug":"ilaclama-makineleri"},"jetpack-related-posts":[],"jetpack_sharing_enabled":true,"_links":{"self":[{"href":"https:\/\/hidroponikbahce.net\/en\/wp-json\/wp\/v2\/product\/2350","targetHints":{"allow":["GET"]}}],"collection":[{"href":"https:\/\/hidroponikbahce.net\/en\/wp-json\/wp\/v2\/product"}],"about":[{"href":"https:\/\/hidroponikbahce.net\/en\/wp-json\/wp\/v2\/types\/product"}],"replies":[{"embeddable":true,"href":"https:\/\/hidroponikbahce.net\/en\/wp-json\/wp\/v2\/comments?post=2350"}],"wp:featuredmedia":[{"embeddable":true,"href":"https:\/\/hidroponikbahce.net\/en\/wp-json\/wp\/v2\/media\/2351"}],"wp:attachment":[{"href":"https:\/\/hidroponikbahce.net\/en\/wp-json\/wp\/v2\/media?parent=2350"}],"wp:term":[{"taxonomy":"product_brand","embeddable":true,"href":"https:\/\/hidroponikbahce.net\/en\/wp-json\/wp\/v2\/product_brand?post=2350"},{"taxonomy":"product_cat","embeddable":true,"href":"https:\/\/hidroponikbahce.net\/en\/wp-json\/wp\/v2\/product_cat?post=2350"},{"taxonomy":"product_tag","embeddable":true,"href":"https:\/\/hidroponikbahce.net\/en\/wp-json\/wp\/v2\/product_tag?post=2350"}],"curies":[{"name":"wp","href":"https:\/\/api.w.org\/{rel}","templated":true}]}}