{"id":2307,"date":"2022-12-16T18:20:11","date_gmt":"2022-12-16T15:20:11","guid":{"rendered":"https:\/\/hidroponikbahce.com\/?post_type=product&#038;p=2307"},"modified":"2022-12-17T11:39:22","modified_gmt":"2022-12-17T08:39:22","slug":"oim-01-otomatik-ilaclama-makinasi","status":"publish","type":"product","link":"https:\/\/hidroponikbahce.net\/en\/market\/oim-01-otomatik-ilaclama-makinasi\/","title":{"rendered":"OIM-01 Automatic Spraying Machine"},"content":{"rendered":"<div class=\"w-100 mt-4 text-center yazilarr\">\n<p>Maksimum h\u0131z ray \u00fczerinde 55 metre \/ dakika ile size daha h\u0131zl\u0131 bir stabil ila\u00e7lama sunar.<br \/>\nMakine \u00fczerinde g\u00fc\u00e7l\u00fc sizi yar\u0131 yolda b\u0131rakmayacak 2 adet 135 amper ak\u00fc bulunmaktad\u0131r.<br \/>\nMakine \u00fcst saclar\u0131 paslanmayan al\u00fcminyum \u00e7eta sac ile kaplanm\u0131\u015ft\u0131r ve yine al\u00fcminyum g\u00f6vdeye sahip dayan\u0131kl\u0131 hareket pedal\u0131 bulunmaktad\u0131r.<\/p>\n<p><img data-recalc-dims=\"1\" decoding=\"async\" src=\"https:\/\/i0.wp.com\/www.seraymak.com\/resimler\/editor\/images\/u1.jpg?w=1290&#038;ssl=1\" alt=\"\" \/><\/p>\n<p>Makinede yer alan hem hareket hem de hortum toplama s\u00fcr\u00fcc\u00fcleri \u00fczerinde frenleme \u00f6zelli\u011fi bulunmakta olup kullan\u0131c\u0131 pedaldan aya\u011f\u0131n\u0131 \u00e7ekti\u011fi anda yumu\u015fak bir frenleme \u00f6zelli\u011fi devreye girmektedir.<br \/>\nKontrol paneli \u00fczerinde hortum sarma ve y\u00fcr\u00fcy\u00fc\u015f grubuna ait kademesiz h\u0131z potlar\u0131, y\u00fcr\u00fcy\u00fc\u015f ileri-geri y\u00f6n tayin butonu, hortum sarmay\u0131 aktif\/pasif edebilece\u011finiz buton, \u015farj takibi yapabilece\u011finiz voltaj g\u00f6sterge ekran\u0131 ve acil stop butonu yer almaktad\u0131r.<\/p>\n<p><img data-recalc-dims=\"1\" decoding=\"async\" src=\"https:\/\/i0.wp.com\/www.seraymak.com\/resimler\/editor\/images\/O%C4%B0M-01-1.jpg?w=1290&#038;ssl=1\" alt=\"\" \/><\/p>\n<p>\u015earj cihaz\u0131 makine \u00fczerinde uygun bir yere yerle\u015ftirilmi\u015ftir. \u015earj cihaz\u0131 \u00fczerinde yer alan g\u00f6sterge \u0131\u015f\u0131\u011f\u0131 sayesinde makinenin \u015farj durumunu g\u00f6rebilmektesiniz. \u015earj lambas\u0131 k\u0131rm\u0131z\u0131dan ye\u015file d\u00f6nd\u00fc\u011f\u00fc zaman \u015farj i\u015flemi tamamlanm\u0131\u015f anlam\u0131na gelmektedir.<br \/>\n\u015earj Cihazlar\u0131m\u0131z ak\u00fcler tam dolu hale geldi\u011fi anda elektri\u011fi kesme \u00f6zelli\u011fine sahip olup fazla \u015farj\u0131n yarataca\u011f\u0131 olumsuz etkilerin \u00f6n\u00fcne ge\u00e7ilmi\u015ftir.<br \/>\nMakinenin \u00f6n taraf\u0131nda y\u00fcr\u00fcy\u00fc\u015fe ait s\u00fcr\u00fcc\u00fc kart\u0131n korumas\u0131 bulunmaktad\u0131r. Makinenin zorlanmas\u0131 durumunda kart\u0131 korumaya al\u0131p kart\u0131n ar\u0131zalanmas\u0131 engellenmektedir. Makine \u00fczerinde yer alan reset tu\u015fu ile kart\u0131 tekrar aktif hale kolayl\u0131kla getirebilirsiniz.<\/p>\n<p><img data-recalc-dims=\"1\" decoding=\"async\" src=\"https:\/\/i0.wp.com\/www.seraymak.com\/resimler\/editor\/images\/u3.png?w=1290&#038;ssl=1\" alt=\"\" \/><\/p>\n<p>O\u0130M-01 Modeli \u00e7\u0131k\u0131nt\u0131l\u0131 kenarlar, keskin k\u00f6\u015felerden ar\u0131nd\u0131r\u0131lm\u0131\u015f olup \u00e7al\u0131\u015fma esnas\u0131nda bitkilere zarar vermeyecek \u015fekilde tasarlanm\u0131\u015ft\u0131r.<\/p>\n<p>O\u0130M-01 \u00fczerinde 14 Adet 0.8 mm ba\u015fl\u0131kl\u0131 pislik tutuculu nozul yer almaktad\u0131r.<br \/>\nMakine \u00fczerinde 1 adet de kendinizin ila\u00e7 atabilece\u011fi el tabancas\u0131 bulunmaktad\u0131r.<br \/>\nO\u0130M-01 Ayarlanabilir F\u0131skiye Y\u00fcksekli\u011fi<\/p>\n<p><img data-recalc-dims=\"1\" decoding=\"async\" src=\"https:\/\/i0.wp.com\/www.seraymak.com\/resimler\/editor\/images\/O%C4%B0M-01-2.jpg?w=1290&#038;ssl=1\" alt=\"\" \/><\/p>\n<p>Makinenin yan raya ge\u00e7i\u015fi kald\u0131rma kolu sayesinde olup y\u00f6nlendirme alttan \u00e7\u0131kan polyamid tekerler sayesinde kolay bir \u015fekilde sa\u011flan\u0131r.<\/p>\n<p><img data-recalc-dims=\"1\" decoding=\"async\" src=\"https:\/\/i0.wp.com\/www.seraymak.com\/resimler\/editor\/images\/O%C4%B0M-01-3.jpg?w=1290&#038;ssl=1\" alt=\"\" \/><\/p>\n<\/div>\n<div class=\"w-100 mt-4\">\n<table class=\"table table-striped\">\n<tbody>\n<tr>\n<td>MODEL<\/td>\n<td>O\u0130M-01<\/td>\n<\/tr>\n<tr>\n<td>ENERJ\u0130 BESLEME<\/td>\n<td>AK\u00dc \/ 2 X 12 V-135 A<\/td>\n<\/tr>\n<tr>\n<td>H\u0130DROL\u0130K MOTOR<\/td>\n<td>MEVCUT DE\u011e\u0130LD\u0130R<\/td>\n<\/tr>\n<tr>\n<td>Y\u00dcR\u00dcY\u00dc\u015e MOTORU<\/td>\n<td>400 W DC X 1<\/td>\n<\/tr>\n<tr>\n<td>HORTUM SARMA \u00a0MOTORU<\/td>\n<td>250 W DC X 1<\/td>\n<\/tr>\n<tr>\n<td>\u015eARJ C\u0130HAZI (DAH\u0130L\u0130)<\/td>\n<td>MEVCUT<\/td>\n<\/tr>\n<tr>\n<td>\u015eARJ \u0130\u00c7\u0130N GEREKL\u0130 ENERJ\u0130<\/td>\n<td>220 VOLT \/ 50 Hz<\/td>\n<\/tr>\n<tr>\n<td>\u015eARJ KABLOSU<\/td>\n<td>MEVCUT<\/td>\n<\/tr>\n<tr>\n<td>\u00c7ALI\u015eMA S\u00dcRES\u0130 (Kullan\u0131ma Ba\u011fl\u0131)<\/td>\n<td>2-3 G\u00dcN<\/td>\n<\/tr>\n<tr>\n<td>BETON ZEM\u0130N MAKS\u0130MUM HIZI<\/td>\n<td>120 m \/ dak<\/td>\n<\/tr>\n<tr>\n<td>RAY \u00dcZER\u0130 MAKS\u0130MUM HIZI<\/td>\n<td>55 m \/ dak<\/td>\n<\/tr>\n<tr>\n<td>HORTUM SARIM KAPAS\u0130TES\u0130<\/td>\n<td>110 metre<\/td>\n<\/tr>\n<tr>\n<td>STANDART HORTUM SARIM \u00d6L\u00c7\u00dcS\u00dc<br \/>\n(FARKLI \u00d6L\u00c7\u00dcLERDE S\u0130ZE \u00d6ZEL SARIM YAPILAB\u0130LMEKTED\u0130R.)<\/td>\n<td>75 metre<\/td>\n<\/tr>\n<tr>\n<td>MAK\u0130NE A\u011eIRLI\u011eI<\/td>\n<td>285 kg<\/td>\n<\/tr>\n<tr>\n<td>STANDART \u00c7ALI\u015eMA RAYI BORU \u00c7API<br \/>\n(FARKLI RAY \u00d6L\u00c7\u00dcLER\u0130NDE S\u0130ZE \u00d6ZEL \u00dcRET\u0130M YAPILMAKTADIR.)<\/td>\n<td>\u00a051 mm<\/td>\n<\/tr>\n<tr>\n<td>STANDART \u00c7ALI\u015eMA RAYI DI\u015e-DI\u015e \u00d6L\u00c7\u00dcS\u00dc<br \/>\n(FARKLI RAY \u00d6L\u00c7\u00dcLER\u0130NDE S\u0130ZE \u00d6ZEL \u00dcRET\u0130M YAPILMAKTADIR.)<\/td>\n<td>600 mm<\/td>\n<\/tr>\n<tr>\n<td>YAN RAYA GE\u00c7\u0130\u015e<\/td>\n<td>MANUEL (Kayd\u0131rma Kolu)<\/td>\n<\/tr>\n<tr>\n<td>HIZ MODU<\/td>\n<td>AYARLANABL\u0130R<\/td>\n<\/tr>\n<tr>\n<td>\u015eARJ G\u00d6STERGES\u0130<\/td>\n<td>MEVCUT<\/td>\n<\/tr>\n<tr>\n<td>EL TABANCASI<\/td>\n<td>1 x \u00c7evirmeli Tabanca.<\/td>\n<\/tr>\n<tr>\n<td>KULLANICI E\u015eYA CEB\u0130<\/td>\n<td>MEVCUT DE\u011e\u0130LD\u0130R.<\/td>\n<\/tr>\n<tr>\n<td>\u00a0BASIN\u00c7 G\u00d6STERGES\u0130<\/td>\n<td>MEVCUT<\/td>\n<\/tr>\n<tr>\n<td>FISK\u0130YE Y\u00dcKSEKL\u0130\u011e\u0130<br \/>\n(FARKLI \u00a0\u00d6L\u00c7\u00dcLER\u0130NDE S\u0130ZE \u00d6ZEL \u00dcRET\u0130M YAPILMAKTADIR.)<\/td>\n<td>2650 mm<\/td>\n<\/tr>\n<tr>\n<td>FISK\u0130YE Y\u00dcKSEKL\u0130K AYARI<\/td>\n<td>MEVCUT<\/td>\n<\/tr>\n<tr>\n<td>\u0130LA\u00c7LAMA NOZULLARI<\/td>\n<td>0,8 mm Pislik Tutuculu Nozul<\/td>\n<\/tr>\n<tr>\n<td>\u0130LA\u00c7LAMA NOZULLARI<br \/>\n(FARKLI \u00a0ADETLERDE S\u0130ZE \u00d6ZEL \u00dcRET\u0130M YAPILMAKTADIR.)<\/td>\n<td>14 ADET<\/td>\n<\/tr>\n<tr>\n<td>LED FAR<\/td>\n<td>OPS\u0130YONEL<\/td>\n<\/tr>\n<tr>\n<td>BOYA<\/td>\n<td>ELEKTROSTAT\u0130K FIRIN BOYA<\/td>\n<\/tr>\n<tr>\n<td>GARANT\u0130<\/td>\n<td>24 AY<\/td>\n<\/tr>\n<\/tbody>\n<\/table>\n<\/div>","protected":false},"excerpt":{"rendered":"<p>Ak\u00fc Beslemeli METALMAK O\u0130M-01 \u0130la\u00e7lama Arabas\u0131; seralarda, \u00fczerinde bulunan hortumu ile \u0130la\u00e7 tank\u0131ndan ald\u0131\u011f\u0131 ilac\u0131 bitkilere e\u015fit bir \u015fekilde atarak, bitkilerin d\u00fczenli ve dengeli bir \u015fekilde ila\u00e7lanmas\u0131n\u0131 sa\u011flar.<\/p>\n<p>O\u0130M-01 modeli ray borular\u0131 olan seralarda kullan\u0131ma uygun olup ila\u00e7lama i\u015flemini pratik bir \u015fekilde tamamlaman\u0131za yard\u0131mc\u0131 olacakt\u0131r.<\/p>\n<p>Basit yap\u0131s\u0131, kolay bak\u0131m \u00f6zelli\u011fi ile hem i\u015flevsel hem de uygun fiyatl\u0131 \u00fcr\u00fcn arayanlar i\u00e7in m\u00fckemmel bir tercih.<\/p>\n<p>O\u0130M-01 modeli ile i\u015fg\u00fcc\u00fcnden ve zamandan b\u00fcy\u00fck tasarruf edin.<\/p>\n<p>[blocksy-content-block id=&#8221;2469&#8243;]<\/p>\n","protected":false},"featured_media":2313,"comment_status":"open","ping_status":"closed","template":"","meta":{"tpgb_global_settings":"","_vp_format_video_url":"","_vp_image_focal_point":[]},"product_brand":[],"product_cat":[167,152],"product_tag":[169,168,170],"class_list":{"0":"post-2307","1":"product","2":"type-product","3":"status-publish","4":"has-post-thumbnail","6":"product_cat-ilaclama-makineleri","7":"product_cat-sera-makineleri","8":"product_tag-ilaclama-arabasi","9":"product_tag-ilaclama-makinesi","10":"product_tag-sera-ilaclama","12":"first","13":"instock","14":"taxable","15":"shipping-taxable","16":"product-type-grouped"},"yoast_head":"<!-- This site is optimized with the Yoast SEO plugin v27.4 - https:\/\/yoast.com\/product\/yoast-seo-wordpress\/ -->\n<title>O\u0130M-01 Otomatik \u0130la\u00e7lama Makinas\u0131 - Hidroponik Bah\u00e7e<\/title>\n<meta name=\"description\" content=\"\u0130la\u00e7lama Arabas\u0131; seralarda, \u00fczerinde bulunan hortumu ile \u0130la\u00e7 tank\u0131ndan ald\u0131\u011f\u0131 ilac\u0131 bitkilere e\u015fit bir \u015fekilde atarak, bitkilerin d\u00fczenli ila\u00e7lama ile\" \/>\n<meta name=\"robots\" content=\"index, follow, max-snippet:-1, max-image-preview:large, max-video-preview:-1\" \/>\n<link rel=\"canonical\" href=\"https:\/\/hidroponikbahce.com\/market\/oim-01-otomatik-ilaclama-makinasi\/\" \/>\n<meta property=\"og:locale\" content=\"en_US\" \/>\n<meta property=\"og:type\" content=\"article\" \/>\n<meta property=\"og:title\" content=\"O\u0130M-01 Otomatik \u0130la\u00e7lama Makinas\u0131 - Hidroponik Bah\u00e7e\" \/>\n<meta property=\"og:description\" content=\"\u0130la\u00e7lama Arabas\u0131; seralarda, \u00fczerinde bulunan hortumu ile \u0130la\u00e7 tank\u0131ndan ald\u0131\u011f\u0131 ilac\u0131 bitkilere e\u015fit bir \u015fekilde atarak, bitkilerin d\u00fczenli ila\u00e7lama ile\" \/>\n<meta property=\"og:url\" content=\"https:\/\/hidroponikbahce.com\/market\/oim-01-otomatik-ilaclama-makinasi\/\" \/>\n<meta property=\"og:site_name\" content=\"Hidroponik Bah\u00e7e\" \/>\n<meta property=\"article:publisher\" content=\"https:\/\/www.facebook.com\/hydroponic.farm.5\" \/>\n<meta property=\"article:modified_time\" content=\"2022-12-17T08:39:22+00:00\" \/>\n<meta property=\"og:image\" content=\"https:\/\/i0.wp.com\/hidroponikbahce.com\/wp-content\/uploads\/2022\/12\/otomatik-ilaclama-makinesi-oim-01-7.jpg?fit=448%2C600&ssl=1\" \/>\n\t<meta property=\"og:image:width\" content=\"448\" \/>\n\t<meta property=\"og:image:height\" content=\"600\" \/>\n\t<meta property=\"og:image:type\" content=\"image\/jpeg\" \/>\n<meta name=\"twitter:card\" content=\"summary_large_image\" \/>\n<meta name=\"twitter:label1\" content=\"Est. reading time\" \/>\n\t<meta name=\"twitter:data1\" content=\"4 minutes\" \/>\n<script type=\"application\/ld+json\" class=\"yoast-schema-graph\">{\"@context\":\"https:\\\/\\\/schema.org\",\"@graph\":[{\"@type\":\"WebPage\",\"@id\":\"https:\\\/\\\/hidroponikbahce.com\\\/market\\\/oim-01-otomatik-ilaclama-makinasi\\\/\",\"url\":\"https:\\\/\\\/hidroponikbahce.com\\\/market\\\/oim-01-otomatik-ilaclama-makinasi\\\/\",\"name\":\"O\u0130M-01 Otomatik \u0130la\u00e7lama Makinas\u0131 - Hidroponik Bah\u00e7e\",\"isPartOf\":{\"@id\":\"https:\\\/\\\/hidroponikbahce.com\\\/#website\"},\"primaryImageOfPage\":{\"@id\":\"https:\\\/\\\/hidroponikbahce.com\\\/market\\\/oim-01-otomatik-ilaclama-makinasi\\\/#primaryimage\"},\"image\":{\"@id\":\"https:\\\/\\\/hidroponikbahce.com\\\/market\\\/oim-01-otomatik-ilaclama-makinasi\\\/#primaryimage\"},\"thumbnailUrl\":\"https:\\\/\\\/i0.wp.com\\\/hidroponikbahce.net\\\/wp-content\\\/uploads\\\/2022\\\/12\\\/otomatik-ilaclama-makinesi-oim-01-7.jpg?fit=448%2C600&ssl=1\",\"datePublished\":\"2022-12-16T15:20:11+00:00\",\"dateModified\":\"2022-12-17T08:39:22+00:00\",\"description\":\"\u0130la\u00e7lama Arabas\u0131; seralarda, \u00fczerinde bulunan hortumu ile \u0130la\u00e7 tank\u0131ndan ald\u0131\u011f\u0131 ilac\u0131 bitkilere e\u015fit bir \u015fekilde atarak, bitkilerin d\u00fczenli ila\u00e7lama ile\",\"breadcrumb\":{\"@id\":\"https:\\\/\\\/hidroponikbahce.com\\\/market\\\/oim-01-otomatik-ilaclama-makinasi\\\/#breadcrumb\"},\"inLanguage\":\"en-US\",\"potentialAction\":[{\"@type\":\"ReadAction\",\"target\":[\"https:\\\/\\\/hidroponikbahce.com\\\/market\\\/oim-01-otomatik-ilaclama-makinasi\\\/\"]}]},{\"@type\":\"ImageObject\",\"inLanguage\":\"en-US\",\"@id\":\"https:\\\/\\\/hidroponikbahce.com\\\/market\\\/oim-01-otomatik-ilaclama-makinasi\\\/#primaryimage\",\"url\":\"https:\\\/\\\/i0.wp.com\\\/hidroponikbahce.net\\\/wp-content\\\/uploads\\\/2022\\\/12\\\/otomatik-ilaclama-makinesi-oim-01-7.jpg?fit=448%2C600&ssl=1\",\"contentUrl\":\"https:\\\/\\\/i0.wp.com\\\/hidroponikbahce.net\\\/wp-content\\\/uploads\\\/2022\\\/12\\\/otomatik-ilaclama-makinesi-oim-01-7.jpg?fit=448%2C600&ssl=1\",\"width\":448,\"height\":600},{\"@type\":\"BreadcrumbList\",\"@id\":\"https:\\\/\\\/hidroponikbahce.com\\\/market\\\/oim-01-otomatik-ilaclama-makinasi\\\/#breadcrumb\",\"itemListElement\":[{\"@type\":\"ListItem\",\"position\":1,\"name\":\"Anasayfa\",\"item\":\"https:\\\/\\\/hidroponikbahce.net\\\/\"},{\"@type\":\"ListItem\",\"position\":2,\"name\":\"Market\",\"item\":\"https:\\\/\\\/hidroponikbahce.com\\\/market\\\/\"},{\"@type\":\"ListItem\",\"position\":3,\"name\":\"O\u0130M-01 Otomatik \u0130la\u00e7lama Makinas\u0131\"}]},{\"@type\":\"WebSite\",\"@id\":\"https:\\\/\\\/hidroponikbahce.com\\\/#website\",\"url\":\"https:\\\/\\\/hidroponikbahce.com\\\/\",\"name\":\"Hidroponik Bah\u00e7e\",\"description\":\"Topraks\u0131z Tar\u0131m Sistemleri\",\"publisher\":{\"@id\":\"https:\\\/\\\/hidroponikbahce.com\\\/#organization\"},\"potentialAction\":[{\"@type\":\"SearchAction\",\"target\":{\"@type\":\"EntryPoint\",\"urlTemplate\":\"https:\\\/\\\/hidroponikbahce.com\\\/?s={search_term_string}\"},\"query-input\":{\"@type\":\"PropertyValueSpecification\",\"valueRequired\":true,\"valueName\":\"search_term_string\"}}],\"inLanguage\":\"en-US\"},{\"@type\":\"Organization\",\"@id\":\"https:\\\/\\\/hidroponikbahce.com\\\/#organization\",\"name\":\"Hidroponik Bah\u00e7e\",\"url\":\"https:\\\/\\\/hidroponikbahce.com\\\/\",\"logo\":{\"@type\":\"ImageObject\",\"inLanguage\":\"en-US\",\"@id\":\"https:\\\/\\\/hidroponikbahce.com\\\/#\\\/schema\\\/logo\\\/image\\\/\",\"url\":\"https:\\\/\\\/i0.wp.com\\\/hidroponikbahce.net\\\/wp-content\\\/uploads\\\/2022\\\/12\\\/Logo-Hidroponik-Bahce.png?fit=2000%2C350&ssl=1\",\"contentUrl\":\"https:\\\/\\\/i0.wp.com\\\/hidroponikbahce.net\\\/wp-content\\\/uploads\\\/2022\\\/12\\\/Logo-Hidroponik-Bahce.png?fit=2000%2C350&ssl=1\",\"width\":2000,\"height\":350,\"caption\":\"Hidroponik Bah\u00e7e\"},\"image\":{\"@id\":\"https:\\\/\\\/hidroponikbahce.com\\\/#\\\/schema\\\/logo\\\/image\\\/\"},\"sameAs\":[\"https:\\\/\\\/www.facebook.com\\\/hydroponic.farm.5\",\"https:\\\/\\\/www.instagram.com\\\/hydroponic_market\\\/\",\"https:\\\/\\\/tr-tr.facebook.com\\\/groups\\\/205584269848909\\\/?mibextid=6NoCDW\",\"https:\\\/\\\/www.linkedin.com\\\/in\\\/hydroponic-farm-farmer-academy-249b3b196\",\"https:\\\/\\\/www.youtube.com\\\/channel\\\/UCkiZ8fuHlNtao_MkEQRhN-A\"]}]}<\/script>\n<!-- \/ Yoast SEO plugin. -->","yoast_head_json":{"title":"O\u0130M-01 Otomatik \u0130la\u00e7lama Makinas\u0131 - Hidroponik Bah\u00e7e","description":"\u0130la\u00e7lama Arabas\u0131; seralarda, \u00fczerinde bulunan hortumu ile \u0130la\u00e7 tank\u0131ndan ald\u0131\u011f\u0131 ilac\u0131 bitkilere e\u015fit bir \u015fekilde atarak, bitkilerin d\u00fczenli ila\u00e7lama ile","robots":{"index":"index","follow":"follow","max-snippet":"max-snippet:-1","max-image-preview":"max-image-preview:large","max-video-preview":"max-video-preview:-1"},"canonical":"https:\/\/hidroponikbahce.com\/market\/oim-01-otomatik-ilaclama-makinasi\/","og_locale":"en_US","og_type":"article","og_title":"O\u0130M-01 Otomatik \u0130la\u00e7lama Makinas\u0131 - Hidroponik Bah\u00e7e","og_description":"\u0130la\u00e7lama Arabas\u0131; seralarda, \u00fczerinde bulunan hortumu ile \u0130la\u00e7 tank\u0131ndan ald\u0131\u011f\u0131 ilac\u0131 bitkilere e\u015fit bir \u015fekilde atarak, bitkilerin d\u00fczenli ila\u00e7lama ile","og_url":"https:\/\/hidroponikbahce.com\/market\/oim-01-otomatik-ilaclama-makinasi\/","og_site_name":"Hidroponik Bah\u00e7e","article_publisher":"https:\/\/www.facebook.com\/hydroponic.farm.5","article_modified_time":"2022-12-17T08:39:22+00:00","og_image":[{"width":448,"height":600,"url":"https:\/\/i0.wp.com\/hidroponikbahce.com\/wp-content\/uploads\/2022\/12\/otomatik-ilaclama-makinesi-oim-01-7.jpg?fit=448%2C600&ssl=1","type":"image\/jpeg"}],"twitter_card":"summary_large_image","twitter_misc":{"Est. reading time":"4 minutes"},"schema":{"@context":"https:\/\/schema.org","@graph":[{"@type":"WebPage","@id":"https:\/\/hidroponikbahce.com\/market\/oim-01-otomatik-ilaclama-makinasi\/","url":"https:\/\/hidroponikbahce.com\/market\/oim-01-otomatik-ilaclama-makinasi\/","name":"O\u0130M-01 Otomatik \u0130la\u00e7lama Makinas\u0131 - Hidroponik Bah\u00e7e","isPartOf":{"@id":"https:\/\/hidroponikbahce.com\/#website"},"primaryImageOfPage":{"@id":"https:\/\/hidroponikbahce.com\/market\/oim-01-otomatik-ilaclama-makinasi\/#primaryimage"},"image":{"@id":"https:\/\/hidroponikbahce.com\/market\/oim-01-otomatik-ilaclama-makinasi\/#primaryimage"},"thumbnailUrl":"https:\/\/i0.wp.com\/hidroponikbahce.net\/wp-content\/uploads\/2022\/12\/otomatik-ilaclama-makinesi-oim-01-7.jpg?fit=448%2C600&ssl=1","datePublished":"2022-12-16T15:20:11+00:00","dateModified":"2022-12-17T08:39:22+00:00","description":"\u0130la\u00e7lama Arabas\u0131; seralarda, \u00fczerinde bulunan hortumu ile \u0130la\u00e7 tank\u0131ndan ald\u0131\u011f\u0131 ilac\u0131 bitkilere e\u015fit bir \u015fekilde atarak, bitkilerin d\u00fczenli ila\u00e7lama ile","breadcrumb":{"@id":"https:\/\/hidroponikbahce.com\/market\/oim-01-otomatik-ilaclama-makinasi\/#breadcrumb"},"inLanguage":"en-US","potentialAction":[{"@type":"ReadAction","target":["https:\/\/hidroponikbahce.com\/market\/oim-01-otomatik-ilaclama-makinasi\/"]}]},{"@type":"ImageObject","inLanguage":"en-US","@id":"https:\/\/hidroponikbahce.com\/market\/oim-01-otomatik-ilaclama-makinasi\/#primaryimage","url":"https:\/\/i0.wp.com\/hidroponikbahce.net\/wp-content\/uploads\/2022\/12\/otomatik-ilaclama-makinesi-oim-01-7.jpg?fit=448%2C600&ssl=1","contentUrl":"https:\/\/i0.wp.com\/hidroponikbahce.net\/wp-content\/uploads\/2022\/12\/otomatik-ilaclama-makinesi-oim-01-7.jpg?fit=448%2C600&ssl=1","width":448,"height":600},{"@type":"BreadcrumbList","@id":"https:\/\/hidroponikbahce.com\/market\/oim-01-otomatik-ilaclama-makinasi\/#breadcrumb","itemListElement":[{"@type":"ListItem","position":1,"name":"Anasayfa","item":"https:\/\/hidroponikbahce.net\/"},{"@type":"ListItem","position":2,"name":"Market","item":"https:\/\/hidroponikbahce.com\/market\/"},{"@type":"ListItem","position":3,"name":"O\u0130M-01 Otomatik \u0130la\u00e7lama Makinas\u0131"}]},{"@type":"WebSite","@id":"https:\/\/hidroponikbahce.com\/#website","url":"https:\/\/hidroponikbahce.com\/","name":"Hidroponik Bah\u00e7e","description":"Soilless Agricultural Systems","publisher":{"@id":"https:\/\/hidroponikbahce.com\/#organization"},"potentialAction":[{"@type":"SearchAction","target":{"@type":"EntryPoint","urlTemplate":"https:\/\/hidroponikbahce.com\/?s={search_term_string}"},"query-input":{"@type":"PropertyValueSpecification","valueRequired":true,"valueName":"search_term_string"}}],"inLanguage":"en-US"},{"@type":"Organization","@id":"https:\/\/hidroponikbahce.com\/#organization","name":"Hidroponik Bah\u00e7e","url":"https:\/\/hidroponikbahce.com\/","logo":{"@type":"ImageObject","inLanguage":"en-US","@id":"https:\/\/hidroponikbahce.com\/#\/schema\/logo\/image\/","url":"https:\/\/i0.wp.com\/hidroponikbahce.net\/wp-content\/uploads\/2022\/12\/Logo-Hidroponik-Bahce.png?fit=2000%2C350&ssl=1","contentUrl":"https:\/\/i0.wp.com\/hidroponikbahce.net\/wp-content\/uploads\/2022\/12\/Logo-Hidroponik-Bahce.png?fit=2000%2C350&ssl=1","width":2000,"height":350,"caption":"Hidroponik Bah\u00e7e"},"image":{"@id":"https:\/\/hidroponikbahce.com\/#\/schema\/logo\/image\/"},"sameAs":["https:\/\/www.facebook.com\/hydroponic.farm.5","https:\/\/www.instagram.com\/hydroponic_market\/","https:\/\/tr-tr.facebook.com\/groups\/205584269848909\/?mibextid=6NoCDW","https:\/\/www.linkedin.com\/in\/hydroponic-farm-farmer-academy-249b3b196","https:\/\/www.youtube.com\/channel\/UCkiZ8fuHlNtao_MkEQRhN-A"]}]}},"tpgb_featured_images":{"full":["https:\/\/i0.wp.com\/hidroponikbahce.net\/wp-content\/uploads\/2022\/12\/otomatik-ilaclama-makinesi-oim-01-7.jpg?fit=448%2C600&ssl=1",448,600,false],"tp-image-grid":["https:\/\/i0.wp.com\/hidroponikbahce.net\/wp-content\/uploads\/2022\/12\/otomatik-ilaclama-makinesi-oim-01-7.jpg?resize=448%2C600&ssl=1",700,700,true],"thumbnail":["https:\/\/i0.wp.com\/hidroponikbahce.net\/wp-content\/uploads\/2022\/12\/otomatik-ilaclama-makinesi-oim-01-7.jpg?resize=150%2C150&ssl=1",150,150,true],"medium":["https:\/\/i0.wp.com\/hidroponikbahce.net\/wp-content\/uploads\/2022\/12\/otomatik-ilaclama-makinesi-oim-01-7.jpg?fit=224%2C300&ssl=1",224,300,true],"medium_large":["https:\/\/i0.wp.com\/hidroponikbahce.net\/wp-content\/uploads\/2022\/12\/otomatik-ilaclama-makinesi-oim-01-7.jpg?fit=448%2C600&ssl=1",448,600,true],"large":["https:\/\/i0.wp.com\/hidroponikbahce.net\/wp-content\/uploads\/2022\/12\/otomatik-ilaclama-makinesi-oim-01-7.jpg?fit=448%2C600&ssl=1",448,600,true],"default":"https:\/\/hidroponikbahce.net\/wp-content\/plugins\/the-plus-addons-for-block-editor\/assets\/images\/tpgb-placeholder.jpg"},"tpgb_post_meta_info":{"get_date":"December 16, 2022","get_modified_date":"December 17, 2022","category_list":{"product_brand":false,"product_cat":[{"term_id":167,"name":"\u0130la\u00e7lama Makineleri","slug":"ilaclama-makineleri","term_group":0,"term_taxonomy_id":167,"taxonomy":"product_cat","description":"Sera ila\u00e7lama makinesi, seralarda bitkilerin b\u00fcy\u00fcmesi s\u0131ras\u0131nda kar\u015f\u0131la\u015fabilecekleri zararl\u0131 b\u00f6cekleri, ha\u015fereleri ve bitki hastal\u0131klar\u0131n\u0131 \u00f6nlemek amac\u0131yla kullan\u0131lan bir cihazd\u0131r. Bu cihazlar, seralarda bulunan hava ak\u0131\u015f\u0131n\u0131 kontrol ederek, ila\u00e7lar\u0131n sera i\u00e7inde yay\u0131lmas\u0131n\u0131 sa\u011flar. Bu sayede, bitkilerin b\u00fcy\u00fcmesi s\u0131ras\u0131nda zararl\u0131 b\u00f6ceklerin ve ha\u015ferelerin etkisinden korunur ve bitki hastal\u0131klar\u0131n\u0131n ortaya \u00e7\u0131kmas\u0131 \u00f6nlenebilir. Sera ila\u00e7lama makinesi, genellikle hava ve su ile \u00e7al\u0131\u015fan bir pompa veya kompres\u00f6r kullan\u0131larak \u00e7al\u0131\u015f\u0131r ve ila\u00e7lar\u0131n sera i\u00e7inde yay\u0131lmas\u0131n\u0131 sa\u011flar. Bu cihazlar, ayr\u0131ca hava sirk\u00fclasyonunu iyile\u015ftirme amac\u0131yla kullan\u0131lan bir hava filtresi de i\u00e7erebilir. Sera ila\u00e7lama makinesi, seralarda yeti\u015ftirilen bitkilerin sa\u011fl\u0131kl\u0131 bir \u015fekilde b\u00fcy\u00fcmesine yard\u0131mc\u0131 olur ve bu sayede, bitki \u00fcretiminin verimlili\u011fini artt\u0131r\u0131r.","parent":152,"count":5,"filter":"raw"},{"term_id":152,"name":"Sera Makineleri","slug":"sera-makineleri","term_group":0,"term_taxonomy_id":152,"taxonomy":"product_cat","description":"Seran\u0131zda ve tar\u0131m arazinizce i\u015finizi kolayla\u015ft\u0131racak, daha profesyonel \u00e7al\u0131\u015fman\u0131za imkan sa\u011flayacak makinalar","parent":0,"count":34,"filter":"raw"}],"product_tag":[{"term_id":169,"name":"ila\u00e7lama arabas\u0131","slug":"ilaclama-arabasi","term_group":0,"term_taxonomy_id":169,"taxonomy":"product_tag","description":"","parent":0,"count":8,"filter":"raw"},{"term_id":168,"name":"ila\u00e7lama makinesi","slug":"ilaclama-makinesi","term_group":0,"term_taxonomy_id":168,"taxonomy":"product_tag","description":"","parent":0,"count":7,"filter":"raw"},{"term_id":170,"name":"sera ila\u00e7lama","slug":"sera-ilaclama","term_group":0,"term_taxonomy_id":170,"taxonomy":"product_tag","description":"","parent":0,"count":9,"filter":"raw"}]},"comment_count":0,"post_likes":0,"post_views":0},"tpgb_post_category":{"product_cat":"<a href=\"https:\/\/hidroponikbahce.net\/en\/product-category\/sera-makineleri\/ilaclama-makineleri\/\" alt=\"\u0130la\u00e7lama Makineleri\"  class=\"product_cat-ilaclama-makineleri\">\u0130la\u00e7lama Makineleri<\/a> <a href=\"https:\/\/hidroponikbahce.net\/en\/product-category\/sera-makineleri\/\" alt=\"Sera Makineleri\"  class=\"product_cat-sera-makineleri\">Sera Makineleri<\/a> ","product_tag":"<a href=\"https:\/\/hidroponikbahce.net\/en\/product-tag\/ilaclama-arabasi\/\" alt=\"ila\u00e7lama arabas\u0131\"  class=\"product_tag-ilaclama-arabasi\">ila\u00e7lama arabas\u0131<\/a> <a href=\"https:\/\/hidroponikbahce.net\/en\/product-tag\/ilaclama-makinesi\/\" alt=\"ila\u00e7lama makinesi\"  class=\"product_tag-ilaclama-makinesi\">ila\u00e7lama makinesi<\/a> <a href=\"https:\/\/hidroponikbahce.net\/en\/product-tag\/sera-ilaclama\/\" alt=\"sera ila\u00e7lama\"  class=\"product_tag-sera-ilaclama\">sera ila\u00e7lama<\/a> "},"tpgb_product_data":{"price_html":"","type":"grouped","gallery":["https:\/\/i0.wp.com\/hidroponikbahce.net\/wp-content\/uploads\/2022\/12\/otomatik-ilaclama-makinesi-oim-01-9.jpg?fit=448%2C600&ssl=1",448,600,false],"category":"\u0130la\u00e7lama Makineleri","procatslug":"ilaclama-makineleri"},"jetpack-related-posts":[],"jetpack_sharing_enabled":true,"_links":{"self":[{"href":"https:\/\/hidroponikbahce.net\/en\/wp-json\/wp\/v2\/product\/2307","targetHints":{"allow":["GET"]}}],"collection":[{"href":"https:\/\/hidroponikbahce.net\/en\/wp-json\/wp\/v2\/product"}],"about":[{"href":"https:\/\/hidroponikbahce.net\/en\/wp-json\/wp\/v2\/types\/product"}],"replies":[{"embeddable":true,"href":"https:\/\/hidroponikbahce.net\/en\/wp-json\/wp\/v2\/comments?post=2307"}],"wp:featuredmedia":[{"embeddable":true,"href":"https:\/\/hidroponikbahce.net\/en\/wp-json\/wp\/v2\/media\/2313"}],"wp:attachment":[{"href":"https:\/\/hidroponikbahce.net\/en\/wp-json\/wp\/v2\/media?parent=2307"}],"wp:term":[{"taxonomy":"product_brand","embeddable":true,"href":"https:\/\/hidroponikbahce.net\/en\/wp-json\/wp\/v2\/product_brand?post=2307"},{"taxonomy":"product_cat","embeddable":true,"href":"https:\/\/hidroponikbahce.net\/en\/wp-json\/wp\/v2\/product_cat?post=2307"},{"taxonomy":"product_tag","embeddable":true,"href":"https:\/\/hidroponikbahce.net\/en\/wp-json\/wp\/v2\/product_tag?post=2307"}],"curies":[{"name":"wp","href":"https:\/\/api.w.org\/{rel}","templated":true}]}}