{"id":2260,"date":"2022-12-16T10:39:46","date_gmt":"2022-12-16T07:39:46","guid":{"rendered":"https:\/\/hidroponikbahce.com\/?post_type=product&#038;p=2260"},"modified":"2023-11-02T13:25:49","modified_gmt":"2023-11-02T10:25:49","slug":"hst-02-makarali-hasat-arabasi","status":"publish","type":"product","link":"https:\/\/hidroponikbahce.net\/en\/market\/hst-02-makarali-hasat-arabasi\/","title":{"rendered":"HST-02 Makaral\u0131 Hasat Arabas\u0131"},"content":{"rendered":"<div class=\"w-100 mt-4 text-center yazilarr\">\n<p>G\u00fc\u00e7lendirilmi\u015f \u00e7elik kafes yap\u0131s\u0131.<br \/>\nMakaral\u0131 \u00fcst kutu koyma alan\u0131.<br \/>\nIzgara Tip alt kasa koyma alan\u0131.<br \/>\nHer iki tarafta da yer alan y\u00f6nlendirme saplar\u0131.<\/p>\n<p><img data-recalc-dims=\"1\" decoding=\"async\" src=\"https:\/\/i0.wp.com\/www.seraymak.com\/resimler\/editor\/images\/HST-021.jpg?w=1290&#038;ssl=1\" alt=\"\" \/><\/p>\n<p>Dayan\u0131m\u0131 y\u00fcksek \u00f6zel \u00fcretim polyamid ray tekerleri<\/p>\n<p><img data-recalc-dims=\"1\" decoding=\"async\" src=\"https:\/\/i0.wp.com\/www.seraymak.com\/resimler\/editor\/images\/HST-02-2.jpg?w=1290&#038;ssl=1\" alt=\"\" \/><\/p>\n<p>Dayan\u0131kl\u0131 Poli\u00fcretan Kapl\u0131 D\u00f6ner Tekerler.<br \/>\nArabalar\u0131 birbirlerine ba\u011flayabilece\u011finiz \u00f6n-arka \u00e7eki grubu<\/p>\n<p><img data-recalc-dims=\"1\" decoding=\"async\" src=\"https:\/\/i0.wp.com\/www.seraymak.com\/resimler\/editor\/images\/HST-023.jpg?w=1290&#038;ssl=1\" alt=\"\" \/><\/p>\n<p>HST-02 modelinde kullan\u0131c\u0131 i\u00e7in \u00f6n ve arkada 2 adet e\u015fya cebi<\/p>\n<p><img data-recalc-dims=\"1\" decoding=\"async\" src=\"https:\/\/i0.wp.com\/www.seraymak.com\/resimler\/editor\/images\/HST-02-4.jpg?w=1290&#038;ssl=1\" alt=\"\" \/><\/p>\n<\/div>\n<div class=\"w-100 mt-4\">\n<table class=\"table table-striped\">\n<tbody>\n<tr>\n<td>MODEL<\/td>\n<td>HST-02<\/td>\n<\/tr>\n<tr>\n<td>ENERJ\u0130 BESLEME<\/td>\n<td>MEVCUT DE\u011e\u0130LD\u0130R.<\/td>\n<\/tr>\n<tr>\n<td>\u00c7ALI\u015eMA S\u00dcRES\u0130 (Kullan\u0131ma Ba\u011fl\u0131)<\/td>\n<td>S\u00dcRES\u0130Z<\/td>\n<\/tr>\n<tr>\n<td>KASA KOYMA \u00c7UKURU ALANI<\/td>\n<td>1900 mm x 434 mm<\/td>\n<\/tr>\n<tr>\n<td>KASA KOYMA YER\u0130<\/td>\n<td>Makaral\u0131 Sistem<\/td>\n<\/tr>\n<tr>\n<td>ALT KASA KOYMA ALANI<\/td>\n<td>1890 mm x 500 mm<\/td>\n<\/tr>\n<tr>\n<td>ALT KASA KOYMA YER\u0130<\/td>\n<td>Izgaral\u0131 Tip \u00c7ukur B\u00f6lme<\/td>\n<\/tr>\n<tr>\n<td>MAK\u0130NE A\u011eIRLI\u011eI<\/td>\n<td>82 kg<\/td>\n<\/tr>\n<tr>\n<td>MAKS\u0130MUM TA\u015eIMA KAPAS\u0130TES\u0130<\/td>\n<td>300 kg<\/td>\n<\/tr>\n<tr>\n<td>STANDART \u00c7ALI\u015eMA RAYI BORU \u00c7API<br \/>\n(FARKLI RAY \u00d6L\u00c7\u00dcLER\u0130NDE S\u0130ZE \u00d6ZEL \u00dcRET\u0130M YAPILMAKTADIR.)<\/td>\n<td>\u00a051 mm<\/td>\n<\/tr>\n<tr>\n<td>STANDART \u00c7ALI\u015eMA RAYI DI\u015e-DI\u015e \u00d6L\u00c7\u00dcS\u00dc<br \/>\n(FARKLI RAY \u00d6L\u00c7\u00dcLER\u0130NDE S\u0130ZE \u00d6ZEL \u00dcRET\u0130M YAPILMAKTADIR.)<\/td>\n<td>600 mm<\/td>\n<\/tr>\n<tr>\n<td>YAN RAYA GE\u00c7\u0130\u015e<\/td>\n<td>ORTA TEKERDEN D\u00d6NEB\u0130LME<\/td>\n<\/tr>\n<tr>\n<td>ORTA TEKER<\/td>\n<td>SAC JANTLI LAST\u0130K KAPLI TEKERLER<\/td>\n<\/tr>\n<tr>\n<td>RAY TEKER\u0130<\/td>\n<td>METALMAK POLYAM\u0130D RAY TEKERLER\u0130<\/td>\n<\/tr>\n<tr>\n<td>D\u00d6NER TEKERLER<\/td>\n<td>POL\u0130\u00dcRETAN KAPLI D\u00d6NER TEKERLER<\/td>\n<\/tr>\n<tr>\n<td>E\u015eYA CEB\u0130<\/td>\n<td>MEVCUT<\/td>\n<\/tr>\n<tr>\n<td>BOYA<\/td>\n<td>ELEKTROSTAT\u0130K FIRIN BOYA<\/td>\n<\/tr>\n<tr>\n<td>GARANT\u0130<\/td>\n<td>24 AY<\/td>\n<\/tr>\n<\/tbody>\n<\/table>\n<\/div>","protected":false},"excerpt":{"rendered":"<p>HST-02 \u00c7ift Katl\u0131 Makaral\u0131 Hasat Arabas\u0131 d\u00fcz zeminlerde ve ray borular\u0131 olan seralarda ray \u00fczeri kullan\u0131ma uygun olup seralarda hasat edilen \u00fcr\u00fcnlerin sevkiyat\u0131nda \u00f6nemli role sahip ara\u00e7lard\u0131r.<\/p>\n<p>HST-02 Makaral\u0131 \u00fcst kat\u0131 sayesinde kasalar\u0131 yerle\u015ftirmek \u00e7ok daha kolay. Ayr\u0131ca bir alt kat bulundurmas\u0131 sebebi ile daha \u00e7ok kasa koyabilme imk\u00e2n\u0131 sunar.<\/p>\n<p>HST-02 ile i\u015fg\u00fcc\u00fcnden ve zamandan b\u00fcy\u00fck tasarruf edin.<\/p>\n<p>[blocksy-content-block id=&#8221;2469&#8243;]<\/p>\n","protected":false},"featured_media":2265,"comment_status":"open","ping_status":"closed","template":"","meta":{"tpgb_global_settings":"","_vp_format_video_url":"","_vp_image_focal_point":[]},"product_brand":[],"product_cat":[161,152],"product_tag":[163,162,165,164],"class_list":{"0":"post-2260","1":"product","2":"type-product","3":"status-publish","4":"has-post-thumbnail","6":"product_cat-hasat-arabalari","7":"product_cat-sera-makineleri","8":"product_tag-hasat-arabalari","9":"product_tag-hasat-arabasi","10":"product_tag-sera-makinalari","11":"product_tag-sera-makineleri","13":"first","14":"instock","15":"taxable","16":"shipping-taxable","17":"product-type-grouped"},"yoast_head":"<!-- This site is optimized with the Yoast SEO plugin v27.4 - https:\/\/yoast.com\/product\/yoast-seo-wordpress\/ -->\n<title>HST-02 Makaral\u0131 Hasat Arabas\u0131 - Hidroponik Bah\u00e7e<\/title>\n<meta name=\"description\" content=\"HST-02 Makaral\u0131 \u00fcst kat\u0131 sayesinde kasalar\u0131 yerle\u015ftirmek \u00e7ok daha kolay. Ayr\u0131ca bir alt kat bulundurmas\u0131 sebebi ile daha \u00e7ok kasa koyabilme imk\u00e2n\u0131 sunar.\" \/>\n<meta name=\"robots\" content=\"index, follow, max-snippet:-1, max-image-preview:large, max-video-preview:-1\" \/>\n<link rel=\"canonical\" href=\"https:\/\/hidroponikbahce.com\/market\/hst-02-makarali-hasat-arabasi\/\" \/>\n<meta property=\"og:locale\" content=\"en_US\" \/>\n<meta property=\"og:type\" content=\"article\" \/>\n<meta property=\"og:title\" content=\"HST-02 Makaral\u0131 Hasat Arabas\u0131 - Hidroponik Bah\u00e7e\" \/>\n<meta property=\"og:description\" content=\"HST-02 Makaral\u0131 \u00fcst kat\u0131 sayesinde kasalar\u0131 yerle\u015ftirmek \u00e7ok daha kolay. Ayr\u0131ca bir alt kat bulundurmas\u0131 sebebi ile daha \u00e7ok kasa koyabilme imk\u00e2n\u0131 sunar.\" \/>\n<meta property=\"og:url\" content=\"https:\/\/hidroponikbahce.com\/market\/hst-02-makarali-hasat-arabasi\/\" \/>\n<meta property=\"og:site_name\" content=\"Hidroponik Bah\u00e7e\" \/>\n<meta property=\"article:publisher\" content=\"https:\/\/www.facebook.com\/hydroponic.farm.5\" \/>\n<meta property=\"article:modified_time\" content=\"2023-11-02T10:25:49+00:00\" \/>\n<meta property=\"og:image\" content=\"https:\/\/i0.wp.com\/hidroponikbahce.com\/wp-content\/uploads\/2022\/12\/hasat-arabasi-hst-02-6.jpg?fit=900%2C673&ssl=1\" \/>\n\t<meta property=\"og:image:width\" content=\"900\" \/>\n\t<meta property=\"og:image:height\" content=\"673\" \/>\n\t<meta property=\"og:image:type\" content=\"image\/jpeg\" \/>\n<meta name=\"twitter:card\" content=\"summary_large_image\" \/>\n<meta name=\"twitter:label1\" content=\"Est. reading time\" \/>\n\t<meta name=\"twitter:data1\" content=\"2 minutes\" \/>\n<script type=\"application\/ld+json\" class=\"yoast-schema-graph\">{\"@context\":\"https:\\\/\\\/schema.org\",\"@graph\":[{\"@type\":\"WebPage\",\"@id\":\"https:\\\/\\\/hidroponikbahce.com\\\/market\\\/hst-02-makarali-hasat-arabasi\\\/\",\"url\":\"https:\\\/\\\/hidroponikbahce.com\\\/market\\\/hst-02-makarali-hasat-arabasi\\\/\",\"name\":\"HST-02 Makaral\u0131 Hasat Arabas\u0131 - Hidroponik Bah\u00e7e\",\"isPartOf\":{\"@id\":\"https:\\\/\\\/hidroponikbahce.com\\\/#website\"},\"primaryImageOfPage\":{\"@id\":\"https:\\\/\\\/hidroponikbahce.com\\\/market\\\/hst-02-makarali-hasat-arabasi\\\/#primaryimage\"},\"image\":{\"@id\":\"https:\\\/\\\/hidroponikbahce.com\\\/market\\\/hst-02-makarali-hasat-arabasi\\\/#primaryimage\"},\"thumbnailUrl\":\"https:\\\/\\\/i0.wp.com\\\/hidroponikbahce.net\\\/wp-content\\\/uploads\\\/2022\\\/12\\\/hasat-arabasi-hst-02-6.jpg?fit=900%2C673&ssl=1\",\"datePublished\":\"2022-12-16T07:39:46+00:00\",\"dateModified\":\"2023-11-02T10:25:49+00:00\",\"description\":\"HST-02 Makaral\u0131 \u00fcst kat\u0131 sayesinde kasalar\u0131 yerle\u015ftirmek \u00e7ok daha kolay. Ayr\u0131ca bir alt kat bulundurmas\u0131 sebebi ile daha \u00e7ok kasa koyabilme imk\u00e2n\u0131 sunar.\",\"breadcrumb\":{\"@id\":\"https:\\\/\\\/hidroponikbahce.com\\\/market\\\/hst-02-makarali-hasat-arabasi\\\/#breadcrumb\"},\"inLanguage\":\"en-US\",\"potentialAction\":[{\"@type\":\"ReadAction\",\"target\":[\"https:\\\/\\\/hidroponikbahce.com\\\/market\\\/hst-02-makarali-hasat-arabasi\\\/\"]}]},{\"@type\":\"ImageObject\",\"inLanguage\":\"en-US\",\"@id\":\"https:\\\/\\\/hidroponikbahce.com\\\/market\\\/hst-02-makarali-hasat-arabasi\\\/#primaryimage\",\"url\":\"https:\\\/\\\/i0.wp.com\\\/hidroponikbahce.net\\\/wp-content\\\/uploads\\\/2022\\\/12\\\/hasat-arabasi-hst-02-6.jpg?fit=900%2C673&ssl=1\",\"contentUrl\":\"https:\\\/\\\/i0.wp.com\\\/hidroponikbahce.net\\\/wp-content\\\/uploads\\\/2022\\\/12\\\/hasat-arabasi-hst-02-6.jpg?fit=900%2C673&ssl=1\",\"width\":900,\"height\":673},{\"@type\":\"BreadcrumbList\",\"@id\":\"https:\\\/\\\/hidroponikbahce.com\\\/market\\\/hst-02-makarali-hasat-arabasi\\\/#breadcrumb\",\"itemListElement\":[{\"@type\":\"ListItem\",\"position\":1,\"name\":\"Anasayfa\",\"item\":\"https:\\\/\\\/hidroponikbahce.net\\\/\"},{\"@type\":\"ListItem\",\"position\":2,\"name\":\"Market\",\"item\":\"https:\\\/\\\/hidroponikbahce.com\\\/market\\\/\"},{\"@type\":\"ListItem\",\"position\":3,\"name\":\"HST-02 Makaral\u0131 Hasat Arabas\u0131\"}]},{\"@type\":\"WebSite\",\"@id\":\"https:\\\/\\\/hidroponikbahce.com\\\/#website\",\"url\":\"https:\\\/\\\/hidroponikbahce.com\\\/\",\"name\":\"Hidroponik Bah\u00e7e\",\"description\":\"Topraks\u0131z Tar\u0131m Sistemleri\",\"publisher\":{\"@id\":\"https:\\\/\\\/hidroponikbahce.com\\\/#organization\"},\"potentialAction\":[{\"@type\":\"SearchAction\",\"target\":{\"@type\":\"EntryPoint\",\"urlTemplate\":\"https:\\\/\\\/hidroponikbahce.com\\\/?s={search_term_string}\"},\"query-input\":{\"@type\":\"PropertyValueSpecification\",\"valueRequired\":true,\"valueName\":\"search_term_string\"}}],\"inLanguage\":\"en-US\"},{\"@type\":\"Organization\",\"@id\":\"https:\\\/\\\/hidroponikbahce.com\\\/#organization\",\"name\":\"Hidroponik Bah\u00e7e\",\"url\":\"https:\\\/\\\/hidroponikbahce.com\\\/\",\"logo\":{\"@type\":\"ImageObject\",\"inLanguage\":\"en-US\",\"@id\":\"https:\\\/\\\/hidroponikbahce.com\\\/#\\\/schema\\\/logo\\\/image\\\/\",\"url\":\"https:\\\/\\\/i0.wp.com\\\/hidroponikbahce.net\\\/wp-content\\\/uploads\\\/2022\\\/12\\\/Logo-Hidroponik-Bahce.png?fit=2000%2C350&ssl=1\",\"contentUrl\":\"https:\\\/\\\/i0.wp.com\\\/hidroponikbahce.net\\\/wp-content\\\/uploads\\\/2022\\\/12\\\/Logo-Hidroponik-Bahce.png?fit=2000%2C350&ssl=1\",\"width\":2000,\"height\":350,\"caption\":\"Hidroponik Bah\u00e7e\"},\"image\":{\"@id\":\"https:\\\/\\\/hidroponikbahce.com\\\/#\\\/schema\\\/logo\\\/image\\\/\"},\"sameAs\":[\"https:\\\/\\\/www.facebook.com\\\/hydroponic.farm.5\",\"https:\\\/\\\/www.instagram.com\\\/hydroponic_market\\\/\",\"https:\\\/\\\/tr-tr.facebook.com\\\/groups\\\/205584269848909\\\/?mibextid=6NoCDW\",\"https:\\\/\\\/www.linkedin.com\\\/in\\\/hydroponic-farm-farmer-academy-249b3b196\",\"https:\\\/\\\/www.youtube.com\\\/channel\\\/UCkiZ8fuHlNtao_MkEQRhN-A\"]}]}<\/script>\n<!-- \/ Yoast SEO plugin. -->","yoast_head_json":{"title":"HST-02 Makaral\u0131 Hasat Arabas\u0131 - Hidroponik Bah\u00e7e","description":"HST-02 Makaral\u0131 \u00fcst kat\u0131 sayesinde kasalar\u0131 yerle\u015ftirmek \u00e7ok daha kolay. Ayr\u0131ca bir alt kat bulundurmas\u0131 sebebi ile daha \u00e7ok kasa koyabilme imk\u00e2n\u0131 sunar.","robots":{"index":"index","follow":"follow","max-snippet":"max-snippet:-1","max-image-preview":"max-image-preview:large","max-video-preview":"max-video-preview:-1"},"canonical":"https:\/\/hidroponikbahce.com\/market\/hst-02-makarali-hasat-arabasi\/","og_locale":"en_US","og_type":"article","og_title":"HST-02 Makaral\u0131 Hasat Arabas\u0131 - Hidroponik Bah\u00e7e","og_description":"HST-02 Makaral\u0131 \u00fcst kat\u0131 sayesinde kasalar\u0131 yerle\u015ftirmek \u00e7ok daha kolay. Ayr\u0131ca bir alt kat bulundurmas\u0131 sebebi ile daha \u00e7ok kasa koyabilme imk\u00e2n\u0131 sunar.","og_url":"https:\/\/hidroponikbahce.com\/market\/hst-02-makarali-hasat-arabasi\/","og_site_name":"Hidroponik Bah\u00e7e","article_publisher":"https:\/\/www.facebook.com\/hydroponic.farm.5","article_modified_time":"2023-11-02T10:25:49+00:00","og_image":[{"width":900,"height":673,"url":"https:\/\/i0.wp.com\/hidroponikbahce.com\/wp-content\/uploads\/2022\/12\/hasat-arabasi-hst-02-6.jpg?fit=900%2C673&ssl=1","type":"image\/jpeg"}],"twitter_card":"summary_large_image","twitter_misc":{"Est. reading time":"2 minutes"},"schema":{"@context":"https:\/\/schema.org","@graph":[{"@type":"WebPage","@id":"https:\/\/hidroponikbahce.com\/market\/hst-02-makarali-hasat-arabasi\/","url":"https:\/\/hidroponikbahce.com\/market\/hst-02-makarali-hasat-arabasi\/","name":"HST-02 Makaral\u0131 Hasat Arabas\u0131 - Hidroponik Bah\u00e7e","isPartOf":{"@id":"https:\/\/hidroponikbahce.com\/#website"},"primaryImageOfPage":{"@id":"https:\/\/hidroponikbahce.com\/market\/hst-02-makarali-hasat-arabasi\/#primaryimage"},"image":{"@id":"https:\/\/hidroponikbahce.com\/market\/hst-02-makarali-hasat-arabasi\/#primaryimage"},"thumbnailUrl":"https:\/\/i0.wp.com\/hidroponikbahce.net\/wp-content\/uploads\/2022\/12\/hasat-arabasi-hst-02-6.jpg?fit=900%2C673&ssl=1","datePublished":"2022-12-16T07:39:46+00:00","dateModified":"2023-11-02T10:25:49+00:00","description":"HST-02 Makaral\u0131 \u00fcst kat\u0131 sayesinde kasalar\u0131 yerle\u015ftirmek \u00e7ok daha kolay. Ayr\u0131ca bir alt kat bulundurmas\u0131 sebebi ile daha \u00e7ok kasa koyabilme imk\u00e2n\u0131 sunar.","breadcrumb":{"@id":"https:\/\/hidroponikbahce.com\/market\/hst-02-makarali-hasat-arabasi\/#breadcrumb"},"inLanguage":"en-US","potentialAction":[{"@type":"ReadAction","target":["https:\/\/hidroponikbahce.com\/market\/hst-02-makarali-hasat-arabasi\/"]}]},{"@type":"ImageObject","inLanguage":"en-US","@id":"https:\/\/hidroponikbahce.com\/market\/hst-02-makarali-hasat-arabasi\/#primaryimage","url":"https:\/\/i0.wp.com\/hidroponikbahce.net\/wp-content\/uploads\/2022\/12\/hasat-arabasi-hst-02-6.jpg?fit=900%2C673&ssl=1","contentUrl":"https:\/\/i0.wp.com\/hidroponikbahce.net\/wp-content\/uploads\/2022\/12\/hasat-arabasi-hst-02-6.jpg?fit=900%2C673&ssl=1","width":900,"height":673},{"@type":"BreadcrumbList","@id":"https:\/\/hidroponikbahce.com\/market\/hst-02-makarali-hasat-arabasi\/#breadcrumb","itemListElement":[{"@type":"ListItem","position":1,"name":"Anasayfa","item":"https:\/\/hidroponikbahce.net\/"},{"@type":"ListItem","position":2,"name":"Market","item":"https:\/\/hidroponikbahce.com\/market\/"},{"@type":"ListItem","position":3,"name":"HST-02 Makaral\u0131 Hasat Arabas\u0131"}]},{"@type":"WebSite","@id":"https:\/\/hidroponikbahce.com\/#website","url":"https:\/\/hidroponikbahce.com\/","name":"Hidroponik Bah\u00e7e","description":"Soilless Agricultural Systems","publisher":{"@id":"https:\/\/hidroponikbahce.com\/#organization"},"potentialAction":[{"@type":"SearchAction","target":{"@type":"EntryPoint","urlTemplate":"https:\/\/hidroponikbahce.com\/?s={search_term_string}"},"query-input":{"@type":"PropertyValueSpecification","valueRequired":true,"valueName":"search_term_string"}}],"inLanguage":"en-US"},{"@type":"Organization","@id":"https:\/\/hidroponikbahce.com\/#organization","name":"Hidroponik Bah\u00e7e","url":"https:\/\/hidroponikbahce.com\/","logo":{"@type":"ImageObject","inLanguage":"en-US","@id":"https:\/\/hidroponikbahce.com\/#\/schema\/logo\/image\/","url":"https:\/\/i0.wp.com\/hidroponikbahce.net\/wp-content\/uploads\/2022\/12\/Logo-Hidroponik-Bahce.png?fit=2000%2C350&ssl=1","contentUrl":"https:\/\/i0.wp.com\/hidroponikbahce.net\/wp-content\/uploads\/2022\/12\/Logo-Hidroponik-Bahce.png?fit=2000%2C350&ssl=1","width":2000,"height":350,"caption":"Hidroponik Bah\u00e7e"},"image":{"@id":"https:\/\/hidroponikbahce.com\/#\/schema\/logo\/image\/"},"sameAs":["https:\/\/www.facebook.com\/hydroponic.farm.5","https:\/\/www.instagram.com\/hydroponic_market\/","https:\/\/tr-tr.facebook.com\/groups\/205584269848909\/?mibextid=6NoCDW","https:\/\/www.linkedin.com\/in\/hydroponic-farm-farmer-academy-249b3b196","https:\/\/www.youtube.com\/channel\/UCkiZ8fuHlNtao_MkEQRhN-A"]}]}},"tpgb_featured_images":{"full":["https:\/\/i0.wp.com\/hidroponikbahce.net\/wp-content\/uploads\/2022\/12\/hasat-arabasi-hst-02-6.jpg?fit=900%2C673&ssl=1",900,673,false],"tp-image-grid":["https:\/\/i0.wp.com\/hidroponikbahce.net\/wp-content\/uploads\/2022\/12\/hasat-arabasi-hst-02-6.jpg?resize=700%2C673&ssl=1",700,700,true],"thumbnail":["https:\/\/i0.wp.com\/hidroponikbahce.net\/wp-content\/uploads\/2022\/12\/hasat-arabasi-hst-02-6.jpg?resize=150%2C150&ssl=1",150,150,true],"medium":["https:\/\/i0.wp.com\/hidroponikbahce.net\/wp-content\/uploads\/2022\/12\/hasat-arabasi-hst-02-6.jpg?fit=300%2C224&ssl=1",300,224,true],"medium_large":["https:\/\/i0.wp.com\/hidroponikbahce.net\/wp-content\/uploads\/2022\/12\/hasat-arabasi-hst-02-6.jpg?fit=768%2C574&ssl=1",768,574,true],"large":["https:\/\/i0.wp.com\/hidroponikbahce.net\/wp-content\/uploads\/2022\/12\/hasat-arabasi-hst-02-6.jpg?fit=900%2C673&ssl=1",900,673,true],"default":"https:\/\/hidroponikbahce.net\/wp-content\/plugins\/the-plus-addons-for-block-editor\/assets\/images\/tpgb-placeholder.jpg"},"tpgb_post_meta_info":{"get_date":"December 16, 2022","get_modified_date":"November 2, 2023","category_list":{"product_brand":false,"product_cat":[{"term_id":161,"name":"Hasat Arabalar\u0131","slug":"hasat-arabalari","term_group":0,"term_taxonomy_id":161,"taxonomy":"product_cat","description":"Hasat arabalar\u0131, tar\u0131m alanlar\u0131nda hasat edilen \u00fcr\u00fcnlerin toplanmas\u0131 i\u00e7in kullan\u0131lan ara\u00e7lard\u0131r. Hasat arabalar\u0131, bitkilerin topland\u0131ktan sonra depolanmas\u0131 i\u00e7in kullan\u0131l\u0131r. Hasat arabalar\u0131, tar\u0131m \u00fcr\u00fcnlerinin topland\u0131ktan sonraki i\u015flemlerin h\u0131z\u0131n\u0131 ve verimlili\u011fini artt\u0131rmak i\u00e7in tasarlanm\u0131\u015ft\u0131r. Bu ara\u00e7lar, tar\u0131m \u00fcr\u00fcnlerinin topland\u0131ktan sonra depolanmas\u0131 s\u0131ras\u0131nda zarar g\u00f6rmemesi i\u00e7in de \u00f6nemlidir.","parent":152,"count":5,"filter":"raw"},{"term_id":152,"name":"Sera Makineleri","slug":"sera-makineleri","term_group":0,"term_taxonomy_id":152,"taxonomy":"product_cat","description":"Seran\u0131zda ve tar\u0131m arazinizce i\u015finizi kolayla\u015ft\u0131racak, daha profesyonel \u00e7al\u0131\u015fman\u0131za imkan sa\u011flayacak makinalar","parent":0,"count":34,"filter":"raw"}],"product_tag":[{"term_id":163,"name":"hasat arabalar\u0131","slug":"hasat-arabalari","term_group":0,"term_taxonomy_id":163,"taxonomy":"product_tag","description":"","parent":0,"count":5,"filter":"raw"},{"term_id":162,"name":"hasat arabas\u0131","slug":"hasat-arabasi","term_group":0,"term_taxonomy_id":162,"taxonomy":"product_tag","description":"","parent":0,"count":7,"filter":"raw"},{"term_id":165,"name":"sera makinalar\u0131","slug":"sera-makinalari","term_group":0,"term_taxonomy_id":165,"taxonomy":"product_tag","description":"","parent":0,"count":2,"filter":"raw"},{"term_id":164,"name":"sera makineleri","slug":"sera-makineleri","term_group":0,"term_taxonomy_id":164,"taxonomy":"product_tag","description":"","parent":0,"count":4,"filter":"raw"}]},"comment_count":2,"post_likes":0,"post_views":0},"tpgb_post_category":{"product_cat":"<a href=\"https:\/\/hidroponikbahce.net\/en\/product-category\/sera-makineleri\/hasat-arabalari\/\" alt=\"Hasat Arabalar\u0131\"  class=\"product_cat-hasat-arabalari\">Hasat Arabalar\u0131<\/a> <a href=\"https:\/\/hidroponikbahce.net\/en\/product-category\/sera-makineleri\/\" alt=\"Sera Makineleri\"  class=\"product_cat-sera-makineleri\">Sera Makineleri<\/a> ","product_tag":"<a href=\"https:\/\/hidroponikbahce.net\/en\/product-tag\/hasat-arabalari\/\" alt=\"hasat arabalar\u0131\"  class=\"product_tag-hasat-arabalari\">hasat arabalar\u0131<\/a> <a href=\"https:\/\/hidroponikbahce.net\/en\/product-tag\/hasat-arabasi\/\" alt=\"hasat arabas\u0131\"  class=\"product_tag-hasat-arabasi\">hasat arabas\u0131<\/a> <a href=\"https:\/\/hidroponikbahce.net\/en\/product-tag\/sera-makinalari\/\" alt=\"sera makinalar\u0131\"  class=\"product_tag-sera-makinalari\">sera makinalar\u0131<\/a> <a href=\"https:\/\/hidroponikbahce.net\/en\/product-tag\/sera-makineleri\/\" alt=\"sera makineleri\"  class=\"product_tag-sera-makineleri\">sera makineleri<\/a> "},"tpgb_product_data":{"price_html":"","type":"grouped","gallery":["https:\/\/i0.wp.com\/hidroponikbahce.net\/wp-content\/uploads\/2022\/12\/hasat-arabasi-hst-02-8.jpg?fit=448%2C600&ssl=1",448,600,false],"category":"Hasat Arabalar\u0131","procatslug":"hasat-arabalari"},"jetpack-related-posts":[],"jetpack_sharing_enabled":true,"_links":{"self":[{"href":"https:\/\/hidroponikbahce.net\/en\/wp-json\/wp\/v2\/product\/2260","targetHints":{"allow":["GET"]}}],"collection":[{"href":"https:\/\/hidroponikbahce.net\/en\/wp-json\/wp\/v2\/product"}],"about":[{"href":"https:\/\/hidroponikbahce.net\/en\/wp-json\/wp\/v2\/types\/product"}],"replies":[{"embeddable":true,"href":"https:\/\/hidroponikbahce.net\/en\/wp-json\/wp\/v2\/comments?post=2260"}],"wp:featuredmedia":[{"embeddable":true,"href":"https:\/\/hidroponikbahce.net\/en\/wp-json\/wp\/v2\/media\/2265"}],"wp:attachment":[{"href":"https:\/\/hidroponikbahce.net\/en\/wp-json\/wp\/v2\/media?parent=2260"}],"wp:term":[{"taxonomy":"product_brand","embeddable":true,"href":"https:\/\/hidroponikbahce.net\/en\/wp-json\/wp\/v2\/product_brand?post=2260"},{"taxonomy":"product_cat","embeddable":true,"href":"https:\/\/hidroponikbahce.net\/en\/wp-json\/wp\/v2\/product_cat?post=2260"},{"taxonomy":"product_tag","embeddable":true,"href":"https:\/\/hidroponikbahce.net\/en\/wp-json\/wp\/v2\/product_tag?post=2260"}],"curies":[{"name":"wp","href":"https:\/\/api.w.org\/{rel}","templated":true}]}}