{"id":2245,"date":"2022-12-16T09:23:08","date_gmt":"2022-12-16T06:23:08","guid":{"rendered":"https:\/\/hidroponikbahce.com\/?post_type=product&#038;p=2245"},"modified":"2022-12-17T11:41:16","modified_gmt":"2022-12-17T08:41:16","slug":"mpt-04-sera-bakim-arabasi","status":"publish","type":"product","link":"https:\/\/hidroponikbahce.net\/en\/market\/mpt-04-sera-bakim-arabasi\/","title":{"rendered":"MTP-04 Sera Bak\u0131m Arabas\u0131"},"content":{"rendered":"<div class=\"w-100 mt-4 text-center yazilarr\">\n<div class=\"w-100 mt-4 text-center yazilarr\">\n<div class=\"w-100 mt-4 text-center yazilarr\">\n<p>Platform kald\u0131rma y\u00fcksekli\u011fi 5000 mm.<br \/>\nPlatform kald\u0131rma kapasitesi 240 kg.<br \/>\nMaksimum h\u0131z ray \u00fczerinde 42 metre \/ dakikad\u0131r.<br \/>\nMakine \u00fczerinde g\u00fc\u00e7l\u00fc sizi yar\u0131 yolda b\u0131rakmayacak 2 adet 105 amper ak\u00fc bulunmaktad\u0131r.<br \/>\nPlatform \u00e7elik kafes \u00fczeri kayd\u0131rmaz \u00f6zelli\u011fe sahip al\u00fcminyum \u00e7eta malzemesi ile kaplanm\u0131\u015ft\u0131r.<br \/>\nPlatform \u00fczerinde al\u00fcminyum g\u00f6vdeye sahip dayan\u0131kl\u0131 hareket pedal\u0131 bulunmaktad\u0131r.<\/p>\n<p><img data-recalc-dims=\"1\" decoding=\"async\" src=\"https:\/\/i0.wp.com\/www.seraymak.com\/resimler\/editor\/images\/u1.jpg?w=1290&#038;ssl=1\" alt=\"\" \/><\/p>\n<p>Makinede yer alan s\u00fcr\u00fcc\u00fc \u00fczerinde frenleme \u00f6zelli\u011fi bulunmakta olup kullan\u0131c\u0131 pedaldan aya\u011f\u0131n\u0131 \u00e7ekti\u011fi anda yumu\u015fak bir frenleme \u00f6zelli\u011fi devreye girmektedir.<br \/>\nKontrol paneli \u00fczerinde yukar\u0131-a\u015fa\u011f\u0131 butonlar\u0131, ileri-geri y\u00f6n tayin butonu, kademesiz h\u0131z ayar potu, acil stop butonu ve \u015farj takibi yapabilece\u011finiz voltaj g\u00f6stergesi bulunmaktad\u0131r.<\/p>\n<p><img data-recalc-dims=\"1\" decoding=\"async\" src=\"https:\/\/i0.wp.com\/www.seraymak.com\/resimler\/editor\/images\/MTP-04-1.jpg?w=1290&#038;ssl=1\" alt=\"\" \/><\/p>\n<p>\u015earj cihaz\u0131 makine \u00fczerinde uygun bir yere yerle\u015ftirilmi\u015ftir. \u015earj cihaz\u0131 \u00fczerinde yer alan g\u00f6sterge \u0131\u015f\u0131\u011f\u0131 sayesinde makinenin \u015farj durumunu g\u00f6rebilmektesiniz. \u015earj lambas\u0131 k\u0131rm\u0131z\u0131dan ye\u015file d\u00f6nd\u00fc\u011f\u00fc zaman \u015farj i\u015flemi tamamlanm\u0131\u015f anlam\u0131na gelmektedir.<br \/>\n\u015earj Cihazlar\u0131m\u0131z ak\u00fcler tam dolu hale geldi\u011fi anda elektri\u011fi kesme \u00f6zelli\u011fine sahip olup fazla \u015farj\u0131n yarataca\u011f\u0131 olumsuz etkilerin \u00f6n\u00fcne ge\u00e7ilmi\u015ftir.<br \/>\nMakine \u00fczerinde s\u00fcr\u00fcc\u00fc kart korumas\u0131 bulunmaktad\u0131r. Makinenin zorlanmas\u0131 durumunda kart\u0131 korumaya al\u0131p kart\u0131n ar\u0131zalanmas\u0131 engellenmektedir. Makine \u00fczerinde yer alan reset tu\u015fu ile kart\u0131 tekrar aktif hale kolayl\u0131kla getirebilirsiniz.<\/p>\n<p><img data-recalc-dims=\"1\" decoding=\"async\" src=\"https:\/\/i0.wp.com\/www.seraymak.com\/resimler\/editor\/images\/u3.png?w=1290&#038;ssl=1\" alt=\"\" \/><\/p>\n<p>MTP-04 Modeli \u00e7\u0131k\u0131nt\u0131l\u0131 kenarlar, keskin k\u00f6\u015felerden ar\u0131nd\u0131r\u0131lm\u0131\u015f olup \u00e7al\u0131\u015fma esnas\u0131nda bitkilere zarar vermeyecek \u015fekilde tasarlanm\u0131\u015ft\u0131r.<br \/>\nModel \u00fczerinde kendili\u011finden kapanabilen g\u00fcvenlik kap\u0131s\u0131 bulunmaktad\u0131r.<\/p>\n<p><img data-recalc-dims=\"1\" decoding=\"async\" src=\"https:\/\/i0.wp.com\/www.seraymak.com\/resimler\/editor\/images\/u4.jpg?w=1290&#038;ssl=1\" alt=\"\" \/><\/p>\n<p>Makinaya kullan\u0131c\u0131lar\u0131n rahat\u00e7a inip binebilmeleri i\u00e7in ilave basamak yerle\u015ftirilmi\u015ftir<\/p>\n<p><img data-recalc-dims=\"1\" decoding=\"async\" src=\"https:\/\/i0.wp.com\/www.seraymak.com\/resimler\/editor\/images\/MTP-04-4.jpg?w=1290&#038;ssl=1\" alt=\"\" \/><\/p>\n<p>Platform \u00fczerinde kullan\u0131c\u0131lar\u0131n gerekli malzemelerini koyabilmesi i\u00e7in e\u015fya cebi yerle\u015ftirilmi\u015ftir.<\/p>\n<p><img data-recalc-dims=\"1\" decoding=\"async\" src=\"https:\/\/i0.wp.com\/www.seraymak.com\/resimler\/editor\/images\/MTP-03-7.jpg?w=1290&#038;ssl=1\" alt=\"\" \/><\/p>\n<p>Makinenin yan raya ge\u00e7i\u015fi kald\u0131rma kolu sayesinde olup y\u00f6nlendirme alttan \u00e7\u0131kan polyamid tekerler sayesinde kolay bir \u015fekilde sa\u011flan\u0131r.<br \/>\nMakinede yer alan yan denge ayaklar\u0131 ile \u00e7al\u0131\u015fma yapaca\u011f\u0131n\u0131z b\u00f6lgede ayaklar\u0131 g\u00fcvenli bir \u015fekilde yere sabitleme i\u015flemini yapt\u0131ktan sonra makineyi g\u00fcvenle kullanabilirsiniz.<\/p>\n<p><img data-recalc-dims=\"1\" decoding=\"async\" src=\"https:\/\/i0.wp.com\/www.seraymak.com\/resimler\/editor\/images\/MTP-04-2.jpg?w=1290&#038;ssl=1\" alt=\"\" \/><\/p>\n<\/div>\n<div class=\"w-100 mt-4\">\n<table class=\"table table-striped\">\n<tbody>\n<tr>\n<td>MODEL<\/td>\n<td>MTP-04<\/td>\n<\/tr>\n<tr>\n<td>ENERJ\u0130 BESLEME<\/td>\n<td>AK\u00dc \/ 2 X 12 V-105 A<\/td>\n<\/tr>\n<tr>\n<td>H\u0130DROL\u0130K MOTOR<\/td>\n<td>800 W DC X 1<\/td>\n<\/tr>\n<tr>\n<td>Y\u00dcR\u00dcY\u00dc\u015e MOTORU<\/td>\n<td>400 W DC X 1<\/td>\n<\/tr>\n<tr>\n<td>\u015eARJ C\u0130HAZI (DAH\u0130L\u0130)<\/td>\n<td>MEVCUT<\/td>\n<\/tr>\n<tr>\n<td>\u015eARJ \u0130\u00c7\u0130N GEREKL\u0130 ENERJ\u0130<\/td>\n<td>220 VOLT \/ 50 Hz<\/td>\n<\/tr>\n<tr>\n<td>\u015eARJ KABLOSU<\/td>\n<td>MEVCUT<\/td>\n<\/tr>\n<tr>\n<td>\u00c7ALI\u015eMA S\u00dcRES\u0130 (Kullan\u0131ma Ba\u011fl\u0131)<\/td>\n<td>2 G\u00dcN<\/td>\n<\/tr>\n<tr>\n<td>BETON ZEM\u0130N MAKS\u0130MUM HIZI<\/td>\n<td>90 m \/ dak<\/td>\n<\/tr>\n<tr>\n<td>RAY \u00dcZER\u0130 MAKS\u0130MUM HIZI<\/td>\n<td>42 m \/ dak<\/td>\n<\/tr>\n<tr>\n<td>MAKS\u0130MUM KALDIRMA Y\u00dcKSEKL\u0130\u011e\u0130<\/td>\n<td>5000 mm<\/td>\n<\/tr>\n<tr>\n<td>PLATFORM B\u0130N\u0130\u015e Y\u00dcKSEKL\u0130\u011e\u0130<\/td>\n<td>1080 mm<\/td>\n<\/tr>\n<tr>\n<td>YAN DENGE AYAKLARI(Y\u00dcKSEKL\u0130K AYARLI)<\/td>\n<td>MEVCUT<\/td>\n<\/tr>\n<tr>\n<td>MAK\u0130NE A\u011eIRLI\u011eI<\/td>\n<td>285 kg<\/td>\n<\/tr>\n<tr>\n<td>MAKS\u0130MUM KALDIRMA KAPAS\u0130TES\u0130<\/td>\n<td>240 kg<\/td>\n<\/tr>\n<tr>\n<td>STANDART \u00c7ALI\u015eMA RAYI BORU \u00c7API<br \/>\n(FARKLI RAY \u00d6L\u00c7\u00dcLER\u0130NDE S\u0130ZE \u00d6ZEL \u00dcRET\u0130M YAPILMAKTADIR.)<\/td>\n<td>\u00a051 mm<\/td>\n<\/tr>\n<tr>\n<td>STANDART \u00c7ALI\u015eMA RAYI DI\u015e-DI\u015e \u00d6L\u00c7\u00dcS\u00dc<br \/>\n(FARKLI RAY \u00d6L\u00c7\u00dcLER\u0130NDE S\u0130ZE \u00d6ZEL \u00dcRET\u0130M YAPILMAKTADIR.)<\/td>\n<td>600 mm<\/td>\n<\/tr>\n<tr>\n<td>YAN RAYA GE\u00c7\u0130\u015e<\/td>\n<td>MANUEL (Kayd\u0131rma Kolu)<\/td>\n<\/tr>\n<tr>\n<td>HIZ MODU<\/td>\n<td>AYARLANABL\u0130R<\/td>\n<\/tr>\n<tr>\n<td>\u015eARJ G\u00d6STERGES\u0130<\/td>\n<td>MEVCUT<\/td>\n<\/tr>\n<tr>\n<td>H\u0130DROL\u0130K KALDIRMA-\u0130ND\u0130RME ALT BUTONLARI<\/td>\n<td>MEVCUT<\/td>\n<\/tr>\n<tr>\n<td>KULLANICI E\u015eYA CEB\u0130<\/td>\n<td>MEVCUT<\/td>\n<\/tr>\n<tr>\n<td>G\u00dcVENL\u0130K KAPISI<\/td>\n<td>MEVCUT<\/td>\n<\/tr>\n<tr>\n<td>LED FAR<\/td>\n<td>OPS\u0130YONEL<\/td>\n<\/tr>\n<tr>\n<td>BOYA<\/td>\n<td>ELEKTROSTAT\u0130K FIRIN BOYA<\/td>\n<\/tr>\n<tr>\n<td>GARANT\u0130<\/td>\n<td>24 AY<\/td>\n<\/tr>\n<\/tbody>\n<\/table>\n<\/div>\n<\/div>\n<\/div>","protected":false},"excerpt":{"rendered":"<p>Ak\u00fc Beslemeli Hidrolik Pistonlu MTP-04 Sera i\u00e7i bak\u0131m arabas\u0131, hat aralar\u0131nda ray borular\u0131 \u00fczerinde \u00e7al\u0131\u015fabilme \u00f6zelli\u011fi ile seralarda meydana gelebilecek t\u00fcm ar\u0131za bak\u0131m-onar\u0131m i\u015flerinde kullan\u0131lmak \u00fczere tasarlanm\u0131\u015ft\u0131r.<\/p>\n<p>MTP-04 sera bak\u0131m arac\u0131n\u0131n maksimum kald\u0131rma y\u00fcksekli\u011fi 5 metredir MTP-04 modeli kullan\u0131c\u0131ya 7 metrede rahat\u00e7a \u00e7al\u0131\u015fabilme imk\u00e2n\u0131 tan\u0131r.<\/p>\n<p>Sera bak\u0131m arabalar\u0131 ile teknik i\u015flerinizi, aksatmadan h\u0131zl\u0131 bir \u015fekilde halledebilirsiniz.<\/p>\n<p>[blocksy-content-block id=&#8221;2469&#8243;]<\/p>\n","protected":false},"featured_media":2240,"comment_status":"open","ping_status":"closed","template":"","meta":{"tpgb_global_settings":"","_vp_format_video_url":"","_vp_image_focal_point":[]},"product_brand":[],"product_cat":[159,152],"product_tag":[156,160,158,157],"class_list":{"0":"post-2245","1":"product","2":"type-product","3":"status-publish","4":"has-post-thumbnail","6":"product_cat-sera-bakim-arabalari","7":"product_cat-sera-makineleri","8":"product_tag-sera-arabasi","9":"product_tag-sera-bakim-arabasi","10":"product_tag-sera-makinasi","11":"product_tag-sera-makinesi","13":"first","14":"instock","15":"taxable","16":"shipping-taxable","17":"product-type-grouped"},"yoast_head":"<!-- This site is optimized with the Yoast SEO plugin v27.4 - https:\/\/yoast.com\/product\/yoast-seo-wordpress\/ -->\n<title>MTP-04 Sera Bak\u0131m Arabas\u0131 - Hidroponik Bah\u00e7e<\/title>\n<meta name=\"description\" content=\"MTP-04 sera bak\u0131m arac\u0131n\u0131n maksimum kald\u0131rma y\u00fcksekli\u011fi 5 metredir MTP-04 modeli kullan\u0131c\u0131ya 7 metrede rahat\u00e7a \u00e7al\u0131\u015fabilme imk\u00e2n\u0131 tan\u0131r.\" \/>\n<meta name=\"robots\" content=\"index, follow, max-snippet:-1, max-image-preview:large, max-video-preview:-1\" \/>\n<link rel=\"canonical\" href=\"https:\/\/hidroponikbahce.com\/market\/mpt-04-sera-bakim-arabasi\/\" \/>\n<meta property=\"og:locale\" content=\"en_US\" \/>\n<meta property=\"og:type\" content=\"article\" \/>\n<meta property=\"og:title\" content=\"MTP-04 Sera Bak\u0131m Arabas\u0131 - Hidroponik Bah\u00e7e\" \/>\n<meta property=\"og:description\" content=\"MTP-04 sera bak\u0131m arac\u0131n\u0131n maksimum kald\u0131rma y\u00fcksekli\u011fi 5 metredir MTP-04 modeli kullan\u0131c\u0131ya 7 metrede rahat\u00e7a \u00e7al\u0131\u015fabilme imk\u00e2n\u0131 tan\u0131r.\" \/>\n<meta property=\"og:url\" content=\"https:\/\/hidroponikbahce.com\/market\/mpt-04-sera-bakim-arabasi\/\" \/>\n<meta property=\"og:site_name\" content=\"Hidroponik Bah\u00e7e\" \/>\n<meta property=\"article:publisher\" content=\"https:\/\/www.facebook.com\/hydroponic.farm.5\" \/>\n<meta property=\"article:modified_time\" content=\"2022-12-17T08:41:16+00:00\" \/>\n<meta property=\"og:image\" content=\"https:\/\/i0.wp.com\/hidroponikbahce.com\/wp-content\/uploads\/2022\/12\/sera-bakim-arabasi-mpt-04-5.jpg?fit=355%2C600&ssl=1\" \/>\n\t<meta property=\"og:image:width\" content=\"355\" \/>\n\t<meta property=\"og:image:height\" content=\"600\" \/>\n\t<meta property=\"og:image:type\" content=\"image\/jpeg\" \/>\n<meta name=\"twitter:card\" content=\"summary_large_image\" \/>\n<meta name=\"twitter:label1\" content=\"Est. reading time\" \/>\n\t<meta name=\"twitter:data1\" content=\"4 minutes\" \/>\n<script type=\"application\/ld+json\" class=\"yoast-schema-graph\">{\"@context\":\"https:\\\/\\\/schema.org\",\"@graph\":[{\"@type\":\"WebPage\",\"@id\":\"https:\\\/\\\/hidroponikbahce.com\\\/market\\\/mpt-04-sera-bakim-arabasi\\\/\",\"url\":\"https:\\\/\\\/hidroponikbahce.com\\\/market\\\/mpt-04-sera-bakim-arabasi\\\/\",\"name\":\"MTP-04 Sera Bak\u0131m Arabas\u0131 - Hidroponik Bah\u00e7e\",\"isPartOf\":{\"@id\":\"https:\\\/\\\/hidroponikbahce.com\\\/#website\"},\"primaryImageOfPage\":{\"@id\":\"https:\\\/\\\/hidroponikbahce.com\\\/market\\\/mpt-04-sera-bakim-arabasi\\\/#primaryimage\"},\"image\":{\"@id\":\"https:\\\/\\\/hidroponikbahce.com\\\/market\\\/mpt-04-sera-bakim-arabasi\\\/#primaryimage\"},\"thumbnailUrl\":\"https:\\\/\\\/i0.wp.com\\\/hidroponikbahce.net\\\/wp-content\\\/uploads\\\/2022\\\/12\\\/sera-bakim-arabasi-mpt-04-5.jpg?fit=355%2C600&ssl=1\",\"datePublished\":\"2022-12-16T06:23:08+00:00\",\"dateModified\":\"2022-12-17T08:41:16+00:00\",\"description\":\"MTP-04 sera bak\u0131m arac\u0131n\u0131n maksimum kald\u0131rma y\u00fcksekli\u011fi 5 metredir MTP-04 modeli kullan\u0131c\u0131ya 7 metrede rahat\u00e7a \u00e7al\u0131\u015fabilme imk\u00e2n\u0131 tan\u0131r.\",\"breadcrumb\":{\"@id\":\"https:\\\/\\\/hidroponikbahce.com\\\/market\\\/mpt-04-sera-bakim-arabasi\\\/#breadcrumb\"},\"inLanguage\":\"en-US\",\"potentialAction\":[{\"@type\":\"ReadAction\",\"target\":[\"https:\\\/\\\/hidroponikbahce.com\\\/market\\\/mpt-04-sera-bakim-arabasi\\\/\"]}]},{\"@type\":\"ImageObject\",\"inLanguage\":\"en-US\",\"@id\":\"https:\\\/\\\/hidroponikbahce.com\\\/market\\\/mpt-04-sera-bakim-arabasi\\\/#primaryimage\",\"url\":\"https:\\\/\\\/i0.wp.com\\\/hidroponikbahce.net\\\/wp-content\\\/uploads\\\/2022\\\/12\\\/sera-bakim-arabasi-mpt-04-5.jpg?fit=355%2C600&ssl=1\",\"contentUrl\":\"https:\\\/\\\/i0.wp.com\\\/hidroponikbahce.net\\\/wp-content\\\/uploads\\\/2022\\\/12\\\/sera-bakim-arabasi-mpt-04-5.jpg?fit=355%2C600&ssl=1\",\"width\":355,\"height\":600},{\"@type\":\"BreadcrumbList\",\"@id\":\"https:\\\/\\\/hidroponikbahce.com\\\/market\\\/mpt-04-sera-bakim-arabasi\\\/#breadcrumb\",\"itemListElement\":[{\"@type\":\"ListItem\",\"position\":1,\"name\":\"Anasayfa\",\"item\":\"https:\\\/\\\/hidroponikbahce.net\\\/\"},{\"@type\":\"ListItem\",\"position\":2,\"name\":\"Market\",\"item\":\"https:\\\/\\\/hidroponikbahce.com\\\/market\\\/\"},{\"@type\":\"ListItem\",\"position\":3,\"name\":\"MTP-04 Sera Bak\u0131m Arabas\u0131\"}]},{\"@type\":\"WebSite\",\"@id\":\"https:\\\/\\\/hidroponikbahce.com\\\/#website\",\"url\":\"https:\\\/\\\/hidroponikbahce.com\\\/\",\"name\":\"Hidroponik Bah\u00e7e\",\"description\":\"Topraks\u0131z Tar\u0131m Sistemleri\",\"publisher\":{\"@id\":\"https:\\\/\\\/hidroponikbahce.com\\\/#organization\"},\"potentialAction\":[{\"@type\":\"SearchAction\",\"target\":{\"@type\":\"EntryPoint\",\"urlTemplate\":\"https:\\\/\\\/hidroponikbahce.com\\\/?s={search_term_string}\"},\"query-input\":{\"@type\":\"PropertyValueSpecification\",\"valueRequired\":true,\"valueName\":\"search_term_string\"}}],\"inLanguage\":\"en-US\"},{\"@type\":\"Organization\",\"@id\":\"https:\\\/\\\/hidroponikbahce.com\\\/#organization\",\"name\":\"Hidroponik Bah\u00e7e\",\"url\":\"https:\\\/\\\/hidroponikbahce.com\\\/\",\"logo\":{\"@type\":\"ImageObject\",\"inLanguage\":\"en-US\",\"@id\":\"https:\\\/\\\/hidroponikbahce.com\\\/#\\\/schema\\\/logo\\\/image\\\/\",\"url\":\"https:\\\/\\\/i0.wp.com\\\/hidroponikbahce.net\\\/wp-content\\\/uploads\\\/2022\\\/12\\\/Logo-Hidroponik-Bahce.png?fit=2000%2C350&ssl=1\",\"contentUrl\":\"https:\\\/\\\/i0.wp.com\\\/hidroponikbahce.net\\\/wp-content\\\/uploads\\\/2022\\\/12\\\/Logo-Hidroponik-Bahce.png?fit=2000%2C350&ssl=1\",\"width\":2000,\"height\":350,\"caption\":\"Hidroponik Bah\u00e7e\"},\"image\":{\"@id\":\"https:\\\/\\\/hidroponikbahce.com\\\/#\\\/schema\\\/logo\\\/image\\\/\"},\"sameAs\":[\"https:\\\/\\\/www.facebook.com\\\/hydroponic.farm.5\",\"https:\\\/\\\/www.instagram.com\\\/hydroponic_market\\\/\",\"https:\\\/\\\/tr-tr.facebook.com\\\/groups\\\/205584269848909\\\/?mibextid=6NoCDW\",\"https:\\\/\\\/www.linkedin.com\\\/in\\\/hydroponic-farm-farmer-academy-249b3b196\",\"https:\\\/\\\/www.youtube.com\\\/channel\\\/UCkiZ8fuHlNtao_MkEQRhN-A\"]}]}<\/script>\n<!-- \/ Yoast SEO plugin. -->","yoast_head_json":{"title":"MTP-04 Sera Bak\u0131m Arabas\u0131 - Hidroponik Bah\u00e7e","description":"MTP-04 sera bak\u0131m arac\u0131n\u0131n maksimum kald\u0131rma y\u00fcksekli\u011fi 5 metredir MTP-04 modeli kullan\u0131c\u0131ya 7 metrede rahat\u00e7a \u00e7al\u0131\u015fabilme imk\u00e2n\u0131 tan\u0131r.","robots":{"index":"index","follow":"follow","max-snippet":"max-snippet:-1","max-image-preview":"max-image-preview:large","max-video-preview":"max-video-preview:-1"},"canonical":"https:\/\/hidroponikbahce.com\/market\/mpt-04-sera-bakim-arabasi\/","og_locale":"en_US","og_type":"article","og_title":"MTP-04 Sera Bak\u0131m Arabas\u0131 - Hidroponik Bah\u00e7e","og_description":"MTP-04 sera bak\u0131m arac\u0131n\u0131n maksimum kald\u0131rma y\u00fcksekli\u011fi 5 metredir MTP-04 modeli kullan\u0131c\u0131ya 7 metrede rahat\u00e7a \u00e7al\u0131\u015fabilme imk\u00e2n\u0131 tan\u0131r.","og_url":"https:\/\/hidroponikbahce.com\/market\/mpt-04-sera-bakim-arabasi\/","og_site_name":"Hidroponik Bah\u00e7e","article_publisher":"https:\/\/www.facebook.com\/hydroponic.farm.5","article_modified_time":"2022-12-17T08:41:16+00:00","og_image":[{"width":355,"height":600,"url":"https:\/\/i0.wp.com\/hidroponikbahce.com\/wp-content\/uploads\/2022\/12\/sera-bakim-arabasi-mpt-04-5.jpg?fit=355%2C600&ssl=1","type":"image\/jpeg"}],"twitter_card":"summary_large_image","twitter_misc":{"Est. reading time":"4 minutes"},"schema":{"@context":"https:\/\/schema.org","@graph":[{"@type":"WebPage","@id":"https:\/\/hidroponikbahce.com\/market\/mpt-04-sera-bakim-arabasi\/","url":"https:\/\/hidroponikbahce.com\/market\/mpt-04-sera-bakim-arabasi\/","name":"MTP-04 Sera Bak\u0131m Arabas\u0131 - Hidroponik Bah\u00e7e","isPartOf":{"@id":"https:\/\/hidroponikbahce.com\/#website"},"primaryImageOfPage":{"@id":"https:\/\/hidroponikbahce.com\/market\/mpt-04-sera-bakim-arabasi\/#primaryimage"},"image":{"@id":"https:\/\/hidroponikbahce.com\/market\/mpt-04-sera-bakim-arabasi\/#primaryimage"},"thumbnailUrl":"https:\/\/i0.wp.com\/hidroponikbahce.net\/wp-content\/uploads\/2022\/12\/sera-bakim-arabasi-mpt-04-5.jpg?fit=355%2C600&ssl=1","datePublished":"2022-12-16T06:23:08+00:00","dateModified":"2022-12-17T08:41:16+00:00","description":"MTP-04 sera bak\u0131m arac\u0131n\u0131n maksimum kald\u0131rma y\u00fcksekli\u011fi 5 metredir MTP-04 modeli kullan\u0131c\u0131ya 7 metrede rahat\u00e7a \u00e7al\u0131\u015fabilme imk\u00e2n\u0131 tan\u0131r.","breadcrumb":{"@id":"https:\/\/hidroponikbahce.com\/market\/mpt-04-sera-bakim-arabasi\/#breadcrumb"},"inLanguage":"en-US","potentialAction":[{"@type":"ReadAction","target":["https:\/\/hidroponikbahce.com\/market\/mpt-04-sera-bakim-arabasi\/"]}]},{"@type":"ImageObject","inLanguage":"en-US","@id":"https:\/\/hidroponikbahce.com\/market\/mpt-04-sera-bakim-arabasi\/#primaryimage","url":"https:\/\/i0.wp.com\/hidroponikbahce.net\/wp-content\/uploads\/2022\/12\/sera-bakim-arabasi-mpt-04-5.jpg?fit=355%2C600&ssl=1","contentUrl":"https:\/\/i0.wp.com\/hidroponikbahce.net\/wp-content\/uploads\/2022\/12\/sera-bakim-arabasi-mpt-04-5.jpg?fit=355%2C600&ssl=1","width":355,"height":600},{"@type":"BreadcrumbList","@id":"https:\/\/hidroponikbahce.com\/market\/mpt-04-sera-bakim-arabasi\/#breadcrumb","itemListElement":[{"@type":"ListItem","position":1,"name":"Anasayfa","item":"https:\/\/hidroponikbahce.net\/"},{"@type":"ListItem","position":2,"name":"Market","item":"https:\/\/hidroponikbahce.com\/market\/"},{"@type":"ListItem","position":3,"name":"MTP-04 Sera Bak\u0131m Arabas\u0131"}]},{"@type":"WebSite","@id":"https:\/\/hidroponikbahce.com\/#website","url":"https:\/\/hidroponikbahce.com\/","name":"Hidroponik Bah\u00e7e","description":"Soilless Agricultural Systems","publisher":{"@id":"https:\/\/hidroponikbahce.com\/#organization"},"potentialAction":[{"@type":"SearchAction","target":{"@type":"EntryPoint","urlTemplate":"https:\/\/hidroponikbahce.com\/?s={search_term_string}"},"query-input":{"@type":"PropertyValueSpecification","valueRequired":true,"valueName":"search_term_string"}}],"inLanguage":"en-US"},{"@type":"Organization","@id":"https:\/\/hidroponikbahce.com\/#organization","name":"Hidroponik Bah\u00e7e","url":"https:\/\/hidroponikbahce.com\/","logo":{"@type":"ImageObject","inLanguage":"en-US","@id":"https:\/\/hidroponikbahce.com\/#\/schema\/logo\/image\/","url":"https:\/\/i0.wp.com\/hidroponikbahce.net\/wp-content\/uploads\/2022\/12\/Logo-Hidroponik-Bahce.png?fit=2000%2C350&ssl=1","contentUrl":"https:\/\/i0.wp.com\/hidroponikbahce.net\/wp-content\/uploads\/2022\/12\/Logo-Hidroponik-Bahce.png?fit=2000%2C350&ssl=1","width":2000,"height":350,"caption":"Hidroponik Bah\u00e7e"},"image":{"@id":"https:\/\/hidroponikbahce.com\/#\/schema\/logo\/image\/"},"sameAs":["https:\/\/www.facebook.com\/hydroponic.farm.5","https:\/\/www.instagram.com\/hydroponic_market\/","https:\/\/tr-tr.facebook.com\/groups\/205584269848909\/?mibextid=6NoCDW","https:\/\/www.linkedin.com\/in\/hydroponic-farm-farmer-academy-249b3b196","https:\/\/www.youtube.com\/channel\/UCkiZ8fuHlNtao_MkEQRhN-A"]}]}},"tpgb_featured_images":{"full":["https:\/\/i0.wp.com\/hidroponikbahce.net\/wp-content\/uploads\/2022\/12\/sera-bakim-arabasi-mpt-04-5.jpg?fit=355%2C600&ssl=1",355,600,false],"tp-image-grid":["https:\/\/i0.wp.com\/hidroponikbahce.net\/wp-content\/uploads\/2022\/12\/sera-bakim-arabasi-mpt-04-5.jpg?resize=355%2C600&ssl=1",700,700,true],"thumbnail":["https:\/\/i0.wp.com\/hidroponikbahce.net\/wp-content\/uploads\/2022\/12\/sera-bakim-arabasi-mpt-04-5.jpg?resize=150%2C150&ssl=1",150,150,true],"medium":["https:\/\/i0.wp.com\/hidroponikbahce.net\/wp-content\/uploads\/2022\/12\/sera-bakim-arabasi-mpt-04-5.jpg?fit=178%2C300&ssl=1",178,300,true],"medium_large":["https:\/\/i0.wp.com\/hidroponikbahce.net\/wp-content\/uploads\/2022\/12\/sera-bakim-arabasi-mpt-04-5.jpg?fit=355%2C600&ssl=1",355,600,true],"large":["https:\/\/i0.wp.com\/hidroponikbahce.net\/wp-content\/uploads\/2022\/12\/sera-bakim-arabasi-mpt-04-5.jpg?fit=355%2C600&ssl=1",355,600,true],"default":"https:\/\/hidroponikbahce.net\/wp-content\/plugins\/the-plus-addons-for-block-editor\/assets\/images\/tpgb-placeholder.jpg"},"tpgb_post_meta_info":{"get_date":"December 16, 2022","get_modified_date":"December 17, 2022","category_list":{"product_brand":false,"product_cat":[{"term_id":159,"name":"Sera Bak\u0131m Arabalar\u0131","slug":"sera-bakim-arabalari","term_group":0,"term_taxonomy_id":159,"taxonomy":"product_cat","description":"Sera bak\u0131m arabalar\u0131, seralarda bak\u0131m i\u015flemlerinin yap\u0131lmas\u0131 i\u00e7in kullan\u0131lan \u00f6zel tasar\u0131ml\u0131 ara\u00e7lard\u0131r.","parent":152,"count":2,"filter":"raw"},{"term_id":152,"name":"Sera Makineleri","slug":"sera-makineleri","term_group":0,"term_taxonomy_id":152,"taxonomy":"product_cat","description":"Seran\u0131zda ve tar\u0131m arazinizce i\u015finizi kolayla\u015ft\u0131racak, daha profesyonel \u00e7al\u0131\u015fman\u0131za imkan sa\u011flayacak makinalar","parent":0,"count":34,"filter":"raw"}],"product_tag":[{"term_id":156,"name":"sera arabas\u0131","slug":"sera-arabasi","term_group":0,"term_taxonomy_id":156,"taxonomy":"product_tag","description":"","parent":0,"count":12,"filter":"raw"},{"term_id":160,"name":"sera bak\u0131m arabas\u0131","slug":"sera-bakim-arabasi","term_group":0,"term_taxonomy_id":160,"taxonomy":"product_tag","description":"","parent":0,"count":2,"filter":"raw"},{"term_id":158,"name":"sera makinas\u0131","slug":"sera-makinasi","term_group":0,"term_taxonomy_id":158,"taxonomy":"product_tag","description":"","parent":0,"count":5,"filter":"raw"},{"term_id":157,"name":"sera makinesi","slug":"sera-makinesi","term_group":0,"term_taxonomy_id":157,"taxonomy":"product_tag","description":"","parent":0,"count":9,"filter":"raw"}]},"comment_count":0,"post_likes":0,"post_views":0},"tpgb_post_category":{"product_cat":"<a href=\"https:\/\/hidroponikbahce.net\/en\/product-category\/sera-makineleri\/sera-bakim-arabalari\/\" alt=\"Sera Bak\u0131m Arabalar\u0131\"  class=\"product_cat-sera-bakim-arabalari\">Sera Bak\u0131m Arabalar\u0131<\/a> <a href=\"https:\/\/hidroponikbahce.net\/en\/product-category\/sera-makineleri\/\" alt=\"Sera Makineleri\"  class=\"product_cat-sera-makineleri\">Sera Makineleri<\/a> ","product_tag":"<a href=\"https:\/\/hidroponikbahce.net\/en\/product-tag\/sera-arabasi\/\" alt=\"sera arabas\u0131\"  class=\"product_tag-sera-arabasi\">sera arabas\u0131<\/a> <a href=\"https:\/\/hidroponikbahce.net\/en\/product-tag\/sera-bakim-arabasi\/\" alt=\"sera bak\u0131m arabas\u0131\"  class=\"product_tag-sera-bakim-arabasi\">sera bak\u0131m arabas\u0131<\/a> <a href=\"https:\/\/hidroponikbahce.net\/en\/product-tag\/sera-makinasi\/\" alt=\"sera makinas\u0131\"  class=\"product_tag-sera-makinasi\">sera makinas\u0131<\/a> <a href=\"https:\/\/hidroponikbahce.net\/en\/product-tag\/sera-makinesi\/\" alt=\"sera makinesi\"  class=\"product_tag-sera-makinesi\">sera makinesi<\/a> "},"tpgb_product_data":{"price_html":"","type":"grouped","gallery":["https:\/\/i0.wp.com\/hidroponikbahce.net\/wp-content\/uploads\/2022\/12\/sera-bakim-arabasi-mpt-04-1.jpg?fit=272%2C600&ssl=1",272,600,false],"category":"Sera Bak\u0131m Arabalar\u0131","procatslug":"sera-bakim-arabalari"},"jetpack-related-posts":[],"jetpack_sharing_enabled":true,"_links":{"self":[{"href":"https:\/\/hidroponikbahce.net\/en\/wp-json\/wp\/v2\/product\/2245","targetHints":{"allow":["GET"]}}],"collection":[{"href":"https:\/\/hidroponikbahce.net\/en\/wp-json\/wp\/v2\/product"}],"about":[{"href":"https:\/\/hidroponikbahce.net\/en\/wp-json\/wp\/v2\/types\/product"}],"replies":[{"embeddable":true,"href":"https:\/\/hidroponikbahce.net\/en\/wp-json\/wp\/v2\/comments?post=2245"}],"wp:featuredmedia":[{"embeddable":true,"href":"https:\/\/hidroponikbahce.net\/en\/wp-json\/wp\/v2\/media\/2240"}],"wp:attachment":[{"href":"https:\/\/hidroponikbahce.net\/en\/wp-json\/wp\/v2\/media?parent=2245"}],"wp:term":[{"taxonomy":"product_brand","embeddable":true,"href":"https:\/\/hidroponikbahce.net\/en\/wp-json\/wp\/v2\/product_brand?post=2245"},{"taxonomy":"product_cat","embeddable":true,"href":"https:\/\/hidroponikbahce.net\/en\/wp-json\/wp\/v2\/product_cat?post=2245"},{"taxonomy":"product_tag","embeddable":true,"href":"https:\/\/hidroponikbahce.net\/en\/wp-json\/wp\/v2\/product_tag?post=2245"}],"curies":[{"name":"wp","href":"https:\/\/api.w.org\/{rel}","templated":true}]}}