{"id":2181,"date":"2022-12-16T08:35:20","date_gmt":"2022-12-16T05:35:20","guid":{"rendered":"https:\/\/hidroponikbahce.com\/?post_type=product&#038;p=2181"},"modified":"2022-12-17T11:42:02","modified_gmt":"2022-12-17T08:42:02","slug":"mtp-02-kulturel-islem-arabalari","status":"publish","type":"product","link":"https:\/\/hidroponikbahce.net\/en\/market\/mtp-02-kulturel-islem-arabalari\/","title":{"rendered":"MTP-02 K\u00fclt\u00fcrel \u0130\u015flem Arabalar\u0131"},"content":{"rendered":"<p>Platform kald\u0131rma y\u00fcksekli\u011fi 3200 mm.<br \/>\nPlatform kald\u0131rma kapasitesi 240 kg.<br \/>\nMaksimum h\u0131z ray \u00fczerinde 42 metre \/ dakikad\u0131r.<br \/>\nMakine \u00fczerinde g\u00fc\u00e7l\u00fc sizi yar\u0131 yolda b\u0131rakmayacak 2 adet 105 amper ak\u00fc bulunmaktad\u0131r.<br \/>\nPlatform \u00e7elik kafes \u00fczeri kayd\u0131rmaz \u00f6zelli\u011fe sahip al\u00fcminyum \u00e7eta malzemesi ile kaplanm\u0131\u015ft\u0131r.<br \/>\nPlatform \u00fczerinde al\u00fcminyum g\u00f6vdeye sahip dayan\u0131kl\u0131 hareket pedal\u0131 bulunmaktad\u0131r.<\/p>\n<p><img data-recalc-dims=\"1\" decoding=\"async\" src=\"https:\/\/i0.wp.com\/www.seraymak.com\/resimler\/editor\/images\/u1.jpg?w=1290&#038;ssl=1\" alt=\"\" \/><\/p>\n<p>Makinede yer alan s\u00fcr\u00fcc\u00fc \u00fczerinde frenleme \u00f6zelli\u011fi bulunmakta olup kullan\u0131c\u0131 pedaldan aya\u011f\u0131n\u0131 \u00e7ekti\u011fi anda yumu\u015fak bir frenleme \u00f6zelli\u011fi devreye girmektedir.<br \/>\nKontrol paneli \u00fczerinde yukar\u0131-a\u015fa\u011f\u0131 butonlar\u0131, ileri-geri y\u00f6n tayin butonu, kademesiz h\u0131z ayar potu, acil stop butonu ve \u015farj takibi yapabilece\u011finiz voltaj g\u00f6stergesi bulunmaktad\u0131r.<\/p>\n<p><img data-recalc-dims=\"1\" decoding=\"async\" src=\"https:\/\/i0.wp.com\/www.seraymak.com\/resimler\/editor\/images\/u2.jpg?w=1290&#038;ssl=1\" alt=\"\" \/><\/p>\n<p>\u015earj cihaz\u0131 makine \u00fczerinde uygun bir yere yerle\u015ftirilmi\u015ftir. \u015earj cihaz\u0131 \u00fczerinde yer alan g\u00f6sterge \u0131\u015f\u0131\u011f\u0131 sayesinde makinenin \u015farj durumunu g\u00f6rebilmektesiniz. \u015earj lambas\u0131 k\u0131rm\u0131z\u0131dan ye\u015file d\u00f6nd\u00fc\u011f\u00fc zaman \u015farj i\u015flemi tamamlanm\u0131\u015f anlam\u0131na gelmektedir.<br \/>\n\u015earj Cihazlar\u0131m\u0131z ak\u00fcler tam dolu hale geldi\u011fi anda elektri\u011fi kesme \u00f6zelli\u011fine sahip olup fazla \u015farj\u0131n yarataca\u011f\u0131 olumsuz etkilerin \u00f6n\u00fcne ge\u00e7ilmi\u015ftir.<br \/>\nMakine \u00fczerinde s\u00fcr\u00fcc\u00fc kart korumas\u0131 bulunmaktad\u0131r. Makinenin zorlanmas\u0131 durumunda kart\u0131 korumaya al\u0131p kart\u0131n ar\u0131zalanmas\u0131 engellenmektedir. Makine \u00fczerinde yer alan reset tu\u015fu ile kart\u0131 tekrar aktif hale kolayl\u0131kla getirebilirsiniz.<\/p>\n<p><img data-recalc-dims=\"1\" decoding=\"async\" src=\"https:\/\/i0.wp.com\/www.seraymak.com\/resimler\/editor\/images\/u3.png?w=1290&#038;ssl=1\" alt=\"\" \/><\/p>\n<p>MTP-02 Modeli \u00e7\u0131k\u0131nt\u0131l\u0131 kenarlar, keskin k\u00f6\u015felerden ar\u0131nd\u0131r\u0131lm\u0131\u015f olup \u00e7al\u0131\u015fma esnas\u0131nda bitkilere zarar vermeyecek \u015fekilde tasarlanm\u0131\u015ft\u0131r.<br \/>\nModel \u00fczerinde kendili\u011finden kapanabilen g\u00fcvenlik kap\u0131s\u0131 bulunmaktad\u0131r.<\/p>\n<p><img data-recalc-dims=\"1\" decoding=\"async\" src=\"https:\/\/i0.wp.com\/www.seraymak.com\/resimler\/editor\/images\/u4.jpg?w=1290&#038;ssl=1\" alt=\"\" \/><\/p>\n<p>Makinaya kullan\u0131c\u0131lar\u0131n rahat\u00e7a inip binebilmeleri i\u00e7in ilave basamak yerle\u015ftirilmi\u015ftir.<\/p>\n<p><img data-recalc-dims=\"1\" decoding=\"async\" src=\"https:\/\/i0.wp.com\/www.seraymak.com\/resimler\/editor\/images\/u5.jpg?w=1290&#038;ssl=1\" alt=\"\" \/><\/p>\n<p>Platform \u00fczerinde kullan\u0131c\u0131lar\u0131n gerekli malzemelerini koyabilmesi i\u00e7in e\u015fya cebi yerle\u015ftirilmi\u015ftir.<\/p>\n<p><img data-recalc-dims=\"1\" decoding=\"async\" src=\"https:\/\/i0.wp.com\/www.seraymak.com\/resimler\/editor\/images\/u6.jpg?w=1290&#038;ssl=1\" alt=\"\" \/><\/p>\n<p>Makinenin yan raya ge\u00e7i\u015fi kald\u0131rma kolu sayesinde olup y\u00f6nlendirme alttan \u00e7\u0131kan polyamid tekerler sayesinde kolay bir \u015fekilde sa\u011flan\u0131r.<\/p>\n<p><img data-recalc-dims=\"1\" decoding=\"async\" src=\"https:\/\/i0.wp.com\/www.seraymak.com\/resimler\/editor\/images\/u7.jpg?w=1290&#038;ssl=1\" alt=\"\" \/><\/p>\n<p>&nbsp;<\/p>\n<table class=\"table table-striped\">\n<tbody>\n<tr>\n<td>MODEL<\/td>\n<td>MTP-02<\/td>\n<\/tr>\n<tr>\n<td>ENERJ\u0130 BESLEME<\/td>\n<td>AK\u00dc \/ 2 X 12 V-105 A<\/td>\n<\/tr>\n<tr>\n<td>H\u0130DROL\u0130K MOTOR<\/td>\n<td>800 W DC X 1<\/td>\n<\/tr>\n<tr>\n<td>Y\u00dcR\u00dcY\u00dc\u015e MOTORU<\/td>\n<td>400 W DC X 1<\/td>\n<\/tr>\n<tr>\n<td>\u015eARJ C\u0130HAZI (DAH\u0130L\u0130)<\/td>\n<td>MEVCUT<\/td>\n<\/tr>\n<tr>\n<td>\u015eARJ \u0130\u00c7\u0130N GEREKL\u0130 ENERJ\u0130<\/td>\n<td>220 VOLT \/ 50 Hz<\/td>\n<\/tr>\n<tr>\n<td>\u015eARJ KABLOSU<\/td>\n<td>MEVCUT<\/td>\n<\/tr>\n<tr>\n<td>\u00c7ALI\u015eMA S\u00dcRES\u0130 (Kullan\u0131ma Ba\u011fl\u0131)<\/td>\n<td>2-3 G\u00dcN<\/td>\n<\/tr>\n<tr>\n<td>BETON ZEM\u0130N MAKS\u0130MUM HIZI<\/td>\n<td>90 m \/ dak<\/td>\n<\/tr>\n<tr>\n<td>RAY \u00dcZER\u0130 MAKS\u0130MUM HIZI<\/td>\n<td>42 m \/ dak<\/td>\n<\/tr>\n<tr>\n<td>MAKS\u0130MUM KALDIRMA Y\u00dcKSEKL\u0130\u011e\u0130<\/td>\n<td>3200 mm<\/td>\n<\/tr>\n<tr>\n<td>PLATFORM B\u0130N\u0130\u015e Y\u00dcKSEKL\u0130\u011e\u0130<\/td>\n<td>745 mm<\/td>\n<\/tr>\n<tr>\n<td>MAK\u0130NE A\u011eIRLI\u011eI<\/td>\n<td>291 kg<\/td>\n<\/tr>\n<tr>\n<td>MAKS\u0130MUM KALDIRMA KAPAS\u0130TES\u0130<\/td>\n<td>240 kg<\/td>\n<\/tr>\n<tr>\n<td>STANDART \u00c7ALI\u015eMA RAYI BORU \u00c7API<br \/>\n(FARKLI RAY \u00d6L\u00c7\u00dcLER\u0130NDE S\u0130ZE \u00d6ZEL \u00dcRET\u0130M YAPILMAKTADIR.)<\/td>\n<td>\u00a051 mm<\/td>\n<\/tr>\n<tr>\n<td>STANDART \u00c7ALI\u015eMA RAYI DI\u015e-DI\u015e \u00d6L\u00c7\u00dcS\u00dc<br \/>\n(FARKLI RAY \u00d6L\u00c7\u00dcLER\u0130NDE S\u0130ZE \u00d6ZEL \u00dcRET\u0130M YAPILMAKTADIR.)<\/td>\n<td>600 mm<\/td>\n<\/tr>\n<tr>\n<td>YAN RAYA GE\u00c7\u0130\u015e<\/td>\n<td>MANUEL (Kayd\u0131rma Kolu)<\/td>\n<\/tr>\n<tr>\n<td>HIZ MODU<\/td>\n<td>AYARLANABL\u0130R<\/td>\n<\/tr>\n<tr>\n<td>\u015eARJ G\u00d6STERGES\u0130<\/td>\n<td>MEVCUT<\/td>\n<\/tr>\n<tr>\n<td>H\u0130DROL\u0130K KALDIRMA-\u0130ND\u0130RME ALT BUTONLARI<\/td>\n<td>MEVCUT DE\u011e\u0130LD\u0130R.<\/td>\n<\/tr>\n<tr>\n<td>KULLANICI E\u015eYA CEB\u0130<\/td>\n<td>MEVCUT<\/td>\n<\/tr>\n<tr>\n<td>G\u00dcVENL\u0130K KAPISI<\/td>\n<td>MEVCUT<\/td>\n<\/tr>\n<tr>\n<td>LED FAR<\/td>\n<td>OPS\u0130YONEL<\/td>\n<\/tr>\n<tr>\n<td>BOYA<\/td>\n<td>ELEKTROSTAT\u0130K FIRIN BOYA<\/td>\n<\/tr>\n<tr>\n<td>GARANT\u0130<\/td>\n<td>24 AY<\/td>\n<\/tr>\n<\/tbody>\n<\/table>\n<p>&nbsp;<\/p>","protected":false},"excerpt":{"rendered":"<p>Ak\u00fc Beslemeli Hidrolik Pistonlu METALMAK MTP-02 K\u00fclt\u00fcrel \u0130\u015flem Arabas\u0131 Modeli seralarda ask\u0131 teli ba\u011flama, gerdirme, budama, dikim, hasat gibi sera i\u00e7i t\u00fcm i\u015flerde kullan\u0131lmak \u00fczere tasarlanm\u0131\u015ft\u0131r.<\/p>\n<p>MTP-02 modeli ray borular\u0131 olan seralarda kullan\u0131ma uygun olup platformun maksimum kald\u0131rma y\u00fcksekli\u011fi 3,2 metredir MTP-02 modeli kullan\u0131c\u0131ya 5,2 metre \u00e7al\u0131\u015fma y\u00fcksekli\u011fi imkan\u0131 tan\u0131r.<\/p>\n<p>Basit yap\u0131s\u0131 kolay bak\u0131m \u00f6zelli\u011fi ile hem i\u015flevsel hem de uygun fiyatl\u0131 \u00fcr\u00fcn arayanlar i\u00e7in m\u00fckemmel bir tercih.<br \/>\nMTP-02 modeli ile i\u015fg\u00fcc\u00fcnden ve zamandan b\u00fcy\u00fck tasarruf edin.<\/p>\n<p>[blocksy-content-block id=&#8221;2469&#8243;]<\/p>\n","protected":false},"featured_media":2187,"comment_status":"open","ping_status":"closed","template":"","meta":{"tpgb_global_settings":"","_vp_format_video_url":"","_vp_image_focal_point":[]},"product_brand":[],"product_cat":[151,152],"product_tag":[155,153,154],"class_list":{"0":"post-2181","1":"product","2":"type-product","3":"status-publish","4":"has-post-thumbnail","6":"product_cat-kulturel-islem-arabalari","7":"product_cat-sera-makineleri","8":"product_tag-kulturel-islem-arabalari","9":"product_tag-kulturel-islem-arabasi","10":"product_tag-kulturel-islem-makinesi","12":"first","13":"instock","14":"taxable","15":"shipping-taxable","16":"product-type-grouped"},"yoast_head":"<!-- This site is optimized with the Yoast SEO plugin v27.4 - https:\/\/yoast.com\/product\/yoast-seo-wordpress\/ -->\n<title>MTP-02 K\u00fclt\u00fcrel \u0130\u015flem Arabalar\u0131 - Hidroponik Bah\u00e7e<\/title>\n<meta name=\"description\" content=\"MTP-02 modeli ray borular\u0131 olan seralarda kullan\u0131ma uygun olup platformun maksimum kald\u0131rma y\u00fcksekli\u011fi 3,2 metredir MTP-02 modeli kullan\u0131c\u0131ya 5,2 metre\" \/>\n<meta name=\"robots\" content=\"index, follow, max-snippet:-1, max-image-preview:large, max-video-preview:-1\" \/>\n<link rel=\"canonical\" href=\"https:\/\/hidroponikbahce.com\/market\/mtp-02-kulturel-islem-arabalari\/\" \/>\n<meta property=\"og:locale\" content=\"en_US\" \/>\n<meta property=\"og:type\" content=\"article\" \/>\n<meta property=\"og:title\" content=\"MTP-02 K\u00fclt\u00fcrel \u0130\u015flem Arabalar\u0131 - Hidroponik Bah\u00e7e\" \/>\n<meta property=\"og:description\" content=\"MTP-02 modeli ray borular\u0131 olan seralarda kullan\u0131ma uygun olup platformun maksimum kald\u0131rma y\u00fcksekli\u011fi 3,2 metredir MTP-02 modeli kullan\u0131c\u0131ya 5,2 metre\" \/>\n<meta property=\"og:url\" content=\"https:\/\/hidroponikbahce.com\/market\/mtp-02-kulturel-islem-arabalari\/\" \/>\n<meta property=\"og:site_name\" content=\"Hidroponik Bah\u00e7e\" \/>\n<meta property=\"article:publisher\" content=\"https:\/\/www.facebook.com\/hydroponic.farm.5\" \/>\n<meta property=\"article:modified_time\" content=\"2022-12-17T08:42:02+00:00\" \/>\n<meta property=\"og:image\" content=\"https:\/\/i0.wp.com\/hidroponikbahce.com\/wp-content\/uploads\/2022\/12\/kulturel-islem-arabasi-mpt-02-4.jpg?fit=900%2C732&ssl=1\" \/>\n\t<meta property=\"og:image:width\" content=\"900\" \/>\n\t<meta property=\"og:image:height\" content=\"732\" \/>\n\t<meta property=\"og:image:type\" content=\"image\/jpeg\" \/>\n<meta name=\"twitter:card\" content=\"summary_large_image\" \/>\n<meta name=\"twitter:label1\" content=\"Est. reading time\" \/>\n\t<meta name=\"twitter:data1\" content=\"4 minutes\" \/>\n<script type=\"application\/ld+json\" class=\"yoast-schema-graph\">{\"@context\":\"https:\\\/\\\/schema.org\",\"@graph\":[{\"@type\":\"WebPage\",\"@id\":\"https:\\\/\\\/hidroponikbahce.com\\\/market\\\/mtp-02-kulturel-islem-arabalari\\\/\",\"url\":\"https:\\\/\\\/hidroponikbahce.com\\\/market\\\/mtp-02-kulturel-islem-arabalari\\\/\",\"name\":\"MTP-02 K\u00fclt\u00fcrel \u0130\u015flem Arabalar\u0131 - Hidroponik Bah\u00e7e\",\"isPartOf\":{\"@id\":\"https:\\\/\\\/hidroponikbahce.com\\\/#website\"},\"primaryImageOfPage\":{\"@id\":\"https:\\\/\\\/hidroponikbahce.com\\\/market\\\/mtp-02-kulturel-islem-arabalari\\\/#primaryimage\"},\"image\":{\"@id\":\"https:\\\/\\\/hidroponikbahce.com\\\/market\\\/mtp-02-kulturel-islem-arabalari\\\/#primaryimage\"},\"thumbnailUrl\":\"https:\\\/\\\/i0.wp.com\\\/hidroponikbahce.net\\\/wp-content\\\/uploads\\\/2022\\\/12\\\/kulturel-islem-arabasi-mpt-02-4.jpg?fit=900%2C732&ssl=1\",\"datePublished\":\"2022-12-16T05:35:20+00:00\",\"dateModified\":\"2022-12-17T08:42:02+00:00\",\"description\":\"MTP-02 modeli ray borular\u0131 olan seralarda kullan\u0131ma uygun olup platformun maksimum kald\u0131rma y\u00fcksekli\u011fi 3,2 metredir MTP-02 modeli kullan\u0131c\u0131ya 5,2 metre\",\"breadcrumb\":{\"@id\":\"https:\\\/\\\/hidroponikbahce.com\\\/market\\\/mtp-02-kulturel-islem-arabalari\\\/#breadcrumb\"},\"inLanguage\":\"en-US\",\"potentialAction\":[{\"@type\":\"ReadAction\",\"target\":[\"https:\\\/\\\/hidroponikbahce.com\\\/market\\\/mtp-02-kulturel-islem-arabalari\\\/\"]}]},{\"@type\":\"ImageObject\",\"inLanguage\":\"en-US\",\"@id\":\"https:\\\/\\\/hidroponikbahce.com\\\/market\\\/mtp-02-kulturel-islem-arabalari\\\/#primaryimage\",\"url\":\"https:\\\/\\\/i0.wp.com\\\/hidroponikbahce.net\\\/wp-content\\\/uploads\\\/2022\\\/12\\\/kulturel-islem-arabasi-mpt-02-4.jpg?fit=900%2C732&ssl=1\",\"contentUrl\":\"https:\\\/\\\/i0.wp.com\\\/hidroponikbahce.net\\\/wp-content\\\/uploads\\\/2022\\\/12\\\/kulturel-islem-arabasi-mpt-02-4.jpg?fit=900%2C732&ssl=1\",\"width\":900,\"height\":732},{\"@type\":\"BreadcrumbList\",\"@id\":\"https:\\\/\\\/hidroponikbahce.com\\\/market\\\/mtp-02-kulturel-islem-arabalari\\\/#breadcrumb\",\"itemListElement\":[{\"@type\":\"ListItem\",\"position\":1,\"name\":\"Anasayfa\",\"item\":\"https:\\\/\\\/hidroponikbahce.net\\\/\"},{\"@type\":\"ListItem\",\"position\":2,\"name\":\"Market\",\"item\":\"https:\\\/\\\/hidroponikbahce.com\\\/market\\\/\"},{\"@type\":\"ListItem\",\"position\":3,\"name\":\"MTP-02 K\u00fclt\u00fcrel \u0130\u015flem Arabalar\u0131\"}]},{\"@type\":\"WebSite\",\"@id\":\"https:\\\/\\\/hidroponikbahce.com\\\/#website\",\"url\":\"https:\\\/\\\/hidroponikbahce.com\\\/\",\"name\":\"Hidroponik Bah\u00e7e\",\"description\":\"Topraks\u0131z Tar\u0131m Sistemleri\",\"publisher\":{\"@id\":\"https:\\\/\\\/hidroponikbahce.com\\\/#organization\"},\"potentialAction\":[{\"@type\":\"SearchAction\",\"target\":{\"@type\":\"EntryPoint\",\"urlTemplate\":\"https:\\\/\\\/hidroponikbahce.com\\\/?s={search_term_string}\"},\"query-input\":{\"@type\":\"PropertyValueSpecification\",\"valueRequired\":true,\"valueName\":\"search_term_string\"}}],\"inLanguage\":\"en-US\"},{\"@type\":\"Organization\",\"@id\":\"https:\\\/\\\/hidroponikbahce.com\\\/#organization\",\"name\":\"Hidroponik Bah\u00e7e\",\"url\":\"https:\\\/\\\/hidroponikbahce.com\\\/\",\"logo\":{\"@type\":\"ImageObject\",\"inLanguage\":\"en-US\",\"@id\":\"https:\\\/\\\/hidroponikbahce.com\\\/#\\\/schema\\\/logo\\\/image\\\/\",\"url\":\"https:\\\/\\\/i0.wp.com\\\/hidroponikbahce.net\\\/wp-content\\\/uploads\\\/2022\\\/12\\\/Logo-Hidroponik-Bahce.png?fit=2000%2C350&ssl=1\",\"contentUrl\":\"https:\\\/\\\/i0.wp.com\\\/hidroponikbahce.net\\\/wp-content\\\/uploads\\\/2022\\\/12\\\/Logo-Hidroponik-Bahce.png?fit=2000%2C350&ssl=1\",\"width\":2000,\"height\":350,\"caption\":\"Hidroponik Bah\u00e7e\"},\"image\":{\"@id\":\"https:\\\/\\\/hidroponikbahce.com\\\/#\\\/schema\\\/logo\\\/image\\\/\"},\"sameAs\":[\"https:\\\/\\\/www.facebook.com\\\/hydroponic.farm.5\",\"https:\\\/\\\/www.instagram.com\\\/hydroponic_market\\\/\",\"https:\\\/\\\/tr-tr.facebook.com\\\/groups\\\/205584269848909\\\/?mibextid=6NoCDW\",\"https:\\\/\\\/www.linkedin.com\\\/in\\\/hydroponic-farm-farmer-academy-249b3b196\",\"https:\\\/\\\/www.youtube.com\\\/channel\\\/UCkiZ8fuHlNtao_MkEQRhN-A\"]}]}<\/script>\n<!-- \/ Yoast SEO plugin. -->","yoast_head_json":{"title":"MTP-02 K\u00fclt\u00fcrel \u0130\u015flem Arabalar\u0131 - Hidroponik Bah\u00e7e","description":"MTP-02 modeli ray borular\u0131 olan seralarda kullan\u0131ma uygun olup platformun maksimum kald\u0131rma y\u00fcksekli\u011fi 3,2 metredir MTP-02 modeli kullan\u0131c\u0131ya 5,2 metre","robots":{"index":"index","follow":"follow","max-snippet":"max-snippet:-1","max-image-preview":"max-image-preview:large","max-video-preview":"max-video-preview:-1"},"canonical":"https:\/\/hidroponikbahce.com\/market\/mtp-02-kulturel-islem-arabalari\/","og_locale":"en_US","og_type":"article","og_title":"MTP-02 K\u00fclt\u00fcrel \u0130\u015flem Arabalar\u0131 - Hidroponik Bah\u00e7e","og_description":"MTP-02 modeli ray borular\u0131 olan seralarda kullan\u0131ma uygun olup platformun maksimum kald\u0131rma y\u00fcksekli\u011fi 3,2 metredir MTP-02 modeli kullan\u0131c\u0131ya 5,2 metre","og_url":"https:\/\/hidroponikbahce.com\/market\/mtp-02-kulturel-islem-arabalari\/","og_site_name":"Hidroponik Bah\u00e7e","article_publisher":"https:\/\/www.facebook.com\/hydroponic.farm.5","article_modified_time":"2022-12-17T08:42:02+00:00","og_image":[{"width":900,"height":732,"url":"https:\/\/i0.wp.com\/hidroponikbahce.com\/wp-content\/uploads\/2022\/12\/kulturel-islem-arabasi-mpt-02-4.jpg?fit=900%2C732&ssl=1","type":"image\/jpeg"}],"twitter_card":"summary_large_image","twitter_misc":{"Est. reading time":"4 minutes"},"schema":{"@context":"https:\/\/schema.org","@graph":[{"@type":"WebPage","@id":"https:\/\/hidroponikbahce.com\/market\/mtp-02-kulturel-islem-arabalari\/","url":"https:\/\/hidroponikbahce.com\/market\/mtp-02-kulturel-islem-arabalari\/","name":"MTP-02 K\u00fclt\u00fcrel \u0130\u015flem Arabalar\u0131 - Hidroponik Bah\u00e7e","isPartOf":{"@id":"https:\/\/hidroponikbahce.com\/#website"},"primaryImageOfPage":{"@id":"https:\/\/hidroponikbahce.com\/market\/mtp-02-kulturel-islem-arabalari\/#primaryimage"},"image":{"@id":"https:\/\/hidroponikbahce.com\/market\/mtp-02-kulturel-islem-arabalari\/#primaryimage"},"thumbnailUrl":"https:\/\/i0.wp.com\/hidroponikbahce.net\/wp-content\/uploads\/2022\/12\/kulturel-islem-arabasi-mpt-02-4.jpg?fit=900%2C732&ssl=1","datePublished":"2022-12-16T05:35:20+00:00","dateModified":"2022-12-17T08:42:02+00:00","description":"MTP-02 modeli ray borular\u0131 olan seralarda kullan\u0131ma uygun olup platformun maksimum kald\u0131rma y\u00fcksekli\u011fi 3,2 metredir MTP-02 modeli kullan\u0131c\u0131ya 5,2 metre","breadcrumb":{"@id":"https:\/\/hidroponikbahce.com\/market\/mtp-02-kulturel-islem-arabalari\/#breadcrumb"},"inLanguage":"en-US","potentialAction":[{"@type":"ReadAction","target":["https:\/\/hidroponikbahce.com\/market\/mtp-02-kulturel-islem-arabalari\/"]}]},{"@type":"ImageObject","inLanguage":"en-US","@id":"https:\/\/hidroponikbahce.com\/market\/mtp-02-kulturel-islem-arabalari\/#primaryimage","url":"https:\/\/i0.wp.com\/hidroponikbahce.net\/wp-content\/uploads\/2022\/12\/kulturel-islem-arabasi-mpt-02-4.jpg?fit=900%2C732&ssl=1","contentUrl":"https:\/\/i0.wp.com\/hidroponikbahce.net\/wp-content\/uploads\/2022\/12\/kulturel-islem-arabasi-mpt-02-4.jpg?fit=900%2C732&ssl=1","width":900,"height":732},{"@type":"BreadcrumbList","@id":"https:\/\/hidroponikbahce.com\/market\/mtp-02-kulturel-islem-arabalari\/#breadcrumb","itemListElement":[{"@type":"ListItem","position":1,"name":"Anasayfa","item":"https:\/\/hidroponikbahce.net\/"},{"@type":"ListItem","position":2,"name":"Market","item":"https:\/\/hidroponikbahce.com\/market\/"},{"@type":"ListItem","position":3,"name":"MTP-02 K\u00fclt\u00fcrel \u0130\u015flem Arabalar\u0131"}]},{"@type":"WebSite","@id":"https:\/\/hidroponikbahce.com\/#website","url":"https:\/\/hidroponikbahce.com\/","name":"Hidroponik Bah\u00e7e","description":"Soilless Agricultural Systems","publisher":{"@id":"https:\/\/hidroponikbahce.com\/#organization"},"potentialAction":[{"@type":"SearchAction","target":{"@type":"EntryPoint","urlTemplate":"https:\/\/hidroponikbahce.com\/?s={search_term_string}"},"query-input":{"@type":"PropertyValueSpecification","valueRequired":true,"valueName":"search_term_string"}}],"inLanguage":"en-US"},{"@type":"Organization","@id":"https:\/\/hidroponikbahce.com\/#organization","name":"Hidroponik Bah\u00e7e","url":"https:\/\/hidroponikbahce.com\/","logo":{"@type":"ImageObject","inLanguage":"en-US","@id":"https:\/\/hidroponikbahce.com\/#\/schema\/logo\/image\/","url":"https:\/\/i0.wp.com\/hidroponikbahce.net\/wp-content\/uploads\/2022\/12\/Logo-Hidroponik-Bahce.png?fit=2000%2C350&ssl=1","contentUrl":"https:\/\/i0.wp.com\/hidroponikbahce.net\/wp-content\/uploads\/2022\/12\/Logo-Hidroponik-Bahce.png?fit=2000%2C350&ssl=1","width":2000,"height":350,"caption":"Hidroponik Bah\u00e7e"},"image":{"@id":"https:\/\/hidroponikbahce.com\/#\/schema\/logo\/image\/"},"sameAs":["https:\/\/www.facebook.com\/hydroponic.farm.5","https:\/\/www.instagram.com\/hydroponic_market\/","https:\/\/tr-tr.facebook.com\/groups\/205584269848909\/?mibextid=6NoCDW","https:\/\/www.linkedin.com\/in\/hydroponic-farm-farmer-academy-249b3b196","https:\/\/www.youtube.com\/channel\/UCkiZ8fuHlNtao_MkEQRhN-A"]}]}},"tpgb_featured_images":{"full":["https:\/\/i0.wp.com\/hidroponikbahce.net\/wp-content\/uploads\/2022\/12\/kulturel-islem-arabasi-mpt-02-4.jpg?fit=900%2C732&ssl=1",900,732,false],"tp-image-grid":["https:\/\/i0.wp.com\/hidroponikbahce.net\/wp-content\/uploads\/2022\/12\/kulturel-islem-arabasi-mpt-02-4.jpg?resize=700%2C700&ssl=1",700,700,true],"thumbnail":["https:\/\/i0.wp.com\/hidroponikbahce.net\/wp-content\/uploads\/2022\/12\/kulturel-islem-arabasi-mpt-02-4.jpg?resize=150%2C150&ssl=1",150,150,true],"medium":["https:\/\/i0.wp.com\/hidroponikbahce.net\/wp-content\/uploads\/2022\/12\/kulturel-islem-arabasi-mpt-02-4.jpg?fit=300%2C244&ssl=1",300,244,true],"medium_large":["https:\/\/i0.wp.com\/hidroponikbahce.net\/wp-content\/uploads\/2022\/12\/kulturel-islem-arabasi-mpt-02-4.jpg?fit=768%2C625&ssl=1",768,625,true],"large":["https:\/\/i0.wp.com\/hidroponikbahce.net\/wp-content\/uploads\/2022\/12\/kulturel-islem-arabasi-mpt-02-4.jpg?fit=900%2C732&ssl=1",900,732,true],"default":"https:\/\/hidroponikbahce.net\/wp-content\/plugins\/the-plus-addons-for-block-editor\/assets\/images\/tpgb-placeholder.jpg"},"tpgb_post_meta_info":{"get_date":"December 16, 2022","get_modified_date":"December 17, 2022","category_list":{"product_brand":false,"product_cat":[{"term_id":151,"name":"K\u00fclt\u00fcrel \u0130\u015flem Arabalar\u0131","slug":"kulturel-islem-arabalari","term_group":0,"term_taxonomy_id":151,"taxonomy":"product_cat","description":"K\u00fclt\u00fcrel i\u015flem makineleri, tar\u0131msal \u00fcretim s\u00fcrecinde topra\u011f\u0131n k\u00fclt\u00fcrel i\u015flemlerine yard\u0131mc\u0131 olan makine ve ekipmanlard\u0131r. K\u00fclt\u00fcrel i\u015flemler, topra\u011f\u0131n fiziksel, kimyasal ve biyolojik \u00f6zelliklerini d\u00fczenleyen ve topra\u011f\u0131n verimlili\u011fini art\u0131ran i\u015flemlerdir.","parent":152,"count":4,"filter":"raw"},{"term_id":152,"name":"Sera Makineleri","slug":"sera-makineleri","term_group":0,"term_taxonomy_id":152,"taxonomy":"product_cat","description":"Seran\u0131zda ve tar\u0131m arazinizce i\u015finizi kolayla\u015ft\u0131racak, daha profesyonel \u00e7al\u0131\u015fman\u0131za imkan sa\u011flayacak makinalar","parent":0,"count":34,"filter":"raw"}],"product_tag":[{"term_id":155,"name":"k\u00fclt\u00fcrel i\u015flem arabalar\u0131","slug":"kulturel-islem-arabalari","term_group":0,"term_taxonomy_id":155,"taxonomy":"product_tag","description":"","parent":0,"count":4,"filter":"raw"},{"term_id":153,"name":"k\u00fclt\u00fcrel i\u015flem arabas\u0131","slug":"kulturel-islem-arabasi","term_group":0,"term_taxonomy_id":153,"taxonomy":"product_tag","description":"","parent":0,"count":5,"filter":"raw"},{"term_id":154,"name":"k\u00fclt\u00fcrel i\u015flem makinesi","slug":"kulturel-islem-makinesi","term_group":0,"term_taxonomy_id":154,"taxonomy":"product_tag","description":"","parent":0,"count":4,"filter":"raw"}]},"comment_count":0,"post_likes":0,"post_views":0},"tpgb_post_category":{"product_cat":"<a href=\"https:\/\/hidroponikbahce.net\/en\/product-category\/sera-makineleri\/kulturel-islem-arabalari\/\" alt=\"K\u00fclt\u00fcrel \u0130\u015flem Arabalar\u0131\"  class=\"product_cat-kulturel-islem-arabalari\">K\u00fclt\u00fcrel \u0130\u015flem Arabalar\u0131<\/a> <a href=\"https:\/\/hidroponikbahce.net\/en\/product-category\/sera-makineleri\/\" alt=\"Sera Makineleri\"  class=\"product_cat-sera-makineleri\">Sera Makineleri<\/a> ","product_tag":"<a href=\"https:\/\/hidroponikbahce.net\/en\/product-tag\/kulturel-islem-arabalari\/\" alt=\"k\u00fclt\u00fcrel i\u015flem arabalar\u0131\"  class=\"product_tag-kulturel-islem-arabalari\">k\u00fclt\u00fcrel i\u015flem arabalar\u0131<\/a> <a href=\"https:\/\/hidroponikbahce.net\/en\/product-tag\/kulturel-islem-arabasi\/\" alt=\"k\u00fclt\u00fcrel i\u015flem arabas\u0131\"  class=\"product_tag-kulturel-islem-arabasi\">k\u00fclt\u00fcrel i\u015flem arabas\u0131<\/a> <a href=\"https:\/\/hidroponikbahce.net\/en\/product-tag\/kulturel-islem-makinesi\/\" alt=\"k\u00fclt\u00fcrel i\u015flem makinesi\"  class=\"product_tag-kulturel-islem-makinesi\">k\u00fclt\u00fcrel i\u015flem makinesi<\/a> "},"tpgb_product_data":{"price_html":"","type":"grouped","gallery":["https:\/\/i0.wp.com\/hidroponikbahce.net\/wp-content\/uploads\/2022\/12\/kulturel-islem-arabasi-mpt-02-6.jpg?fit=236%2C600&ssl=1",236,600,false],"category":"K\u00fclt\u00fcrel \u0130\u015flem Arabalar\u0131","procatslug":"kulturel-islem-arabalari"},"jetpack-related-posts":[],"jetpack_sharing_enabled":true,"_links":{"self":[{"href":"https:\/\/hidroponikbahce.net\/en\/wp-json\/wp\/v2\/product\/2181","targetHints":{"allow":["GET"]}}],"collection":[{"href":"https:\/\/hidroponikbahce.net\/en\/wp-json\/wp\/v2\/product"}],"about":[{"href":"https:\/\/hidroponikbahce.net\/en\/wp-json\/wp\/v2\/types\/product"}],"replies":[{"embeddable":true,"href":"https:\/\/hidroponikbahce.net\/en\/wp-json\/wp\/v2\/comments?post=2181"}],"wp:featuredmedia":[{"embeddable":true,"href":"https:\/\/hidroponikbahce.net\/en\/wp-json\/wp\/v2\/media\/2187"}],"wp:attachment":[{"href":"https:\/\/hidroponikbahce.net\/en\/wp-json\/wp\/v2\/media?parent=2181"}],"wp:term":[{"taxonomy":"product_brand","embeddable":true,"href":"https:\/\/hidroponikbahce.net\/en\/wp-json\/wp\/v2\/product_brand?post=2181"},{"taxonomy":"product_cat","embeddable":true,"href":"https:\/\/hidroponikbahce.net\/en\/wp-json\/wp\/v2\/product_cat?post=2181"},{"taxonomy":"product_tag","embeddable":true,"href":"https:\/\/hidroponikbahce.net\/en\/wp-json\/wp\/v2\/product_tag?post=2181"}],"curies":[{"name":"wp","href":"https:\/\/api.w.org\/{rel}","templated":true}]}}