{"id":2075,"date":"2022-12-14T18:15:23","date_gmt":"2022-12-14T15:15:23","guid":{"rendered":"https:\/\/hidroponikbahce.com\/?post_type=product&#038;p=2075"},"modified":"2023-03-09T11:10:16","modified_gmt":"2023-03-09T08:10:16","slug":"strafor-viyol-45-goz","status":"publish","type":"product","link":"https:\/\/hidroponikbahce.net\/en\/market\/strafor-viyol-45-goz\/","title":{"rendered":"Strafor Viyol \u2013 45 G\u00f6z"},"content":{"rendered":"<p>Strafor viyol 45 g\u00f6zden olu\u015fmaktad\u0131r. Topraks\u0131z tar\u0131m sistemlerinde kullan\u0131l\u0131r. \u00c7imlendirme alanlar\u0131nda kolayl\u0131k sa\u011flar<\/p>","protected":false},"excerpt":{"rendered":"<p>Strafor viyol 45 g\u00f6zden olu\u015fmaktad\u0131r. Topraks\u0131z tar\u0131m sistemlerinde kullan\u0131l\u0131r. \u00c7imlendirme alanlar\u0131nda kolayl\u0131k sa\u011flar<\/p>","protected":false},"featured_media":2077,"comment_status":"open","ping_status":"closed","template":"","meta":{"tpgb_global_settings":"","_vp_format_video_url":"","_vp_image_focal_point":[]},"product_brand":[],"product_cat":[22,242],"product_tag":[143,144,142,146,145,147,148],"class_list":{"0":"post-2075","1":"product","2":"type-product","3":"status-publish","4":"has-post-thumbnail","6":"product_cat-genel","7":"product_cat-yetistirme-ortami","8":"product_tag-45-goz-strafor","9":"product_tag-45-viyol","10":"product_tag-45lik-strafor","11":"product_tag-cimlendirme-tepsisi","12":"product_tag-cimlendirme-viyolu","13":"product_tag-marul-tepsisi","14":"product_tag-viyol","16":"first","17":"instock","18":"sale","19":"taxable","20":"shipping-taxable","21":"purchasable","22":"product-type-simple"},"yoast_head":"<!-- This site is optimized with the Yoast SEO plugin v27.4 - https:\/\/yoast.com\/product\/yoast-seo-wordpress\/ -->\n<title>Strafor Viyol \u2013 45 G\u00f6z - Hidroponik Bah\u00e7e<\/title>\n<meta name=\"description\" content=\"Strafor viyol 45 g\u00f6zden olu\u015fmaktad\u0131r. Topraks\u0131z tar\u0131m sistemlerinde kullan\u0131l\u0131r. \u00c7imlendirme alanlar\u0131nda kolayl\u0131k sa\u011flar. \u0130\u00e7erisine toprf, perlit, vermikulit\" \/>\n<meta name=\"robots\" content=\"index, follow, max-snippet:-1, max-image-preview:large, max-video-preview:-1\" \/>\n<link rel=\"canonical\" href=\"https:\/\/hidroponikbahce.com\/market\/strafor-viyol-45-goz\/\" \/>\n<meta property=\"og:locale\" content=\"en_US\" \/>\n<meta property=\"og:type\" content=\"article\" \/>\n<meta property=\"og:title\" content=\"Strafor Viyol \u2013 45 G\u00f6z - Hidroponik Bah\u00e7e\" \/>\n<meta property=\"og:description\" content=\"Strafor viyol 45 g\u00f6zden olu\u015fmaktad\u0131r. Topraks\u0131z tar\u0131m sistemlerinde kullan\u0131l\u0131r. \u00c7imlendirme alanlar\u0131nda kolayl\u0131k sa\u011flar. \u0130\u00e7erisine toprf, perlit, vermikulit\" \/>\n<meta property=\"og:url\" content=\"https:\/\/hidroponikbahce.com\/market\/strafor-viyol-45-goz\/\" \/>\n<meta property=\"og:site_name\" content=\"Hidroponik Bah\u00e7e\" \/>\n<meta property=\"article:publisher\" content=\"https:\/\/www.facebook.com\/hydroponic.farm.5\" \/>\n<meta property=\"article:modified_time\" content=\"2023-03-09T08:10:16+00:00\" \/>\n<meta property=\"og:image\" content=\"https:\/\/i0.wp.com\/hidroponikbahce.com\/wp-content\/uploads\/2022\/12\/Strafor-Viyol-45lik-600x447-kare.jpg?fit=600%2C600&ssl=1\" \/>\n\t<meta property=\"og:image:width\" content=\"600\" \/>\n\t<meta property=\"og:image:height\" content=\"600\" \/>\n\t<meta property=\"og:image:type\" content=\"image\/jpeg\" \/>\n<meta name=\"twitter:card\" content=\"summary_large_image\" \/>\n<meta name=\"twitter:label1\" content=\"Est. reading time\" \/>\n\t<meta name=\"twitter:data1\" content=\"1 minute\" \/>\n<script type=\"application\/ld+json\" class=\"yoast-schema-graph\">{\"@context\":\"https:\\\/\\\/schema.org\",\"@graph\":[{\"@type\":\"WebPage\",\"@id\":\"https:\\\/\\\/hidroponikbahce.com\\\/market\\\/strafor-viyol-45-goz\\\/\",\"url\":\"https:\\\/\\\/hidroponikbahce.com\\\/market\\\/strafor-viyol-45-goz\\\/\",\"name\":\"Strafor Viyol \u2013 45 G\u00f6z - Hidroponik Bah\u00e7e\",\"isPartOf\":{\"@id\":\"https:\\\/\\\/hidroponikbahce.com\\\/#website\"},\"primaryImageOfPage\":{\"@id\":\"https:\\\/\\\/hidroponikbahce.com\\\/market\\\/strafor-viyol-45-goz\\\/#primaryimage\"},\"image\":{\"@id\":\"https:\\\/\\\/hidroponikbahce.com\\\/market\\\/strafor-viyol-45-goz\\\/#primaryimage\"},\"thumbnailUrl\":\"https:\\\/\\\/i0.wp.com\\\/hidroponikbahce.net\\\/wp-content\\\/uploads\\\/2022\\\/12\\\/Strafor-Viyol-45lik-600x447-kare.jpg?fit=600%2C600&ssl=1\",\"datePublished\":\"2022-12-14T15:15:23+00:00\",\"dateModified\":\"2023-03-09T08:10:16+00:00\",\"description\":\"Strafor viyol 45 g\u00f6zden olu\u015fmaktad\u0131r. Topraks\u0131z tar\u0131m sistemlerinde kullan\u0131l\u0131r. \u00c7imlendirme alanlar\u0131nda kolayl\u0131k sa\u011flar. \u0130\u00e7erisine toprf, perlit, vermikulit\",\"breadcrumb\":{\"@id\":\"https:\\\/\\\/hidroponikbahce.com\\\/market\\\/strafor-viyol-45-goz\\\/#breadcrumb\"},\"inLanguage\":\"en-US\",\"potentialAction\":[{\"@type\":\"ReadAction\",\"target\":[\"https:\\\/\\\/hidroponikbahce.com\\\/market\\\/strafor-viyol-45-goz\\\/\"]}]},{\"@type\":\"ImageObject\",\"inLanguage\":\"en-US\",\"@id\":\"https:\\\/\\\/hidroponikbahce.com\\\/market\\\/strafor-viyol-45-goz\\\/#primaryimage\",\"url\":\"https:\\\/\\\/i0.wp.com\\\/hidroponikbahce.net\\\/wp-content\\\/uploads\\\/2022\\\/12\\\/Strafor-Viyol-45lik-600x447-kare.jpg?fit=600%2C600&ssl=1\",\"contentUrl\":\"https:\\\/\\\/i0.wp.com\\\/hidroponikbahce.net\\\/wp-content\\\/uploads\\\/2022\\\/12\\\/Strafor-Viyol-45lik-600x447-kare.jpg?fit=600%2C600&ssl=1\",\"width\":600,\"height\":600,\"caption\":\"strafor viyol \u00e7imlendirme tepsisi marul tespsisi torf perlit file saks\u0131 viyol\"},{\"@type\":\"BreadcrumbList\",\"@id\":\"https:\\\/\\\/hidroponikbahce.com\\\/market\\\/strafor-viyol-45-goz\\\/#breadcrumb\",\"itemListElement\":[{\"@type\":\"ListItem\",\"position\":1,\"name\":\"Anasayfa\",\"item\":\"https:\\\/\\\/hidroponikbahce.net\\\/\"},{\"@type\":\"ListItem\",\"position\":2,\"name\":\"Market\",\"item\":\"https:\\\/\\\/hidroponikbahce.com\\\/market\\\/\"},{\"@type\":\"ListItem\",\"position\":3,\"name\":\"Strafor Viyol \u2013 45 G\u00f6z\"}]},{\"@type\":\"WebSite\",\"@id\":\"https:\\\/\\\/hidroponikbahce.com\\\/#website\",\"url\":\"https:\\\/\\\/hidroponikbahce.com\\\/\",\"name\":\"Hidroponik Bah\u00e7e\",\"description\":\"Topraks\u0131z Tar\u0131m Sistemleri\",\"publisher\":{\"@id\":\"https:\\\/\\\/hidroponikbahce.com\\\/#organization\"},\"potentialAction\":[{\"@type\":\"SearchAction\",\"target\":{\"@type\":\"EntryPoint\",\"urlTemplate\":\"https:\\\/\\\/hidroponikbahce.com\\\/?s={search_term_string}\"},\"query-input\":{\"@type\":\"PropertyValueSpecification\",\"valueRequired\":true,\"valueName\":\"search_term_string\"}}],\"inLanguage\":\"en-US\"},{\"@type\":\"Organization\",\"@id\":\"https:\\\/\\\/hidroponikbahce.com\\\/#organization\",\"name\":\"Hidroponik Bah\u00e7e\",\"url\":\"https:\\\/\\\/hidroponikbahce.com\\\/\",\"logo\":{\"@type\":\"ImageObject\",\"inLanguage\":\"en-US\",\"@id\":\"https:\\\/\\\/hidroponikbahce.com\\\/#\\\/schema\\\/logo\\\/image\\\/\",\"url\":\"https:\\\/\\\/i0.wp.com\\\/hidroponikbahce.net\\\/wp-content\\\/uploads\\\/2022\\\/12\\\/Logo-Hidroponik-Bahce.png?fit=2000%2C350&ssl=1\",\"contentUrl\":\"https:\\\/\\\/i0.wp.com\\\/hidroponikbahce.net\\\/wp-content\\\/uploads\\\/2022\\\/12\\\/Logo-Hidroponik-Bahce.png?fit=2000%2C350&ssl=1\",\"width\":2000,\"height\":350,\"caption\":\"Hidroponik Bah\u00e7e\"},\"image\":{\"@id\":\"https:\\\/\\\/hidroponikbahce.com\\\/#\\\/schema\\\/logo\\\/image\\\/\"},\"sameAs\":[\"https:\\\/\\\/www.facebook.com\\\/hydroponic.farm.5\",\"https:\\\/\\\/www.instagram.com\\\/hydroponic_market\\\/\",\"https:\\\/\\\/tr-tr.facebook.com\\\/groups\\\/205584269848909\\\/?mibextid=6NoCDW\",\"https:\\\/\\\/www.linkedin.com\\\/in\\\/hydroponic-farm-farmer-academy-249b3b196\",\"https:\\\/\\\/www.youtube.com\\\/channel\\\/UCkiZ8fuHlNtao_MkEQRhN-A\"]}]}<\/script>\n<!-- \/ Yoast SEO plugin. -->","yoast_head_json":{"title":"Strafor Viyol \u2013 45 G\u00f6z - Hidroponik Bah\u00e7e","description":"Strafor viyol 45 g\u00f6zden olu\u015fmaktad\u0131r. Topraks\u0131z tar\u0131m sistemlerinde kullan\u0131l\u0131r. \u00c7imlendirme alanlar\u0131nda kolayl\u0131k sa\u011flar. \u0130\u00e7erisine toprf, perlit, vermikulit","robots":{"index":"index","follow":"follow","max-snippet":"max-snippet:-1","max-image-preview":"max-image-preview:large","max-video-preview":"max-video-preview:-1"},"canonical":"https:\/\/hidroponikbahce.com\/market\/strafor-viyol-45-goz\/","og_locale":"en_US","og_type":"article","og_title":"Strafor Viyol \u2013 45 G\u00f6z - Hidroponik Bah\u00e7e","og_description":"Strafor viyol 45 g\u00f6zden olu\u015fmaktad\u0131r. Topraks\u0131z tar\u0131m sistemlerinde kullan\u0131l\u0131r. \u00c7imlendirme alanlar\u0131nda kolayl\u0131k sa\u011flar. \u0130\u00e7erisine toprf, perlit, vermikulit","og_url":"https:\/\/hidroponikbahce.com\/market\/strafor-viyol-45-goz\/","og_site_name":"Hidroponik Bah\u00e7e","article_publisher":"https:\/\/www.facebook.com\/hydroponic.farm.5","article_modified_time":"2023-03-09T08:10:16+00:00","og_image":[{"width":600,"height":600,"url":"https:\/\/i0.wp.com\/hidroponikbahce.com\/wp-content\/uploads\/2022\/12\/Strafor-Viyol-45lik-600x447-kare.jpg?fit=600%2C600&ssl=1","type":"image\/jpeg"}],"twitter_card":"summary_large_image","twitter_misc":{"Est. reading time":"1 minute"},"schema":{"@context":"https:\/\/schema.org","@graph":[{"@type":"WebPage","@id":"https:\/\/hidroponikbahce.com\/market\/strafor-viyol-45-goz\/","url":"https:\/\/hidroponikbahce.com\/market\/strafor-viyol-45-goz\/","name":"Strafor Viyol \u2013 45 G\u00f6z - Hidroponik Bah\u00e7e","isPartOf":{"@id":"https:\/\/hidroponikbahce.com\/#website"},"primaryImageOfPage":{"@id":"https:\/\/hidroponikbahce.com\/market\/strafor-viyol-45-goz\/#primaryimage"},"image":{"@id":"https:\/\/hidroponikbahce.com\/market\/strafor-viyol-45-goz\/#primaryimage"},"thumbnailUrl":"https:\/\/i0.wp.com\/hidroponikbahce.net\/wp-content\/uploads\/2022\/12\/Strafor-Viyol-45lik-600x447-kare.jpg?fit=600%2C600&ssl=1","datePublished":"2022-12-14T15:15:23+00:00","dateModified":"2023-03-09T08:10:16+00:00","description":"Strafor viyol 45 g\u00f6zden olu\u015fmaktad\u0131r. Topraks\u0131z tar\u0131m sistemlerinde kullan\u0131l\u0131r. \u00c7imlendirme alanlar\u0131nda kolayl\u0131k sa\u011flar. \u0130\u00e7erisine toprf, perlit, vermikulit","breadcrumb":{"@id":"https:\/\/hidroponikbahce.com\/market\/strafor-viyol-45-goz\/#breadcrumb"},"inLanguage":"en-US","potentialAction":[{"@type":"ReadAction","target":["https:\/\/hidroponikbahce.com\/market\/strafor-viyol-45-goz\/"]}]},{"@type":"ImageObject","inLanguage":"en-US","@id":"https:\/\/hidroponikbahce.com\/market\/strafor-viyol-45-goz\/#primaryimage","url":"https:\/\/i0.wp.com\/hidroponikbahce.net\/wp-content\/uploads\/2022\/12\/Strafor-Viyol-45lik-600x447-kare.jpg?fit=600%2C600&ssl=1","contentUrl":"https:\/\/i0.wp.com\/hidroponikbahce.net\/wp-content\/uploads\/2022\/12\/Strafor-Viyol-45lik-600x447-kare.jpg?fit=600%2C600&ssl=1","width":600,"height":600,"caption":"strafor viyol \u00e7imlendirme tepsisi marul tespsisi torf perlit file saks\u0131 viyol"},{"@type":"BreadcrumbList","@id":"https:\/\/hidroponikbahce.com\/market\/strafor-viyol-45-goz\/#breadcrumb","itemListElement":[{"@type":"ListItem","position":1,"name":"Anasayfa","item":"https:\/\/hidroponikbahce.net\/"},{"@type":"ListItem","position":2,"name":"Market","item":"https:\/\/hidroponikbahce.com\/market\/"},{"@type":"ListItem","position":3,"name":"Strafor Viyol \u2013 45 G\u00f6z"}]},{"@type":"WebSite","@id":"https:\/\/hidroponikbahce.com\/#website","url":"https:\/\/hidroponikbahce.com\/","name":"Hidroponik Bah\u00e7e","description":"Soilless Agricultural Systems","publisher":{"@id":"https:\/\/hidroponikbahce.com\/#organization"},"potentialAction":[{"@type":"SearchAction","target":{"@type":"EntryPoint","urlTemplate":"https:\/\/hidroponikbahce.com\/?s={search_term_string}"},"query-input":{"@type":"PropertyValueSpecification","valueRequired":true,"valueName":"search_term_string"}}],"inLanguage":"en-US"},{"@type":"Organization","@id":"https:\/\/hidroponikbahce.com\/#organization","name":"Hidroponik Bah\u00e7e","url":"https:\/\/hidroponikbahce.com\/","logo":{"@type":"ImageObject","inLanguage":"en-US","@id":"https:\/\/hidroponikbahce.com\/#\/schema\/logo\/image\/","url":"https:\/\/i0.wp.com\/hidroponikbahce.net\/wp-content\/uploads\/2022\/12\/Logo-Hidroponik-Bahce.png?fit=2000%2C350&ssl=1","contentUrl":"https:\/\/i0.wp.com\/hidroponikbahce.net\/wp-content\/uploads\/2022\/12\/Logo-Hidroponik-Bahce.png?fit=2000%2C350&ssl=1","width":2000,"height":350,"caption":"Hidroponik Bah\u00e7e"},"image":{"@id":"https:\/\/hidroponikbahce.com\/#\/schema\/logo\/image\/"},"sameAs":["https:\/\/www.facebook.com\/hydroponic.farm.5","https:\/\/www.instagram.com\/hydroponic_market\/","https:\/\/tr-tr.facebook.com\/groups\/205584269848909\/?mibextid=6NoCDW","https:\/\/www.linkedin.com\/in\/hydroponic-farm-farmer-academy-249b3b196","https:\/\/www.youtube.com\/channel\/UCkiZ8fuHlNtao_MkEQRhN-A"]}]}},"tpgb_featured_images":{"full":["https:\/\/i0.wp.com\/hidroponikbahce.net\/wp-content\/uploads\/2022\/12\/Strafor-Viyol-45lik-600x447-kare.jpg?fit=600%2C600&ssl=1",600,600,false],"tp-image-grid":["https:\/\/i0.wp.com\/hidroponikbahce.net\/wp-content\/uploads\/2022\/12\/Strafor-Viyol-45lik-600x447-kare.jpg?resize=600%2C600&ssl=1",700,700,true],"thumbnail":["https:\/\/i0.wp.com\/hidroponikbahce.net\/wp-content\/uploads\/2022\/12\/Strafor-Viyol-45lik-600x447-kare.jpg?resize=150%2C150&ssl=1",150,150,true],"medium":["https:\/\/i0.wp.com\/hidroponikbahce.net\/wp-content\/uploads\/2022\/12\/Strafor-Viyol-45lik-600x447-kare.jpg?fit=300%2C300&ssl=1",300,300,true],"medium_large":["https:\/\/i0.wp.com\/hidroponikbahce.net\/wp-content\/uploads\/2022\/12\/Strafor-Viyol-45lik-600x447-kare.jpg?fit=600%2C600&ssl=1",600,600,true],"large":["https:\/\/i0.wp.com\/hidroponikbahce.net\/wp-content\/uploads\/2022\/12\/Strafor-Viyol-45lik-600x447-kare.jpg?fit=600%2C600&ssl=1",600,600,true],"default":"https:\/\/hidroponikbahce.net\/wp-content\/plugins\/the-plus-addons-for-block-editor\/assets\/images\/tpgb-placeholder.jpg"},"tpgb_post_meta_info":{"get_date":"December 14, 2022","get_modified_date":"March 9, 2023","category_list":{"product_brand":false,"product_cat":[{"term_id":22,"name":"Genel","slug":"genel","term_group":0,"term_taxonomy_id":22,"taxonomy":"product_cat","description":"Topraks\u0131z tar\u0131m ekipmanlar\u0131, toprak kullan\u0131m\u0131n\u0131 azaltarak verimlili\u011fi artt\u0131ran tar\u0131m makineleri ve ara\u00e7lar\u0131d\u0131r. Bu ekipmanlar topraks\u0131z tar\u0131m tekniklerini uygulamak i\u00e7in tasarland\u0131 ve genellikle topraks\u0131z tar\u0131m y\u00f6ntemlerinin uyguland\u0131\u011f\u0131 yerlerde kullan\u0131l\u0131r.","parent":0,"count":14,"filter":"raw"},{"term_id":242,"name":"Yeti\u015ftirme Ortam\u0131","slug":"yetistirme-ortami","term_group":0,"term_taxonomy_id":242,"taxonomy":"product_cat","description":"Topraks\u0131z tar\u0131m bitkilerin yeti\u015fmesi i\u00e7in ihtiya\u00e7 duyulan bitki k\u00f6k ortam\u0131 \u00fcr\u00fcnlerinin yer ald\u0131\u011f\u0131 kategoridir","parent":0,"count":5,"filter":"raw"}],"product_tag":[{"term_id":143,"name":"45 g\u00f6z strafor","slug":"45-goz-strafor","term_group":0,"term_taxonomy_id":143,"taxonomy":"product_tag","description":"","parent":0,"count":1,"filter":"raw"},{"term_id":144,"name":"45 viyol","slug":"45-viyol","term_group":0,"term_taxonomy_id":144,"taxonomy":"product_tag","description":"","parent":0,"count":1,"filter":"raw"},{"term_id":142,"name":"45lik strafor","slug":"45lik-strafor","term_group":0,"term_taxonomy_id":142,"taxonomy":"product_tag","description":"","parent":0,"count":1,"filter":"raw"},{"term_id":146,"name":"\u00e7imlendirme tepsisi","slug":"cimlendirme-tepsisi","term_group":0,"term_taxonomy_id":146,"taxonomy":"product_tag","description":"","parent":0,"count":1,"filter":"raw"},{"term_id":145,"name":"\u00e7imlendirme viyol\u00fc","slug":"cimlendirme-viyolu","term_group":0,"term_taxonomy_id":145,"taxonomy":"product_tag","description":"","parent":0,"count":1,"filter":"raw"},{"term_id":147,"name":"marul tepsisi","slug":"marul-tepsisi","term_group":0,"term_taxonomy_id":147,"taxonomy":"product_tag","description":"","parent":0,"count":1,"filter":"raw"},{"term_id":148,"name":"viyol","slug":"viyol","term_group":0,"term_taxonomy_id":148,"taxonomy":"product_tag","description":"","parent":0,"count":1,"filter":"raw"}]},"comment_count":0,"post_likes":0,"post_views":0},"tpgb_post_category":{"product_cat":"<a href=\"https:\/\/hidroponikbahce.net\/en\/product-category\/genel\/\" alt=\"Genel\"  class=\"product_cat-genel\">Genel<\/a> <a href=\"https:\/\/hidroponikbahce.net\/en\/product-category\/yetistirme-ortami\/\" alt=\"Yeti\u015ftirme Ortam\u0131\"  class=\"product_cat-yetistirme-ortami\">Yeti\u015ftirme Ortam\u0131<\/a> ","product_tag":"<a href=\"https:\/\/hidroponikbahce.net\/en\/product-tag\/45-goz-strafor\/\" alt=\"45 g\u00f6z strafor\"  class=\"product_tag-45-goz-strafor\">45 g\u00f6z strafor<\/a> <a href=\"https:\/\/hidroponikbahce.net\/en\/product-tag\/45-viyol\/\" alt=\"45 viyol\"  class=\"product_tag-45-viyol\">45 viyol<\/a> <a href=\"https:\/\/hidroponikbahce.net\/en\/product-tag\/45lik-strafor\/\" alt=\"45lik strafor\"  class=\"product_tag-45lik-strafor\">45lik strafor<\/a> <a href=\"https:\/\/hidroponikbahce.net\/en\/product-tag\/cimlendirme-tepsisi\/\" alt=\"\u00e7imlendirme tepsisi\"  class=\"product_tag-cimlendirme-tepsisi\">\u00e7imlendirme tepsisi<\/a> <a href=\"https:\/\/hidroponikbahce.net\/en\/product-tag\/cimlendirme-viyolu\/\" alt=\"\u00e7imlendirme viyol\u00fc\"  class=\"product_tag-cimlendirme-viyolu\">\u00e7imlendirme viyol\u00fc<\/a> <a href=\"https:\/\/hidroponikbahce.net\/en\/product-tag\/marul-tepsisi\/\" alt=\"marul tepsisi\"  class=\"product_tag-marul-tepsisi\">marul tepsisi<\/a> <a href=\"https:\/\/hidroponikbahce.net\/en\/product-tag\/viyol\/\" alt=\"viyol\"  class=\"product_tag-viyol\">viyol<\/a> "},"tpgb_product_data":{"price_html":"<span class=\"woocs_price_code\" data-currency=\"\" data-redraw-id=\"69e10702d8c7e\"  data-product-id=\"2075\"><span class=\"sale-price\"><del aria-hidden=\"true\"><span class=\"woocommerce-Price-amount amount\"><bdi>2,42<span class=\"woocommerce-Price-currencySymbol\">&#36;<\/span><\/bdi><\/span><\/del> <span class=\"screen-reader-text\">Original price was: 2,42&#036;.<\/span><ins aria-hidden=\"true\"><span class=\"woocommerce-Price-amount amount\"><bdi>2,27<span class=\"woocommerce-Price-currencySymbol\">&#36;<\/span><\/bdi><\/span><\/ins><span class=\"screen-reader-text\">Current price is: 2,27&#036;.<\/span><\/span><\/span>","type":"simple","gallery":false,"category":"Genel","procatslug":"genel","productBadge":"<span class=\"onsale\" data-shape=\"type-2\" >SATI\u015eTA!<\/span>"},"jetpack-related-posts":[],"jetpack_sharing_enabled":true,"_links":{"self":[{"href":"https:\/\/hidroponikbahce.net\/en\/wp-json\/wp\/v2\/product\/2075","targetHints":{"allow":["GET"]}}],"collection":[{"href":"https:\/\/hidroponikbahce.net\/en\/wp-json\/wp\/v2\/product"}],"about":[{"href":"https:\/\/hidroponikbahce.net\/en\/wp-json\/wp\/v2\/types\/product"}],"replies":[{"embeddable":true,"href":"https:\/\/hidroponikbahce.net\/en\/wp-json\/wp\/v2\/comments?post=2075"}],"wp:featuredmedia":[{"embeddable":true,"href":"https:\/\/hidroponikbahce.net\/en\/wp-json\/wp\/v2\/media\/2077"}],"wp:attachment":[{"href":"https:\/\/hidroponikbahce.net\/en\/wp-json\/wp\/v2\/media?parent=2075"}],"wp:term":[{"taxonomy":"product_brand","embeddable":true,"href":"https:\/\/hidroponikbahce.net\/en\/wp-json\/wp\/v2\/product_brand?post=2075"},{"taxonomy":"product_cat","embeddable":true,"href":"https:\/\/hidroponikbahce.net\/en\/wp-json\/wp\/v2\/product_cat?post=2075"},{"taxonomy":"product_tag","embeddable":true,"href":"https:\/\/hidroponikbahce.net\/en\/wp-json\/wp\/v2\/product_tag?post=2075"}],"curies":[{"name":"wp","href":"https:\/\/api.w.org\/{rel}","templated":true}]}}