{"id":2072,"date":"2022-12-14T17:55:13","date_gmt":"2022-12-14T14:55:13","guid":{"rendered":"https:\/\/hidroponikbahce.com\/?post_type=product&#038;p=2072"},"modified":"2023-03-09T11:13:42","modified_gmt":"2023-03-09T08:13:42","slug":"spagetti-takim","status":"publish","type":"product","link":"https:\/\/hidroponikbahce.net\/en\/market\/spagetti-takim\/","title":{"rendered":"Spagetti Tak\u0131m"},"content":{"rendered":"<p>Spagetti, topraks\u0131z tar\u0131m sistemlerinde kullan\u0131lan NFT hidroponik kanallar\u0131yla borular\u0131n aras\u0131na tak\u0131l\u0131r. Set halinde sat\u0131yoruz.<\/p>","protected":false},"excerpt":{"rendered":"<p>Spagetti, topraks\u0131z tar\u0131m sistemlerinde kullan\u0131lan hidroponik kanallar\u0131yla borular\u0131n aras\u0131na tak\u0131l\u0131r. Set halinde sat\u0131yoruz<\/p>","protected":false},"featured_media":2073,"comment_status":"open","ping_status":"closed","template":"","meta":{"tpgb_global_settings":"","_vp_format_video_url":"","_vp_image_focal_point":[]},"product_brand":[],"product_cat":[22,243],"product_tag":[138,137,73,74,141,140,136,139],"class_list":{"0":"post-2072","1":"product","2":"type-product","3":"status-publish","4":"has-post-thumbnail","6":"product_cat-genel","7":"product_cat-yetistirme-zemini","8":"product_tag-baglanti-aparati","9":"product_tag-baglanti-elemani","10":"product_tag-hidroponik-boru","11":"product_tag-hidroponik-kanal","12":"product_tag-hidroponik-set","13":"product_tag-ince-su-hortumu","14":"product_tag-spagetti","15":"product_tag-su-borusu","17":"first","18":"instock","19":"sale","20":"taxable","21":"shipping-taxable","22":"purchasable","23":"product-type-simple"},"yoast_head":"<!-- This site is optimized with the Yoast SEO plugin v27.4 - https:\/\/yoast.com\/product\/yoast-seo-wordpress\/ -->\n<title>Spagetti Tak\u0131m - Hidroponik Bah\u00e7e<\/title>\n<meta name=\"description\" content=\"Spagetti, topraks\u0131z tar\u0131m sistemlerinde kullan\u0131lan hidroponik kanallar\u0131yla borular\u0131n aras\u0131na tak\u0131lan par\u00e7ad\u0131r. Set halinde sat\u0131yoruz. NFT hidroponik borular\" \/>\n<meta name=\"robots\" content=\"index, follow, max-snippet:-1, max-image-preview:large, max-video-preview:-1\" \/>\n<link rel=\"canonical\" href=\"https:\/\/hidroponikbahce.com\/market\/spagetti-takim\/\" \/>\n<meta property=\"og:locale\" content=\"en_US\" \/>\n<meta property=\"og:type\" content=\"article\" \/>\n<meta property=\"og:title\" content=\"Spagetti Tak\u0131m - Hidroponik Bah\u00e7e\" \/>\n<meta property=\"og:description\" content=\"Spagetti, topraks\u0131z tar\u0131m sistemlerinde kullan\u0131lan hidroponik kanallar\u0131yla borular\u0131n aras\u0131na tak\u0131lan par\u00e7ad\u0131r. Set halinde sat\u0131yoruz. NFT hidroponik borular\" \/>\n<meta property=\"og:url\" content=\"https:\/\/hidroponikbahce.com\/market\/spagetti-takim\/\" \/>\n<meta property=\"og:site_name\" content=\"Hidroponik Bah\u00e7e\" \/>\n<meta property=\"article:publisher\" content=\"https:\/\/www.facebook.com\/hydroponic.farm.5\" \/>\n<meta property=\"article:modified_time\" content=\"2023-03-09T08:13:42+00:00\" \/>\n<meta property=\"og:image\" content=\"https:\/\/i0.wp.com\/hidroponikbahce.com\/wp-content\/uploads\/2022\/12\/Spagetti-kare.jpg?fit=1600%2C1600&ssl=1\" \/>\n\t<meta property=\"og:image:width\" content=\"1600\" \/>\n\t<meta property=\"og:image:height\" content=\"1600\" \/>\n\t<meta property=\"og:image:type\" content=\"image\/jpeg\" \/>\n<meta name=\"twitter:card\" content=\"summary_large_image\" \/>\n<meta name=\"twitter:label1\" content=\"Est. reading time\" \/>\n\t<meta name=\"twitter:data1\" content=\"1 minute\" \/>\n<script type=\"application\/ld+json\" class=\"yoast-schema-graph\">{\"@context\":\"https:\\\/\\\/schema.org\",\"@graph\":[{\"@type\":\"WebPage\",\"@id\":\"https:\\\/\\\/hidroponikbahce.com\\\/market\\\/spagetti-takim\\\/\",\"url\":\"https:\\\/\\\/hidroponikbahce.com\\\/market\\\/spagetti-takim\\\/\",\"name\":\"Spagetti Tak\u0131m - Hidroponik Bah\u00e7e\",\"isPartOf\":{\"@id\":\"https:\\\/\\\/hidroponikbahce.com\\\/#website\"},\"primaryImageOfPage\":{\"@id\":\"https:\\\/\\\/hidroponikbahce.com\\\/market\\\/spagetti-takim\\\/#primaryimage\"},\"image\":{\"@id\":\"https:\\\/\\\/hidroponikbahce.com\\\/market\\\/spagetti-takim\\\/#primaryimage\"},\"thumbnailUrl\":\"https:\\\/\\\/i0.wp.com\\\/hidroponikbahce.net\\\/wp-content\\\/uploads\\\/2022\\\/12\\\/Spagetti-kare.jpg?fit=1600%2C1600&ssl=1\",\"datePublished\":\"2022-12-14T14:55:13+00:00\",\"dateModified\":\"2023-03-09T08:13:42+00:00\",\"description\":\"Spagetti, topraks\u0131z tar\u0131m sistemlerinde kullan\u0131lan hidroponik kanallar\u0131yla borular\u0131n aras\u0131na tak\u0131lan par\u00e7ad\u0131r. Set halinde sat\u0131yoruz. NFT hidroponik borular\",\"breadcrumb\":{\"@id\":\"https:\\\/\\\/hidroponikbahce.com\\\/market\\\/spagetti-takim\\\/#breadcrumb\"},\"inLanguage\":\"en-US\",\"potentialAction\":[{\"@type\":\"ReadAction\",\"target\":[\"https:\\\/\\\/hidroponikbahce.com\\\/market\\\/spagetti-takim\\\/\"]}]},{\"@type\":\"ImageObject\",\"inLanguage\":\"en-US\",\"@id\":\"https:\\\/\\\/hidroponikbahce.com\\\/market\\\/spagetti-takim\\\/#primaryimage\",\"url\":\"https:\\\/\\\/i0.wp.com\\\/hidroponikbahce.net\\\/wp-content\\\/uploads\\\/2022\\\/12\\\/Spagetti-kare.jpg?fit=1600%2C1600&ssl=1\",\"contentUrl\":\"https:\\\/\\\/i0.wp.com\\\/hidroponikbahce.net\\\/wp-content\\\/uploads\\\/2022\\\/12\\\/Spagetti-kare.jpg?fit=1600%2C1600&ssl=1\",\"width\":1600,\"height\":1600,\"caption\":\"hidroponik boru aparat\u0131 spagetti su ba\u011flant\u0131s\u0131\"},{\"@type\":\"BreadcrumbList\",\"@id\":\"https:\\\/\\\/hidroponikbahce.com\\\/market\\\/spagetti-takim\\\/#breadcrumb\",\"itemListElement\":[{\"@type\":\"ListItem\",\"position\":1,\"name\":\"Anasayfa\",\"item\":\"https:\\\/\\\/hidroponikbahce.net\\\/\"},{\"@type\":\"ListItem\",\"position\":2,\"name\":\"Market\",\"item\":\"https:\\\/\\\/hidroponikbahce.com\\\/market\\\/\"},{\"@type\":\"ListItem\",\"position\":3,\"name\":\"Spagetti Tak\u0131m\"}]},{\"@type\":\"WebSite\",\"@id\":\"https:\\\/\\\/hidroponikbahce.com\\\/#website\",\"url\":\"https:\\\/\\\/hidroponikbahce.com\\\/\",\"name\":\"Hidroponik Bah\u00e7e\",\"description\":\"Topraks\u0131z Tar\u0131m Sistemleri\",\"publisher\":{\"@id\":\"https:\\\/\\\/hidroponikbahce.com\\\/#organization\"},\"potentialAction\":[{\"@type\":\"SearchAction\",\"target\":{\"@type\":\"EntryPoint\",\"urlTemplate\":\"https:\\\/\\\/hidroponikbahce.com\\\/?s={search_term_string}\"},\"query-input\":{\"@type\":\"PropertyValueSpecification\",\"valueRequired\":true,\"valueName\":\"search_term_string\"}}],\"inLanguage\":\"en-US\"},{\"@type\":\"Organization\",\"@id\":\"https:\\\/\\\/hidroponikbahce.com\\\/#organization\",\"name\":\"Hidroponik Bah\u00e7e\",\"url\":\"https:\\\/\\\/hidroponikbahce.com\\\/\",\"logo\":{\"@type\":\"ImageObject\",\"inLanguage\":\"en-US\",\"@id\":\"https:\\\/\\\/hidroponikbahce.com\\\/#\\\/schema\\\/logo\\\/image\\\/\",\"url\":\"https:\\\/\\\/i0.wp.com\\\/hidroponikbahce.net\\\/wp-content\\\/uploads\\\/2022\\\/12\\\/Logo-Hidroponik-Bahce.png?fit=2000%2C350&ssl=1\",\"contentUrl\":\"https:\\\/\\\/i0.wp.com\\\/hidroponikbahce.net\\\/wp-content\\\/uploads\\\/2022\\\/12\\\/Logo-Hidroponik-Bahce.png?fit=2000%2C350&ssl=1\",\"width\":2000,\"height\":350,\"caption\":\"Hidroponik Bah\u00e7e\"},\"image\":{\"@id\":\"https:\\\/\\\/hidroponikbahce.com\\\/#\\\/schema\\\/logo\\\/image\\\/\"},\"sameAs\":[\"https:\\\/\\\/www.facebook.com\\\/hydroponic.farm.5\",\"https:\\\/\\\/www.instagram.com\\\/hydroponic_market\\\/\",\"https:\\\/\\\/tr-tr.facebook.com\\\/groups\\\/205584269848909\\\/?mibextid=6NoCDW\",\"https:\\\/\\\/www.linkedin.com\\\/in\\\/hydroponic-farm-farmer-academy-249b3b196\",\"https:\\\/\\\/www.youtube.com\\\/channel\\\/UCkiZ8fuHlNtao_MkEQRhN-A\"]}]}<\/script>\n<!-- \/ Yoast SEO plugin. -->","yoast_head_json":{"title":"Spagetti Tak\u0131m - Hidroponik Bah\u00e7e","description":"Spagetti, topraks\u0131z tar\u0131m sistemlerinde kullan\u0131lan hidroponik kanallar\u0131yla borular\u0131n aras\u0131na tak\u0131lan par\u00e7ad\u0131r. Set halinde sat\u0131yoruz. NFT hidroponik borular","robots":{"index":"index","follow":"follow","max-snippet":"max-snippet:-1","max-image-preview":"max-image-preview:large","max-video-preview":"max-video-preview:-1"},"canonical":"https:\/\/hidroponikbahce.com\/market\/spagetti-takim\/","og_locale":"en_US","og_type":"article","og_title":"Spagetti Tak\u0131m - Hidroponik Bah\u00e7e","og_description":"Spagetti, topraks\u0131z tar\u0131m sistemlerinde kullan\u0131lan hidroponik kanallar\u0131yla borular\u0131n aras\u0131na tak\u0131lan par\u00e7ad\u0131r. Set halinde sat\u0131yoruz. NFT hidroponik borular","og_url":"https:\/\/hidroponikbahce.com\/market\/spagetti-takim\/","og_site_name":"Hidroponik Bah\u00e7e","article_publisher":"https:\/\/www.facebook.com\/hydroponic.farm.5","article_modified_time":"2023-03-09T08:13:42+00:00","og_image":[{"width":1600,"height":1600,"url":"https:\/\/i0.wp.com\/hidroponikbahce.com\/wp-content\/uploads\/2022\/12\/Spagetti-kare.jpg?fit=1600%2C1600&ssl=1","type":"image\/jpeg"}],"twitter_card":"summary_large_image","twitter_misc":{"Est. reading time":"1 minute"},"schema":{"@context":"https:\/\/schema.org","@graph":[{"@type":"WebPage","@id":"https:\/\/hidroponikbahce.com\/market\/spagetti-takim\/","url":"https:\/\/hidroponikbahce.com\/market\/spagetti-takim\/","name":"Spagetti Tak\u0131m - Hidroponik Bah\u00e7e","isPartOf":{"@id":"https:\/\/hidroponikbahce.com\/#website"},"primaryImageOfPage":{"@id":"https:\/\/hidroponikbahce.com\/market\/spagetti-takim\/#primaryimage"},"image":{"@id":"https:\/\/hidroponikbahce.com\/market\/spagetti-takim\/#primaryimage"},"thumbnailUrl":"https:\/\/i0.wp.com\/hidroponikbahce.net\/wp-content\/uploads\/2022\/12\/Spagetti-kare.jpg?fit=1600%2C1600&ssl=1","datePublished":"2022-12-14T14:55:13+00:00","dateModified":"2023-03-09T08:13:42+00:00","description":"Spagetti, topraks\u0131z tar\u0131m sistemlerinde kullan\u0131lan hidroponik kanallar\u0131yla borular\u0131n aras\u0131na tak\u0131lan par\u00e7ad\u0131r. Set halinde sat\u0131yoruz. NFT hidroponik borular","breadcrumb":{"@id":"https:\/\/hidroponikbahce.com\/market\/spagetti-takim\/#breadcrumb"},"inLanguage":"en-US","potentialAction":[{"@type":"ReadAction","target":["https:\/\/hidroponikbahce.com\/market\/spagetti-takim\/"]}]},{"@type":"ImageObject","inLanguage":"en-US","@id":"https:\/\/hidroponikbahce.com\/market\/spagetti-takim\/#primaryimage","url":"https:\/\/i0.wp.com\/hidroponikbahce.net\/wp-content\/uploads\/2022\/12\/Spagetti-kare.jpg?fit=1600%2C1600&ssl=1","contentUrl":"https:\/\/i0.wp.com\/hidroponikbahce.net\/wp-content\/uploads\/2022\/12\/Spagetti-kare.jpg?fit=1600%2C1600&ssl=1","width":1600,"height":1600,"caption":"hidroponik boru aparat\u0131 spagetti su ba\u011flant\u0131s\u0131"},{"@type":"BreadcrumbList","@id":"https:\/\/hidroponikbahce.com\/market\/spagetti-takim\/#breadcrumb","itemListElement":[{"@type":"ListItem","position":1,"name":"Anasayfa","item":"https:\/\/hidroponikbahce.net\/"},{"@type":"ListItem","position":2,"name":"Market","item":"https:\/\/hidroponikbahce.com\/market\/"},{"@type":"ListItem","position":3,"name":"Spagetti Tak\u0131m"}]},{"@type":"WebSite","@id":"https:\/\/hidroponikbahce.com\/#website","url":"https:\/\/hidroponikbahce.com\/","name":"Hidroponik Bah\u00e7e","description":"Soilless Agricultural Systems","publisher":{"@id":"https:\/\/hidroponikbahce.com\/#organization"},"potentialAction":[{"@type":"SearchAction","target":{"@type":"EntryPoint","urlTemplate":"https:\/\/hidroponikbahce.com\/?s={search_term_string}"},"query-input":{"@type":"PropertyValueSpecification","valueRequired":true,"valueName":"search_term_string"}}],"inLanguage":"en-US"},{"@type":"Organization","@id":"https:\/\/hidroponikbahce.com\/#organization","name":"Hidroponik Bah\u00e7e","url":"https:\/\/hidroponikbahce.com\/","logo":{"@type":"ImageObject","inLanguage":"en-US","@id":"https:\/\/hidroponikbahce.com\/#\/schema\/logo\/image\/","url":"https:\/\/i0.wp.com\/hidroponikbahce.net\/wp-content\/uploads\/2022\/12\/Logo-Hidroponik-Bahce.png?fit=2000%2C350&ssl=1","contentUrl":"https:\/\/i0.wp.com\/hidroponikbahce.net\/wp-content\/uploads\/2022\/12\/Logo-Hidroponik-Bahce.png?fit=2000%2C350&ssl=1","width":2000,"height":350,"caption":"Hidroponik Bah\u00e7e"},"image":{"@id":"https:\/\/hidroponikbahce.com\/#\/schema\/logo\/image\/"},"sameAs":["https:\/\/www.facebook.com\/hydroponic.farm.5","https:\/\/www.instagram.com\/hydroponic_market\/","https:\/\/tr-tr.facebook.com\/groups\/205584269848909\/?mibextid=6NoCDW","https:\/\/www.linkedin.com\/in\/hydroponic-farm-farmer-academy-249b3b196","https:\/\/www.youtube.com\/channel\/UCkiZ8fuHlNtao_MkEQRhN-A"]}]}},"tpgb_featured_images":{"full":["https:\/\/i0.wp.com\/hidroponikbahce.net\/wp-content\/uploads\/2022\/12\/Spagetti-kare.jpg?fit=1600%2C1600&ssl=1",1600,1600,false],"tp-image-grid":["https:\/\/i0.wp.com\/hidroponikbahce.net\/wp-content\/uploads\/2022\/12\/Spagetti-kare.jpg?resize=700%2C700&ssl=1",700,700,true],"thumbnail":["https:\/\/i0.wp.com\/hidroponikbahce.net\/wp-content\/uploads\/2022\/12\/Spagetti-kare.jpg?resize=150%2C150&ssl=1",150,150,true],"medium":["https:\/\/i0.wp.com\/hidroponikbahce.net\/wp-content\/uploads\/2022\/12\/Spagetti-kare.jpg?fit=300%2C300&ssl=1",300,300,true],"medium_large":["https:\/\/i0.wp.com\/hidroponikbahce.net\/wp-content\/uploads\/2022\/12\/Spagetti-kare.jpg?fit=768%2C768&ssl=1",768,768,true],"large":["https:\/\/i0.wp.com\/hidroponikbahce.net\/wp-content\/uploads\/2022\/12\/Spagetti-kare.jpg?fit=1024%2C1024&ssl=1",1024,1024,true],"default":"https:\/\/hidroponikbahce.net\/wp-content\/plugins\/the-plus-addons-for-block-editor\/assets\/images\/tpgb-placeholder.jpg"},"tpgb_post_meta_info":{"get_date":"December 14, 2022","get_modified_date":"March 9, 2023","category_list":{"product_brand":false,"product_cat":[{"term_id":22,"name":"Genel","slug":"genel","term_group":0,"term_taxonomy_id":22,"taxonomy":"product_cat","description":"Topraks\u0131z tar\u0131m ekipmanlar\u0131, toprak kullan\u0131m\u0131n\u0131 azaltarak verimlili\u011fi artt\u0131ran tar\u0131m makineleri ve ara\u00e7lar\u0131d\u0131r. Bu ekipmanlar topraks\u0131z tar\u0131m tekniklerini uygulamak i\u00e7in tasarland\u0131 ve genellikle topraks\u0131z tar\u0131m y\u00f6ntemlerinin uyguland\u0131\u011f\u0131 yerlerde kullan\u0131l\u0131r.","parent":0,"count":14,"filter":"raw"},{"term_id":243,"name":"Yeti\u015ftirme Zemini","slug":"yetistirme-zemini","term_group":0,"term_taxonomy_id":243,"taxonomy":"product_cat","description":"Topraks\u0131z tar\u0131mda bitkilerin yeti\u015febilmesi i\u00e7in ihtiya\u00e7 duyulan zemini olu\u015fturan ekipmanlard\u0131r.","parent":0,"count":5,"filter":"raw"}],"product_tag":[{"term_id":138,"name":"ba\u011flant\u0131 aparat\u0131","slug":"baglanti-aparati","term_group":0,"term_taxonomy_id":138,"taxonomy":"product_tag","description":"","parent":0,"count":1,"filter":"raw"},{"term_id":137,"name":"ba\u011flant\u0131 eleman\u0131","slug":"baglanti-elemani","term_group":0,"term_taxonomy_id":137,"taxonomy":"product_tag","description":"","parent":0,"count":1,"filter":"raw"},{"term_id":73,"name":"hidroponik boru","slug":"hidroponik-boru","term_group":0,"term_taxonomy_id":73,"taxonomy":"product_tag","description":"","parent":0,"count":4,"filter":"raw"},{"term_id":74,"name":"hidroponik kanal","slug":"hidroponik-kanal","term_group":0,"term_taxonomy_id":74,"taxonomy":"product_tag","description":"","parent":0,"count":4,"filter":"raw"},{"term_id":141,"name":"hidroponik set","slug":"hidroponik-set","term_group":0,"term_taxonomy_id":141,"taxonomy":"product_tag","description":"","parent":0,"count":1,"filter":"raw"},{"term_id":140,"name":"ince su hortumu","slug":"ince-su-hortumu","term_group":0,"term_taxonomy_id":140,"taxonomy":"product_tag","description":"","parent":0,"count":1,"filter":"raw"},{"term_id":136,"name":"spagetti","slug":"spagetti","term_group":0,"term_taxonomy_id":136,"taxonomy":"product_tag","description":"","parent":0,"count":1,"filter":"raw"},{"term_id":139,"name":"su borusu","slug":"su-borusu","term_group":0,"term_taxonomy_id":139,"taxonomy":"product_tag","description":"","parent":0,"count":1,"filter":"raw"}]},"comment_count":0,"post_likes":0,"post_views":0},"tpgb_post_category":{"product_cat":"<a href=\"https:\/\/hidroponikbahce.net\/en\/product-category\/genel\/\" alt=\"Genel\"  class=\"product_cat-genel\">Genel<\/a> <a href=\"https:\/\/hidroponikbahce.net\/en\/product-category\/yetistirme-zemini\/\" alt=\"Yeti\u015ftirme Zemini\"  class=\"product_cat-yetistirme-zemini\">Yeti\u015ftirme Zemini<\/a> ","product_tag":"<a href=\"https:\/\/hidroponikbahce.net\/en\/product-tag\/baglanti-aparati\/\" alt=\"ba\u011flant\u0131 aparat\u0131\"  class=\"product_tag-baglanti-aparati\">ba\u011flant\u0131 aparat\u0131<\/a> <a href=\"https:\/\/hidroponikbahce.net\/en\/product-tag\/baglanti-elemani\/\" alt=\"ba\u011flant\u0131 eleman\u0131\"  class=\"product_tag-baglanti-elemani\">ba\u011flant\u0131 eleman\u0131<\/a> <a href=\"https:\/\/hidroponikbahce.net\/en\/product-tag\/hidroponik-boru\/\" alt=\"hidroponik boru\"  class=\"product_tag-hidroponik-boru\">hidroponik boru<\/a> <a href=\"https:\/\/hidroponikbahce.net\/en\/product-tag\/hidroponik-kanal\/\" alt=\"hidroponik kanal\"  class=\"product_tag-hidroponik-kanal\">hidroponik kanal<\/a> <a href=\"https:\/\/hidroponikbahce.net\/en\/product-tag\/hidroponik-set\/\" alt=\"hidroponik set\"  class=\"product_tag-hidroponik-set\">hidroponik set<\/a> <a href=\"https:\/\/hidroponikbahce.net\/en\/product-tag\/ince-su-hortumu\/\" alt=\"ince su hortumu\"  class=\"product_tag-ince-su-hortumu\">ince su hortumu<\/a> <a href=\"https:\/\/hidroponikbahce.net\/en\/product-tag\/spagetti\/\" alt=\"spagetti\"  class=\"product_tag-spagetti\">spagetti<\/a> <a href=\"https:\/\/hidroponikbahce.net\/en\/product-tag\/su-borusu\/\" alt=\"su borusu\"  class=\"product_tag-su-borusu\">su borusu<\/a> "},"tpgb_product_data":{"price_html":"<span class=\"woocs_price_code\" data-currency=\"\" data-redraw-id=\"69e0f3fa18991\"  data-product-id=\"2072\"><span class=\"sale-price\"><del aria-hidden=\"true\"><span class=\"woocommerce-Price-amount amount\"><bdi>0,12<span class=\"woocommerce-Price-currencySymbol\">&#36;<\/span><\/bdi><\/span><\/del> <span class=\"screen-reader-text\">Original price was: 0,12&#036;.<\/span><ins aria-hidden=\"true\"><span class=\"woocommerce-Price-amount amount\"><bdi>0,11<span class=\"woocommerce-Price-currencySymbol\">&#36;<\/span><\/bdi><\/span><\/ins><span class=\"screen-reader-text\">Current price is: 0,11&#036;.<\/span><\/span><\/span>","type":"simple","gallery":["https:\/\/i0.wp.com\/hidroponikbahce.net\/wp-content\/uploads\/2022\/12\/Cilek-16.jpeg?fit=768%2C1024&ssl=1",768,1024,false],"category":"Genel","procatslug":"genel","productBadge":"<span class=\"onsale\" data-shape=\"type-2\" >SATI\u015eTA!<\/span>"},"jetpack-related-posts":[],"jetpack_sharing_enabled":true,"_links":{"self":[{"href":"https:\/\/hidroponikbahce.net\/en\/wp-json\/wp\/v2\/product\/2072","targetHints":{"allow":["GET"]}}],"collection":[{"href":"https:\/\/hidroponikbahce.net\/en\/wp-json\/wp\/v2\/product"}],"about":[{"href":"https:\/\/hidroponikbahce.net\/en\/wp-json\/wp\/v2\/types\/product"}],"replies":[{"embeddable":true,"href":"https:\/\/hidroponikbahce.net\/en\/wp-json\/wp\/v2\/comments?post=2072"}],"wp:featuredmedia":[{"embeddable":true,"href":"https:\/\/hidroponikbahce.net\/en\/wp-json\/wp\/v2\/media\/2073"}],"wp:attachment":[{"href":"https:\/\/hidroponikbahce.net\/en\/wp-json\/wp\/v2\/media?parent=2072"}],"wp:term":[{"taxonomy":"product_brand","embeddable":true,"href":"https:\/\/hidroponikbahce.net\/en\/wp-json\/wp\/v2\/product_brand?post=2072"},{"taxonomy":"product_cat","embeddable":true,"href":"https:\/\/hidroponikbahce.net\/en\/wp-json\/wp\/v2\/product_cat?post=2072"},{"taxonomy":"product_tag","embeddable":true,"href":"https:\/\/hidroponikbahce.net\/en\/wp-json\/wp\/v2\/product_tag?post=2072"}],"curies":[{"name":"wp","href":"https:\/\/api.w.org\/{rel}","templated":true}]}}