{"id":2069,"date":"2022-12-14T17:00:14","date_gmt":"2022-12-14T14:00:14","guid":{"rendered":"https:\/\/hidroponikbahce.com\/?post_type=product&#038;p=2069"},"modified":"2022-12-25T11:47:05","modified_gmt":"2022-12-25T08:47:05","slug":"sirkulasyon-fani-40-cm","status":"publish","type":"product","link":"https:\/\/hidroponikbahce.net\/en\/market\/sirkulasyon-fani-40-cm\/","title":{"rendered":"Sirk\u00fclasyon Fan\u0131 \u2013 40 cm 7500 m3\/sa"},"content":{"rendered":"<p>Sirk\u00fclasyon fan\u0131, sera veya kapal\u0131 alan\u00a0tar\u0131mda ortam\u0131n havas\u0131n\u0131 sirk\u00fcle etmek i\u00e7in kullan\u0131lan fand\u0131r. Bu fan sayesinde ortam\u0131n dura\u011fan havas\u0131 sirk\u00fcle edilir ve bitkiler i\u00e7in hava ortam\u0131n\u0131n iyile\u015fmesi y\u00f6n\u00fcnde bir i\u015flem yap\u0131lm\u0131\u015f olur.<\/p>\n<p>1400 d\/dk<\/p>\n<p>Debisi: 7500 m3\/sa<\/p>\n<p>G\u00fc\u00e7: 0,25kW<\/p>","protected":false},"excerpt":{"rendered":"<p>Kapal\u0131 alan tar\u0131mda ortam\u0131n havas\u0131n\u0131 sirk\u00fcle etmek i\u00e7in kullan\u0131lan fand\u0131r. Bu fan sayesinde ortam\u0131n dura\u011fan havas\u0131 sirk\u00fcle edilir ve bitkiler i\u00e7in hava ortam\u0131n\u0131n iyile\u015fmesi y\u00f6n\u00fcnde bir i\u015flem yap\u0131lm\u0131\u015f olur.<\/p>\n<p>1400 d\/dk<\/p>\n<p>Debisi: 7500 m3\/sa<\/p>\n<p>G\u00fc\u00e7: 0,25kW<\/p>","protected":false},"featured_media":2070,"comment_status":"open","ping_status":"closed","template":"","meta":{"tpgb_global_settings":"","_vp_format_video_url":"","_vp_image_focal_point":[]},"product_brand":[],"product_cat":[22,241],"product_tag":[135,132,130,133,131,134],"class_list":{"0":"post-2069","1":"product","2":"type-product","3":"status-publish","4":"has-post-thumbnail","6":"product_cat-genel","7":"product_cat-havalandirma","8":"product_tag-hava-kalitesi","9":"product_tag-ic-hava-fani","10":"product_tag-sera-fani","11":"product_tag-sirkulasyon","12":"product_tag-sirkulasyon-fani","13":"product_tag-yavas-fan","15":"first","16":"instock","17":"sale","18":"taxable","19":"shipping-taxable","20":"purchasable","21":"product-type-simple"},"yoast_head":"<!-- This site is optimized with the Yoast SEO plugin v27.4 - https:\/\/yoast.com\/product\/yoast-seo-wordpress\/ -->\n<title>Sirk\u00fclasyon Fan\u0131 \u2013 40 cm 7500 m3\/sa - Hidroponik Bah\u00e7e<\/title>\n<meta name=\"description\" content=\"Sirk\u00fclasyon fan\u0131, sera veya kapal\u0131 alan tar\u0131mda ortam\u0131n havas\u0131n\u0131 sirk\u00fcle etmek i\u00e7in kullan\u0131l\u0131r. Bu fan sayesinde ortam\u0131n dura\u011fan havas\u0131 sirk\u00fcle edilir\" \/>\n<meta name=\"robots\" content=\"index, follow, max-snippet:-1, max-image-preview:large, max-video-preview:-1\" \/>\n<link rel=\"canonical\" href=\"https:\/\/hidroponikbahce.com\/market\/sirkulasyon-fani-40-cm\/\" \/>\n<meta property=\"og:locale\" content=\"en_US\" \/>\n<meta property=\"og:type\" content=\"article\" \/>\n<meta property=\"og:title\" content=\"Sirk\u00fclasyon Fan\u0131 \u2013 40 cm 7500 m3\/sa - Hidroponik Bah\u00e7e\" \/>\n<meta property=\"og:description\" content=\"Sirk\u00fclasyon fan\u0131, sera veya kapal\u0131 alan tar\u0131mda ortam\u0131n havas\u0131n\u0131 sirk\u00fcle etmek i\u00e7in kullan\u0131l\u0131r. Bu fan sayesinde ortam\u0131n dura\u011fan havas\u0131 sirk\u00fcle edilir\" \/>\n<meta property=\"og:url\" content=\"https:\/\/hidroponikbahce.com\/market\/sirkulasyon-fani-40-cm\/\" \/>\n<meta property=\"og:site_name\" content=\"Hidroponik Bah\u00e7e\" \/>\n<meta property=\"article:publisher\" content=\"https:\/\/www.facebook.com\/hydroponic.farm.5\" \/>\n<meta property=\"article:modified_time\" content=\"2022-12-25T08:47:05+00:00\" \/>\n<meta property=\"og:image\" content=\"https:\/\/i0.wp.com\/hidroponikbahce.com\/wp-content\/uploads\/2022\/12\/Fan.jpg?fit=500%2C500&ssl=1\" \/>\n\t<meta property=\"og:image:width\" content=\"500\" \/>\n\t<meta property=\"og:image:height\" content=\"500\" \/>\n\t<meta property=\"og:image:type\" content=\"image\/jpeg\" \/>\n<meta name=\"twitter:card\" content=\"summary_large_image\" \/>\n<meta name=\"twitter:label1\" content=\"Est. reading time\" \/>\n\t<meta name=\"twitter:data1\" content=\"1 minute\" \/>\n<script type=\"application\/ld+json\" class=\"yoast-schema-graph\">{\"@context\":\"https:\\\/\\\/schema.org\",\"@graph\":[{\"@type\":\"WebPage\",\"@id\":\"https:\\\/\\\/hidroponikbahce.com\\\/market\\\/sirkulasyon-fani-40-cm\\\/\",\"url\":\"https:\\\/\\\/hidroponikbahce.com\\\/market\\\/sirkulasyon-fani-40-cm\\\/\",\"name\":\"Sirk\u00fclasyon Fan\u0131 \u2013 40 cm 7500 m3\\\/sa - Hidroponik Bah\u00e7e\",\"isPartOf\":{\"@id\":\"https:\\\/\\\/hidroponikbahce.com\\\/#website\"},\"primaryImageOfPage\":{\"@id\":\"https:\\\/\\\/hidroponikbahce.com\\\/market\\\/sirkulasyon-fani-40-cm\\\/#primaryimage\"},\"image\":{\"@id\":\"https:\\\/\\\/hidroponikbahce.com\\\/market\\\/sirkulasyon-fani-40-cm\\\/#primaryimage\"},\"thumbnailUrl\":\"https:\\\/\\\/i0.wp.com\\\/hidroponikbahce.net\\\/wp-content\\\/uploads\\\/2022\\\/12\\\/Fan.jpg?fit=500%2C500&ssl=1\",\"datePublished\":\"2022-12-14T14:00:14+00:00\",\"dateModified\":\"2022-12-25T08:47:05+00:00\",\"description\":\"Sirk\u00fclasyon fan\u0131, sera veya kapal\u0131 alan tar\u0131mda ortam\u0131n havas\u0131n\u0131 sirk\u00fcle etmek i\u00e7in kullan\u0131l\u0131r. Bu fan sayesinde ortam\u0131n dura\u011fan havas\u0131 sirk\u00fcle edilir\",\"breadcrumb\":{\"@id\":\"https:\\\/\\\/hidroponikbahce.com\\\/market\\\/sirkulasyon-fani-40-cm\\\/#breadcrumb\"},\"inLanguage\":\"en-US\",\"potentialAction\":[{\"@type\":\"ReadAction\",\"target\":[\"https:\\\/\\\/hidroponikbahce.com\\\/market\\\/sirkulasyon-fani-40-cm\\\/\"]}]},{\"@type\":\"ImageObject\",\"inLanguage\":\"en-US\",\"@id\":\"https:\\\/\\\/hidroponikbahce.com\\\/market\\\/sirkulasyon-fani-40-cm\\\/#primaryimage\",\"url\":\"https:\\\/\\\/i0.wp.com\\\/hidroponikbahce.net\\\/wp-content\\\/uploads\\\/2022\\\/12\\\/Fan.jpg?fit=500%2C500&ssl=1\",\"contentUrl\":\"https:\\\/\\\/i0.wp.com\\\/hidroponikbahce.net\\\/wp-content\\\/uploads\\\/2022\\\/12\\\/Fan.jpg?fit=500%2C500&ssl=1\",\"width\":500,\"height\":500,\"caption\":\"sera fan\u0131, sirk\u00fclasyon fan\u0131, i\u00e7 havaland\u0131rma fan\u0131\"},{\"@type\":\"BreadcrumbList\",\"@id\":\"https:\\\/\\\/hidroponikbahce.com\\\/market\\\/sirkulasyon-fani-40-cm\\\/#breadcrumb\",\"itemListElement\":[{\"@type\":\"ListItem\",\"position\":1,\"name\":\"Anasayfa\",\"item\":\"https:\\\/\\\/hidroponikbahce.net\\\/\"},{\"@type\":\"ListItem\",\"position\":2,\"name\":\"Market\",\"item\":\"https:\\\/\\\/hidroponikbahce.com\\\/market\\\/\"},{\"@type\":\"ListItem\",\"position\":3,\"name\":\"Sirk\u00fclasyon Fan\u0131 \u2013 40 cm 7500 m3\\\/sa\"}]},{\"@type\":\"WebSite\",\"@id\":\"https:\\\/\\\/hidroponikbahce.com\\\/#website\",\"url\":\"https:\\\/\\\/hidroponikbahce.com\\\/\",\"name\":\"Hidroponik Bah\u00e7e\",\"description\":\"Topraks\u0131z Tar\u0131m Sistemleri\",\"publisher\":{\"@id\":\"https:\\\/\\\/hidroponikbahce.com\\\/#organization\"},\"potentialAction\":[{\"@type\":\"SearchAction\",\"target\":{\"@type\":\"EntryPoint\",\"urlTemplate\":\"https:\\\/\\\/hidroponikbahce.com\\\/?s={search_term_string}\"},\"query-input\":{\"@type\":\"PropertyValueSpecification\",\"valueRequired\":true,\"valueName\":\"search_term_string\"}}],\"inLanguage\":\"en-US\"},{\"@type\":\"Organization\",\"@id\":\"https:\\\/\\\/hidroponikbahce.com\\\/#organization\",\"name\":\"Hidroponik Bah\u00e7e\",\"url\":\"https:\\\/\\\/hidroponikbahce.com\\\/\",\"logo\":{\"@type\":\"ImageObject\",\"inLanguage\":\"en-US\",\"@id\":\"https:\\\/\\\/hidroponikbahce.com\\\/#\\\/schema\\\/logo\\\/image\\\/\",\"url\":\"https:\\\/\\\/i0.wp.com\\\/hidroponikbahce.net\\\/wp-content\\\/uploads\\\/2022\\\/12\\\/Logo-Hidroponik-Bahce.png?fit=2000%2C350&ssl=1\",\"contentUrl\":\"https:\\\/\\\/i0.wp.com\\\/hidroponikbahce.net\\\/wp-content\\\/uploads\\\/2022\\\/12\\\/Logo-Hidroponik-Bahce.png?fit=2000%2C350&ssl=1\",\"width\":2000,\"height\":350,\"caption\":\"Hidroponik Bah\u00e7e\"},\"image\":{\"@id\":\"https:\\\/\\\/hidroponikbahce.com\\\/#\\\/schema\\\/logo\\\/image\\\/\"},\"sameAs\":[\"https:\\\/\\\/www.facebook.com\\\/hydroponic.farm.5\",\"https:\\\/\\\/www.instagram.com\\\/hydroponic_market\\\/\",\"https:\\\/\\\/tr-tr.facebook.com\\\/groups\\\/205584269848909\\\/?mibextid=6NoCDW\",\"https:\\\/\\\/www.linkedin.com\\\/in\\\/hydroponic-farm-farmer-academy-249b3b196\",\"https:\\\/\\\/www.youtube.com\\\/channel\\\/UCkiZ8fuHlNtao_MkEQRhN-A\"]}]}<\/script>\n<!-- \/ Yoast SEO plugin. -->","yoast_head_json":{"title":"Sirk\u00fclasyon Fan\u0131 \u2013 40 cm 7500 m3\/sa - Hidroponik Bah\u00e7e","description":"Sirk\u00fclasyon fan\u0131, sera veya kapal\u0131 alan tar\u0131mda ortam\u0131n havas\u0131n\u0131 sirk\u00fcle etmek i\u00e7in kullan\u0131l\u0131r. Bu fan sayesinde ortam\u0131n dura\u011fan havas\u0131 sirk\u00fcle edilir","robots":{"index":"index","follow":"follow","max-snippet":"max-snippet:-1","max-image-preview":"max-image-preview:large","max-video-preview":"max-video-preview:-1"},"canonical":"https:\/\/hidroponikbahce.com\/market\/sirkulasyon-fani-40-cm\/","og_locale":"en_US","og_type":"article","og_title":"Sirk\u00fclasyon Fan\u0131 \u2013 40 cm 7500 m3\/sa - Hidroponik Bah\u00e7e","og_description":"Sirk\u00fclasyon fan\u0131, sera veya kapal\u0131 alan tar\u0131mda ortam\u0131n havas\u0131n\u0131 sirk\u00fcle etmek i\u00e7in kullan\u0131l\u0131r. Bu fan sayesinde ortam\u0131n dura\u011fan havas\u0131 sirk\u00fcle edilir","og_url":"https:\/\/hidroponikbahce.com\/market\/sirkulasyon-fani-40-cm\/","og_site_name":"Hidroponik Bah\u00e7e","article_publisher":"https:\/\/www.facebook.com\/hydroponic.farm.5","article_modified_time":"2022-12-25T08:47:05+00:00","og_image":[{"width":500,"height":500,"url":"https:\/\/i0.wp.com\/hidroponikbahce.com\/wp-content\/uploads\/2022\/12\/Fan.jpg?fit=500%2C500&ssl=1","type":"image\/jpeg"}],"twitter_card":"summary_large_image","twitter_misc":{"Est. reading time":"1 minute"},"schema":{"@context":"https:\/\/schema.org","@graph":[{"@type":"WebPage","@id":"https:\/\/hidroponikbahce.com\/market\/sirkulasyon-fani-40-cm\/","url":"https:\/\/hidroponikbahce.com\/market\/sirkulasyon-fani-40-cm\/","name":"Sirk\u00fclasyon Fan\u0131 \u2013 40 cm 7500 m3\/sa - Hidroponik Bah\u00e7e","isPartOf":{"@id":"https:\/\/hidroponikbahce.com\/#website"},"primaryImageOfPage":{"@id":"https:\/\/hidroponikbahce.com\/market\/sirkulasyon-fani-40-cm\/#primaryimage"},"image":{"@id":"https:\/\/hidroponikbahce.com\/market\/sirkulasyon-fani-40-cm\/#primaryimage"},"thumbnailUrl":"https:\/\/i0.wp.com\/hidroponikbahce.net\/wp-content\/uploads\/2022\/12\/Fan.jpg?fit=500%2C500&ssl=1","datePublished":"2022-12-14T14:00:14+00:00","dateModified":"2022-12-25T08:47:05+00:00","description":"Sirk\u00fclasyon fan\u0131, sera veya kapal\u0131 alan tar\u0131mda ortam\u0131n havas\u0131n\u0131 sirk\u00fcle etmek i\u00e7in kullan\u0131l\u0131r. Bu fan sayesinde ortam\u0131n dura\u011fan havas\u0131 sirk\u00fcle edilir","breadcrumb":{"@id":"https:\/\/hidroponikbahce.com\/market\/sirkulasyon-fani-40-cm\/#breadcrumb"},"inLanguage":"en-US","potentialAction":[{"@type":"ReadAction","target":["https:\/\/hidroponikbahce.com\/market\/sirkulasyon-fani-40-cm\/"]}]},{"@type":"ImageObject","inLanguage":"en-US","@id":"https:\/\/hidroponikbahce.com\/market\/sirkulasyon-fani-40-cm\/#primaryimage","url":"https:\/\/i0.wp.com\/hidroponikbahce.net\/wp-content\/uploads\/2022\/12\/Fan.jpg?fit=500%2C500&ssl=1","contentUrl":"https:\/\/i0.wp.com\/hidroponikbahce.net\/wp-content\/uploads\/2022\/12\/Fan.jpg?fit=500%2C500&ssl=1","width":500,"height":500,"caption":"sera fan\u0131, sirk\u00fclasyon fan\u0131, i\u00e7 havaland\u0131rma fan\u0131"},{"@type":"BreadcrumbList","@id":"https:\/\/hidroponikbahce.com\/market\/sirkulasyon-fani-40-cm\/#breadcrumb","itemListElement":[{"@type":"ListItem","position":1,"name":"Anasayfa","item":"https:\/\/hidroponikbahce.net\/"},{"@type":"ListItem","position":2,"name":"Market","item":"https:\/\/hidroponikbahce.com\/market\/"},{"@type":"ListItem","position":3,"name":"Sirk\u00fclasyon Fan\u0131 \u2013 40 cm 7500 m3\/sa"}]},{"@type":"WebSite","@id":"https:\/\/hidroponikbahce.com\/#website","url":"https:\/\/hidroponikbahce.com\/","name":"Hidroponik Bah\u00e7e","description":"Soilless Agricultural Systems","publisher":{"@id":"https:\/\/hidroponikbahce.com\/#organization"},"potentialAction":[{"@type":"SearchAction","target":{"@type":"EntryPoint","urlTemplate":"https:\/\/hidroponikbahce.com\/?s={search_term_string}"},"query-input":{"@type":"PropertyValueSpecification","valueRequired":true,"valueName":"search_term_string"}}],"inLanguage":"en-US"},{"@type":"Organization","@id":"https:\/\/hidroponikbahce.com\/#organization","name":"Hidroponik Bah\u00e7e","url":"https:\/\/hidroponikbahce.com\/","logo":{"@type":"ImageObject","inLanguage":"en-US","@id":"https:\/\/hidroponikbahce.com\/#\/schema\/logo\/image\/","url":"https:\/\/i0.wp.com\/hidroponikbahce.net\/wp-content\/uploads\/2022\/12\/Logo-Hidroponik-Bahce.png?fit=2000%2C350&ssl=1","contentUrl":"https:\/\/i0.wp.com\/hidroponikbahce.net\/wp-content\/uploads\/2022\/12\/Logo-Hidroponik-Bahce.png?fit=2000%2C350&ssl=1","width":2000,"height":350,"caption":"Hidroponik Bah\u00e7e"},"image":{"@id":"https:\/\/hidroponikbahce.com\/#\/schema\/logo\/image\/"},"sameAs":["https:\/\/www.facebook.com\/hydroponic.farm.5","https:\/\/www.instagram.com\/hydroponic_market\/","https:\/\/tr-tr.facebook.com\/groups\/205584269848909\/?mibextid=6NoCDW","https:\/\/www.linkedin.com\/in\/hydroponic-farm-farmer-academy-249b3b196","https:\/\/www.youtube.com\/channel\/UCkiZ8fuHlNtao_MkEQRhN-A"]}]}},"tpgb_featured_images":{"full":["https:\/\/i0.wp.com\/hidroponikbahce.net\/wp-content\/uploads\/2022\/12\/Fan.jpg?fit=500%2C500&ssl=1",500,500,false],"tp-image-grid":["https:\/\/i0.wp.com\/hidroponikbahce.net\/wp-content\/uploads\/2022\/12\/Fan.jpg?resize=500%2C500&ssl=1",700,700,true],"thumbnail":["https:\/\/i0.wp.com\/hidroponikbahce.net\/wp-content\/uploads\/2022\/12\/Fan.jpg?resize=150%2C150&ssl=1",150,150,true],"medium":["https:\/\/i0.wp.com\/hidroponikbahce.net\/wp-content\/uploads\/2022\/12\/Fan.jpg?fit=300%2C300&ssl=1",300,300,true],"medium_large":["https:\/\/i0.wp.com\/hidroponikbahce.net\/wp-content\/uploads\/2022\/12\/Fan.jpg?fit=500%2C500&ssl=1",500,500,true],"large":["https:\/\/i0.wp.com\/hidroponikbahce.net\/wp-content\/uploads\/2022\/12\/Fan.jpg?fit=500%2C500&ssl=1",500,500,true],"default":"https:\/\/hidroponikbahce.net\/wp-content\/plugins\/the-plus-addons-for-block-editor\/assets\/images\/tpgb-placeholder.jpg"},"tpgb_post_meta_info":{"get_date":"December 14, 2022","get_modified_date":"December 25, 2022","category_list":{"product_brand":false,"product_cat":[{"term_id":22,"name":"Genel","slug":"genel","term_group":0,"term_taxonomy_id":22,"taxonomy":"product_cat","description":"Topraks\u0131z tar\u0131m ekipmanlar\u0131, toprak kullan\u0131m\u0131n\u0131 azaltarak verimlili\u011fi artt\u0131ran tar\u0131m makineleri ve ara\u00e7lar\u0131d\u0131r. Bu ekipmanlar topraks\u0131z tar\u0131m tekniklerini uygulamak i\u00e7in tasarland\u0131 ve genellikle topraks\u0131z tar\u0131m y\u00f6ntemlerinin uyguland\u0131\u011f\u0131 yerlerde kullan\u0131l\u0131r.","parent":0,"count":14,"filter":"raw"},{"term_id":241,"name":"Havaland\u0131rma","slug":"havalandirma","term_group":0,"term_taxonomy_id":241,"taxonomy":"product_cat","description":"Sera, kapal\u0131 alan vb tar\u0131m sistemlerinde ihtiya\u00e7 duyulan havaland\u0131rma sistemlerini i\u00e7eren kategoridir.","parent":0,"count":1,"filter":"raw"}],"product_tag":[{"term_id":135,"name":"hava kalitesi","slug":"hava-kalitesi","term_group":0,"term_taxonomy_id":135,"taxonomy":"product_tag","description":"","parent":0,"count":1,"filter":"raw"},{"term_id":132,"name":"i\u00e7 hava fan\u0131","slug":"ic-hava-fani","term_group":0,"term_taxonomy_id":132,"taxonomy":"product_tag","description":"","parent":0,"count":1,"filter":"raw"},{"term_id":130,"name":"sera fan\u0131","slug":"sera-fani","term_group":0,"term_taxonomy_id":130,"taxonomy":"product_tag","description":"","parent":0,"count":1,"filter":"raw"},{"term_id":133,"name":"sirk\u00fclasyon","slug":"sirkulasyon","term_group":0,"term_taxonomy_id":133,"taxonomy":"product_tag","description":"","parent":0,"count":1,"filter":"raw"},{"term_id":131,"name":"sirk\u00fclasyon fan\u0131","slug":"sirkulasyon-fani","term_group":0,"term_taxonomy_id":131,"taxonomy":"product_tag","description":"","parent":0,"count":1,"filter":"raw"},{"term_id":134,"name":"yava\u015f fan","slug":"yavas-fan","term_group":0,"term_taxonomy_id":134,"taxonomy":"product_tag","description":"","parent":0,"count":1,"filter":"raw"}]},"comment_count":0,"post_likes":0,"post_views":0},"tpgb_post_category":{"product_cat":"<a href=\"https:\/\/hidroponikbahce.net\/en\/product-category\/genel\/\" alt=\"Genel\"  class=\"product_cat-genel\">Genel<\/a> <a href=\"https:\/\/hidroponikbahce.net\/en\/product-category\/havalandirma\/\" alt=\"Havaland\u0131rma\"  class=\"product_cat-havalandirma\">Havaland\u0131rma<\/a> ","product_tag":"<a href=\"https:\/\/hidroponikbahce.net\/en\/product-tag\/hava-kalitesi\/\" alt=\"hava kalitesi\"  class=\"product_tag-hava-kalitesi\">hava kalitesi<\/a> <a href=\"https:\/\/hidroponikbahce.net\/en\/product-tag\/ic-hava-fani\/\" alt=\"i\u00e7 hava fan\u0131\"  class=\"product_tag-ic-hava-fani\">i\u00e7 hava fan\u0131<\/a> <a href=\"https:\/\/hidroponikbahce.net\/en\/product-tag\/sera-fani\/\" alt=\"sera fan\u0131\"  class=\"product_tag-sera-fani\">sera fan\u0131<\/a> <a href=\"https:\/\/hidroponikbahce.net\/en\/product-tag\/sirkulasyon\/\" alt=\"sirk\u00fclasyon\"  class=\"product_tag-sirkulasyon\">sirk\u00fclasyon<\/a> <a href=\"https:\/\/hidroponikbahce.net\/en\/product-tag\/sirkulasyon-fani\/\" alt=\"sirk\u00fclasyon fan\u0131\"  class=\"product_tag-sirkulasyon-fani\">sirk\u00fclasyon fan\u0131<\/a> <a href=\"https:\/\/hidroponikbahce.net\/en\/product-tag\/yavas-fan\/\" alt=\"yava\u015f fan\"  class=\"product_tag-yavas-fan\">yava\u015f fan<\/a> "},"tpgb_product_data":{"price_html":"<span class=\"woocs_price_code\" data-currency=\"\" data-redraw-id=\"69e0f5ceb339b\"  data-product-id=\"2069\"><span class=\"sale-price\"><del aria-hidden=\"true\"><span class=\"woocommerce-Price-amount amount\"><bdi>190,00<span class=\"woocommerce-Price-currencySymbol\">&#36;<\/span><\/bdi><\/span><\/del> <span class=\"screen-reader-text\">Original price was: 190,00&#036;.<\/span><ins aria-hidden=\"true\"><span class=\"woocommerce-Price-amount amount\"><bdi>182,00<span class=\"woocommerce-Price-currencySymbol\">&#36;<\/span><\/bdi><\/span><\/ins><span class=\"screen-reader-text\">Current price is: 182,00&#036;.<\/span><\/span><\/span>","type":"simple","gallery":["https:\/\/i0.wp.com\/hidroponikbahce.net\/wp-content\/uploads\/2022\/12\/6-Sirkulasyon-Fani-scaled.jpg?fit=1440%2C2560&ssl=1",1440,2560,false],"category":"Genel","procatslug":"genel","productBadge":"<span class=\"onsale\" data-shape=\"type-2\" >SATI\u015eTA!<\/span>"},"jetpack-related-posts":[],"jetpack_sharing_enabled":true,"_links":{"self":[{"href":"https:\/\/hidroponikbahce.net\/en\/wp-json\/wp\/v2\/product\/2069","targetHints":{"allow":["GET"]}}],"collection":[{"href":"https:\/\/hidroponikbahce.net\/en\/wp-json\/wp\/v2\/product"}],"about":[{"href":"https:\/\/hidroponikbahce.net\/en\/wp-json\/wp\/v2\/types\/product"}],"replies":[{"embeddable":true,"href":"https:\/\/hidroponikbahce.net\/en\/wp-json\/wp\/v2\/comments?post=2069"}],"wp:featuredmedia":[{"embeddable":true,"href":"https:\/\/hidroponikbahce.net\/en\/wp-json\/wp\/v2\/media\/2070"}],"wp:attachment":[{"href":"https:\/\/hidroponikbahce.net\/en\/wp-json\/wp\/v2\/media?parent=2069"}],"wp:term":[{"taxonomy":"product_brand","embeddable":true,"href":"https:\/\/hidroponikbahce.net\/en\/wp-json\/wp\/v2\/product_brand?post=2069"},{"taxonomy":"product_cat","embeddable":true,"href":"https:\/\/hidroponikbahce.net\/en\/wp-json\/wp\/v2\/product_cat?post=2069"},{"taxonomy":"product_tag","embeddable":true,"href":"https:\/\/hidroponikbahce.net\/en\/wp-json\/wp\/v2\/product_tag?post=2069"}],"curies":[{"name":"wp","href":"https:\/\/api.w.org\/{rel}","templated":true}]}}