{"id":2066,"date":"2022-12-14T16:55:42","date_gmt":"2022-12-14T13:55:42","guid":{"rendered":"https:\/\/hidroponikbahce.com\/?post_type=product&#038;p=2066"},"modified":"2023-03-09T11:16:52","modified_gmt":"2023-03-09T08:16:52","slug":"silindir-kayayunu","status":"publish","type":"product","link":"https:\/\/hidroponikbahce.net\/en\/market\/silindir-kayayunu\/","title":{"rendered":"Silindir Kayay\u00fcn\u00fc"},"content":{"rendered":"<p>Topraks\u0131z tar\u0131m sistemlerinde kullan\u0131lmak \u00fczere \u00fcretilmi\u015ftir. Silindir \u015feklinde oldu\u011fu i\u00e7in viyollerde, hidroponik kanallar\u0131nda, topraks\u0131z tar\u0131m file saks\u0131lar\u0131nda rahat\u00e7a kullan\u0131labilir.<\/p>","protected":false},"excerpt":{"rendered":"<p>Topraks\u0131z tar\u0131m sistemlerinde kullan\u0131lmak \u00fczere \u00fcretilmi\u015ftir. Silindir \u015feklinde oldu\u011fu i\u00e7in viyollerde, hidroponik kanallar\u0131nda, topraks\u0131z tar\u0131m file saks\u0131lar\u0131nda rahat\u00e7a kullan\u0131labilir.<\/p>","protected":false},"featured_media":2067,"comment_status":"open","ping_status":"closed","template":"","meta":{"tpgb_global_settings":"","_vp_format_video_url":"","_vp_image_focal_point":[]},"product_brand":[],"product_cat":[22,242],"product_tag":[125,129,127,102,123,122,126,128,124],"class_list":{"0":"post-2066","1":"product","2":"type-product","3":"status-publish","4":"has-post-thumbnail","6":"product_cat-genel","7":"product_cat-yetistirme-ortami","8":"product_tag-bardak-kayayunu","9":"product_tag-fide","10":"product_tag-kayayunu-tohum","11":"product_tag-marul","12":"product_tag-parca-kayayunu","13":"product_tag-silindir-kayayunu","14":"product_tag-silindir-tasyunu","15":"product_tag-tohum","16":"product_tag-ufak-kayayunu","18":"first","19":"instock","20":"sale","21":"taxable","22":"shipping-taxable","23":"purchasable","24":"product-type-simple"},"yoast_head":"<!-- This site is optimized with the Yoast SEO plugin v27.4 - https:\/\/yoast.com\/product\/yoast-seo-wordpress\/ -->\n<title>Silindir Kayay\u00fcn\u00fc - Hidroponik Bah\u00e7e<\/title>\n<meta name=\"description\" content=\"Topraks\u0131z tar\u0131m sistemlerinde kullan\u0131lmak \u00fczere \u00fcretilmi\u015f silindir \u015feklinde oldu\u011fu i\u00e7in viyollerde hidroponik kanallarda, topraks\u0131z tar\u0131m file saks\u0131lar\u0131nda\" \/>\n<meta name=\"robots\" content=\"index, follow, max-snippet:-1, max-image-preview:large, max-video-preview:-1\" \/>\n<link rel=\"canonical\" href=\"https:\/\/hidroponikbahce.com\/market\/silindir-kayayunu\/\" \/>\n<meta property=\"og:locale\" content=\"en_US\" \/>\n<meta property=\"og:type\" content=\"article\" \/>\n<meta property=\"og:title\" content=\"Silindir Kayay\u00fcn\u00fc - Hidroponik Bah\u00e7e\" \/>\n<meta property=\"og:description\" content=\"Topraks\u0131z tar\u0131m sistemlerinde kullan\u0131lmak \u00fczere \u00fcretilmi\u015f silindir \u015feklinde oldu\u011fu i\u00e7in viyollerde hidroponik kanallarda, topraks\u0131z tar\u0131m file saks\u0131lar\u0131nda\" \/>\n<meta property=\"og:url\" content=\"https:\/\/hidroponikbahce.com\/market\/silindir-kayayunu\/\" \/>\n<meta property=\"og:site_name\" content=\"Hidroponik Bah\u00e7e\" \/>\n<meta property=\"article:publisher\" content=\"https:\/\/www.facebook.com\/hydroponic.farm.5\" \/>\n<meta property=\"article:modified_time\" content=\"2023-03-09T08:16:52+00:00\" \/>\n<meta property=\"og:image\" content=\"https:\/\/i0.wp.com\/hidroponikbahce.com\/wp-content\/uploads\/2022\/12\/Kayayunu.jpeg?fit=1416%2C1062&ssl=1\" \/>\n\t<meta property=\"og:image:width\" content=\"1416\" \/>\n\t<meta property=\"og:image:height\" content=\"1062\" \/>\n\t<meta property=\"og:image:type\" content=\"image\/jpeg\" \/>\n<meta name=\"twitter:card\" content=\"summary_large_image\" \/>\n<meta name=\"twitter:label1\" content=\"Est. reading time\" \/>\n\t<meta name=\"twitter:data1\" content=\"1 minute\" \/>\n<script type=\"application\/ld+json\" class=\"yoast-schema-graph\">{\"@context\":\"https:\\\/\\\/schema.org\",\"@graph\":[{\"@type\":\"WebPage\",\"@id\":\"https:\\\/\\\/hidroponikbahce.com\\\/market\\\/silindir-kayayunu\\\/\",\"url\":\"https:\\\/\\\/hidroponikbahce.com\\\/market\\\/silindir-kayayunu\\\/\",\"name\":\"Silindir Kayay\u00fcn\u00fc - Hidroponik Bah\u00e7e\",\"isPartOf\":{\"@id\":\"https:\\\/\\\/hidroponikbahce.com\\\/#website\"},\"primaryImageOfPage\":{\"@id\":\"https:\\\/\\\/hidroponikbahce.com\\\/market\\\/silindir-kayayunu\\\/#primaryimage\"},\"image\":{\"@id\":\"https:\\\/\\\/hidroponikbahce.com\\\/market\\\/silindir-kayayunu\\\/#primaryimage\"},\"thumbnailUrl\":\"https:\\\/\\\/i0.wp.com\\\/hidroponikbahce.net\\\/wp-content\\\/uploads\\\/2022\\\/12\\\/Kayayunu.jpeg?fit=1416%2C1062&ssl=1\",\"datePublished\":\"2022-12-14T13:55:42+00:00\",\"dateModified\":\"2023-03-09T08:16:52+00:00\",\"description\":\"Topraks\u0131z tar\u0131m sistemlerinde kullan\u0131lmak \u00fczere \u00fcretilmi\u015f silindir \u015feklinde oldu\u011fu i\u00e7in viyollerde hidroponik kanallarda, topraks\u0131z tar\u0131m file saks\u0131lar\u0131nda\",\"breadcrumb\":{\"@id\":\"https:\\\/\\\/hidroponikbahce.com\\\/market\\\/silindir-kayayunu\\\/#breadcrumb\"},\"inLanguage\":\"en-US\",\"potentialAction\":[{\"@type\":\"ReadAction\",\"target\":[\"https:\\\/\\\/hidroponikbahce.com\\\/market\\\/silindir-kayayunu\\\/\"]}]},{\"@type\":\"ImageObject\",\"inLanguage\":\"en-US\",\"@id\":\"https:\\\/\\\/hidroponikbahce.com\\\/market\\\/silindir-kayayunu\\\/#primaryimage\",\"url\":\"https:\\\/\\\/i0.wp.com\\\/hidroponikbahce.net\\\/wp-content\\\/uploads\\\/2022\\\/12\\\/Kayayunu.jpeg?fit=1416%2C1062&ssl=1\",\"contentUrl\":\"https:\\\/\\\/i0.wp.com\\\/hidroponikbahce.net\\\/wp-content\\\/uploads\\\/2022\\\/12\\\/Kayayunu.jpeg?fit=1416%2C1062&ssl=1\",\"width\":1416,\"height\":1062,\"caption\":\"silindir kayay\u00fcn\u00fc, par\u00e7a kayay\u00fcn\u00fc, minik kayay\u00fcn\u00fc, k\u00fc\u00e7\u00fck kayay\u00fcn\u00fc\"},{\"@type\":\"BreadcrumbList\",\"@id\":\"https:\\\/\\\/hidroponikbahce.com\\\/market\\\/silindir-kayayunu\\\/#breadcrumb\",\"itemListElement\":[{\"@type\":\"ListItem\",\"position\":1,\"name\":\"Anasayfa\",\"item\":\"https:\\\/\\\/hidroponikbahce.net\\\/\"},{\"@type\":\"ListItem\",\"position\":2,\"name\":\"Market\",\"item\":\"https:\\\/\\\/hidroponikbahce.com\\\/market\\\/\"},{\"@type\":\"ListItem\",\"position\":3,\"name\":\"Silindir Kayay\u00fcn\u00fc\"}]},{\"@type\":\"WebSite\",\"@id\":\"https:\\\/\\\/hidroponikbahce.com\\\/#website\",\"url\":\"https:\\\/\\\/hidroponikbahce.com\\\/\",\"name\":\"Hidroponik Bah\u00e7e\",\"description\":\"Topraks\u0131z Tar\u0131m Sistemleri\",\"publisher\":{\"@id\":\"https:\\\/\\\/hidroponikbahce.com\\\/#organization\"},\"potentialAction\":[{\"@type\":\"SearchAction\",\"target\":{\"@type\":\"EntryPoint\",\"urlTemplate\":\"https:\\\/\\\/hidroponikbahce.com\\\/?s={search_term_string}\"},\"query-input\":{\"@type\":\"PropertyValueSpecification\",\"valueRequired\":true,\"valueName\":\"search_term_string\"}}],\"inLanguage\":\"en-US\"},{\"@type\":\"Organization\",\"@id\":\"https:\\\/\\\/hidroponikbahce.com\\\/#organization\",\"name\":\"Hidroponik Bah\u00e7e\",\"url\":\"https:\\\/\\\/hidroponikbahce.com\\\/\",\"logo\":{\"@type\":\"ImageObject\",\"inLanguage\":\"en-US\",\"@id\":\"https:\\\/\\\/hidroponikbahce.com\\\/#\\\/schema\\\/logo\\\/image\\\/\",\"url\":\"https:\\\/\\\/i0.wp.com\\\/hidroponikbahce.net\\\/wp-content\\\/uploads\\\/2022\\\/12\\\/Logo-Hidroponik-Bahce.png?fit=2000%2C350&ssl=1\",\"contentUrl\":\"https:\\\/\\\/i0.wp.com\\\/hidroponikbahce.net\\\/wp-content\\\/uploads\\\/2022\\\/12\\\/Logo-Hidroponik-Bahce.png?fit=2000%2C350&ssl=1\",\"width\":2000,\"height\":350,\"caption\":\"Hidroponik Bah\u00e7e\"},\"image\":{\"@id\":\"https:\\\/\\\/hidroponikbahce.com\\\/#\\\/schema\\\/logo\\\/image\\\/\"},\"sameAs\":[\"https:\\\/\\\/www.facebook.com\\\/hydroponic.farm.5\",\"https:\\\/\\\/www.instagram.com\\\/hydroponic_market\\\/\",\"https:\\\/\\\/tr-tr.facebook.com\\\/groups\\\/205584269848909\\\/?mibextid=6NoCDW\",\"https:\\\/\\\/www.linkedin.com\\\/in\\\/hydroponic-farm-farmer-academy-249b3b196\",\"https:\\\/\\\/www.youtube.com\\\/channel\\\/UCkiZ8fuHlNtao_MkEQRhN-A\"]}]}<\/script>\n<!-- \/ Yoast SEO plugin. -->","yoast_head_json":{"title":"Silindir Kayay\u00fcn\u00fc - Hidroponik Bah\u00e7e","description":"Topraks\u0131z tar\u0131m sistemlerinde kullan\u0131lmak \u00fczere \u00fcretilmi\u015f silindir \u015feklinde oldu\u011fu i\u00e7in viyollerde hidroponik kanallarda, topraks\u0131z tar\u0131m file saks\u0131lar\u0131nda","robots":{"index":"index","follow":"follow","max-snippet":"max-snippet:-1","max-image-preview":"max-image-preview:large","max-video-preview":"max-video-preview:-1"},"canonical":"https:\/\/hidroponikbahce.com\/market\/silindir-kayayunu\/","og_locale":"en_US","og_type":"article","og_title":"Silindir Kayay\u00fcn\u00fc - Hidroponik Bah\u00e7e","og_description":"Topraks\u0131z tar\u0131m sistemlerinde kullan\u0131lmak \u00fczere \u00fcretilmi\u015f silindir \u015feklinde oldu\u011fu i\u00e7in viyollerde hidroponik kanallarda, topraks\u0131z tar\u0131m file saks\u0131lar\u0131nda","og_url":"https:\/\/hidroponikbahce.com\/market\/silindir-kayayunu\/","og_site_name":"Hidroponik Bah\u00e7e","article_publisher":"https:\/\/www.facebook.com\/hydroponic.farm.5","article_modified_time":"2023-03-09T08:16:52+00:00","og_image":[{"width":1416,"height":1062,"url":"https:\/\/i0.wp.com\/hidroponikbahce.com\/wp-content\/uploads\/2022\/12\/Kayayunu.jpeg?fit=1416%2C1062&ssl=1","type":"image\/jpeg"}],"twitter_card":"summary_large_image","twitter_misc":{"Est. reading time":"1 minute"},"schema":{"@context":"https:\/\/schema.org","@graph":[{"@type":"WebPage","@id":"https:\/\/hidroponikbahce.com\/market\/silindir-kayayunu\/","url":"https:\/\/hidroponikbahce.com\/market\/silindir-kayayunu\/","name":"Silindir Kayay\u00fcn\u00fc - Hidroponik Bah\u00e7e","isPartOf":{"@id":"https:\/\/hidroponikbahce.com\/#website"},"primaryImageOfPage":{"@id":"https:\/\/hidroponikbahce.com\/market\/silindir-kayayunu\/#primaryimage"},"image":{"@id":"https:\/\/hidroponikbahce.com\/market\/silindir-kayayunu\/#primaryimage"},"thumbnailUrl":"https:\/\/i0.wp.com\/hidroponikbahce.net\/wp-content\/uploads\/2022\/12\/Kayayunu.jpeg?fit=1416%2C1062&ssl=1","datePublished":"2022-12-14T13:55:42+00:00","dateModified":"2023-03-09T08:16:52+00:00","description":"Topraks\u0131z tar\u0131m sistemlerinde kullan\u0131lmak \u00fczere \u00fcretilmi\u015f silindir \u015feklinde oldu\u011fu i\u00e7in viyollerde hidroponik kanallarda, topraks\u0131z tar\u0131m file saks\u0131lar\u0131nda","breadcrumb":{"@id":"https:\/\/hidroponikbahce.com\/market\/silindir-kayayunu\/#breadcrumb"},"inLanguage":"en-US","potentialAction":[{"@type":"ReadAction","target":["https:\/\/hidroponikbahce.com\/market\/silindir-kayayunu\/"]}]},{"@type":"ImageObject","inLanguage":"en-US","@id":"https:\/\/hidroponikbahce.com\/market\/silindir-kayayunu\/#primaryimage","url":"https:\/\/i0.wp.com\/hidroponikbahce.net\/wp-content\/uploads\/2022\/12\/Kayayunu.jpeg?fit=1416%2C1062&ssl=1","contentUrl":"https:\/\/i0.wp.com\/hidroponikbahce.net\/wp-content\/uploads\/2022\/12\/Kayayunu.jpeg?fit=1416%2C1062&ssl=1","width":1416,"height":1062,"caption":"silindir kayay\u00fcn\u00fc, par\u00e7a kayay\u00fcn\u00fc, minik kayay\u00fcn\u00fc, k\u00fc\u00e7\u00fck kayay\u00fcn\u00fc"},{"@type":"BreadcrumbList","@id":"https:\/\/hidroponikbahce.com\/market\/silindir-kayayunu\/#breadcrumb","itemListElement":[{"@type":"ListItem","position":1,"name":"Anasayfa","item":"https:\/\/hidroponikbahce.net\/"},{"@type":"ListItem","position":2,"name":"Market","item":"https:\/\/hidroponikbahce.com\/market\/"},{"@type":"ListItem","position":3,"name":"Silindir Kayay\u00fcn\u00fc"}]},{"@type":"WebSite","@id":"https:\/\/hidroponikbahce.com\/#website","url":"https:\/\/hidroponikbahce.com\/","name":"Hidroponik Bah\u00e7e","description":"Soilless Agricultural Systems","publisher":{"@id":"https:\/\/hidroponikbahce.com\/#organization"},"potentialAction":[{"@type":"SearchAction","target":{"@type":"EntryPoint","urlTemplate":"https:\/\/hidroponikbahce.com\/?s={search_term_string}"},"query-input":{"@type":"PropertyValueSpecification","valueRequired":true,"valueName":"search_term_string"}}],"inLanguage":"en-US"},{"@type":"Organization","@id":"https:\/\/hidroponikbahce.com\/#organization","name":"Hidroponik Bah\u00e7e","url":"https:\/\/hidroponikbahce.com\/","logo":{"@type":"ImageObject","inLanguage":"en-US","@id":"https:\/\/hidroponikbahce.com\/#\/schema\/logo\/image\/","url":"https:\/\/i0.wp.com\/hidroponikbahce.net\/wp-content\/uploads\/2022\/12\/Logo-Hidroponik-Bahce.png?fit=2000%2C350&ssl=1","contentUrl":"https:\/\/i0.wp.com\/hidroponikbahce.net\/wp-content\/uploads\/2022\/12\/Logo-Hidroponik-Bahce.png?fit=2000%2C350&ssl=1","width":2000,"height":350,"caption":"Hidroponik Bah\u00e7e"},"image":{"@id":"https:\/\/hidroponikbahce.com\/#\/schema\/logo\/image\/"},"sameAs":["https:\/\/www.facebook.com\/hydroponic.farm.5","https:\/\/www.instagram.com\/hydroponic_market\/","https:\/\/tr-tr.facebook.com\/groups\/205584269848909\/?mibextid=6NoCDW","https:\/\/www.linkedin.com\/in\/hydroponic-farm-farmer-academy-249b3b196","https:\/\/www.youtube.com\/channel\/UCkiZ8fuHlNtao_MkEQRhN-A"]}]}},"tpgb_featured_images":{"full":["https:\/\/i0.wp.com\/hidroponikbahce.net\/wp-content\/uploads\/2022\/12\/Kayayunu.jpeg?fit=1416%2C1062&ssl=1",1416,1062,false],"tp-image-grid":["https:\/\/i0.wp.com\/hidroponikbahce.net\/wp-content\/uploads\/2022\/12\/Kayayunu.jpeg?resize=700%2C700&ssl=1",700,700,true],"thumbnail":["https:\/\/i0.wp.com\/hidroponikbahce.net\/wp-content\/uploads\/2022\/12\/Kayayunu.jpeg?resize=150%2C150&ssl=1",150,150,true],"medium":["https:\/\/i0.wp.com\/hidroponikbahce.net\/wp-content\/uploads\/2022\/12\/Kayayunu.jpeg?fit=300%2C225&ssl=1",300,225,true],"medium_large":["https:\/\/i0.wp.com\/hidroponikbahce.net\/wp-content\/uploads\/2022\/12\/Kayayunu.jpeg?fit=768%2C576&ssl=1",768,576,true],"large":["https:\/\/i0.wp.com\/hidroponikbahce.net\/wp-content\/uploads\/2022\/12\/Kayayunu.jpeg?fit=1024%2C768&ssl=1",1024,768,true],"default":"https:\/\/hidroponikbahce.net\/wp-content\/plugins\/the-plus-addons-for-block-editor\/assets\/images\/tpgb-placeholder.jpg"},"tpgb_post_meta_info":{"get_date":"December 14, 2022","get_modified_date":"March 9, 2023","category_list":{"product_brand":false,"product_cat":[{"term_id":22,"name":"Genel","slug":"genel","term_group":0,"term_taxonomy_id":22,"taxonomy":"product_cat","description":"Topraks\u0131z tar\u0131m ekipmanlar\u0131, toprak kullan\u0131m\u0131n\u0131 azaltarak verimlili\u011fi artt\u0131ran tar\u0131m makineleri ve ara\u00e7lar\u0131d\u0131r. Bu ekipmanlar topraks\u0131z tar\u0131m tekniklerini uygulamak i\u00e7in tasarland\u0131 ve genellikle topraks\u0131z tar\u0131m y\u00f6ntemlerinin uyguland\u0131\u011f\u0131 yerlerde kullan\u0131l\u0131r.","parent":0,"count":14,"filter":"raw"},{"term_id":242,"name":"Yeti\u015ftirme Ortam\u0131","slug":"yetistirme-ortami","term_group":0,"term_taxonomy_id":242,"taxonomy":"product_cat","description":"Topraks\u0131z tar\u0131m bitkilerin yeti\u015fmesi i\u00e7in ihtiya\u00e7 duyulan bitki k\u00f6k ortam\u0131 \u00fcr\u00fcnlerinin yer ald\u0131\u011f\u0131 kategoridir","parent":0,"count":5,"filter":"raw"}],"product_tag":[{"term_id":125,"name":"bardak kayay\u00fcn\u00fc","slug":"bardak-kayayunu","term_group":0,"term_taxonomy_id":125,"taxonomy":"product_tag","description":"","parent":0,"count":1,"filter":"raw"},{"term_id":129,"name":"fide","slug":"fide","term_group":0,"term_taxonomy_id":129,"taxonomy":"product_tag","description":"","parent":0,"count":1,"filter":"raw"},{"term_id":127,"name":"kayay\u00fcn\u00fc tohum","slug":"kayayunu-tohum","term_group":0,"term_taxonomy_id":127,"taxonomy":"product_tag","description":"","parent":0,"count":1,"filter":"raw"},{"term_id":102,"name":"marul","slug":"marul","term_group":0,"term_taxonomy_id":102,"taxonomy":"product_tag","description":"","parent":0,"count":2,"filter":"raw"},{"term_id":123,"name":"par\u00e7a kayay\u00fcn\u00fc","slug":"parca-kayayunu","term_group":0,"term_taxonomy_id":123,"taxonomy":"product_tag","description":"","parent":0,"count":1,"filter":"raw"},{"term_id":122,"name":"silindir kayay\u00fcn\u00fc","slug":"silindir-kayayunu","term_group":0,"term_taxonomy_id":122,"taxonomy":"product_tag","description":"","parent":0,"count":1,"filter":"raw"},{"term_id":126,"name":"silindir ta\u015fy\u00fcn\u00fc","slug":"silindir-tasyunu","term_group":0,"term_taxonomy_id":126,"taxonomy":"product_tag","description":"","parent":0,"count":1,"filter":"raw"},{"term_id":128,"name":"tohum","slug":"tohum","term_group":0,"term_taxonomy_id":128,"taxonomy":"product_tag","description":"","parent":0,"count":1,"filter":"raw"},{"term_id":124,"name":"ufak kayay\u00fcn\u00fc","slug":"ufak-kayayunu","term_group":0,"term_taxonomy_id":124,"taxonomy":"product_tag","description":"","parent":0,"count":1,"filter":"raw"}]},"comment_count":0,"post_likes":0,"post_views":0},"tpgb_post_category":{"product_cat":"<a href=\"https:\/\/hidroponikbahce.net\/en\/product-category\/genel\/\" alt=\"Genel\"  class=\"product_cat-genel\">Genel<\/a> <a href=\"https:\/\/hidroponikbahce.net\/en\/product-category\/yetistirme-ortami\/\" alt=\"Yeti\u015ftirme Ortam\u0131\"  class=\"product_cat-yetistirme-ortami\">Yeti\u015ftirme Ortam\u0131<\/a> ","product_tag":"<a href=\"https:\/\/hidroponikbahce.net\/en\/product-tag\/bardak-kayayunu\/\" alt=\"bardak kayay\u00fcn\u00fc\"  class=\"product_tag-bardak-kayayunu\">bardak kayay\u00fcn\u00fc<\/a> <a href=\"https:\/\/hidroponikbahce.net\/en\/product-tag\/fide\/\" alt=\"fide\"  class=\"product_tag-fide\">fide<\/a> <a href=\"https:\/\/hidroponikbahce.net\/en\/product-tag\/kayayunu-tohum\/\" alt=\"kayay\u00fcn\u00fc tohum\"  class=\"product_tag-kayayunu-tohum\">kayay\u00fcn\u00fc tohum<\/a> <a href=\"https:\/\/hidroponikbahce.net\/en\/product-tag\/marul\/\" alt=\"marul\"  class=\"product_tag-marul\">marul<\/a> <a href=\"https:\/\/hidroponikbahce.net\/en\/product-tag\/parca-kayayunu\/\" alt=\"par\u00e7a kayay\u00fcn\u00fc\"  class=\"product_tag-parca-kayayunu\">par\u00e7a kayay\u00fcn\u00fc<\/a> <a href=\"https:\/\/hidroponikbahce.net\/en\/product-tag\/silindir-kayayunu\/\" alt=\"silindir kayay\u00fcn\u00fc\"  class=\"product_tag-silindir-kayayunu\">silindir kayay\u00fcn\u00fc<\/a> <a href=\"https:\/\/hidroponikbahce.net\/en\/product-tag\/silindir-tasyunu\/\" alt=\"silindir ta\u015fy\u00fcn\u00fc\"  class=\"product_tag-silindir-tasyunu\">silindir ta\u015fy\u00fcn\u00fc<\/a> <a href=\"https:\/\/hidroponikbahce.net\/en\/product-tag\/tohum\/\" alt=\"tohum\"  class=\"product_tag-tohum\">tohum<\/a> <a href=\"https:\/\/hidroponikbahce.net\/en\/product-tag\/ufak-kayayunu\/\" alt=\"ufak kayay\u00fcn\u00fc\"  class=\"product_tag-ufak-kayayunu\">ufak kayay\u00fcn\u00fc<\/a> "},"tpgb_product_data":{"price_html":"<span class=\"woocs_price_code\" data-currency=\"\" data-redraw-id=\"69e106f5aa29e\"  data-product-id=\"2066\"><span class=\"sale-price\"><del aria-hidden=\"true\"><span class=\"woocommerce-Price-amount amount\"><bdi>0,06<span class=\"woocommerce-Price-currencySymbol\">&#36;<\/span><\/bdi><\/span><\/del> <span class=\"screen-reader-text\">Original price was: 0,06&#036;.<\/span><ins aria-hidden=\"true\"><span class=\"woocommerce-Price-amount amount\"><bdi>0,05<span class=\"woocommerce-Price-currencySymbol\">&#36;<\/span><\/bdi><\/span><\/ins><span class=\"screen-reader-text\">Current price is: 0,05&#036;.<\/span><\/span><\/span>","type":"simple","gallery":["https:\/\/i0.wp.com\/hidroponikbahce.net\/wp-content\/uploads\/2022\/12\/Silindir-Kayayunu.jpg?fit=1000%2C1000&ssl=1",1000,1000,false],"category":"Genel","procatslug":"genel","productBadge":"<span class=\"onsale\" data-shape=\"type-2\" >SATI\u015eTA!<\/span>"},"jetpack-related-posts":[],"jetpack_sharing_enabled":true,"_links":{"self":[{"href":"https:\/\/hidroponikbahce.net\/en\/wp-json\/wp\/v2\/product\/2066","targetHints":{"allow":["GET"]}}],"collection":[{"href":"https:\/\/hidroponikbahce.net\/en\/wp-json\/wp\/v2\/product"}],"about":[{"href":"https:\/\/hidroponikbahce.net\/en\/wp-json\/wp\/v2\/types\/product"}],"replies":[{"embeddable":true,"href":"https:\/\/hidroponikbahce.net\/en\/wp-json\/wp\/v2\/comments?post=2066"}],"wp:featuredmedia":[{"embeddable":true,"href":"https:\/\/hidroponikbahce.net\/en\/wp-json\/wp\/v2\/media\/2067"}],"wp:attachment":[{"href":"https:\/\/hidroponikbahce.net\/en\/wp-json\/wp\/v2\/media?parent=2066"}],"wp:term":[{"taxonomy":"product_brand","embeddable":true,"href":"https:\/\/hidroponikbahce.net\/en\/wp-json\/wp\/v2\/product_brand?post=2066"},{"taxonomy":"product_cat","embeddable":true,"href":"https:\/\/hidroponikbahce.net\/en\/wp-json\/wp\/v2\/product_cat?post=2066"},{"taxonomy":"product_tag","embeddable":true,"href":"https:\/\/hidroponikbahce.net\/en\/wp-json\/wp\/v2\/product_tag?post=2066"}],"curies":[{"name":"wp","href":"https:\/\/api.w.org\/{rel}","templated":true}]}}