{"id":2060,"date":"2022-12-14T16:41:41","date_gmt":"2022-12-14T13:41:41","guid":{"rendered":"https:\/\/hidroponikbahce.com\/?post_type=product&#038;p=2060"},"modified":"2023-03-09T11:20:21","modified_gmt":"2023-03-09T08:20:21","slug":"delikli-hidroponik-kanal-boru-100x40mm","status":"publish","type":"product","link":"https:\/\/hidroponikbahce.net\/en\/market\/delikli-hidroponik-kanal-boru-100x40mm\/","title":{"rendered":"Perforated Hydroponic Duct (Pipe) \u2013 100x40mm"},"content":{"rendered":"<p>It measures 10cm x 4cm. (1.5mm wall thickness)<\/p>\n<p>It is the channel used in hydroponic hydroponic systems of hydroponic agriculture.<\/p>\n<p>A minimum order of 100mt can be placed.<\/p>\n<p>The indicated price is the meter price.<\/p>","protected":false},"excerpt":{"rendered":"<p>It measures 10cm x 4cm. (1.5mm wall thickness)<\/p>\n<p>It is the channel used in hydroponic hydroponic systems of hydroponic agriculture.<\/p>\n<p>A minimum order of 100mt can be placed.<\/p>\n<p>The indicated price is the meter price.<\/p>","protected":false},"featured_media":2061,"comment_status":"open","ping_status":"closed","template":"","meta":{"tpgb_global_settings":"","_vp_format_video_url":"","_vp_image_focal_point":[]},"product_brand":[],"product_cat":[22,243],"product_tag":[113,75,73,74,112,77,78],"class_list":{"0":"post-2060","1":"product","2":"type-product","3":"status-publish","4":"has-post-thumbnail","6":"product_cat-genel","7":"product_cat-yetistirme-zemini","8":"product_tag-delikli-bitki-borusu","9":"product_tag-delikli-boru","10":"product_tag-hidroponik-boru","11":"product_tag-hidroponik-kanal","12":"product_tag-marul-borusu","13":"product_tag-topraksiz-tarim-borusu","14":"product_tag-topraksiz-tarim-kanali","16":"first","17":"instock","18":"sale","19":"featured","20":"taxable","21":"shipping-taxable","22":"purchasable","23":"product-type-simple"},"yoast_head":"<!-- This site is optimized with the Yoast SEO plugin v27.4 - https:\/\/yoast.com\/product\/yoast-seo-wordpress\/ -->\n<title>Delikli Hidroponik Kanal (Boru) \u2013 100x40mm - Hidroponik Bah\u00e7e<\/title>\n<meta name=\"description\" content=\"Topraks\u0131z tar\u0131m yeti\u015ftiricili\u011finde kullan\u0131lan bu delikli NFT hidroponik kanallar\u0131 sizler i\u00e7in \u00fcretiyoruz. Bu borular\u0131n i\u00e7erisinden besinli su akarak bitkile\" \/>\n<meta name=\"robots\" content=\"index, follow, max-snippet:-1, max-image-preview:large, max-video-preview:-1\" \/>\n<link rel=\"canonical\" href=\"https:\/\/hidroponikbahce.com\/market\/delikli-hidroponik-kanal-boru-100x40mm\/\" \/>\n<meta property=\"og:locale\" content=\"en_US\" \/>\n<meta property=\"og:type\" content=\"article\" \/>\n<meta property=\"og:title\" content=\"Delikli Hidroponik Kanal (Boru) \u2013 100x40mm - Hidroponik Bah\u00e7e\" \/>\n<meta property=\"og:description\" content=\"Topraks\u0131z tar\u0131m yeti\u015ftiricili\u011finde kullan\u0131lan bu delikli NFT hidroponik kanallar\u0131 sizler i\u00e7in \u00fcretiyoruz. Bu borular\u0131n i\u00e7erisinden besinli su akarak bitkile\" \/>\n<meta property=\"og:url\" content=\"https:\/\/hidroponikbahce.com\/market\/delikli-hidroponik-kanal-boru-100x40mm\/\" \/>\n<meta property=\"og:site_name\" content=\"Hidroponik Bah\u00e7e\" \/>\n<meta property=\"article:publisher\" content=\"https:\/\/www.facebook.com\/hydroponic.farm.5\" \/>\n<meta property=\"article:modified_time\" content=\"2023-03-09T08:20:21+00:00\" \/>\n<meta property=\"og:image\" content=\"https:\/\/i0.wp.com\/hidroponikbahce.com\/wp-content\/uploads\/2022\/12\/Kanal-2.jpg?fit=1508%2C1771&ssl=1\" \/>\n\t<meta property=\"og:image:width\" content=\"1508\" \/>\n\t<meta property=\"og:image:height\" content=\"1771\" \/>\n\t<meta property=\"og:image:type\" content=\"image\/jpeg\" \/>\n<meta name=\"twitter:card\" content=\"summary_large_image\" \/>\n<meta name=\"twitter:label1\" content=\"Est. reading time\" \/>\n\t<meta name=\"twitter:data1\" content=\"1 minute\" \/>\n<script type=\"application\/ld+json\" class=\"yoast-schema-graph\">{\"@context\":\"https:\\\/\\\/schema.org\",\"@graph\":[{\"@type\":\"WebPage\",\"@id\":\"https:\\\/\\\/hidroponikbahce.com\\\/market\\\/delikli-hidroponik-kanal-boru-100x40mm\\\/\",\"url\":\"https:\\\/\\\/hidroponikbahce.com\\\/market\\\/delikli-hidroponik-kanal-boru-100x40mm\\\/\",\"name\":\"Delikli Hidroponik Kanal (Boru) \u2013 100x40mm - Hidroponik Bah\u00e7e\",\"isPartOf\":{\"@id\":\"https:\\\/\\\/hidroponikbahce.com\\\/#website\"},\"primaryImageOfPage\":{\"@id\":\"https:\\\/\\\/hidroponikbahce.com\\\/market\\\/delikli-hidroponik-kanal-boru-100x40mm\\\/#primaryimage\"},\"image\":{\"@id\":\"https:\\\/\\\/hidroponikbahce.com\\\/market\\\/delikli-hidroponik-kanal-boru-100x40mm\\\/#primaryimage\"},\"thumbnailUrl\":\"https:\\\/\\\/i0.wp.com\\\/hidroponikbahce.net\\\/wp-content\\\/uploads\\\/2022\\\/12\\\/Kanal-2.jpg?fit=1508%2C1771&ssl=1\",\"datePublished\":\"2022-12-14T13:41:41+00:00\",\"dateModified\":\"2023-03-09T08:20:21+00:00\",\"description\":\"Topraks\u0131z tar\u0131m yeti\u015ftiricili\u011finde kullan\u0131lan bu delikli NFT hidroponik kanallar\u0131 sizler i\u00e7in \u00fcretiyoruz. Bu borular\u0131n i\u00e7erisinden besinli su akarak bitkile\",\"breadcrumb\":{\"@id\":\"https:\\\/\\\/hidroponikbahce.com\\\/market\\\/delikli-hidroponik-kanal-boru-100x40mm\\\/#breadcrumb\"},\"inLanguage\":\"en-US\",\"potentialAction\":[{\"@type\":\"ReadAction\",\"target\":[\"https:\\\/\\\/hidroponikbahce.com\\\/market\\\/delikli-hidroponik-kanal-boru-100x40mm\\\/\"]}]},{\"@type\":\"ImageObject\",\"inLanguage\":\"en-US\",\"@id\":\"https:\\\/\\\/hidroponikbahce.com\\\/market\\\/delikli-hidroponik-kanal-boru-100x40mm\\\/#primaryimage\",\"url\":\"https:\\\/\\\/i0.wp.com\\\/hidroponikbahce.net\\\/wp-content\\\/uploads\\\/2022\\\/12\\\/Kanal-2.jpg?fit=1508%2C1771&ssl=1\",\"contentUrl\":\"https:\\\/\\\/i0.wp.com\\\/hidroponikbahce.net\\\/wp-content\\\/uploads\\\/2022\\\/12\\\/Kanal-2.jpg?fit=1508%2C1771&ssl=1\",\"width\":1508,\"height\":1771,\"caption\":\"hidroponik marul borusu, topraks\u0131z tar\u0131m marul kanal\u0131\"},{\"@type\":\"BreadcrumbList\",\"@id\":\"https:\\\/\\\/hidroponikbahce.com\\\/market\\\/delikli-hidroponik-kanal-boru-100x40mm\\\/#breadcrumb\",\"itemListElement\":[{\"@type\":\"ListItem\",\"position\":1,\"name\":\"Anasayfa\",\"item\":\"https:\\\/\\\/hidroponikbahce.net\\\/\"},{\"@type\":\"ListItem\",\"position\":2,\"name\":\"Market\",\"item\":\"https:\\\/\\\/hidroponikbahce.com\\\/market\\\/\"},{\"@type\":\"ListItem\",\"position\":3,\"name\":\"Delikli Hidroponik Kanal (Boru) \u2013 100x40mm\"}]},{\"@type\":\"WebSite\",\"@id\":\"https:\\\/\\\/hidroponikbahce.com\\\/#website\",\"url\":\"https:\\\/\\\/hidroponikbahce.com\\\/\",\"name\":\"Hidroponik Bah\u00e7e\",\"description\":\"Topraks\u0131z Tar\u0131m Sistemleri\",\"publisher\":{\"@id\":\"https:\\\/\\\/hidroponikbahce.com\\\/#organization\"},\"potentialAction\":[{\"@type\":\"SearchAction\",\"target\":{\"@type\":\"EntryPoint\",\"urlTemplate\":\"https:\\\/\\\/hidroponikbahce.com\\\/?s={search_term_string}\"},\"query-input\":{\"@type\":\"PropertyValueSpecification\",\"valueRequired\":true,\"valueName\":\"search_term_string\"}}],\"inLanguage\":\"en-US\"},{\"@type\":\"Organization\",\"@id\":\"https:\\\/\\\/hidroponikbahce.com\\\/#organization\",\"name\":\"Hidroponik Bah\u00e7e\",\"url\":\"https:\\\/\\\/hidroponikbahce.com\\\/\",\"logo\":{\"@type\":\"ImageObject\",\"inLanguage\":\"en-US\",\"@id\":\"https:\\\/\\\/hidroponikbahce.com\\\/#\\\/schema\\\/logo\\\/image\\\/\",\"url\":\"https:\\\/\\\/i0.wp.com\\\/hidroponikbahce.net\\\/wp-content\\\/uploads\\\/2022\\\/12\\\/Logo-Hidroponik-Bahce.png?fit=2000%2C350&ssl=1\",\"contentUrl\":\"https:\\\/\\\/i0.wp.com\\\/hidroponikbahce.net\\\/wp-content\\\/uploads\\\/2022\\\/12\\\/Logo-Hidroponik-Bahce.png?fit=2000%2C350&ssl=1\",\"width\":2000,\"height\":350,\"caption\":\"Hidroponik Bah\u00e7e\"},\"image\":{\"@id\":\"https:\\\/\\\/hidroponikbahce.com\\\/#\\\/schema\\\/logo\\\/image\\\/\"},\"sameAs\":[\"https:\\\/\\\/www.facebook.com\\\/hydroponic.farm.5\",\"https:\\\/\\\/www.instagram.com\\\/hydroponic_market\\\/\",\"https:\\\/\\\/tr-tr.facebook.com\\\/groups\\\/205584269848909\\\/?mibextid=6NoCDW\",\"https:\\\/\\\/www.linkedin.com\\\/in\\\/hydroponic-farm-farmer-academy-249b3b196\",\"https:\\\/\\\/www.youtube.com\\\/channel\\\/UCkiZ8fuHlNtao_MkEQRhN-A\"]}]}<\/script>\n<!-- \/ Yoast SEO plugin. -->","yoast_head_json":{"title":"Delikli Hidroponik Kanal (Boru) \u2013 100x40mm - Hidroponik Bah\u00e7e","description":"Topraks\u0131z tar\u0131m yeti\u015ftiricili\u011finde kullan\u0131lan bu delikli NFT hidroponik kanallar\u0131 sizler i\u00e7in \u00fcretiyoruz. Bu borular\u0131n i\u00e7erisinden besinli su akarak bitkile","robots":{"index":"index","follow":"follow","max-snippet":"max-snippet:-1","max-image-preview":"max-image-preview:large","max-video-preview":"max-video-preview:-1"},"canonical":"https:\/\/hidroponikbahce.com\/market\/delikli-hidroponik-kanal-boru-100x40mm\/","og_locale":"en_US","og_type":"article","og_title":"Delikli Hidroponik Kanal (Boru) \u2013 100x40mm - Hidroponik Bah\u00e7e","og_description":"Topraks\u0131z tar\u0131m yeti\u015ftiricili\u011finde kullan\u0131lan bu delikli NFT hidroponik kanallar\u0131 sizler i\u00e7in \u00fcretiyoruz. Bu borular\u0131n i\u00e7erisinden besinli su akarak bitkile","og_url":"https:\/\/hidroponikbahce.com\/market\/delikli-hidroponik-kanal-boru-100x40mm\/","og_site_name":"Hidroponik Bah\u00e7e","article_publisher":"https:\/\/www.facebook.com\/hydroponic.farm.5","article_modified_time":"2023-03-09T08:20:21+00:00","og_image":[{"width":1508,"height":1771,"url":"https:\/\/i0.wp.com\/hidroponikbahce.com\/wp-content\/uploads\/2022\/12\/Kanal-2.jpg?fit=1508%2C1771&ssl=1","type":"image\/jpeg"}],"twitter_card":"summary_large_image","twitter_misc":{"Est. reading time":"1 minute"},"schema":{"@context":"https:\/\/schema.org","@graph":[{"@type":"WebPage","@id":"https:\/\/hidroponikbahce.com\/market\/delikli-hidroponik-kanal-boru-100x40mm\/","url":"https:\/\/hidroponikbahce.com\/market\/delikli-hidroponik-kanal-boru-100x40mm\/","name":"Delikli Hidroponik Kanal (Boru) \u2013 100x40mm - Hidroponik Bah\u00e7e","isPartOf":{"@id":"https:\/\/hidroponikbahce.com\/#website"},"primaryImageOfPage":{"@id":"https:\/\/hidroponikbahce.com\/market\/delikli-hidroponik-kanal-boru-100x40mm\/#primaryimage"},"image":{"@id":"https:\/\/hidroponikbahce.com\/market\/delikli-hidroponik-kanal-boru-100x40mm\/#primaryimage"},"thumbnailUrl":"https:\/\/i0.wp.com\/hidroponikbahce.net\/wp-content\/uploads\/2022\/12\/Kanal-2.jpg?fit=1508%2C1771&ssl=1","datePublished":"2022-12-14T13:41:41+00:00","dateModified":"2023-03-09T08:20:21+00:00","description":"Topraks\u0131z tar\u0131m yeti\u015ftiricili\u011finde kullan\u0131lan bu delikli NFT hidroponik kanallar\u0131 sizler i\u00e7in \u00fcretiyoruz. Bu borular\u0131n i\u00e7erisinden besinli su akarak bitkile","breadcrumb":{"@id":"https:\/\/hidroponikbahce.com\/market\/delikli-hidroponik-kanal-boru-100x40mm\/#breadcrumb"},"inLanguage":"en-US","potentialAction":[{"@type":"ReadAction","target":["https:\/\/hidroponikbahce.com\/market\/delikli-hidroponik-kanal-boru-100x40mm\/"]}]},{"@type":"ImageObject","inLanguage":"en-US","@id":"https:\/\/hidroponikbahce.com\/market\/delikli-hidroponik-kanal-boru-100x40mm\/#primaryimage","url":"https:\/\/i0.wp.com\/hidroponikbahce.net\/wp-content\/uploads\/2022\/12\/Kanal-2.jpg?fit=1508%2C1771&ssl=1","contentUrl":"https:\/\/i0.wp.com\/hidroponikbahce.net\/wp-content\/uploads\/2022\/12\/Kanal-2.jpg?fit=1508%2C1771&ssl=1","width":1508,"height":1771,"caption":"hidroponik marul borusu, topraks\u0131z tar\u0131m marul kanal\u0131"},{"@type":"BreadcrumbList","@id":"https:\/\/hidroponikbahce.com\/market\/delikli-hidroponik-kanal-boru-100x40mm\/#breadcrumb","itemListElement":[{"@type":"ListItem","position":1,"name":"Anasayfa","item":"https:\/\/hidroponikbahce.net\/"},{"@type":"ListItem","position":2,"name":"Market","item":"https:\/\/hidroponikbahce.com\/market\/"},{"@type":"ListItem","position":3,"name":"Delikli Hidroponik Kanal (Boru) \u2013 100x40mm"}]},{"@type":"WebSite","@id":"https:\/\/hidroponikbahce.com\/#website","url":"https:\/\/hidroponikbahce.com\/","name":"Hidroponik Bah\u00e7e","description":"Soilless Agricultural Systems","publisher":{"@id":"https:\/\/hidroponikbahce.com\/#organization"},"potentialAction":[{"@type":"SearchAction","target":{"@type":"EntryPoint","urlTemplate":"https:\/\/hidroponikbahce.com\/?s={search_term_string}"},"query-input":{"@type":"PropertyValueSpecification","valueRequired":true,"valueName":"search_term_string"}}],"inLanguage":"en-US"},{"@type":"Organization","@id":"https:\/\/hidroponikbahce.com\/#organization","name":"Hidroponik Bah\u00e7e","url":"https:\/\/hidroponikbahce.com\/","logo":{"@type":"ImageObject","inLanguage":"en-US","@id":"https:\/\/hidroponikbahce.com\/#\/schema\/logo\/image\/","url":"https:\/\/i0.wp.com\/hidroponikbahce.net\/wp-content\/uploads\/2022\/12\/Logo-Hidroponik-Bahce.png?fit=2000%2C350&ssl=1","contentUrl":"https:\/\/i0.wp.com\/hidroponikbahce.net\/wp-content\/uploads\/2022\/12\/Logo-Hidroponik-Bahce.png?fit=2000%2C350&ssl=1","width":2000,"height":350,"caption":"Hidroponik Bah\u00e7e"},"image":{"@id":"https:\/\/hidroponikbahce.com\/#\/schema\/logo\/image\/"},"sameAs":["https:\/\/www.facebook.com\/hydroponic.farm.5","https:\/\/www.instagram.com\/hydroponic_market\/","https:\/\/tr-tr.facebook.com\/groups\/205584269848909\/?mibextid=6NoCDW","https:\/\/www.linkedin.com\/in\/hydroponic-farm-farmer-academy-249b3b196","https:\/\/www.youtube.com\/channel\/UCkiZ8fuHlNtao_MkEQRhN-A"]}]}},"tpgb_featured_images":{"full":["https:\/\/i0.wp.com\/hidroponikbahce.net\/wp-content\/uploads\/2022\/12\/Kanal-2.jpg?fit=1508%2C1771&ssl=1",1508,1771,false],"tp-image-grid":["https:\/\/i0.wp.com\/hidroponikbahce.net\/wp-content\/uploads\/2022\/12\/Kanal-2.jpg?resize=700%2C700&ssl=1",700,700,true],"thumbnail":["https:\/\/i0.wp.com\/hidroponikbahce.net\/wp-content\/uploads\/2022\/12\/Kanal-2.jpg?resize=150%2C150&ssl=1",150,150,true],"medium":["https:\/\/i0.wp.com\/hidroponikbahce.net\/wp-content\/uploads\/2022\/12\/Kanal-2.jpg?fit=255%2C300&ssl=1",255,300,true],"medium_large":["https:\/\/i0.wp.com\/hidroponikbahce.net\/wp-content\/uploads\/2022\/12\/Kanal-2.jpg?fit=768%2C902&ssl=1",768,902,true],"large":["https:\/\/i0.wp.com\/hidroponikbahce.net\/wp-content\/uploads\/2022\/12\/Kanal-2.jpg?fit=872%2C1024&ssl=1",872,1024,true],"default":"https:\/\/hidroponikbahce.net\/wp-content\/plugins\/the-plus-addons-for-block-editor\/assets\/images\/tpgb-placeholder.jpg"},"tpgb_post_meta_info":{"get_date":"December 14, 2022","get_modified_date":"March 9, 2023","category_list":{"product_brand":false,"product_cat":[{"term_id":22,"name":"Genel","slug":"genel","term_group":0,"term_taxonomy_id":22,"taxonomy":"product_cat","description":"Topraks\u0131z tar\u0131m ekipmanlar\u0131, toprak kullan\u0131m\u0131n\u0131 azaltarak verimlili\u011fi artt\u0131ran tar\u0131m makineleri ve ara\u00e7lar\u0131d\u0131r. Bu ekipmanlar topraks\u0131z tar\u0131m tekniklerini uygulamak i\u00e7in tasarland\u0131 ve genellikle topraks\u0131z tar\u0131m y\u00f6ntemlerinin uyguland\u0131\u011f\u0131 yerlerde kullan\u0131l\u0131r.","parent":0,"count":14,"filter":"raw"},{"term_id":243,"name":"Yeti\u015ftirme Zemini","slug":"yetistirme-zemini","term_group":0,"term_taxonomy_id":243,"taxonomy":"product_cat","description":"Topraks\u0131z tar\u0131mda bitkilerin yeti\u015febilmesi i\u00e7in ihtiya\u00e7 duyulan zemini olu\u015fturan ekipmanlard\u0131r.","parent":0,"count":5,"filter":"raw"}],"product_tag":[{"term_id":113,"name":"delikli bitki borusu","slug":"delikli-bitki-borusu","term_group":0,"term_taxonomy_id":113,"taxonomy":"product_tag","description":"","parent":0,"count":1,"filter":"raw"},{"term_id":75,"name":"delikli boru","slug":"delikli-boru","term_group":0,"term_taxonomy_id":75,"taxonomy":"product_tag","description":"","parent":0,"count":2,"filter":"raw"},{"term_id":73,"name":"hidroponik boru","slug":"hidroponik-boru","term_group":0,"term_taxonomy_id":73,"taxonomy":"product_tag","description":"","parent":0,"count":4,"filter":"raw"},{"term_id":74,"name":"hidroponik kanal","slug":"hidroponik-kanal","term_group":0,"term_taxonomy_id":74,"taxonomy":"product_tag","description":"","parent":0,"count":4,"filter":"raw"},{"term_id":112,"name":"marul borusu","slug":"marul-borusu","term_group":0,"term_taxonomy_id":112,"taxonomy":"product_tag","description":"","parent":0,"count":1,"filter":"raw"},{"term_id":77,"name":"topraks\u0131z tar\u0131m borusu","slug":"topraksiz-tarim-borusu","term_group":0,"term_taxonomy_id":77,"taxonomy":"product_tag","description":"","parent":0,"count":2,"filter":"raw"},{"term_id":78,"name":"topraks\u0131z tar\u0131m kanal\u0131","slug":"topraksiz-tarim-kanali","term_group":0,"term_taxonomy_id":78,"taxonomy":"product_tag","description":"","parent":0,"count":2,"filter":"raw"}]},"comment_count":0,"post_likes":0,"post_views":0},"tpgb_post_category":{"product_cat":"<a href=\"https:\/\/hidroponikbahce.net\/en\/product-category\/genel\/\" alt=\"Genel\"  class=\"product_cat-genel\">Genel<\/a> <a href=\"https:\/\/hidroponikbahce.net\/en\/product-category\/yetistirme-zemini\/\" alt=\"Yeti\u015ftirme Zemini\"  class=\"product_cat-yetistirme-zemini\">Yeti\u015ftirme Zemini<\/a> ","product_tag":"<a href=\"https:\/\/hidroponikbahce.net\/en\/product-tag\/delikli-bitki-borusu\/\" alt=\"delikli bitki borusu\"  class=\"product_tag-delikli-bitki-borusu\">delikli bitki borusu<\/a> <a href=\"https:\/\/hidroponikbahce.net\/en\/product-tag\/delikli-boru\/\" alt=\"delikli boru\"  class=\"product_tag-delikli-boru\">delikli boru<\/a> <a href=\"https:\/\/hidroponikbahce.net\/en\/product-tag\/hidroponik-boru\/\" alt=\"hidroponik boru\"  class=\"product_tag-hidroponik-boru\">hidroponik boru<\/a> <a href=\"https:\/\/hidroponikbahce.net\/en\/product-tag\/hidroponik-kanal\/\" alt=\"hidroponik kanal\"  class=\"product_tag-hidroponik-kanal\">hidroponik kanal<\/a> <a href=\"https:\/\/hidroponikbahce.net\/en\/product-tag\/marul-borusu\/\" alt=\"marul borusu\"  class=\"product_tag-marul-borusu\">marul borusu<\/a> <a href=\"https:\/\/hidroponikbahce.net\/en\/product-tag\/topraksiz-tarim-borusu\/\" alt=\"topraks\u0131z tar\u0131m borusu\"  class=\"product_tag-topraksiz-tarim-borusu\">topraks\u0131z tar\u0131m borusu<\/a> <a href=\"https:\/\/hidroponikbahce.net\/en\/product-tag\/topraksiz-tarim-kanali\/\" alt=\"topraks\u0131z tar\u0131m kanal\u0131\"  class=\"product_tag-topraksiz-tarim-kanali\">topraks\u0131z tar\u0131m kanal\u0131<\/a> "},"tpgb_product_data":{"price_html":"<span class=\"woocs_price_code\" data-currency=\"\" data-redraw-id=\"69e11db21811a\"  data-product-id=\"2060\"><span class=\"sale-price\"><del aria-hidden=\"true\"><span class=\"woocommerce-Price-amount amount\"><bdi>2,20<span class=\"woocommerce-Price-currencySymbol\">&#36;<\/span><\/bdi><\/span><\/del> <span class=\"screen-reader-text\">Original price was: 2,20&#036;.<\/span><ins aria-hidden=\"true\"><span class=\"woocommerce-Price-amount amount\"><bdi>2,10<span class=\"woocommerce-Price-currencySymbol\">&#36;<\/span><\/bdi><\/span><\/ins><span class=\"screen-reader-text\">Current price is: 2,10&#036;.<\/span><\/span><\/span>","type":"simple","gallery":["https:\/\/i0.wp.com\/hidroponikbahce.net\/wp-content\/uploads\/2022\/12\/Hidroponik-NFT.gif?fit=300%2C169&ssl=1",300,169,false],"category":"Genel","procatslug":"genel","productBadge":"<span class=\"onsale\" data-shape=\"type-2\" >SATI\u015eTA!<\/span>"},"jetpack-related-posts":[],"jetpack_sharing_enabled":true,"_links":{"self":[{"href":"https:\/\/hidroponikbahce.net\/en\/wp-json\/wp\/v2\/product\/2060","targetHints":{"allow":["GET"]}}],"collection":[{"href":"https:\/\/hidroponikbahce.net\/en\/wp-json\/wp\/v2\/product"}],"about":[{"href":"https:\/\/hidroponikbahce.net\/en\/wp-json\/wp\/v2\/types\/product"}],"replies":[{"embeddable":true,"href":"https:\/\/hidroponikbahce.net\/en\/wp-json\/wp\/v2\/comments?post=2060"}],"wp:featuredmedia":[{"embeddable":true,"href":"https:\/\/hidroponikbahce.net\/en\/wp-json\/wp\/v2\/media\/2061"}],"wp:attachment":[{"href":"https:\/\/hidroponikbahce.net\/en\/wp-json\/wp\/v2\/media?parent=2060"}],"wp:term":[{"taxonomy":"product_brand","embeddable":true,"href":"https:\/\/hidroponikbahce.net\/en\/wp-json\/wp\/v2\/product_brand?post=2060"},{"taxonomy":"product_cat","embeddable":true,"href":"https:\/\/hidroponikbahce.net\/en\/wp-json\/wp\/v2\/product_cat?post=2060"},{"taxonomy":"product_tag","embeddable":true,"href":"https:\/\/hidroponikbahce.net\/en\/wp-json\/wp\/v2\/product_tag?post=2060"}],"curies":[{"name":"wp","href":"https:\/\/api.w.org\/{rel}","templated":true}]}}