{"id":2055,"date":"2022-12-14T16:28:16","date_gmt":"2022-12-14T13:28:16","guid":{"rendered":"https:\/\/hidroponikbahce.com\/?post_type=product&#038;p=2055"},"modified":"2023-03-09T11:22:39","modified_gmt":"2023-03-09T08:22:39","slug":"hidroponik-kanal-kapagi","status":"publish","type":"product","link":"https:\/\/hidroponikbahce.net\/en\/market\/hidroponik-kanal-kapagi\/","title":{"rendered":"Hydroponic Duct Cover \u2013 5x10cm"},"content":{"rendered":"<p>5x10cm topraks\u0131z tar\u0131m sistemlerinde hidroponik kanallar\u0131na takarak kullanabilece\u011finiz kapaklard\u0131r.<\/p>","protected":false},"excerpt":{"rendered":"<p>5x10cm topraks\u0131z tar\u0131m sistemlerinde hidroponik kanallar\u0131na takarak kullanabilece\u011finiz kapaklard\u0131r.<\/p>","protected":false},"featured_media":2056,"comment_status":"open","ping_status":"closed","template":"","meta":{"tpgb_global_settings":"","_vp_format_video_url":"","_vp_image_focal_point":[]},"product_brand":[],"product_cat":[22,243],"product_tag":[108,109,105,106,110,111,107],"class_list":{"0":"post-2055","1":"product","2":"type-product","3":"status-publish","4":"has-post-thumbnail","6":"product_cat-genel","7":"product_cat-yetistirme-zemini","8":"product_tag-boru-kapagi","9":"product_tag-dikdortgen-kapak","10":"product_tag-hidroponik-kapak","11":"product_tag-kanal-kapagi","12":"product_tag-koseli-kapak","13":"product_tag-su-borusu-kapagi","14":"product_tag-topraksiz-tarim-boru-kapagi","16":"first","17":"instock","18":"sale","19":"taxable","20":"shipping-taxable","21":"purchasable","22":"product-type-simple"},"yoast_head":"<!-- This site is optimized with the Yoast SEO plugin v27.4 - https:\/\/yoast.com\/product\/yoast-seo-wordpress\/ -->\n<title>Hidroponik Kanal Kapa\u011f\u0131 \u2013 5x10cm - Hidroponik Bah\u00e7e<\/title>\n<meta name=\"description\" content=\"Topraks\u0131z tar\u0131m sistemlerinde hidroponik kanallar\u0131na takarak kullanabilece\u011finiz kapaklard\u0131r. 5x10cm hidroponik boru kapa\u011f\u0131\" \/>\n<meta name=\"robots\" content=\"index, follow, max-snippet:-1, max-image-preview:large, max-video-preview:-1\" \/>\n<link rel=\"canonical\" href=\"https:\/\/hidroponikbahce.com\/market\/hidroponik-kanal-kapagi\/\" \/>\n<meta property=\"og:locale\" content=\"en_US\" \/>\n<meta property=\"og:type\" content=\"article\" \/>\n<meta property=\"og:title\" content=\"Hidroponik Kanal Kapa\u011f\u0131 \u2013 5x10cm - Hidroponik Bah\u00e7e\" \/>\n<meta property=\"og:description\" content=\"Topraks\u0131z tar\u0131m sistemlerinde hidroponik kanallar\u0131na takarak kullanabilece\u011finiz kapaklard\u0131r. 5x10cm hidroponik boru kapa\u011f\u0131\" \/>\n<meta property=\"og:url\" content=\"https:\/\/hidroponikbahce.com\/market\/hidroponik-kanal-kapagi\/\" \/>\n<meta property=\"og:site_name\" content=\"Hidroponik Bah\u00e7e\" \/>\n<meta property=\"article:publisher\" content=\"https:\/\/www.facebook.com\/hydroponic.farm.5\" \/>\n<meta property=\"article:modified_time\" content=\"2023-03-09T08:22:39+00:00\" \/>\n<meta property=\"og:image\" content=\"https:\/\/i0.wp.com\/hidroponikbahce.com\/wp-content\/uploads\/2022\/12\/Hidroponik-Boru-Kapagi-3.jpeg?fit=672%2C554&ssl=1\" \/>\n\t<meta property=\"og:image:width\" content=\"672\" \/>\n\t<meta property=\"og:image:height\" content=\"554\" \/>\n\t<meta property=\"og:image:type\" content=\"image\/jpeg\" \/>\n<meta name=\"twitter:card\" content=\"summary_large_image\" \/>\n<meta name=\"twitter:label1\" content=\"Est. reading time\" \/>\n\t<meta name=\"twitter:data1\" content=\"1 minute\" \/>\n<script type=\"application\/ld+json\" class=\"yoast-schema-graph\">{\"@context\":\"https:\\\/\\\/schema.org\",\"@graph\":[{\"@type\":\"WebPage\",\"@id\":\"https:\\\/\\\/hidroponikbahce.com\\\/market\\\/hidroponik-kanal-kapagi\\\/\",\"url\":\"https:\\\/\\\/hidroponikbahce.com\\\/market\\\/hidroponik-kanal-kapagi\\\/\",\"name\":\"Hidroponik Kanal Kapa\u011f\u0131 \u2013 5x10cm - Hidroponik Bah\u00e7e\",\"isPartOf\":{\"@id\":\"https:\\\/\\\/hidroponikbahce.com\\\/#website\"},\"primaryImageOfPage\":{\"@id\":\"https:\\\/\\\/hidroponikbahce.com\\\/market\\\/hidroponik-kanal-kapagi\\\/#primaryimage\"},\"image\":{\"@id\":\"https:\\\/\\\/hidroponikbahce.com\\\/market\\\/hidroponik-kanal-kapagi\\\/#primaryimage\"},\"thumbnailUrl\":\"https:\\\/\\\/i0.wp.com\\\/hidroponikbahce.net\\\/wp-content\\\/uploads\\\/2022\\\/12\\\/Hidroponik-Boru-Kapagi-3.jpeg?fit=672%2C554&ssl=1\",\"datePublished\":\"2022-12-14T13:28:16+00:00\",\"dateModified\":\"2023-03-09T08:22:39+00:00\",\"description\":\"Topraks\u0131z tar\u0131m sistemlerinde hidroponik kanallar\u0131na takarak kullanabilece\u011finiz kapaklard\u0131r. 5x10cm hidroponik boru kapa\u011f\u0131\",\"breadcrumb\":{\"@id\":\"https:\\\/\\\/hidroponikbahce.com\\\/market\\\/hidroponik-kanal-kapagi\\\/#breadcrumb\"},\"inLanguage\":\"en-US\",\"potentialAction\":[{\"@type\":\"ReadAction\",\"target\":[\"https:\\\/\\\/hidroponikbahce.com\\\/market\\\/hidroponik-kanal-kapagi\\\/\"]}]},{\"@type\":\"ImageObject\",\"inLanguage\":\"en-US\",\"@id\":\"https:\\\/\\\/hidroponikbahce.com\\\/market\\\/hidroponik-kanal-kapagi\\\/#primaryimage\",\"url\":\"https:\\\/\\\/i0.wp.com\\\/hidroponikbahce.net\\\/wp-content\\\/uploads\\\/2022\\\/12\\\/Hidroponik-Boru-Kapagi-3.jpeg?fit=672%2C554&ssl=1\",\"contentUrl\":\"https:\\\/\\\/i0.wp.com\\\/hidroponikbahce.net\\\/wp-content\\\/uploads\\\/2022\\\/12\\\/Hidroponik-Boru-Kapagi-3.jpeg?fit=672%2C554&ssl=1\",\"width\":672,\"height\":554,\"caption\":\"hidroponik k\u00f6\u015feli kanal boru kapa\u011f\u0131\"},{\"@type\":\"BreadcrumbList\",\"@id\":\"https:\\\/\\\/hidroponikbahce.com\\\/market\\\/hidroponik-kanal-kapagi\\\/#breadcrumb\",\"itemListElement\":[{\"@type\":\"ListItem\",\"position\":1,\"name\":\"Anasayfa\",\"item\":\"https:\\\/\\\/hidroponikbahce.net\\\/\"},{\"@type\":\"ListItem\",\"position\":2,\"name\":\"Market\",\"item\":\"https:\\\/\\\/hidroponikbahce.com\\\/market\\\/\"},{\"@type\":\"ListItem\",\"position\":3,\"name\":\"Hidroponik Kanal Kapa\u011f\u0131 \u2013 5x10cm\"}]},{\"@type\":\"WebSite\",\"@id\":\"https:\\\/\\\/hidroponikbahce.com\\\/#website\",\"url\":\"https:\\\/\\\/hidroponikbahce.com\\\/\",\"name\":\"Hidroponik Bah\u00e7e\",\"description\":\"Topraks\u0131z Tar\u0131m Sistemleri\",\"publisher\":{\"@id\":\"https:\\\/\\\/hidroponikbahce.com\\\/#organization\"},\"potentialAction\":[{\"@type\":\"SearchAction\",\"target\":{\"@type\":\"EntryPoint\",\"urlTemplate\":\"https:\\\/\\\/hidroponikbahce.com\\\/?s={search_term_string}\"},\"query-input\":{\"@type\":\"PropertyValueSpecification\",\"valueRequired\":true,\"valueName\":\"search_term_string\"}}],\"inLanguage\":\"en-US\"},{\"@type\":\"Organization\",\"@id\":\"https:\\\/\\\/hidroponikbahce.com\\\/#organization\",\"name\":\"Hidroponik Bah\u00e7e\",\"url\":\"https:\\\/\\\/hidroponikbahce.com\\\/\",\"logo\":{\"@type\":\"ImageObject\",\"inLanguage\":\"en-US\",\"@id\":\"https:\\\/\\\/hidroponikbahce.com\\\/#\\\/schema\\\/logo\\\/image\\\/\",\"url\":\"https:\\\/\\\/i0.wp.com\\\/hidroponikbahce.net\\\/wp-content\\\/uploads\\\/2022\\\/12\\\/Logo-Hidroponik-Bahce.png?fit=2000%2C350&ssl=1\",\"contentUrl\":\"https:\\\/\\\/i0.wp.com\\\/hidroponikbahce.net\\\/wp-content\\\/uploads\\\/2022\\\/12\\\/Logo-Hidroponik-Bahce.png?fit=2000%2C350&ssl=1\",\"width\":2000,\"height\":350,\"caption\":\"Hidroponik Bah\u00e7e\"},\"image\":{\"@id\":\"https:\\\/\\\/hidroponikbahce.com\\\/#\\\/schema\\\/logo\\\/image\\\/\"},\"sameAs\":[\"https:\\\/\\\/www.facebook.com\\\/hydroponic.farm.5\",\"https:\\\/\\\/www.instagram.com\\\/hydroponic_market\\\/\",\"https:\\\/\\\/tr-tr.facebook.com\\\/groups\\\/205584269848909\\\/?mibextid=6NoCDW\",\"https:\\\/\\\/www.linkedin.com\\\/in\\\/hydroponic-farm-farmer-academy-249b3b196\",\"https:\\\/\\\/www.youtube.com\\\/channel\\\/UCkiZ8fuHlNtao_MkEQRhN-A\"]}]}<\/script>\n<!-- \/ Yoast SEO plugin. -->","yoast_head_json":{"title":"Hidroponik Kanal Kapa\u011f\u0131 \u2013 5x10cm - Hidroponik Bah\u00e7e","description":"Topraks\u0131z tar\u0131m sistemlerinde hidroponik kanallar\u0131na takarak kullanabilece\u011finiz kapaklard\u0131r. 5x10cm hidroponik boru kapa\u011f\u0131","robots":{"index":"index","follow":"follow","max-snippet":"max-snippet:-1","max-image-preview":"max-image-preview:large","max-video-preview":"max-video-preview:-1"},"canonical":"https:\/\/hidroponikbahce.com\/market\/hidroponik-kanal-kapagi\/","og_locale":"en_US","og_type":"article","og_title":"Hidroponik Kanal Kapa\u011f\u0131 \u2013 5x10cm - Hidroponik Bah\u00e7e","og_description":"Topraks\u0131z tar\u0131m sistemlerinde hidroponik kanallar\u0131na takarak kullanabilece\u011finiz kapaklard\u0131r. 5x10cm hidroponik boru kapa\u011f\u0131","og_url":"https:\/\/hidroponikbahce.com\/market\/hidroponik-kanal-kapagi\/","og_site_name":"Hidroponik Bah\u00e7e","article_publisher":"https:\/\/www.facebook.com\/hydroponic.farm.5","article_modified_time":"2023-03-09T08:22:39+00:00","og_image":[{"width":672,"height":554,"url":"https:\/\/i0.wp.com\/hidroponikbahce.com\/wp-content\/uploads\/2022\/12\/Hidroponik-Boru-Kapagi-3.jpeg?fit=672%2C554&ssl=1","type":"image\/jpeg"}],"twitter_card":"summary_large_image","twitter_misc":{"Est. reading time":"1 minute"},"schema":{"@context":"https:\/\/schema.org","@graph":[{"@type":"WebPage","@id":"https:\/\/hidroponikbahce.com\/market\/hidroponik-kanal-kapagi\/","url":"https:\/\/hidroponikbahce.com\/market\/hidroponik-kanal-kapagi\/","name":"Hidroponik Kanal Kapa\u011f\u0131 \u2013 5x10cm - Hidroponik Bah\u00e7e","isPartOf":{"@id":"https:\/\/hidroponikbahce.com\/#website"},"primaryImageOfPage":{"@id":"https:\/\/hidroponikbahce.com\/market\/hidroponik-kanal-kapagi\/#primaryimage"},"image":{"@id":"https:\/\/hidroponikbahce.com\/market\/hidroponik-kanal-kapagi\/#primaryimage"},"thumbnailUrl":"https:\/\/i0.wp.com\/hidroponikbahce.net\/wp-content\/uploads\/2022\/12\/Hidroponik-Boru-Kapagi-3.jpeg?fit=672%2C554&ssl=1","datePublished":"2022-12-14T13:28:16+00:00","dateModified":"2023-03-09T08:22:39+00:00","description":"Topraks\u0131z tar\u0131m sistemlerinde hidroponik kanallar\u0131na takarak kullanabilece\u011finiz kapaklard\u0131r. 5x10cm hidroponik boru kapa\u011f\u0131","breadcrumb":{"@id":"https:\/\/hidroponikbahce.com\/market\/hidroponik-kanal-kapagi\/#breadcrumb"},"inLanguage":"en-US","potentialAction":[{"@type":"ReadAction","target":["https:\/\/hidroponikbahce.com\/market\/hidroponik-kanal-kapagi\/"]}]},{"@type":"ImageObject","inLanguage":"en-US","@id":"https:\/\/hidroponikbahce.com\/market\/hidroponik-kanal-kapagi\/#primaryimage","url":"https:\/\/i0.wp.com\/hidroponikbahce.net\/wp-content\/uploads\/2022\/12\/Hidroponik-Boru-Kapagi-3.jpeg?fit=672%2C554&ssl=1","contentUrl":"https:\/\/i0.wp.com\/hidroponikbahce.net\/wp-content\/uploads\/2022\/12\/Hidroponik-Boru-Kapagi-3.jpeg?fit=672%2C554&ssl=1","width":672,"height":554,"caption":"hidroponik k\u00f6\u015feli kanal boru kapa\u011f\u0131"},{"@type":"BreadcrumbList","@id":"https:\/\/hidroponikbahce.com\/market\/hidroponik-kanal-kapagi\/#breadcrumb","itemListElement":[{"@type":"ListItem","position":1,"name":"Anasayfa","item":"https:\/\/hidroponikbahce.net\/"},{"@type":"ListItem","position":2,"name":"Market","item":"https:\/\/hidroponikbahce.com\/market\/"},{"@type":"ListItem","position":3,"name":"Hidroponik Kanal Kapa\u011f\u0131 \u2013 5x10cm"}]},{"@type":"WebSite","@id":"https:\/\/hidroponikbahce.com\/#website","url":"https:\/\/hidroponikbahce.com\/","name":"Hidroponik Bah\u00e7e","description":"Soilless Agricultural Systems","publisher":{"@id":"https:\/\/hidroponikbahce.com\/#organization"},"potentialAction":[{"@type":"SearchAction","target":{"@type":"EntryPoint","urlTemplate":"https:\/\/hidroponikbahce.com\/?s={search_term_string}"},"query-input":{"@type":"PropertyValueSpecification","valueRequired":true,"valueName":"search_term_string"}}],"inLanguage":"en-US"},{"@type":"Organization","@id":"https:\/\/hidroponikbahce.com\/#organization","name":"Hidroponik Bah\u00e7e","url":"https:\/\/hidroponikbahce.com\/","logo":{"@type":"ImageObject","inLanguage":"en-US","@id":"https:\/\/hidroponikbahce.com\/#\/schema\/logo\/image\/","url":"https:\/\/i0.wp.com\/hidroponikbahce.net\/wp-content\/uploads\/2022\/12\/Logo-Hidroponik-Bahce.png?fit=2000%2C350&ssl=1","contentUrl":"https:\/\/i0.wp.com\/hidroponikbahce.net\/wp-content\/uploads\/2022\/12\/Logo-Hidroponik-Bahce.png?fit=2000%2C350&ssl=1","width":2000,"height":350,"caption":"Hidroponik Bah\u00e7e"},"image":{"@id":"https:\/\/hidroponikbahce.com\/#\/schema\/logo\/image\/"},"sameAs":["https:\/\/www.facebook.com\/hydroponic.farm.5","https:\/\/www.instagram.com\/hydroponic_market\/","https:\/\/tr-tr.facebook.com\/groups\/205584269848909\/?mibextid=6NoCDW","https:\/\/www.linkedin.com\/in\/hydroponic-farm-farmer-academy-249b3b196","https:\/\/www.youtube.com\/channel\/UCkiZ8fuHlNtao_MkEQRhN-A"]}]}},"tpgb_featured_images":{"full":["https:\/\/i0.wp.com\/hidroponikbahce.net\/wp-content\/uploads\/2022\/12\/Hidroponik-Boru-Kapagi-3.jpeg?fit=672%2C554&ssl=1",672,554,false],"tp-image-grid":["https:\/\/i0.wp.com\/hidroponikbahce.net\/wp-content\/uploads\/2022\/12\/Hidroponik-Boru-Kapagi-3.jpeg?resize=672%2C554&ssl=1",700,700,true],"thumbnail":["https:\/\/i0.wp.com\/hidroponikbahce.net\/wp-content\/uploads\/2022\/12\/Hidroponik-Boru-Kapagi-3.jpeg?resize=150%2C150&ssl=1",150,150,true],"medium":["https:\/\/i0.wp.com\/hidroponikbahce.net\/wp-content\/uploads\/2022\/12\/Hidroponik-Boru-Kapagi-3.jpeg?fit=300%2C247&ssl=1",300,247,true],"medium_large":["https:\/\/i0.wp.com\/hidroponikbahce.net\/wp-content\/uploads\/2022\/12\/Hidroponik-Boru-Kapagi-3.jpeg?fit=672%2C554&ssl=1",672,554,true],"large":["https:\/\/i0.wp.com\/hidroponikbahce.net\/wp-content\/uploads\/2022\/12\/Hidroponik-Boru-Kapagi-3.jpeg?fit=672%2C554&ssl=1",672,554,true],"default":"https:\/\/hidroponikbahce.net\/wp-content\/plugins\/the-plus-addons-for-block-editor\/assets\/images\/tpgb-placeholder.jpg"},"tpgb_post_meta_info":{"get_date":"December 14, 2022","get_modified_date":"March 9, 2023","category_list":{"product_brand":false,"product_cat":[{"term_id":22,"name":"Genel","slug":"genel","term_group":0,"term_taxonomy_id":22,"taxonomy":"product_cat","description":"Topraks\u0131z tar\u0131m ekipmanlar\u0131, toprak kullan\u0131m\u0131n\u0131 azaltarak verimlili\u011fi artt\u0131ran tar\u0131m makineleri ve ara\u00e7lar\u0131d\u0131r. Bu ekipmanlar topraks\u0131z tar\u0131m tekniklerini uygulamak i\u00e7in tasarland\u0131 ve genellikle topraks\u0131z tar\u0131m y\u00f6ntemlerinin uyguland\u0131\u011f\u0131 yerlerde kullan\u0131l\u0131r.","parent":0,"count":14,"filter":"raw"},{"term_id":243,"name":"Yeti\u015ftirme Zemini","slug":"yetistirme-zemini","term_group":0,"term_taxonomy_id":243,"taxonomy":"product_cat","description":"Topraks\u0131z tar\u0131mda bitkilerin yeti\u015febilmesi i\u00e7in ihtiya\u00e7 duyulan zemini olu\u015fturan ekipmanlard\u0131r.","parent":0,"count":5,"filter":"raw"}],"product_tag":[{"term_id":108,"name":"boru kapa\u011f\u0131","slug":"boru-kapagi","term_group":0,"term_taxonomy_id":108,"taxonomy":"product_tag","description":"","parent":0,"count":1,"filter":"raw"},{"term_id":109,"name":"dikd\u00f6rtgen kapak","slug":"dikdortgen-kapak","term_group":0,"term_taxonomy_id":109,"taxonomy":"product_tag","description":"","parent":0,"count":1,"filter":"raw"},{"term_id":105,"name":"hidroponik kapak","slug":"hidroponik-kapak","term_group":0,"term_taxonomy_id":105,"taxonomy":"product_tag","description":"","parent":0,"count":1,"filter":"raw"},{"term_id":106,"name":"kanal kapa\u011f\u0131","slug":"kanal-kapagi","term_group":0,"term_taxonomy_id":106,"taxonomy":"product_tag","description":"","parent":0,"count":1,"filter":"raw"},{"term_id":110,"name":"k\u00f6\u015feli kapak","slug":"koseli-kapak","term_group":0,"term_taxonomy_id":110,"taxonomy":"product_tag","description":"","parent":0,"count":1,"filter":"raw"},{"term_id":111,"name":"su borusu kapa\u011f\u0131","slug":"su-borusu-kapagi","term_group":0,"term_taxonomy_id":111,"taxonomy":"product_tag","description":"","parent":0,"count":1,"filter":"raw"},{"term_id":107,"name":"topraks\u0131z tar\u0131m boru kapa\u011f\u0131","slug":"topraksiz-tarim-boru-kapagi","term_group":0,"term_taxonomy_id":107,"taxonomy":"product_tag","description":"","parent":0,"count":1,"filter":"raw"}]},"comment_count":0,"post_likes":0,"post_views":0},"tpgb_post_category":{"product_cat":"<a href=\"https:\/\/hidroponikbahce.net\/en\/product-category\/genel\/\" alt=\"Genel\"  class=\"product_cat-genel\">Genel<\/a> <a href=\"https:\/\/hidroponikbahce.net\/en\/product-category\/yetistirme-zemini\/\" alt=\"Yeti\u015ftirme Zemini\"  class=\"product_cat-yetistirme-zemini\">Yeti\u015ftirme Zemini<\/a> ","product_tag":"<a href=\"https:\/\/hidroponikbahce.net\/en\/product-tag\/boru-kapagi\/\" alt=\"boru kapa\u011f\u0131\"  class=\"product_tag-boru-kapagi\">boru kapa\u011f\u0131<\/a> <a href=\"https:\/\/hidroponikbahce.net\/en\/product-tag\/dikdortgen-kapak\/\" alt=\"dikd\u00f6rtgen kapak\"  class=\"product_tag-dikdortgen-kapak\">dikd\u00f6rtgen kapak<\/a> <a href=\"https:\/\/hidroponikbahce.net\/en\/product-tag\/hidroponik-kapak\/\" alt=\"hidroponik kapak\"  class=\"product_tag-hidroponik-kapak\">hidroponik kapak<\/a> <a href=\"https:\/\/hidroponikbahce.net\/en\/product-tag\/kanal-kapagi\/\" alt=\"kanal kapa\u011f\u0131\"  class=\"product_tag-kanal-kapagi\">kanal kapa\u011f\u0131<\/a> <a href=\"https:\/\/hidroponikbahce.net\/en\/product-tag\/koseli-kapak\/\" alt=\"k\u00f6\u015feli kapak\"  class=\"product_tag-koseli-kapak\">k\u00f6\u015feli kapak<\/a> <a href=\"https:\/\/hidroponikbahce.net\/en\/product-tag\/su-borusu-kapagi\/\" alt=\"su borusu kapa\u011f\u0131\"  class=\"product_tag-su-borusu-kapagi\">su borusu kapa\u011f\u0131<\/a> <a href=\"https:\/\/hidroponikbahce.net\/en\/product-tag\/topraksiz-tarim-boru-kapagi\/\" alt=\"topraks\u0131z tar\u0131m boru kapa\u011f\u0131\"  class=\"product_tag-topraksiz-tarim-boru-kapagi\">topraks\u0131z tar\u0131m boru kapa\u011f\u0131<\/a> "},"tpgb_product_data":{"price_html":"<span class=\"woocs_price_code\" data-currency=\"\" data-redraw-id=\"69e106f9a558a\"  data-product-id=\"2055\"><span class=\"sale-price\"><del aria-hidden=\"true\"><span class=\"woocommerce-Price-amount amount\"><bdi>1,00<span class=\"woocommerce-Price-currencySymbol\">&#36;<\/span><\/bdi><\/span><\/del> <span class=\"screen-reader-text\">Original price was: 1,00&#036;.<\/span><ins aria-hidden=\"true\"><span class=\"woocommerce-Price-amount amount\"><bdi>0,97<span class=\"woocommerce-Price-currencySymbol\">&#36;<\/span><\/bdi><\/span><\/ins><span class=\"screen-reader-text\">Current price is: 0,97&#036;.<\/span><\/span><\/span>","type":"simple","gallery":["https:\/\/i0.wp.com\/hidroponikbahce.net\/wp-content\/uploads\/2022\/12\/Hidroponik-Boru-Kapagi-2.png?fit=742%2C1096&ssl=1",742,1096,false],"category":"Genel","procatslug":"genel","productBadge":"<span class=\"onsale\" data-shape=\"type-2\" >SATI\u015eTA!<\/span>"},"jetpack-related-posts":[],"jetpack_sharing_enabled":true,"_links":{"self":[{"href":"https:\/\/hidroponikbahce.net\/en\/wp-json\/wp\/v2\/product\/2055","targetHints":{"allow":["GET"]}}],"collection":[{"href":"https:\/\/hidroponikbahce.net\/en\/wp-json\/wp\/v2\/product"}],"about":[{"href":"https:\/\/hidroponikbahce.net\/en\/wp-json\/wp\/v2\/types\/product"}],"replies":[{"embeddable":true,"href":"https:\/\/hidroponikbahce.net\/en\/wp-json\/wp\/v2\/comments?post=2055"}],"wp:featuredmedia":[{"embeddable":true,"href":"https:\/\/hidroponikbahce.net\/en\/wp-json\/wp\/v2\/media\/2056"}],"wp:attachment":[{"href":"https:\/\/hidroponikbahce.net\/en\/wp-json\/wp\/v2\/media?parent=2055"}],"wp:term":[{"taxonomy":"product_brand","embeddable":true,"href":"https:\/\/hidroponikbahce.net\/en\/wp-json\/wp\/v2\/product_brand?post=2055"},{"taxonomy":"product_cat","embeddable":true,"href":"https:\/\/hidroponikbahce.net\/en\/wp-json\/wp\/v2\/product_cat?post=2055"},{"taxonomy":"product_tag","embeddable":true,"href":"https:\/\/hidroponikbahce.net\/en\/wp-json\/wp\/v2\/product_tag?post=2055"}],"curies":[{"name":"wp","href":"https:\/\/api.w.org\/{rel}","templated":true}]}}