{"id":2042,"date":"2022-12-14T15:00:01","date_gmt":"2022-12-14T12:00:01","guid":{"rendered":"https:\/\/hidroponikbahce.com\/?post_type=product&#038;p=2042"},"modified":"2023-03-09T11:27:27","modified_gmt":"2023-03-09T08:27:27","slug":"kokopit-cocopeat-100x12x12cm","status":"publish","type":"product","link":"https:\/\/hidroponikbahce.net\/en\/market\/kokopit-cocopeat-100x12x12cm\/","title":{"rendered":"Cocopeat - 100x12x12cm"},"content":{"rendered":"<p>Kokopit, topraks\u0131z tar\u0131m \u00e7ilek vb yeti\u015ftirmek i\u00e7in ihtiya\u00e7 duyulan k\u00f6k ortam\u0131d\u0131r.<\/p>\n<p>\u00dczerinde \u00e7ilek dikimi i\u00e7in 13 adet delik haz\u0131r a\u00e7\u0131lm\u0131\u015ft\u0131r.<\/p>\n<p>Su ile \u015fi\u015firildikten sonraki \u00f6l\u00e7\u00fc : 100x12x12cm 13 litre<\/p>\n<p>Nakliye \u00f6l\u00e7\u00fcs\u00fc : 100x12x4cm<\/p>","protected":false},"excerpt":{"rendered":"<p>Kokopit, topraks\u0131z tar\u0131m \u00e7ilek vb yeti\u015ftirmek i\u00e7in ihtiya\u00e7 duyulan k\u00f6k ortam\u0131d\u0131r.<\/p>\n<p>\u00dczerinde \u00e7ilek dikimi i\u00e7in 13 adet delik haz\u0131r a\u00e7\u0131lm\u0131\u015ft\u0131r.<\/p>\n<p>Su ile \u015fi\u015firildikten sonraki \u00f6l\u00e7\u00fc : 100x12x12cm 13 litre<\/p>\n<p>Nakliye \u00f6l\u00e7\u00fcs\u00fc : 100x12x4cm<\/p>","protected":false},"featured_media":2046,"comment_status":"open","ping_status":"closed","template":"","meta":{"tpgb_global_settings":"","_vp_format_video_url":"","_vp_image_focal_point":[]},"product_brand":[],"product_cat":[22,242],"product_tag":[54,88,87,86,89,91,90,84,83,85],"class_list":{"0":"post-2042","1":"product","2":"type-product","3":"status-publish","4":"has-post-thumbnail","6":"product_cat-genel","7":"product_cat-yetistirme-ortami","8":"product_tag-cilek","9":"product_tag-cilek-cocopeat","10":"product_tag-cilek-kokopit","11":"product_tag-cocopeat","12":"product_tag-cocopeat-ph","13":"product_tag-hindistan-cevizi-kabugu","14":"product_tag-kokopit-ec","15":"product_tag-paket-cocopeat","16":"product_tag-paket-kokopit","17":"product_tag-pocket-cocopeat","19":"first","20":"instock","21":"sale","22":"taxable","23":"shipping-taxable","24":"purchasable","25":"product-type-simple"},"yoast_head":"<!-- This site is optimized with the Yoast SEO plugin v27.4 - https:\/\/yoast.com\/product\/yoast-seo-wordpress\/ -->\n<title>Kokopit ( Cocopeat ) 100x12x12cm - Hidroponik Bah\u00e7e<\/title>\n<meta name=\"robots\" content=\"index, follow, max-snippet:-1, max-image-preview:large, max-video-preview:-1\" \/>\n<link rel=\"canonical\" href=\"https:\/\/hidroponikbahce.com\/market\/kokopit-cocopeat-100x12x12cm\/\" \/>\n<meta property=\"og:locale\" content=\"en_US\" \/>\n<meta property=\"og:type\" content=\"article\" \/>\n<meta property=\"og:title\" content=\"Kokopit ( Cocopeat ) 100x12x12cm - Hidroponik Bah\u00e7e\" \/>\n<meta property=\"og:description\" content=\"Kokopit, topraks\u0131z tar\u0131m \u00e7ilek vb yeti\u015ftirmek i\u00e7in ihtiya\u00e7 duyulan k\u00f6k ortam\u0131d\u0131r.  \u00dczerinde \u00e7ilek dikimi i\u00e7in 13 adet delik haz\u0131r a\u00e7\u0131lm\u0131\u015ft\u0131r.  Su ile \u015fi\u015firildikten sonraki \u00f6l\u00e7\u00fc : 100x12x12cm 13 litre  Nakliye \u00f6l\u00e7\u00fcs\u00fc : 100x12x4cm\" \/>\n<meta property=\"og:url\" content=\"https:\/\/hidroponikbahce.com\/market\/kokopit-cocopeat-100x12x12cm\/\" \/>\n<meta property=\"og:site_name\" content=\"Hidroponik Bah\u00e7e\" \/>\n<meta property=\"article:publisher\" content=\"https:\/\/www.facebook.com\/hydroponic.farm.5\" \/>\n<meta property=\"article:modified_time\" content=\"2023-03-09T08:27:27+00:00\" \/>\n<meta property=\"og:image\" content=\"https:\/\/i0.wp.com\/hidroponikbahce.com\/wp-content\/uploads\/2022\/12\/hindistan-cevizi-kabugu-cocopeat-torba-kare.jpg?fit=920%2C920&ssl=1\" \/>\n\t<meta property=\"og:image:width\" content=\"920\" \/>\n\t<meta property=\"og:image:height\" content=\"920\" \/>\n\t<meta property=\"og:image:type\" content=\"image\/jpeg\" \/>\n<meta name=\"twitter:card\" content=\"summary_large_image\" \/>\n<meta name=\"twitter:label1\" content=\"Est. reading time\" \/>\n\t<meta name=\"twitter:data1\" content=\"1 minute\" \/>\n<script type=\"application\/ld+json\" class=\"yoast-schema-graph\">{\"@context\":\"https:\\\/\\\/schema.org\",\"@graph\":[{\"@type\":\"WebPage\",\"@id\":\"https:\\\/\\\/hidroponikbahce.com\\\/market\\\/kokopit-cocopeat-100x12x12cm\\\/\",\"url\":\"https:\\\/\\\/hidroponikbahce.com\\\/market\\\/kokopit-cocopeat-100x12x12cm\\\/\",\"name\":\"Kokopit ( Cocopeat ) 100x12x12cm - Hidroponik Bah\u00e7e\",\"isPartOf\":{\"@id\":\"https:\\\/\\\/hidroponikbahce.com\\\/#website\"},\"primaryImageOfPage\":{\"@id\":\"https:\\\/\\\/hidroponikbahce.com\\\/market\\\/kokopit-cocopeat-100x12x12cm\\\/#primaryimage\"},\"image\":{\"@id\":\"https:\\\/\\\/hidroponikbahce.com\\\/market\\\/kokopit-cocopeat-100x12x12cm\\\/#primaryimage\"},\"thumbnailUrl\":\"https:\\\/\\\/i0.wp.com\\\/hidroponikbahce.net\\\/wp-content\\\/uploads\\\/2022\\\/12\\\/hindistan-cevizi-kabugu-cocopeat-torba-kare.jpg?fit=920%2C920&ssl=1\",\"datePublished\":\"2022-12-14T12:00:01+00:00\",\"dateModified\":\"2023-03-09T08:27:27+00:00\",\"breadcrumb\":{\"@id\":\"https:\\\/\\\/hidroponikbahce.com\\\/market\\\/kokopit-cocopeat-100x12x12cm\\\/#breadcrumb\"},\"inLanguage\":\"en-US\",\"potentialAction\":[{\"@type\":\"ReadAction\",\"target\":[\"https:\\\/\\\/hidroponikbahce.com\\\/market\\\/kokopit-cocopeat-100x12x12cm\\\/\"]}]},{\"@type\":\"ImageObject\",\"inLanguage\":\"en-US\",\"@id\":\"https:\\\/\\\/hidroponikbahce.com\\\/market\\\/kokopit-cocopeat-100x12x12cm\\\/#primaryimage\",\"url\":\"https:\\\/\\\/i0.wp.com\\\/hidroponikbahce.net\\\/wp-content\\\/uploads\\\/2022\\\/12\\\/hindistan-cevizi-kabugu-cocopeat-torba-kare.jpg?fit=920%2C920&ssl=1\",\"contentUrl\":\"https:\\\/\\\/i0.wp.com\\\/hidroponikbahce.net\\\/wp-content\\\/uploads\\\/2022\\\/12\\\/hindistan-cevizi-kabugu-cocopeat-torba-kare.jpg?fit=920%2C920&ssl=1\",\"width\":920,\"height\":920,\"caption\":\"uygun fiyatl\u0131 kokopit 13 delikli \u00e7ilek cocopeat\"},{\"@type\":\"BreadcrumbList\",\"@id\":\"https:\\\/\\\/hidroponikbahce.com\\\/market\\\/kokopit-cocopeat-100x12x12cm\\\/#breadcrumb\",\"itemListElement\":[{\"@type\":\"ListItem\",\"position\":1,\"name\":\"Anasayfa\",\"item\":\"https:\\\/\\\/hidroponikbahce.net\\\/\"},{\"@type\":\"ListItem\",\"position\":2,\"name\":\"Market\",\"item\":\"https:\\\/\\\/hidroponikbahce.com\\\/market\\\/\"},{\"@type\":\"ListItem\",\"position\":3,\"name\":\"Kokopit ( Cocopeat ) 100x12x12cm\"}]},{\"@type\":\"WebSite\",\"@id\":\"https:\\\/\\\/hidroponikbahce.com\\\/#website\",\"url\":\"https:\\\/\\\/hidroponikbahce.com\\\/\",\"name\":\"Hidroponik Bah\u00e7e\",\"description\":\"Topraks\u0131z Tar\u0131m Sistemleri\",\"publisher\":{\"@id\":\"https:\\\/\\\/hidroponikbahce.com\\\/#organization\"},\"potentialAction\":[{\"@type\":\"SearchAction\",\"target\":{\"@type\":\"EntryPoint\",\"urlTemplate\":\"https:\\\/\\\/hidroponikbahce.com\\\/?s={search_term_string}\"},\"query-input\":{\"@type\":\"PropertyValueSpecification\",\"valueRequired\":true,\"valueName\":\"search_term_string\"}}],\"inLanguage\":\"en-US\"},{\"@type\":\"Organization\",\"@id\":\"https:\\\/\\\/hidroponikbahce.com\\\/#organization\",\"name\":\"Hidroponik Bah\u00e7e\",\"url\":\"https:\\\/\\\/hidroponikbahce.com\\\/\",\"logo\":{\"@type\":\"ImageObject\",\"inLanguage\":\"en-US\",\"@id\":\"https:\\\/\\\/hidroponikbahce.com\\\/#\\\/schema\\\/logo\\\/image\\\/\",\"url\":\"https:\\\/\\\/i0.wp.com\\\/hidroponikbahce.net\\\/wp-content\\\/uploads\\\/2022\\\/12\\\/Logo-Hidroponik-Bahce.png?fit=2000%2C350&ssl=1\",\"contentUrl\":\"https:\\\/\\\/i0.wp.com\\\/hidroponikbahce.net\\\/wp-content\\\/uploads\\\/2022\\\/12\\\/Logo-Hidroponik-Bahce.png?fit=2000%2C350&ssl=1\",\"width\":2000,\"height\":350,\"caption\":\"Hidroponik Bah\u00e7e\"},\"image\":{\"@id\":\"https:\\\/\\\/hidroponikbahce.com\\\/#\\\/schema\\\/logo\\\/image\\\/\"},\"sameAs\":[\"https:\\\/\\\/www.facebook.com\\\/hydroponic.farm.5\",\"https:\\\/\\\/www.instagram.com\\\/hydroponic_market\\\/\",\"https:\\\/\\\/tr-tr.facebook.com\\\/groups\\\/205584269848909\\\/?mibextid=6NoCDW\",\"https:\\\/\\\/www.linkedin.com\\\/in\\\/hydroponic-farm-farmer-academy-249b3b196\",\"https:\\\/\\\/www.youtube.com\\\/channel\\\/UCkiZ8fuHlNtao_MkEQRhN-A\"]}]}<\/script>\n<!-- \/ Yoast SEO plugin. -->","yoast_head_json":{"title":"Kokopit ( Cocopeat ) 100x12x12cm - Hidroponik Bah\u00e7e","robots":{"index":"index","follow":"follow","max-snippet":"max-snippet:-1","max-image-preview":"max-image-preview:large","max-video-preview":"max-video-preview:-1"},"canonical":"https:\/\/hidroponikbahce.com\/market\/kokopit-cocopeat-100x12x12cm\/","og_locale":"en_US","og_type":"article","og_title":"Kokopit ( Cocopeat ) 100x12x12cm - Hidroponik Bah\u00e7e","og_description":"Kokopit, topraks\u0131z tar\u0131m \u00e7ilek vb yeti\u015ftirmek i\u00e7in ihtiya\u00e7 duyulan k\u00f6k ortam\u0131d\u0131r.  \u00dczerinde \u00e7ilek dikimi i\u00e7in 13 adet delik haz\u0131r a\u00e7\u0131lm\u0131\u015ft\u0131r.  Su ile \u015fi\u015firildikten sonraki \u00f6l\u00e7\u00fc : 100x12x12cm 13 litre  Nakliye \u00f6l\u00e7\u00fcs\u00fc : 100x12x4cm","og_url":"https:\/\/hidroponikbahce.com\/market\/kokopit-cocopeat-100x12x12cm\/","og_site_name":"Hidroponik Bah\u00e7e","article_publisher":"https:\/\/www.facebook.com\/hydroponic.farm.5","article_modified_time":"2023-03-09T08:27:27+00:00","og_image":[{"width":920,"height":920,"url":"https:\/\/i0.wp.com\/hidroponikbahce.com\/wp-content\/uploads\/2022\/12\/hindistan-cevizi-kabugu-cocopeat-torba-kare.jpg?fit=920%2C920&ssl=1","type":"image\/jpeg"}],"twitter_card":"summary_large_image","twitter_misc":{"Est. reading time":"1 minute"},"schema":{"@context":"https:\/\/schema.org","@graph":[{"@type":"WebPage","@id":"https:\/\/hidroponikbahce.com\/market\/kokopit-cocopeat-100x12x12cm\/","url":"https:\/\/hidroponikbahce.com\/market\/kokopit-cocopeat-100x12x12cm\/","name":"Kokopit ( Cocopeat ) 100x12x12cm - Hidroponik Bah\u00e7e","isPartOf":{"@id":"https:\/\/hidroponikbahce.com\/#website"},"primaryImageOfPage":{"@id":"https:\/\/hidroponikbahce.com\/market\/kokopit-cocopeat-100x12x12cm\/#primaryimage"},"image":{"@id":"https:\/\/hidroponikbahce.com\/market\/kokopit-cocopeat-100x12x12cm\/#primaryimage"},"thumbnailUrl":"https:\/\/i0.wp.com\/hidroponikbahce.net\/wp-content\/uploads\/2022\/12\/hindistan-cevizi-kabugu-cocopeat-torba-kare.jpg?fit=920%2C920&ssl=1","datePublished":"2022-12-14T12:00:01+00:00","dateModified":"2023-03-09T08:27:27+00:00","breadcrumb":{"@id":"https:\/\/hidroponikbahce.com\/market\/kokopit-cocopeat-100x12x12cm\/#breadcrumb"},"inLanguage":"en-US","potentialAction":[{"@type":"ReadAction","target":["https:\/\/hidroponikbahce.com\/market\/kokopit-cocopeat-100x12x12cm\/"]}]},{"@type":"ImageObject","inLanguage":"en-US","@id":"https:\/\/hidroponikbahce.com\/market\/kokopit-cocopeat-100x12x12cm\/#primaryimage","url":"https:\/\/i0.wp.com\/hidroponikbahce.net\/wp-content\/uploads\/2022\/12\/hindistan-cevizi-kabugu-cocopeat-torba-kare.jpg?fit=920%2C920&ssl=1","contentUrl":"https:\/\/i0.wp.com\/hidroponikbahce.net\/wp-content\/uploads\/2022\/12\/hindistan-cevizi-kabugu-cocopeat-torba-kare.jpg?fit=920%2C920&ssl=1","width":920,"height":920,"caption":"uygun fiyatl\u0131 kokopit 13 delikli \u00e7ilek cocopeat"},{"@type":"BreadcrumbList","@id":"https:\/\/hidroponikbahce.com\/market\/kokopit-cocopeat-100x12x12cm\/#breadcrumb","itemListElement":[{"@type":"ListItem","position":1,"name":"Anasayfa","item":"https:\/\/hidroponikbahce.net\/"},{"@type":"ListItem","position":2,"name":"Market","item":"https:\/\/hidroponikbahce.com\/market\/"},{"@type":"ListItem","position":3,"name":"Kokopit ( Cocopeat ) 100x12x12cm"}]},{"@type":"WebSite","@id":"https:\/\/hidroponikbahce.com\/#website","url":"https:\/\/hidroponikbahce.com\/","name":"Hidroponik Bah\u00e7e","description":"Soilless Agricultural Systems","publisher":{"@id":"https:\/\/hidroponikbahce.com\/#organization"},"potentialAction":[{"@type":"SearchAction","target":{"@type":"EntryPoint","urlTemplate":"https:\/\/hidroponikbahce.com\/?s={search_term_string}"},"query-input":{"@type":"PropertyValueSpecification","valueRequired":true,"valueName":"search_term_string"}}],"inLanguage":"en-US"},{"@type":"Organization","@id":"https:\/\/hidroponikbahce.com\/#organization","name":"Hidroponik Bah\u00e7e","url":"https:\/\/hidroponikbahce.com\/","logo":{"@type":"ImageObject","inLanguage":"en-US","@id":"https:\/\/hidroponikbahce.com\/#\/schema\/logo\/image\/","url":"https:\/\/i0.wp.com\/hidroponikbahce.net\/wp-content\/uploads\/2022\/12\/Logo-Hidroponik-Bahce.png?fit=2000%2C350&ssl=1","contentUrl":"https:\/\/i0.wp.com\/hidroponikbahce.net\/wp-content\/uploads\/2022\/12\/Logo-Hidroponik-Bahce.png?fit=2000%2C350&ssl=1","width":2000,"height":350,"caption":"Hidroponik Bah\u00e7e"},"image":{"@id":"https:\/\/hidroponikbahce.com\/#\/schema\/logo\/image\/"},"sameAs":["https:\/\/www.facebook.com\/hydroponic.farm.5","https:\/\/www.instagram.com\/hydroponic_market\/","https:\/\/tr-tr.facebook.com\/groups\/205584269848909\/?mibextid=6NoCDW","https:\/\/www.linkedin.com\/in\/hydroponic-farm-farmer-academy-249b3b196","https:\/\/www.youtube.com\/channel\/UCkiZ8fuHlNtao_MkEQRhN-A"]}]}},"tpgb_featured_images":{"full":["https:\/\/i0.wp.com\/hidroponikbahce.net\/wp-content\/uploads\/2022\/12\/hindistan-cevizi-kabugu-cocopeat-torba-kare.jpg?fit=920%2C920&ssl=1",920,920,false],"tp-image-grid":["https:\/\/i0.wp.com\/hidroponikbahce.net\/wp-content\/uploads\/2022\/12\/hindistan-cevizi-kabugu-cocopeat-torba-kare.jpg?resize=700%2C700&ssl=1",700,700,true],"thumbnail":["https:\/\/i0.wp.com\/hidroponikbahce.net\/wp-content\/uploads\/2022\/12\/hindistan-cevizi-kabugu-cocopeat-torba-kare.jpg?resize=150%2C150&ssl=1",150,150,true],"medium":["https:\/\/i0.wp.com\/hidroponikbahce.net\/wp-content\/uploads\/2022\/12\/hindistan-cevizi-kabugu-cocopeat-torba-kare.jpg?fit=300%2C300&ssl=1",300,300,true],"medium_large":["https:\/\/i0.wp.com\/hidroponikbahce.net\/wp-content\/uploads\/2022\/12\/hindistan-cevizi-kabugu-cocopeat-torba-kare.jpg?fit=768%2C768&ssl=1",768,768,true],"large":["https:\/\/i0.wp.com\/hidroponikbahce.net\/wp-content\/uploads\/2022\/12\/hindistan-cevizi-kabugu-cocopeat-torba-kare.jpg?fit=920%2C920&ssl=1",920,920,true],"default":"https:\/\/hidroponikbahce.net\/wp-content\/plugins\/the-plus-addons-for-block-editor\/assets\/images\/tpgb-placeholder.jpg"},"tpgb_post_meta_info":{"get_date":"December 14, 2022","get_modified_date":"March 9, 2023","category_list":{"product_brand":false,"product_cat":[{"term_id":22,"name":"Genel","slug":"genel","term_group":0,"term_taxonomy_id":22,"taxonomy":"product_cat","description":"Topraks\u0131z tar\u0131m ekipmanlar\u0131, toprak kullan\u0131m\u0131n\u0131 azaltarak verimlili\u011fi artt\u0131ran tar\u0131m makineleri ve ara\u00e7lar\u0131d\u0131r. Bu ekipmanlar topraks\u0131z tar\u0131m tekniklerini uygulamak i\u00e7in tasarland\u0131 ve genellikle topraks\u0131z tar\u0131m y\u00f6ntemlerinin uyguland\u0131\u011f\u0131 yerlerde kullan\u0131l\u0131r.","parent":0,"count":14,"filter":"raw"},{"term_id":242,"name":"Yeti\u015ftirme Ortam\u0131","slug":"yetistirme-ortami","term_group":0,"term_taxonomy_id":242,"taxonomy":"product_cat","description":"Topraks\u0131z tar\u0131m bitkilerin yeti\u015fmesi i\u00e7in ihtiya\u00e7 duyulan bitki k\u00f6k ortam\u0131 \u00fcr\u00fcnlerinin yer ald\u0131\u011f\u0131 kategoridir","parent":0,"count":5,"filter":"raw"}],"product_tag":[{"term_id":54,"name":"\u00e7ilek","slug":"cilek","term_group":0,"term_taxonomy_id":54,"taxonomy":"product_tag","description":"","parent":0,"count":3,"filter":"raw"},{"term_id":88,"name":"\u00e7ilek cocopeat","slug":"cilek-cocopeat","term_group":0,"term_taxonomy_id":88,"taxonomy":"product_tag","description":"","parent":0,"count":1,"filter":"raw"},{"term_id":87,"name":"\u00e7ilek kokopit","slug":"cilek-kokopit","term_group":0,"term_taxonomy_id":87,"taxonomy":"product_tag","description":"","parent":0,"count":2,"filter":"raw"},{"term_id":86,"name":"cocopeat","slug":"cocopeat","term_group":0,"term_taxonomy_id":86,"taxonomy":"product_tag","description":"","parent":0,"count":2,"filter":"raw"},{"term_id":89,"name":"cocopeat ph","slug":"cocopeat-ph","term_group":0,"term_taxonomy_id":89,"taxonomy":"product_tag","description":"","parent":0,"count":1,"filter":"raw"},{"term_id":91,"name":"hindistan cevizi kabu\u011fu","slug":"hindistan-cevizi-kabugu","term_group":0,"term_taxonomy_id":91,"taxonomy":"product_tag","description":"","parent":0,"count":2,"filter":"raw"},{"term_id":90,"name":"kokopit ec","slug":"kokopit-ec","term_group":0,"term_taxonomy_id":90,"taxonomy":"product_tag","description":"","parent":0,"count":1,"filter":"raw"},{"term_id":84,"name":"paket cocopeat","slug":"paket-cocopeat","term_group":0,"term_taxonomy_id":84,"taxonomy":"product_tag","description":"","parent":0,"count":1,"filter":"raw"},{"term_id":83,"name":"paket kokopit","slug":"paket-kokopit","term_group":0,"term_taxonomy_id":83,"taxonomy":"product_tag","description":"","parent":0,"count":1,"filter":"raw"},{"term_id":85,"name":"pocket cocopeat","slug":"pocket-cocopeat","term_group":0,"term_taxonomy_id":85,"taxonomy":"product_tag","description":"","parent":0,"count":1,"filter":"raw"}]},"comment_count":0,"post_likes":0,"post_views":0},"tpgb_post_category":{"product_cat":"<a href=\"https:\/\/hidroponikbahce.net\/en\/product-category\/genel\/\" alt=\"Genel\"  class=\"product_cat-genel\">Genel<\/a> <a href=\"https:\/\/hidroponikbahce.net\/en\/product-category\/yetistirme-ortami\/\" alt=\"Yeti\u015ftirme Ortam\u0131\"  class=\"product_cat-yetistirme-ortami\">Yeti\u015ftirme Ortam\u0131<\/a> ","product_tag":"<a href=\"https:\/\/hidroponikbahce.net\/en\/product-tag\/cilek\/\" alt=\"\u00e7ilek\"  class=\"product_tag-cilek\">\u00e7ilek<\/a> <a href=\"https:\/\/hidroponikbahce.net\/en\/product-tag\/cilek-cocopeat\/\" alt=\"\u00e7ilek cocopeat\"  class=\"product_tag-cilek-cocopeat\">\u00e7ilek cocopeat<\/a> <a href=\"https:\/\/hidroponikbahce.net\/en\/product-tag\/cilek-kokopit\/\" alt=\"\u00e7ilek kokopit\"  class=\"product_tag-cilek-kokopit\">\u00e7ilek kokopit<\/a> <a href=\"https:\/\/hidroponikbahce.net\/en\/product-tag\/cocopeat\/\" alt=\"cocopeat\"  class=\"product_tag-cocopeat\">cocopeat<\/a> <a href=\"https:\/\/hidroponikbahce.net\/en\/product-tag\/cocopeat-ph\/\" alt=\"cocopeat ph\"  class=\"product_tag-cocopeat-ph\">cocopeat ph<\/a> <a href=\"https:\/\/hidroponikbahce.net\/en\/product-tag\/hindistan-cevizi-kabugu\/\" alt=\"hindistan cevizi kabu\u011fu\"  class=\"product_tag-hindistan-cevizi-kabugu\">hindistan cevizi kabu\u011fu<\/a> <a href=\"https:\/\/hidroponikbahce.net\/en\/product-tag\/kokopit-ec\/\" alt=\"kokopit ec\"  class=\"product_tag-kokopit-ec\">kokopit ec<\/a> <a href=\"https:\/\/hidroponikbahce.net\/en\/product-tag\/paket-cocopeat\/\" alt=\"paket cocopeat\"  class=\"product_tag-paket-cocopeat\">paket cocopeat<\/a> <a href=\"https:\/\/hidroponikbahce.net\/en\/product-tag\/paket-kokopit\/\" alt=\"paket kokopit\"  class=\"product_tag-paket-kokopit\">paket kokopit<\/a> <a href=\"https:\/\/hidroponikbahce.net\/en\/product-tag\/pocket-cocopeat\/\" alt=\"pocket cocopeat\"  class=\"product_tag-pocket-cocopeat\">pocket cocopeat<\/a> "},"tpgb_product_data":{"price_html":"<span class=\"woocs_price_code\" data-currency=\"\" data-redraw-id=\"69e0f443b531f\"  data-product-id=\"2042\"><span class=\"sale-price\"><del aria-hidden=\"true\"><span class=\"woocommerce-Price-amount amount\"><bdi>2,50<span class=\"woocommerce-Price-currencySymbol\">&#36;<\/span><\/bdi><\/span><\/del> <span class=\"screen-reader-text\">Original price was: 2,50&#036;.<\/span><ins aria-hidden=\"true\"><span class=\"woocommerce-Price-amount amount\"><bdi>2,38<span class=\"woocommerce-Price-currencySymbol\">&#36;<\/span><\/bdi><\/span><\/ins><span class=\"screen-reader-text\">Current price is: 2,38&#036;.<\/span><\/span><\/span>","type":"simple","gallery":["https:\/\/i0.wp.com\/hidroponikbahce.net\/wp-content\/uploads\/2022\/12\/Cilek-kokopiti.jpeg?fit=1200%2C1600&ssl=1",1200,1600,false],"category":"Genel","procatslug":"genel","productBadge":"<span class=\"onsale\" data-shape=\"type-2\" >SATI\u015eTA!<\/span>"},"jetpack-related-posts":[],"jetpack_sharing_enabled":true,"_links":{"self":[{"href":"https:\/\/hidroponikbahce.net\/en\/wp-json\/wp\/v2\/product\/2042","targetHints":{"allow":["GET"]}}],"collection":[{"href":"https:\/\/hidroponikbahce.net\/en\/wp-json\/wp\/v2\/product"}],"about":[{"href":"https:\/\/hidroponikbahce.net\/en\/wp-json\/wp\/v2\/types\/product"}],"replies":[{"embeddable":true,"href":"https:\/\/hidroponikbahce.net\/en\/wp-json\/wp\/v2\/comments?post=2042"}],"wp:featuredmedia":[{"embeddable":true,"href":"https:\/\/hidroponikbahce.net\/en\/wp-json\/wp\/v2\/media\/2046"}],"wp:attachment":[{"href":"https:\/\/hidroponikbahce.net\/en\/wp-json\/wp\/v2\/media?parent=2042"}],"wp:term":[{"taxonomy":"product_brand","embeddable":true,"href":"https:\/\/hidroponikbahce.net\/en\/wp-json\/wp\/v2\/product_brand?post=2042"},{"taxonomy":"product_cat","embeddable":true,"href":"https:\/\/hidroponikbahce.net\/en\/wp-json\/wp\/v2\/product_cat?post=2042"},{"taxonomy":"product_tag","embeddable":true,"href":"https:\/\/hidroponikbahce.net\/en\/wp-json\/wp\/v2\/product_tag?post=2042"}],"curies":[{"name":"wp","href":"https:\/\/api.w.org\/{rel}","templated":true}]}}