{"id":2040,"date":"2022-12-14T14:35:05","date_gmt":"2022-12-14T11:35:05","guid":{"rendered":"https:\/\/hidroponikbahce.com\/?post_type=product&#038;p=2040"},"modified":"2026-02-02T19:24:42","modified_gmt":"2026-02-02T16:24:42","slug":"kapakli-ve-delikli-hidroponik-kanal-5x10cm","status":"publish","type":"product","link":"https:\/\/hidroponikbahce.net\/en\/market\/kapakli-ve-delikli-hidroponik-kanal-5x10cm\/","title":{"rendered":"Hydroponic Duct with Lid and Hole \u2013 5x10cm"},"content":{"rendered":"<p>Topraks\u0131z tar\u0131m kanal\u0131 veya borusu, hidroponik boru olarak da duyabilece\u011finiz, \u00fcst kapa\u011f\u0131 \u00e7\u0131kabilir topraks\u0131z tar\u0131ma uygun dizayn edilmi\u015f delikli kanal borudur. Metre fiyat\u0131d\u0131r<\/p>","protected":false},"excerpt":{"rendered":"<p>Sulama borusu, Topraks\u0131z tar\u0131m kanal\u0131 veya borusu, hidroponik boru olarak da duyabilece\u011finiz, \u00fcst kapa\u011f\u0131 \u00e7\u0131kabilir topraks\u0131z tar\u0131ma uygun dizayn edilmi\u015f delikli kanal borudur<\/p>","protected":false},"featured_media":2041,"comment_status":"open","ping_status":"closed","template":"","meta":{"tpgb_global_settings":"","_vp_format_video_url":"","_vp_image_focal_point":[]},"product_brand":[],"product_cat":[22,243],"product_tag":[79,75,76,81,82,73,74,80,71,72,77,78],"class_list":{"0":"post-2040","1":"product","2":"type-product","3":"status-publish","4":"has-post-thumbnail","6":"product_cat-genel","7":"product_cat-yetistirme-zemini","8":"product_tag-5x10-cm-boru","9":"product_tag-delikli-boru","10":"product_tag-delikli-kanal","11":"product_tag-dikdortgen-boru","12":"product_tag-dikdortgen-kanal","13":"product_tag-hidroponik-boru","14":"product_tag-hidroponik-kanal","15":"product_tag-koseli-boru","16":"product_tag-nft-boru","17":"product_tag-nft-kanal","18":"product_tag-topraksiz-tarim-borusu","19":"product_tag-topraksiz-tarim-kanali","21":"first","22":"instock","23":"sale","24":"featured","25":"taxable","26":"shipping-taxable","27":"purchasable","28":"product-type-simple"},"yoast_head":"<!-- This site is optimized with the Yoast SEO plugin v27.4 - https:\/\/yoast.com\/product\/yoast-seo-wordpress\/ -->\n<title>Kapakl\u0131 ve Delikli Hidroponik Kanal \u2013 5x10cm - Hidroponik Bah\u00e7e<\/title>\n<meta name=\"description\" content=\"Topraks\u0131z tar\u0131m kanal\u0131 veya borusu, hidroponik boru olarak da duyabilece\u011finiz, \u00fcst kapa\u011f\u0131 \u00e7\u0131kabilir topraks\u0131z tar\u0131ma uygun dizayn edilmi\u015f delikli kanal boru\" \/>\n<meta name=\"robots\" content=\"index, follow, max-snippet:-1, max-image-preview:large, max-video-preview:-1\" \/>\n<link rel=\"canonical\" href=\"https:\/\/hidroponikbahce.com\/market\/kapakli-ve-delikli-hidroponik-kanal-5x10cm\/\" \/>\n<meta property=\"og:locale\" content=\"en_US\" \/>\n<meta property=\"og:type\" content=\"article\" \/>\n<meta property=\"og:title\" content=\"Kapakl\u0131 ve Delikli Hidroponik Kanal \u2013 5x10cm - Hidroponik Bah\u00e7e\" \/>\n<meta property=\"og:description\" content=\"Topraks\u0131z tar\u0131m kanal\u0131 veya borusu, hidroponik boru olarak da duyabilece\u011finiz, \u00fcst kapa\u011f\u0131 \u00e7\u0131kabilir topraks\u0131z tar\u0131ma uygun dizayn edilmi\u015f delikli kanal boru\" \/>\n<meta property=\"og:url\" content=\"https:\/\/hidroponikbahce.com\/market\/kapakli-ve-delikli-hidroponik-kanal-5x10cm\/\" \/>\n<meta property=\"og:site_name\" content=\"Hidroponik Bah\u00e7e\" \/>\n<meta property=\"article:publisher\" content=\"https:\/\/www.facebook.com\/hydroponic.farm.5\" \/>\n<meta property=\"article:modified_time\" content=\"2026-02-02T16:24:42+00:00\" \/>\n<meta property=\"og:image\" content=\"https:\/\/i0.wp.com\/hidroponikbahce.com\/wp-content\/uploads\/2022\/12\/Kapakli-NFT.png?fit=1098%2C1206&ssl=1\" \/>\n\t<meta property=\"og:image:width\" content=\"1098\" \/>\n\t<meta property=\"og:image:height\" content=\"1206\" \/>\n\t<meta property=\"og:image:type\" content=\"image\/png\" \/>\n<meta name=\"twitter:card\" content=\"summary_large_image\" \/>\n<meta name=\"twitter:label1\" content=\"Est. reading time\" \/>\n\t<meta name=\"twitter:data1\" content=\"1 minute\" \/>\n<script type=\"application\/ld+json\" class=\"yoast-schema-graph\">{\"@context\":\"https:\\\/\\\/schema.org\",\"@graph\":[{\"@type\":\"WebPage\",\"@id\":\"https:\\\/\\\/hidroponikbahce.com\\\/market\\\/kapakli-ve-delikli-hidroponik-kanal-5x10cm\\\/\",\"url\":\"https:\\\/\\\/hidroponikbahce.com\\\/market\\\/kapakli-ve-delikli-hidroponik-kanal-5x10cm\\\/\",\"name\":\"Kapakl\u0131 ve Delikli Hidroponik Kanal \u2013 5x10cm - Hidroponik Bah\u00e7e\",\"isPartOf\":{\"@id\":\"https:\\\/\\\/hidroponikbahce.com\\\/#website\"},\"primaryImageOfPage\":{\"@id\":\"https:\\\/\\\/hidroponikbahce.com\\\/market\\\/kapakli-ve-delikli-hidroponik-kanal-5x10cm\\\/#primaryimage\"},\"image\":{\"@id\":\"https:\\\/\\\/hidroponikbahce.com\\\/market\\\/kapakli-ve-delikli-hidroponik-kanal-5x10cm\\\/#primaryimage\"},\"thumbnailUrl\":\"https:\\\/\\\/i0.wp.com\\\/hidroponikbahce.net\\\/wp-content\\\/uploads\\\/2022\\\/12\\\/Kapakli-NFT.png?fit=1098%2C1206&ssl=1\",\"datePublished\":\"2022-12-14T11:35:05+00:00\",\"dateModified\":\"2026-02-02T16:24:42+00:00\",\"description\":\"Topraks\u0131z tar\u0131m kanal\u0131 veya borusu, hidroponik boru olarak da duyabilece\u011finiz, \u00fcst kapa\u011f\u0131 \u00e7\u0131kabilir topraks\u0131z tar\u0131ma uygun dizayn edilmi\u015f delikli kanal boru\",\"breadcrumb\":{\"@id\":\"https:\\\/\\\/hidroponikbahce.com\\\/market\\\/kapakli-ve-delikli-hidroponik-kanal-5x10cm\\\/#breadcrumb\"},\"inLanguage\":\"en-US\",\"potentialAction\":[{\"@type\":\"ReadAction\",\"target\":[\"https:\\\/\\\/hidroponikbahce.com\\\/market\\\/kapakli-ve-delikli-hidroponik-kanal-5x10cm\\\/\"]}]},{\"@type\":\"ImageObject\",\"inLanguage\":\"en-US\",\"@id\":\"https:\\\/\\\/hidroponikbahce.com\\\/market\\\/kapakli-ve-delikli-hidroponik-kanal-5x10cm\\\/#primaryimage\",\"url\":\"https:\\\/\\\/i0.wp.com\\\/hidroponikbahce.net\\\/wp-content\\\/uploads\\\/2022\\\/12\\\/Kapakli-NFT.png?fit=1098%2C1206&ssl=1\",\"contentUrl\":\"https:\\\/\\\/i0.wp.com\\\/hidroponikbahce.net\\\/wp-content\\\/uploads\\\/2022\\\/12\\\/Kapakli-NFT.png?fit=1098%2C1206&ssl=1\",\"width\":1098,\"height\":1206,\"caption\":\"hidroponik kanal topraks\u0131z tar\u0131m kanal\u0131 borusu 5x10 cm\"},{\"@type\":\"BreadcrumbList\",\"@id\":\"https:\\\/\\\/hidroponikbahce.com\\\/market\\\/kapakli-ve-delikli-hidroponik-kanal-5x10cm\\\/#breadcrumb\",\"itemListElement\":[{\"@type\":\"ListItem\",\"position\":1,\"name\":\"Anasayfa\",\"item\":\"https:\\\/\\\/hidroponikbahce.net\\\/\"},{\"@type\":\"ListItem\",\"position\":2,\"name\":\"Market\",\"item\":\"https:\\\/\\\/hidroponikbahce.com\\\/market\\\/\"},{\"@type\":\"ListItem\",\"position\":3,\"name\":\"Kapakl\u0131 ve Delikli Hidroponik Kanal \u2013 5x10cm\"}]},{\"@type\":\"WebSite\",\"@id\":\"https:\\\/\\\/hidroponikbahce.com\\\/#website\",\"url\":\"https:\\\/\\\/hidroponikbahce.com\\\/\",\"name\":\"Hidroponik Bah\u00e7e\",\"description\":\"Topraks\u0131z Tar\u0131m Sistemleri\",\"publisher\":{\"@id\":\"https:\\\/\\\/hidroponikbahce.com\\\/#organization\"},\"potentialAction\":[{\"@type\":\"SearchAction\",\"target\":{\"@type\":\"EntryPoint\",\"urlTemplate\":\"https:\\\/\\\/hidroponikbahce.com\\\/?s={search_term_string}\"},\"query-input\":{\"@type\":\"PropertyValueSpecification\",\"valueRequired\":true,\"valueName\":\"search_term_string\"}}],\"inLanguage\":\"en-US\"},{\"@type\":\"Organization\",\"@id\":\"https:\\\/\\\/hidroponikbahce.com\\\/#organization\",\"name\":\"Hidroponik Bah\u00e7e\",\"url\":\"https:\\\/\\\/hidroponikbahce.com\\\/\",\"logo\":{\"@type\":\"ImageObject\",\"inLanguage\":\"en-US\",\"@id\":\"https:\\\/\\\/hidroponikbahce.com\\\/#\\\/schema\\\/logo\\\/image\\\/\",\"url\":\"https:\\\/\\\/i0.wp.com\\\/hidroponikbahce.net\\\/wp-content\\\/uploads\\\/2022\\\/12\\\/Logo-Hidroponik-Bahce.png?fit=2000%2C350&ssl=1\",\"contentUrl\":\"https:\\\/\\\/i0.wp.com\\\/hidroponikbahce.net\\\/wp-content\\\/uploads\\\/2022\\\/12\\\/Logo-Hidroponik-Bahce.png?fit=2000%2C350&ssl=1\",\"width\":2000,\"height\":350,\"caption\":\"Hidroponik Bah\u00e7e\"},\"image\":{\"@id\":\"https:\\\/\\\/hidroponikbahce.com\\\/#\\\/schema\\\/logo\\\/image\\\/\"},\"sameAs\":[\"https:\\\/\\\/www.facebook.com\\\/hydroponic.farm.5\",\"https:\\\/\\\/www.instagram.com\\\/hydroponic_market\\\/\",\"https:\\\/\\\/tr-tr.facebook.com\\\/groups\\\/205584269848909\\\/?mibextid=6NoCDW\",\"https:\\\/\\\/www.linkedin.com\\\/in\\\/hydroponic-farm-farmer-academy-249b3b196\",\"https:\\\/\\\/www.youtube.com\\\/channel\\\/UCkiZ8fuHlNtao_MkEQRhN-A\"]}]}<\/script>\n<!-- \/ Yoast SEO plugin. -->","yoast_head_json":{"title":"Kapakl\u0131 ve Delikli Hidroponik Kanal \u2013 5x10cm - Hidroponik Bah\u00e7e","description":"Topraks\u0131z tar\u0131m kanal\u0131 veya borusu, hidroponik boru olarak da duyabilece\u011finiz, \u00fcst kapa\u011f\u0131 \u00e7\u0131kabilir topraks\u0131z tar\u0131ma uygun dizayn edilmi\u015f delikli kanal boru","robots":{"index":"index","follow":"follow","max-snippet":"max-snippet:-1","max-image-preview":"max-image-preview:large","max-video-preview":"max-video-preview:-1"},"canonical":"https:\/\/hidroponikbahce.com\/market\/kapakli-ve-delikli-hidroponik-kanal-5x10cm\/","og_locale":"en_US","og_type":"article","og_title":"Kapakl\u0131 ve Delikli Hidroponik Kanal \u2013 5x10cm - Hidroponik Bah\u00e7e","og_description":"Topraks\u0131z tar\u0131m kanal\u0131 veya borusu, hidroponik boru olarak da duyabilece\u011finiz, \u00fcst kapa\u011f\u0131 \u00e7\u0131kabilir topraks\u0131z tar\u0131ma uygun dizayn edilmi\u015f delikli kanal boru","og_url":"https:\/\/hidroponikbahce.com\/market\/kapakli-ve-delikli-hidroponik-kanal-5x10cm\/","og_site_name":"Hidroponik Bah\u00e7e","article_publisher":"https:\/\/www.facebook.com\/hydroponic.farm.5","article_modified_time":"2026-02-02T16:24:42+00:00","og_image":[{"width":1098,"height":1206,"url":"https:\/\/i0.wp.com\/hidroponikbahce.com\/wp-content\/uploads\/2022\/12\/Kapakli-NFT.png?fit=1098%2C1206&ssl=1","type":"image\/png"}],"twitter_card":"summary_large_image","twitter_misc":{"Est. reading time":"1 minute"},"schema":{"@context":"https:\/\/schema.org","@graph":[{"@type":"WebPage","@id":"https:\/\/hidroponikbahce.com\/market\/kapakli-ve-delikli-hidroponik-kanal-5x10cm\/","url":"https:\/\/hidroponikbahce.com\/market\/kapakli-ve-delikli-hidroponik-kanal-5x10cm\/","name":"Kapakl\u0131 ve Delikli Hidroponik Kanal \u2013 5x10cm - Hidroponik Bah\u00e7e","isPartOf":{"@id":"https:\/\/hidroponikbahce.com\/#website"},"primaryImageOfPage":{"@id":"https:\/\/hidroponikbahce.com\/market\/kapakli-ve-delikli-hidroponik-kanal-5x10cm\/#primaryimage"},"image":{"@id":"https:\/\/hidroponikbahce.com\/market\/kapakli-ve-delikli-hidroponik-kanal-5x10cm\/#primaryimage"},"thumbnailUrl":"https:\/\/i0.wp.com\/hidroponikbahce.net\/wp-content\/uploads\/2022\/12\/Kapakli-NFT.png?fit=1098%2C1206&ssl=1","datePublished":"2022-12-14T11:35:05+00:00","dateModified":"2026-02-02T16:24:42+00:00","description":"Topraks\u0131z tar\u0131m kanal\u0131 veya borusu, hidroponik boru olarak da duyabilece\u011finiz, \u00fcst kapa\u011f\u0131 \u00e7\u0131kabilir topraks\u0131z tar\u0131ma uygun dizayn edilmi\u015f delikli kanal boru","breadcrumb":{"@id":"https:\/\/hidroponikbahce.com\/market\/kapakli-ve-delikli-hidroponik-kanal-5x10cm\/#breadcrumb"},"inLanguage":"en-US","potentialAction":[{"@type":"ReadAction","target":["https:\/\/hidroponikbahce.com\/market\/kapakli-ve-delikli-hidroponik-kanal-5x10cm\/"]}]},{"@type":"ImageObject","inLanguage":"en-US","@id":"https:\/\/hidroponikbahce.com\/market\/kapakli-ve-delikli-hidroponik-kanal-5x10cm\/#primaryimage","url":"https:\/\/i0.wp.com\/hidroponikbahce.net\/wp-content\/uploads\/2022\/12\/Kapakli-NFT.png?fit=1098%2C1206&ssl=1","contentUrl":"https:\/\/i0.wp.com\/hidroponikbahce.net\/wp-content\/uploads\/2022\/12\/Kapakli-NFT.png?fit=1098%2C1206&ssl=1","width":1098,"height":1206,"caption":"hidroponik kanal topraks\u0131z tar\u0131m kanal\u0131 borusu 5x10 cm"},{"@type":"BreadcrumbList","@id":"https:\/\/hidroponikbahce.com\/market\/kapakli-ve-delikli-hidroponik-kanal-5x10cm\/#breadcrumb","itemListElement":[{"@type":"ListItem","position":1,"name":"Anasayfa","item":"https:\/\/hidroponikbahce.net\/"},{"@type":"ListItem","position":2,"name":"Market","item":"https:\/\/hidroponikbahce.com\/market\/"},{"@type":"ListItem","position":3,"name":"Kapakl\u0131 ve Delikli Hidroponik Kanal \u2013 5x10cm"}]},{"@type":"WebSite","@id":"https:\/\/hidroponikbahce.com\/#website","url":"https:\/\/hidroponikbahce.com\/","name":"Hidroponik Bah\u00e7e","description":"Soilless Agricultural Systems","publisher":{"@id":"https:\/\/hidroponikbahce.com\/#organization"},"potentialAction":[{"@type":"SearchAction","target":{"@type":"EntryPoint","urlTemplate":"https:\/\/hidroponikbahce.com\/?s={search_term_string}"},"query-input":{"@type":"PropertyValueSpecification","valueRequired":true,"valueName":"search_term_string"}}],"inLanguage":"en-US"},{"@type":"Organization","@id":"https:\/\/hidroponikbahce.com\/#organization","name":"Hidroponik Bah\u00e7e","url":"https:\/\/hidroponikbahce.com\/","logo":{"@type":"ImageObject","inLanguage":"en-US","@id":"https:\/\/hidroponikbahce.com\/#\/schema\/logo\/image\/","url":"https:\/\/i0.wp.com\/hidroponikbahce.net\/wp-content\/uploads\/2022\/12\/Logo-Hidroponik-Bahce.png?fit=2000%2C350&ssl=1","contentUrl":"https:\/\/i0.wp.com\/hidroponikbahce.net\/wp-content\/uploads\/2022\/12\/Logo-Hidroponik-Bahce.png?fit=2000%2C350&ssl=1","width":2000,"height":350,"caption":"Hidroponik Bah\u00e7e"},"image":{"@id":"https:\/\/hidroponikbahce.com\/#\/schema\/logo\/image\/"},"sameAs":["https:\/\/www.facebook.com\/hydroponic.farm.5","https:\/\/www.instagram.com\/hydroponic_market\/","https:\/\/tr-tr.facebook.com\/groups\/205584269848909\/?mibextid=6NoCDW","https:\/\/www.linkedin.com\/in\/hydroponic-farm-farmer-academy-249b3b196","https:\/\/www.youtube.com\/channel\/UCkiZ8fuHlNtao_MkEQRhN-A"]}]}},"tpgb_featured_images":{"full":["https:\/\/i0.wp.com\/hidroponikbahce.net\/wp-content\/uploads\/2022\/12\/Kapakli-NFT.png?fit=1098%2C1206&ssl=1",1098,1206,false],"tp-image-grid":["https:\/\/i0.wp.com\/hidroponikbahce.net\/wp-content\/uploads\/2022\/12\/Kapakli-NFT.png?resize=700%2C700&ssl=1",700,700,true],"thumbnail":["https:\/\/i0.wp.com\/hidroponikbahce.net\/wp-content\/uploads\/2022\/12\/Kapakli-NFT.png?resize=150%2C150&ssl=1",150,150,true],"medium":["https:\/\/i0.wp.com\/hidroponikbahce.net\/wp-content\/uploads\/2022\/12\/Kapakli-NFT.png?fit=273%2C300&ssl=1",273,300,true],"medium_large":["https:\/\/i0.wp.com\/hidroponikbahce.net\/wp-content\/uploads\/2022\/12\/Kapakli-NFT.png?fit=768%2C844&ssl=1",768,844,true],"large":["https:\/\/i0.wp.com\/hidroponikbahce.net\/wp-content\/uploads\/2022\/12\/Kapakli-NFT.png?fit=932%2C1024&ssl=1",932,1024,true],"default":"https:\/\/hidroponikbahce.net\/wp-content\/plugins\/the-plus-addons-for-block-editor\/assets\/images\/tpgb-placeholder.jpg"},"tpgb_post_meta_info":{"get_date":"December 14, 2022","get_modified_date":"February 2, 2026","category_list":{"product_brand":false,"product_cat":[{"term_id":22,"name":"Genel","slug":"genel","term_group":0,"term_taxonomy_id":22,"taxonomy":"product_cat","description":"Topraks\u0131z tar\u0131m ekipmanlar\u0131, toprak kullan\u0131m\u0131n\u0131 azaltarak verimlili\u011fi artt\u0131ran tar\u0131m makineleri ve ara\u00e7lar\u0131d\u0131r. Bu ekipmanlar topraks\u0131z tar\u0131m tekniklerini uygulamak i\u00e7in tasarland\u0131 ve genellikle topraks\u0131z tar\u0131m y\u00f6ntemlerinin uyguland\u0131\u011f\u0131 yerlerde kullan\u0131l\u0131r.","parent":0,"count":14,"filter":"raw"},{"term_id":243,"name":"Yeti\u015ftirme Zemini","slug":"yetistirme-zemini","term_group":0,"term_taxonomy_id":243,"taxonomy":"product_cat","description":"Topraks\u0131z tar\u0131mda bitkilerin yeti\u015febilmesi i\u00e7in ihtiya\u00e7 duyulan zemini olu\u015fturan ekipmanlard\u0131r.","parent":0,"count":5,"filter":"raw"}],"product_tag":[{"term_id":79,"name":"5x10 cm boru","slug":"5x10-cm-boru","term_group":0,"term_taxonomy_id":79,"taxonomy":"product_tag","description":"","parent":0,"count":1,"filter":"raw"},{"term_id":75,"name":"delikli boru","slug":"delikli-boru","term_group":0,"term_taxonomy_id":75,"taxonomy":"product_tag","description":"","parent":0,"count":2,"filter":"raw"},{"term_id":76,"name":"delikli kanal","slug":"delikli-kanal","term_group":0,"term_taxonomy_id":76,"taxonomy":"product_tag","description":"","parent":0,"count":1,"filter":"raw"},{"term_id":81,"name":"dikd\u00f6rtgen boru","slug":"dikdortgen-boru","term_group":0,"term_taxonomy_id":81,"taxonomy":"product_tag","description":"","parent":0,"count":2,"filter":"raw"},{"term_id":82,"name":"dikd\u00f6rtgen kanal","slug":"dikdortgen-kanal","term_group":0,"term_taxonomy_id":82,"taxonomy":"product_tag","description":"","parent":0,"count":2,"filter":"raw"},{"term_id":73,"name":"hidroponik boru","slug":"hidroponik-boru","term_group":0,"term_taxonomy_id":73,"taxonomy":"product_tag","description":"","parent":0,"count":4,"filter":"raw"},{"term_id":74,"name":"hidroponik kanal","slug":"hidroponik-kanal","term_group":0,"term_taxonomy_id":74,"taxonomy":"product_tag","description":"","parent":0,"count":4,"filter":"raw"},{"term_id":80,"name":"k\u00f6\u015feli boru","slug":"koseli-boru","term_group":0,"term_taxonomy_id":80,"taxonomy":"product_tag","description":"","parent":0,"count":2,"filter":"raw"},{"term_id":71,"name":"nft boru","slug":"nft-boru","term_group":0,"term_taxonomy_id":71,"taxonomy":"product_tag","description":"","parent":0,"count":1,"filter":"raw"},{"term_id":72,"name":"nft kanal","slug":"nft-kanal","term_group":0,"term_taxonomy_id":72,"taxonomy":"product_tag","description":"","parent":0,"count":1,"filter":"raw"},{"term_id":77,"name":"topraks\u0131z tar\u0131m borusu","slug":"topraksiz-tarim-borusu","term_group":0,"term_taxonomy_id":77,"taxonomy":"product_tag","description":"","parent":0,"count":2,"filter":"raw"},{"term_id":78,"name":"topraks\u0131z tar\u0131m kanal\u0131","slug":"topraksiz-tarim-kanali","term_group":0,"term_taxonomy_id":78,"taxonomy":"product_tag","description":"","parent":0,"count":2,"filter":"raw"}]},"comment_count":1,"post_likes":0,"post_views":0},"tpgb_post_category":{"product_cat":"<a href=\"https:\/\/hidroponikbahce.net\/en\/product-category\/genel\/\" alt=\"Genel\"  class=\"product_cat-genel\">Genel<\/a> <a href=\"https:\/\/hidroponikbahce.net\/en\/product-category\/yetistirme-zemini\/\" alt=\"Yeti\u015ftirme Zemini\"  class=\"product_cat-yetistirme-zemini\">Yeti\u015ftirme Zemini<\/a> ","product_tag":"<a href=\"https:\/\/hidroponikbahce.net\/en\/product-tag\/5x10-cm-boru\/\" alt=\"5x10 cm boru\"  class=\"product_tag-5x10-cm-boru\">5x10 cm boru<\/a> <a href=\"https:\/\/hidroponikbahce.net\/en\/product-tag\/delikli-boru\/\" alt=\"delikli boru\"  class=\"product_tag-delikli-boru\">delikli boru<\/a> <a href=\"https:\/\/hidroponikbahce.net\/en\/product-tag\/delikli-kanal\/\" alt=\"delikli kanal\"  class=\"product_tag-delikli-kanal\">delikli kanal<\/a> <a href=\"https:\/\/hidroponikbahce.net\/en\/product-tag\/dikdortgen-boru\/\" alt=\"dikd\u00f6rtgen boru\"  class=\"product_tag-dikdortgen-boru\">dikd\u00f6rtgen boru<\/a> <a href=\"https:\/\/hidroponikbahce.net\/en\/product-tag\/dikdortgen-kanal\/\" alt=\"dikd\u00f6rtgen kanal\"  class=\"product_tag-dikdortgen-kanal\">dikd\u00f6rtgen kanal<\/a> <a href=\"https:\/\/hidroponikbahce.net\/en\/product-tag\/hidroponik-boru\/\" alt=\"hidroponik boru\"  class=\"product_tag-hidroponik-boru\">hidroponik boru<\/a> <a href=\"https:\/\/hidroponikbahce.net\/en\/product-tag\/hidroponik-kanal\/\" alt=\"hidroponik kanal\"  class=\"product_tag-hidroponik-kanal\">hidroponik kanal<\/a> <a href=\"https:\/\/hidroponikbahce.net\/en\/product-tag\/koseli-boru\/\" alt=\"k\u00f6\u015feli boru\"  class=\"product_tag-koseli-boru\">k\u00f6\u015feli boru<\/a> <a href=\"https:\/\/hidroponikbahce.net\/en\/product-tag\/nft-boru\/\" alt=\"nft boru\"  class=\"product_tag-nft-boru\">nft boru<\/a> <a href=\"https:\/\/hidroponikbahce.net\/en\/product-tag\/nft-kanal\/\" alt=\"nft kanal\"  class=\"product_tag-nft-kanal\">nft kanal<\/a> <a href=\"https:\/\/hidroponikbahce.net\/en\/product-tag\/topraksiz-tarim-borusu\/\" alt=\"topraks\u0131z tar\u0131m borusu\"  class=\"product_tag-topraksiz-tarim-borusu\">topraks\u0131z tar\u0131m borusu<\/a> <a href=\"https:\/\/hidroponikbahce.net\/en\/product-tag\/topraksiz-tarim-kanali\/\" alt=\"topraks\u0131z tar\u0131m kanal\u0131\"  class=\"product_tag-topraksiz-tarim-kanali\">topraks\u0131z tar\u0131m kanal\u0131<\/a> "},"tpgb_product_data":{"price_html":"<span class=\"woocs_price_code\" data-currency=\"\" data-redraw-id=\"69e0f3f5f31d6\"  data-product-id=\"2040\"><span class=\"sale-price\"><del aria-hidden=\"true\"><span class=\"woocommerce-Price-amount amount\"><bdi>2,30<span class=\"woocommerce-Price-currencySymbol\">&#36;<\/span><\/bdi><\/span><\/del> <span class=\"screen-reader-text\">Original price was: 2,30&#036;.<\/span><ins aria-hidden=\"true\"><span class=\"woocommerce-Price-amount amount\"><bdi>2,20<span class=\"woocommerce-Price-currencySymbol\">&#36;<\/span><\/bdi><\/span><\/ins><span class=\"screen-reader-text\">Current price is: 2,20&#036;.<\/span><\/span><\/span>","type":"simple","gallery":false,"category":"Genel","procatslug":"genel","productBadge":"<span class=\"onsale\" data-shape=\"type-2\" >SATI\u015eTA!<\/span>"},"jetpack-related-posts":[],"jetpack_sharing_enabled":true,"_links":{"self":[{"href":"https:\/\/hidroponikbahce.net\/en\/wp-json\/wp\/v2\/product\/2040","targetHints":{"allow":["GET"]}}],"collection":[{"href":"https:\/\/hidroponikbahce.net\/en\/wp-json\/wp\/v2\/product"}],"about":[{"href":"https:\/\/hidroponikbahce.net\/en\/wp-json\/wp\/v2\/types\/product"}],"replies":[{"embeddable":true,"href":"https:\/\/hidroponikbahce.net\/en\/wp-json\/wp\/v2\/comments?post=2040"}],"wp:featuredmedia":[{"embeddable":true,"href":"https:\/\/hidroponikbahce.net\/en\/wp-json\/wp\/v2\/media\/2041"}],"wp:attachment":[{"href":"https:\/\/hidroponikbahce.net\/en\/wp-json\/wp\/v2\/media?parent=2040"}],"wp:term":[{"taxonomy":"product_brand","embeddable":true,"href":"https:\/\/hidroponikbahce.net\/en\/wp-json\/wp\/v2\/product_brand?post=2040"},{"taxonomy":"product_cat","embeddable":true,"href":"https:\/\/hidroponikbahce.net\/en\/wp-json\/wp\/v2\/product_cat?post=2040"},{"taxonomy":"product_tag","embeddable":true,"href":"https:\/\/hidroponikbahce.net\/en\/wp-json\/wp\/v2\/product_tag?post=2040"}],"curies":[{"name":"wp","href":"https:\/\/api.w.org\/{rel}","templated":true}]}}