{"id":2018,"date":"2022-12-14T10:38:28","date_gmt":"2022-12-14T07:38:28","guid":{"rendered":"https:\/\/hidroponikbahce.com\/?post_type=product&#038;p=2018"},"modified":"2023-03-09T11:36:38","modified_gmt":"2023-03-09T08:36:38","slug":"cilek-yetistiriciligi-profil-ayaklar-takim","status":"publish","type":"product","link":"https:\/\/hidroponikbahce.net\/en\/market\/cilek-yetistiriciligi-profil-ayaklar-takim\/","title":{"rendered":"Strawberry Cultivation - Profile Feet - Team"},"content":{"rendered":"<p>Topraks\u0131z tar\u0131m \u00e7ilek yeti\u015ftirme sistemlerinin temelini olu\u015fturan ayaklard\u0131r. Tak\u0131m \u015feklinde verilmektedir. \u00dczerine 3 boy \u00e7ilek olu\u011fu konulabilir.<\/p>","protected":false},"excerpt":{"rendered":"<p>Topraks\u0131z tar\u0131m \u00e7ilek yeti\u015ftirme sistemlerinin temelini olu\u015fturan ayaklard\u0131r. Tak\u0131m \u015feklinde verilmektedir. \u00dczerine 3 boy \u00e7ilek olu\u011fu konulabilir.<\/p>","protected":false},"featured_media":2019,"comment_status":"open","ping_status":"closed","template":"","meta":{"tpgb_global_settings":"","_vp_format_video_url":"","_vp_image_focal_point":[]},"product_brand":[],"product_cat":[22],"product_tag":[54,57,58,55,59,56,60],"class_list":{"0":"post-2018","1":"product","2":"type-product","3":"status-publish","4":"has-post-thumbnail","6":"product_cat-genel","7":"product_tag-cilek","8":"product_tag-cilek-aparati","9":"product_tag-cilek-askisi","10":"product_tag-cilek-demiri","11":"product_tag-cilek-olugu","12":"product_tag-cilek-profili","13":"product_tag-cilek-seti","15":"first","16":"instock","17":"sale","18":"taxable","19":"shipping-taxable","20":"purchasable","21":"product-type-simple"},"yoast_head":"<!-- This site is optimized with the Yoast SEO plugin v27.4 - https:\/\/yoast.com\/product\/yoast-seo-wordpress\/ -->\n<title>\u00c7ilek Yeti\u015ftiricili\u011fi \u2013 Profil Ayaklar \u2013 Tak\u0131m - Hidroponik Bah\u00e7e<\/title>\n<meta name=\"description\" content=\"\u00c7ilek profili topraks\u0131z tar\u0131m \u00e7ilek yeti\u015ftirme sistemlerinin temelini olu\u015fturan ayak. Tak\u0131m \u015feklinde verilmektedir. \u00dczerine 3 boy \u00e7ilek olu\u011fu konulabilir.\" \/>\n<meta name=\"robots\" content=\"index, follow, max-snippet:-1, max-image-preview:large, max-video-preview:-1\" \/>\n<link rel=\"canonical\" href=\"https:\/\/hidroponikbahce.com\/market\/cilek-yetistiriciligi-profil-ayaklar-takim\/\" \/>\n<meta property=\"og:locale\" content=\"en_US\" \/>\n<meta property=\"og:type\" content=\"article\" \/>\n<meta property=\"og:title\" content=\"\u00c7ilek Yeti\u015ftiricili\u011fi \u2013 Profil Ayaklar \u2013 Tak\u0131m - Hidroponik Bah\u00e7e\" \/>\n<meta property=\"og:description\" content=\"\u00c7ilek profili topraks\u0131z tar\u0131m \u00e7ilek yeti\u015ftirme sistemlerinin temelini olu\u015fturan ayak. Tak\u0131m \u015feklinde verilmektedir. \u00dczerine 3 boy \u00e7ilek olu\u011fu konulabilir.\" \/>\n<meta property=\"og:url\" content=\"https:\/\/hidroponikbahce.com\/market\/cilek-yetistiriciligi-profil-ayaklar-takim\/\" \/>\n<meta property=\"og:site_name\" content=\"Hidroponik Bah\u00e7e\" \/>\n<meta property=\"article:publisher\" content=\"https:\/\/www.facebook.com\/hydroponic.farm.5\" \/>\n<meta property=\"article:modified_time\" content=\"2023-03-09T08:36:38+00:00\" \/>\n<meta property=\"og:image\" content=\"https:\/\/i0.wp.com\/hidroponikbahce.com\/wp-content\/uploads\/2022\/12\/Cilek-Profili-1.jpeg?fit=720%2C960&ssl=1\" \/>\n\t<meta property=\"og:image:width\" content=\"720\" \/>\n\t<meta property=\"og:image:height\" content=\"960\" \/>\n\t<meta property=\"og:image:type\" content=\"image\/jpeg\" \/>\n<meta name=\"twitter:card\" content=\"summary_large_image\" \/>\n<meta name=\"twitter:label1\" content=\"Est. reading time\" \/>\n\t<meta name=\"twitter:data1\" content=\"1 minute\" \/>\n<script type=\"application\/ld+json\" class=\"yoast-schema-graph\">{\"@context\":\"https:\\\/\\\/schema.org\",\"@graph\":[{\"@type\":\"WebPage\",\"@id\":\"https:\\\/\\\/hidroponikbahce.com\\\/market\\\/cilek-yetistiriciligi-profil-ayaklar-takim\\\/\",\"url\":\"https:\\\/\\\/hidroponikbahce.com\\\/market\\\/cilek-yetistiriciligi-profil-ayaklar-takim\\\/\",\"name\":\"\u00c7ilek Yeti\u015ftiricili\u011fi \u2013 Profil Ayaklar \u2013 Tak\u0131m - Hidroponik Bah\u00e7e\",\"isPartOf\":{\"@id\":\"https:\\\/\\\/hidroponikbahce.com\\\/#website\"},\"primaryImageOfPage\":{\"@id\":\"https:\\\/\\\/hidroponikbahce.com\\\/market\\\/cilek-yetistiriciligi-profil-ayaklar-takim\\\/#primaryimage\"},\"image\":{\"@id\":\"https:\\\/\\\/hidroponikbahce.com\\\/market\\\/cilek-yetistiriciligi-profil-ayaklar-takim\\\/#primaryimage\"},\"thumbnailUrl\":\"https:\\\/\\\/i0.wp.com\\\/hidroponikbahce.net\\\/wp-content\\\/uploads\\\/2022\\\/12\\\/Cilek-Profili-1.jpeg?fit=720%2C960&ssl=1\",\"datePublished\":\"2022-12-14T07:38:28+00:00\",\"dateModified\":\"2023-03-09T08:36:38+00:00\",\"description\":\"\u00c7ilek profili topraks\u0131z tar\u0131m \u00e7ilek yeti\u015ftirme sistemlerinin temelini olu\u015fturan ayak. Tak\u0131m \u015feklinde verilmektedir. \u00dczerine 3 boy \u00e7ilek olu\u011fu konulabilir.\",\"breadcrumb\":{\"@id\":\"https:\\\/\\\/hidroponikbahce.com\\\/market\\\/cilek-yetistiriciligi-profil-ayaklar-takim\\\/#breadcrumb\"},\"inLanguage\":\"en-US\",\"potentialAction\":[{\"@type\":\"ReadAction\",\"target\":[\"https:\\\/\\\/hidroponikbahce.com\\\/market\\\/cilek-yetistiriciligi-profil-ayaklar-takim\\\/\"]}]},{\"@type\":\"ImageObject\",\"inLanguage\":\"en-US\",\"@id\":\"https:\\\/\\\/hidroponikbahce.com\\\/market\\\/cilek-yetistiriciligi-profil-ayaklar-takim\\\/#primaryimage\",\"url\":\"https:\\\/\\\/i0.wp.com\\\/hidroponikbahce.net\\\/wp-content\\\/uploads\\\/2022\\\/12\\\/Cilek-Profili-1.jpeg?fit=720%2C960&ssl=1\",\"contentUrl\":\"https:\\\/\\\/i0.wp.com\\\/hidroponikbahce.net\\\/wp-content\\\/uploads\\\/2022\\\/12\\\/Cilek-Profili-1.jpeg?fit=720%2C960&ssl=1\",\"width\":720,\"height\":960,\"caption\":\"\u00e7ilek yeti\u015ftirme aya\u011f\u0131 \u00e7ilek demiri \u00e7ilek profili\"},{\"@type\":\"BreadcrumbList\",\"@id\":\"https:\\\/\\\/hidroponikbahce.com\\\/market\\\/cilek-yetistiriciligi-profil-ayaklar-takim\\\/#breadcrumb\",\"itemListElement\":[{\"@type\":\"ListItem\",\"position\":1,\"name\":\"Anasayfa\",\"item\":\"https:\\\/\\\/hidroponikbahce.net\\\/\"},{\"@type\":\"ListItem\",\"position\":2,\"name\":\"Market\",\"item\":\"https:\\\/\\\/hidroponikbahce.com\\\/market\\\/\"},{\"@type\":\"ListItem\",\"position\":3,\"name\":\"\u00c7ilek Yeti\u015ftiricili\u011fi \u2013 Profil Ayaklar \u2013 Tak\u0131m\"}]},{\"@type\":\"WebSite\",\"@id\":\"https:\\\/\\\/hidroponikbahce.com\\\/#website\",\"url\":\"https:\\\/\\\/hidroponikbahce.com\\\/\",\"name\":\"Hidroponik Bah\u00e7e\",\"description\":\"Topraks\u0131z Tar\u0131m Sistemleri\",\"publisher\":{\"@id\":\"https:\\\/\\\/hidroponikbahce.com\\\/#organization\"},\"potentialAction\":[{\"@type\":\"SearchAction\",\"target\":{\"@type\":\"EntryPoint\",\"urlTemplate\":\"https:\\\/\\\/hidroponikbahce.com\\\/?s={search_term_string}\"},\"query-input\":{\"@type\":\"PropertyValueSpecification\",\"valueRequired\":true,\"valueName\":\"search_term_string\"}}],\"inLanguage\":\"en-US\"},{\"@type\":\"Organization\",\"@id\":\"https:\\\/\\\/hidroponikbahce.com\\\/#organization\",\"name\":\"Hidroponik Bah\u00e7e\",\"url\":\"https:\\\/\\\/hidroponikbahce.com\\\/\",\"logo\":{\"@type\":\"ImageObject\",\"inLanguage\":\"en-US\",\"@id\":\"https:\\\/\\\/hidroponikbahce.com\\\/#\\\/schema\\\/logo\\\/image\\\/\",\"url\":\"https:\\\/\\\/i0.wp.com\\\/hidroponikbahce.net\\\/wp-content\\\/uploads\\\/2022\\\/12\\\/Logo-Hidroponik-Bahce.png?fit=2000%2C350&ssl=1\",\"contentUrl\":\"https:\\\/\\\/i0.wp.com\\\/hidroponikbahce.net\\\/wp-content\\\/uploads\\\/2022\\\/12\\\/Logo-Hidroponik-Bahce.png?fit=2000%2C350&ssl=1\",\"width\":2000,\"height\":350,\"caption\":\"Hidroponik Bah\u00e7e\"},\"image\":{\"@id\":\"https:\\\/\\\/hidroponikbahce.com\\\/#\\\/schema\\\/logo\\\/image\\\/\"},\"sameAs\":[\"https:\\\/\\\/www.facebook.com\\\/hydroponic.farm.5\",\"https:\\\/\\\/www.instagram.com\\\/hydroponic_market\\\/\",\"https:\\\/\\\/tr-tr.facebook.com\\\/groups\\\/205584269848909\\\/?mibextid=6NoCDW\",\"https:\\\/\\\/www.linkedin.com\\\/in\\\/hydroponic-farm-farmer-academy-249b3b196\",\"https:\\\/\\\/www.youtube.com\\\/channel\\\/UCkiZ8fuHlNtao_MkEQRhN-A\"]}]}<\/script>\n<!-- \/ Yoast SEO plugin. -->","yoast_head_json":{"title":"\u00c7ilek Yeti\u015ftiricili\u011fi \u2013 Profil Ayaklar \u2013 Tak\u0131m - Hidroponik Bah\u00e7e","description":"\u00c7ilek profili topraks\u0131z tar\u0131m \u00e7ilek yeti\u015ftirme sistemlerinin temelini olu\u015fturan ayak. Tak\u0131m \u015feklinde verilmektedir. \u00dczerine 3 boy \u00e7ilek olu\u011fu konulabilir.","robots":{"index":"index","follow":"follow","max-snippet":"max-snippet:-1","max-image-preview":"max-image-preview:large","max-video-preview":"max-video-preview:-1"},"canonical":"https:\/\/hidroponikbahce.com\/market\/cilek-yetistiriciligi-profil-ayaklar-takim\/","og_locale":"en_US","og_type":"article","og_title":"\u00c7ilek Yeti\u015ftiricili\u011fi \u2013 Profil Ayaklar \u2013 Tak\u0131m - Hidroponik Bah\u00e7e","og_description":"\u00c7ilek profili topraks\u0131z tar\u0131m \u00e7ilek yeti\u015ftirme sistemlerinin temelini olu\u015fturan ayak. Tak\u0131m \u015feklinde verilmektedir. \u00dczerine 3 boy \u00e7ilek olu\u011fu konulabilir.","og_url":"https:\/\/hidroponikbahce.com\/market\/cilek-yetistiriciligi-profil-ayaklar-takim\/","og_site_name":"Hidroponik Bah\u00e7e","article_publisher":"https:\/\/www.facebook.com\/hydroponic.farm.5","article_modified_time":"2023-03-09T08:36:38+00:00","og_image":[{"width":720,"height":960,"url":"https:\/\/i0.wp.com\/hidroponikbahce.com\/wp-content\/uploads\/2022\/12\/Cilek-Profili-1.jpeg?fit=720%2C960&ssl=1","type":"image\/jpeg"}],"twitter_card":"summary_large_image","twitter_misc":{"Est. reading time":"1 minute"},"schema":{"@context":"https:\/\/schema.org","@graph":[{"@type":"WebPage","@id":"https:\/\/hidroponikbahce.com\/market\/cilek-yetistiriciligi-profil-ayaklar-takim\/","url":"https:\/\/hidroponikbahce.com\/market\/cilek-yetistiriciligi-profil-ayaklar-takim\/","name":"\u00c7ilek Yeti\u015ftiricili\u011fi \u2013 Profil Ayaklar \u2013 Tak\u0131m - Hidroponik Bah\u00e7e","isPartOf":{"@id":"https:\/\/hidroponikbahce.com\/#website"},"primaryImageOfPage":{"@id":"https:\/\/hidroponikbahce.com\/market\/cilek-yetistiriciligi-profil-ayaklar-takim\/#primaryimage"},"image":{"@id":"https:\/\/hidroponikbahce.com\/market\/cilek-yetistiriciligi-profil-ayaklar-takim\/#primaryimage"},"thumbnailUrl":"https:\/\/i0.wp.com\/hidroponikbahce.net\/wp-content\/uploads\/2022\/12\/Cilek-Profili-1.jpeg?fit=720%2C960&ssl=1","datePublished":"2022-12-14T07:38:28+00:00","dateModified":"2023-03-09T08:36:38+00:00","description":"\u00c7ilek profili topraks\u0131z tar\u0131m \u00e7ilek yeti\u015ftirme sistemlerinin temelini olu\u015fturan ayak. Tak\u0131m \u015feklinde verilmektedir. \u00dczerine 3 boy \u00e7ilek olu\u011fu konulabilir.","breadcrumb":{"@id":"https:\/\/hidroponikbahce.com\/market\/cilek-yetistiriciligi-profil-ayaklar-takim\/#breadcrumb"},"inLanguage":"en-US","potentialAction":[{"@type":"ReadAction","target":["https:\/\/hidroponikbahce.com\/market\/cilek-yetistiriciligi-profil-ayaklar-takim\/"]}]},{"@type":"ImageObject","inLanguage":"en-US","@id":"https:\/\/hidroponikbahce.com\/market\/cilek-yetistiriciligi-profil-ayaklar-takim\/#primaryimage","url":"https:\/\/i0.wp.com\/hidroponikbahce.net\/wp-content\/uploads\/2022\/12\/Cilek-Profili-1.jpeg?fit=720%2C960&ssl=1","contentUrl":"https:\/\/i0.wp.com\/hidroponikbahce.net\/wp-content\/uploads\/2022\/12\/Cilek-Profili-1.jpeg?fit=720%2C960&ssl=1","width":720,"height":960,"caption":"\u00e7ilek yeti\u015ftirme aya\u011f\u0131 \u00e7ilek demiri \u00e7ilek profili"},{"@type":"BreadcrumbList","@id":"https:\/\/hidroponikbahce.com\/market\/cilek-yetistiriciligi-profil-ayaklar-takim\/#breadcrumb","itemListElement":[{"@type":"ListItem","position":1,"name":"Anasayfa","item":"https:\/\/hidroponikbahce.net\/"},{"@type":"ListItem","position":2,"name":"Market","item":"https:\/\/hidroponikbahce.com\/market\/"},{"@type":"ListItem","position":3,"name":"\u00c7ilek Yeti\u015ftiricili\u011fi \u2013 Profil Ayaklar \u2013 Tak\u0131m"}]},{"@type":"WebSite","@id":"https:\/\/hidroponikbahce.com\/#website","url":"https:\/\/hidroponikbahce.com\/","name":"Hidroponik Bah\u00e7e","description":"Soilless Agricultural Systems","publisher":{"@id":"https:\/\/hidroponikbahce.com\/#organization"},"potentialAction":[{"@type":"SearchAction","target":{"@type":"EntryPoint","urlTemplate":"https:\/\/hidroponikbahce.com\/?s={search_term_string}"},"query-input":{"@type":"PropertyValueSpecification","valueRequired":true,"valueName":"search_term_string"}}],"inLanguage":"en-US"},{"@type":"Organization","@id":"https:\/\/hidroponikbahce.com\/#organization","name":"Hidroponik Bah\u00e7e","url":"https:\/\/hidroponikbahce.com\/","logo":{"@type":"ImageObject","inLanguage":"en-US","@id":"https:\/\/hidroponikbahce.com\/#\/schema\/logo\/image\/","url":"https:\/\/i0.wp.com\/hidroponikbahce.net\/wp-content\/uploads\/2022\/12\/Logo-Hidroponik-Bahce.png?fit=2000%2C350&ssl=1","contentUrl":"https:\/\/i0.wp.com\/hidroponikbahce.net\/wp-content\/uploads\/2022\/12\/Logo-Hidroponik-Bahce.png?fit=2000%2C350&ssl=1","width":2000,"height":350,"caption":"Hidroponik Bah\u00e7e"},"image":{"@id":"https:\/\/hidroponikbahce.com\/#\/schema\/logo\/image\/"},"sameAs":["https:\/\/www.facebook.com\/hydroponic.farm.5","https:\/\/www.instagram.com\/hydroponic_market\/","https:\/\/tr-tr.facebook.com\/groups\/205584269848909\/?mibextid=6NoCDW","https:\/\/www.linkedin.com\/in\/hydroponic-farm-farmer-academy-249b3b196","https:\/\/www.youtube.com\/channel\/UCkiZ8fuHlNtao_MkEQRhN-A"]}]}},"tpgb_featured_images":{"full":["https:\/\/i0.wp.com\/hidroponikbahce.net\/wp-content\/uploads\/2022\/12\/Cilek-Profili-1.jpeg?fit=720%2C960&ssl=1",720,960,false],"tp-image-grid":["https:\/\/i0.wp.com\/hidroponikbahce.net\/wp-content\/uploads\/2022\/12\/Cilek-Profili-1.jpeg?resize=700%2C700&ssl=1",700,700,true],"thumbnail":["https:\/\/i0.wp.com\/hidroponikbahce.net\/wp-content\/uploads\/2022\/12\/Cilek-Profili-1.jpeg?resize=150%2C150&ssl=1",150,150,true],"medium":["https:\/\/i0.wp.com\/hidroponikbahce.net\/wp-content\/uploads\/2022\/12\/Cilek-Profili-1.jpeg?fit=225%2C300&ssl=1",225,300,true],"medium_large":["https:\/\/i0.wp.com\/hidroponikbahce.net\/wp-content\/uploads\/2022\/12\/Cilek-Profili-1.jpeg?fit=720%2C960&ssl=1",720,960,true],"large":["https:\/\/i0.wp.com\/hidroponikbahce.net\/wp-content\/uploads\/2022\/12\/Cilek-Profili-1.jpeg?fit=720%2C960&ssl=1",720,960,true],"default":"https:\/\/hidroponikbahce.net\/wp-content\/plugins\/the-plus-addons-for-block-editor\/assets\/images\/tpgb-placeholder.jpg"},"tpgb_post_meta_info":{"get_date":"December 14, 2022","get_modified_date":"March 9, 2023","category_list":{"product_brand":false,"product_cat":[{"term_id":22,"name":"Genel","slug":"genel","term_group":0,"term_taxonomy_id":22,"taxonomy":"product_cat","description":"Topraks\u0131z tar\u0131m ekipmanlar\u0131, toprak kullan\u0131m\u0131n\u0131 azaltarak verimlili\u011fi artt\u0131ran tar\u0131m makineleri ve ara\u00e7lar\u0131d\u0131r. Bu ekipmanlar topraks\u0131z tar\u0131m tekniklerini uygulamak i\u00e7in tasarland\u0131 ve genellikle topraks\u0131z tar\u0131m y\u00f6ntemlerinin uyguland\u0131\u011f\u0131 yerlerde kullan\u0131l\u0131r.","parent":0,"count":14,"filter":"raw"}],"product_tag":[{"term_id":54,"name":"\u00e7ilek","slug":"cilek","term_group":0,"term_taxonomy_id":54,"taxonomy":"product_tag","description":"","parent":0,"count":3,"filter":"raw"},{"term_id":57,"name":"\u00e7ilek aparat\u0131","slug":"cilek-aparati","term_group":0,"term_taxonomy_id":57,"taxonomy":"product_tag","description":"","parent":0,"count":1,"filter":"raw"},{"term_id":58,"name":"\u00e7ilek ask\u0131s\u0131","slug":"cilek-askisi","term_group":0,"term_taxonomy_id":58,"taxonomy":"product_tag","description":"","parent":0,"count":1,"filter":"raw"},{"term_id":55,"name":"\u00e7ilek demiri","slug":"cilek-demiri","term_group":0,"term_taxonomy_id":55,"taxonomy":"product_tag","description":"","parent":0,"count":1,"filter":"raw"},{"term_id":59,"name":"\u00e7ilek olu\u011fu","slug":"cilek-olugu","term_group":0,"term_taxonomy_id":59,"taxonomy":"product_tag","description":"","parent":0,"count":1,"filter":"raw"},{"term_id":56,"name":"\u00e7ilek profili","slug":"cilek-profili","term_group":0,"term_taxonomy_id":56,"taxonomy":"product_tag","description":"","parent":0,"count":1,"filter":"raw"},{"term_id":60,"name":"\u00e7ilek seti","slug":"cilek-seti","term_group":0,"term_taxonomy_id":60,"taxonomy":"product_tag","description":"","parent":0,"count":1,"filter":"raw"}]},"comment_count":0,"post_likes":0,"post_views":0},"tpgb_post_category":{"product_cat":"<a href=\"https:\/\/hidroponikbahce.net\/en\/product-category\/genel\/\" alt=\"Genel\"  class=\"product_cat-genel\">Genel<\/a> ","product_tag":"<a href=\"https:\/\/hidroponikbahce.net\/en\/product-tag\/cilek\/\" alt=\"\u00e7ilek\"  class=\"product_tag-cilek\">\u00e7ilek<\/a> <a href=\"https:\/\/hidroponikbahce.net\/en\/product-tag\/cilek-aparati\/\" alt=\"\u00e7ilek aparat\u0131\"  class=\"product_tag-cilek-aparati\">\u00e7ilek aparat\u0131<\/a> <a href=\"https:\/\/hidroponikbahce.net\/en\/product-tag\/cilek-askisi\/\" alt=\"\u00e7ilek ask\u0131s\u0131\"  class=\"product_tag-cilek-askisi\">\u00e7ilek ask\u0131s\u0131<\/a> <a href=\"https:\/\/hidroponikbahce.net\/en\/product-tag\/cilek-demiri\/\" alt=\"\u00e7ilek demiri\"  class=\"product_tag-cilek-demiri\">\u00e7ilek demiri<\/a> <a href=\"https:\/\/hidroponikbahce.net\/en\/product-tag\/cilek-olugu\/\" alt=\"\u00e7ilek olu\u011fu\"  class=\"product_tag-cilek-olugu\">\u00e7ilek olu\u011fu<\/a> <a href=\"https:\/\/hidroponikbahce.net\/en\/product-tag\/cilek-profili\/\" alt=\"\u00e7ilek profili\"  class=\"product_tag-cilek-profili\">\u00e7ilek profili<\/a> <a href=\"https:\/\/hidroponikbahce.net\/en\/product-tag\/cilek-seti\/\" alt=\"\u00e7ilek seti\"  class=\"product_tag-cilek-seti\">\u00e7ilek seti<\/a> "},"tpgb_product_data":{"price_html":"<span class=\"woocs_price_code\" data-currency=\"\" data-redraw-id=\"69e0f74074f3e\"  data-product-id=\"2018\"><span class=\"sale-price\"><del aria-hidden=\"true\"><span class=\"woocommerce-Price-amount amount\"><bdi>3,80<span class=\"woocommerce-Price-currencySymbol\">&#36;<\/span><\/bdi><\/span><\/del> <span class=\"screen-reader-text\">Original price was: 3,80&#036;.<\/span><ins aria-hidden=\"true\"><span class=\"woocommerce-Price-amount amount\"><bdi>3,72<span class=\"woocommerce-Price-currencySymbol\">&#36;<\/span><\/bdi><\/span><\/ins><span class=\"screen-reader-text\">Current price is: 3,72&#036;.<\/span><\/span><\/span>","type":"simple","gallery":["https:\/\/i0.wp.com\/hidroponikbahce.net\/wp-content\/uploads\/2022\/12\/Cilek-Profili-5.jpeg?fit=960%2C720&ssl=1",960,720,false],"category":"Genel","procatslug":"genel","productBadge":"<span class=\"onsale\" data-shape=\"type-2\" >SATI\u015eTA!<\/span>"},"jetpack-related-posts":[],"jetpack_sharing_enabled":true,"_links":{"self":[{"href":"https:\/\/hidroponikbahce.net\/en\/wp-json\/wp\/v2\/product\/2018","targetHints":{"allow":["GET"]}}],"collection":[{"href":"https:\/\/hidroponikbahce.net\/en\/wp-json\/wp\/v2\/product"}],"about":[{"href":"https:\/\/hidroponikbahce.net\/en\/wp-json\/wp\/v2\/types\/product"}],"replies":[{"embeddable":true,"href":"https:\/\/hidroponikbahce.net\/en\/wp-json\/wp\/v2\/comments?post=2018"}],"wp:featuredmedia":[{"embeddable":true,"href":"https:\/\/hidroponikbahce.net\/en\/wp-json\/wp\/v2\/media\/2019"}],"wp:attachment":[{"href":"https:\/\/hidroponikbahce.net\/en\/wp-json\/wp\/v2\/media?parent=2018"}],"wp:term":[{"taxonomy":"product_brand","embeddable":true,"href":"https:\/\/hidroponikbahce.net\/en\/wp-json\/wp\/v2\/product_brand?post=2018"},{"taxonomy":"product_cat","embeddable":true,"href":"https:\/\/hidroponikbahce.net\/en\/wp-json\/wp\/v2\/product_cat?post=2018"},{"taxonomy":"product_tag","embeddable":true,"href":"https:\/\/hidroponikbahce.net\/en\/wp-json\/wp\/v2\/product_tag?post=2018"}],"curies":[{"name":"wp","href":"https:\/\/api.w.org\/{rel}","templated":true}]}}