{"id":1188,"date":"2022-12-05T16:42:21","date_gmt":"2022-12-05T13:42:21","guid":{"rendered":"https:\/\/hidroponikbahce.com\/?page_id=1188"},"modified":"2022-12-05T16:42:41","modified_gmt":"2022-12-05T13:42:41","slug":"galeri","status":"publish","type":"page","link":"https:\/\/hidroponikbahce.net\/en\/galeri\/","title":{"rendered":"Gallery"},"content":{"rendered":"","protected":false},"excerpt":{"rendered":"","protected":false},"author":1,"featured_media":0,"parent":0,"menu_order":0,"comment_status":"closed","ping_status":"closed","template":"","meta":{"tpgb_global_settings":"","_vp_format_video_url":"","_vp_image_focal_point":[],"footnotes":""},"class_list":["post-1188","page","type-page","status-publish","hentry"],"blocksy_meta":{"styles_descriptor":{"styles":{"desktop":"","tablet":"","mobile":""},"google_fonts":[],"version":5}},"yoast_head":"<!-- This site is optimized with the Yoast SEO plugin v27.4 - https:\/\/yoast.com\/product\/yoast-seo-wordpress\/ -->\n<title>Galeri - Hidroponik Bah\u00e7e<\/title>\n<meta name=\"robots\" content=\"index, follow, max-snippet:-1, max-image-preview:large, max-video-preview:-1\" \/>\n<link rel=\"canonical\" href=\"https:\/\/hidroponikbahce.com\/galeri\/\" \/>\n<meta property=\"og:locale\" content=\"en_US\" \/>\n<meta property=\"og:type\" content=\"article\" \/>\n<meta property=\"og:title\" content=\"Galeri - Hidroponik Bah\u00e7e\" \/>\n<meta property=\"og:url\" content=\"https:\/\/hidroponikbahce.com\/galeri\/\" \/>\n<meta property=\"og:site_name\" content=\"Hidroponik Bah\u00e7e\" \/>\n<meta property=\"article:publisher\" content=\"https:\/\/www.facebook.com\/hydroponic.farm.5\" \/>\n<meta property=\"article:modified_time\" content=\"2022-12-05T13:42:41+00:00\" \/>\n<meta name=\"twitter:card\" content=\"summary_large_image\" \/>\n<script type=\"application\/ld+json\" class=\"yoast-schema-graph\">{\"@context\":\"https:\\\/\\\/schema.org\",\"@graph\":[{\"@type\":\"WebPage\",\"@id\":\"https:\\\/\\\/hidroponikbahce.com\\\/galeri\\\/\",\"url\":\"https:\\\/\\\/hidroponikbahce.com\\\/galeri\\\/\",\"name\":\"Galeri - Hidroponik Bah\u00e7e\",\"isPartOf\":{\"@id\":\"https:\\\/\\\/hidroponikbahce.com\\\/#website\"},\"datePublished\":\"2022-12-05T13:42:21+00:00\",\"dateModified\":\"2022-12-05T13:42:41+00:00\",\"breadcrumb\":{\"@id\":\"https:\\\/\\\/hidroponikbahce.com\\\/galeri\\\/#breadcrumb\"},\"inLanguage\":\"en-US\",\"potentialAction\":[{\"@type\":\"ReadAction\",\"target\":[\"https:\\\/\\\/hidroponikbahce.com\\\/galeri\\\/\"]}]},{\"@type\":\"BreadcrumbList\",\"@id\":\"https:\\\/\\\/hidroponikbahce.com\\\/galeri\\\/#breadcrumb\",\"itemListElement\":[{\"@type\":\"ListItem\",\"position\":1,\"name\":\"Anasayfa\",\"item\":\"https:\\\/\\\/hidroponikbahce.net\\\/\"},{\"@type\":\"ListItem\",\"position\":2,\"name\":\"Galeri\"}]},{\"@type\":\"WebSite\",\"@id\":\"https:\\\/\\\/hidroponikbahce.com\\\/#website\",\"url\":\"https:\\\/\\\/hidroponikbahce.com\\\/\",\"name\":\"Hidroponik Bah\u00e7e\",\"description\":\"Topraks\u0131z Tar\u0131m Sistemleri\",\"publisher\":{\"@id\":\"https:\\\/\\\/hidroponikbahce.com\\\/#organization\"},\"potentialAction\":[{\"@type\":\"SearchAction\",\"target\":{\"@type\":\"EntryPoint\",\"urlTemplate\":\"https:\\\/\\\/hidroponikbahce.com\\\/?s={search_term_string}\"},\"query-input\":{\"@type\":\"PropertyValueSpecification\",\"valueRequired\":true,\"valueName\":\"search_term_string\"}}],\"inLanguage\":\"en-US\"},{\"@type\":\"Organization\",\"@id\":\"https:\\\/\\\/hidroponikbahce.com\\\/#organization\",\"name\":\"Hidroponik Bah\u00e7e\",\"url\":\"https:\\\/\\\/hidroponikbahce.com\\\/\",\"logo\":{\"@type\":\"ImageObject\",\"inLanguage\":\"en-US\",\"@id\":\"https:\\\/\\\/hidroponikbahce.com\\\/#\\\/schema\\\/logo\\\/image\\\/\",\"url\":\"https:\\\/\\\/i0.wp.com\\\/hidroponikbahce.net\\\/wp-content\\\/uploads\\\/2022\\\/12\\\/Logo-Hidroponik-Bahce.png?fit=2000%2C350&ssl=1\",\"contentUrl\":\"https:\\\/\\\/i0.wp.com\\\/hidroponikbahce.net\\\/wp-content\\\/uploads\\\/2022\\\/12\\\/Logo-Hidroponik-Bahce.png?fit=2000%2C350&ssl=1\",\"width\":2000,\"height\":350,\"caption\":\"Hidroponik Bah\u00e7e\"},\"image\":{\"@id\":\"https:\\\/\\\/hidroponikbahce.com\\\/#\\\/schema\\\/logo\\\/image\\\/\"},\"sameAs\":[\"https:\\\/\\\/www.facebook.com\\\/hydroponic.farm.5\",\"https:\\\/\\\/www.instagram.com\\\/hydroponic_market\\\/\",\"https:\\\/\\\/tr-tr.facebook.com\\\/groups\\\/205584269848909\\\/?mibextid=6NoCDW\",\"https:\\\/\\\/www.linkedin.com\\\/in\\\/hydroponic-farm-farmer-academy-249b3b196\",\"https:\\\/\\\/www.youtube.com\\\/channel\\\/UCkiZ8fuHlNtao_MkEQRhN-A\"]}]}<\/script>\n<!-- \/ Yoast SEO plugin. -->","yoast_head_json":{"title":"Galeri - Hidroponik Bah\u00e7e","robots":{"index":"index","follow":"follow","max-snippet":"max-snippet:-1","max-image-preview":"max-image-preview:large","max-video-preview":"max-video-preview:-1"},"canonical":"https:\/\/hidroponikbahce.com\/galeri\/","og_locale":"en_US","og_type":"article","og_title":"Galeri - Hidroponik Bah\u00e7e","og_url":"https:\/\/hidroponikbahce.com\/galeri\/","og_site_name":"Hidroponik Bah\u00e7e","article_publisher":"https:\/\/www.facebook.com\/hydroponic.farm.5","article_modified_time":"2022-12-05T13:42:41+00:00","twitter_card":"summary_large_image","schema":{"@context":"https:\/\/schema.org","@graph":[{"@type":"WebPage","@id":"https:\/\/hidroponikbahce.com\/galeri\/","url":"https:\/\/hidroponikbahce.com\/galeri\/","name":"Galeri - Hidroponik Bah\u00e7e","isPartOf":{"@id":"https:\/\/hidroponikbahce.com\/#website"},"datePublished":"2022-12-05T13:42:21+00:00","dateModified":"2022-12-05T13:42:41+00:00","breadcrumb":{"@id":"https:\/\/hidroponikbahce.com\/galeri\/#breadcrumb"},"inLanguage":"en-US","potentialAction":[{"@type":"ReadAction","target":["https:\/\/hidroponikbahce.com\/galeri\/"]}]},{"@type":"BreadcrumbList","@id":"https:\/\/hidroponikbahce.com\/galeri\/#breadcrumb","itemListElement":[{"@type":"ListItem","position":1,"name":"Anasayfa","item":"https:\/\/hidroponikbahce.net\/"},{"@type":"ListItem","position":2,"name":"Galeri"}]},{"@type":"WebSite","@id":"https:\/\/hidroponikbahce.com\/#website","url":"https:\/\/hidroponikbahce.com\/","name":"Hidroponik Bah\u00e7e","description":"Soilless Agricultural Systems","publisher":{"@id":"https:\/\/hidroponikbahce.com\/#organization"},"potentialAction":[{"@type":"SearchAction","target":{"@type":"EntryPoint","urlTemplate":"https:\/\/hidroponikbahce.com\/?s={search_term_string}"},"query-input":{"@type":"PropertyValueSpecification","valueRequired":true,"valueName":"search_term_string"}}],"inLanguage":"en-US"},{"@type":"Organization","@id":"https:\/\/hidroponikbahce.com\/#organization","name":"Hidroponik Bah\u00e7e","url":"https:\/\/hidroponikbahce.com\/","logo":{"@type":"ImageObject","inLanguage":"en-US","@id":"https:\/\/hidroponikbahce.com\/#\/schema\/logo\/image\/","url":"https:\/\/i0.wp.com\/hidroponikbahce.net\/wp-content\/uploads\/2022\/12\/Logo-Hidroponik-Bahce.png?fit=2000%2C350&ssl=1","contentUrl":"https:\/\/i0.wp.com\/hidroponikbahce.net\/wp-content\/uploads\/2022\/12\/Logo-Hidroponik-Bahce.png?fit=2000%2C350&ssl=1","width":2000,"height":350,"caption":"Hidroponik Bah\u00e7e"},"image":{"@id":"https:\/\/hidroponikbahce.com\/#\/schema\/logo\/image\/"},"sameAs":["https:\/\/www.facebook.com\/hydroponic.farm.5","https:\/\/www.instagram.com\/hydroponic_market\/","https:\/\/tr-tr.facebook.com\/groups\/205584269848909\/?mibextid=6NoCDW","https:\/\/www.linkedin.com\/in\/hydroponic-farm-farmer-academy-249b3b196","https:\/\/www.youtube.com\/channel\/UCkiZ8fuHlNtao_MkEQRhN-A"]}]}},"tpgb_featured_images":null,"tpgb_post_meta_info":{"get_date":"December 5, 2022","get_modified_date":"December 5, 2022","author_name":"Hidroponik Bah\u00e7e","author_url":"https:\/\/hidroponikbahce.net\/en\/author\/admin_hb\/","author_email":"info@hidroponikbahce.com","author_website":"https:\/\/hidroponikbahce.com","author_description":"25 senedir \u00e7ift\u00e7ilik faaliyetlerimizi s\u00fcrd\u00fcrmekteyiz. A\u00e7\u0131k alan, serac\u0131l\u0131k ve meyvecilik y\u00f6n\u00fcnde faaliyet g\u00f6steren aile i\u015fletmesiyiz. 15 senedir, serac\u0131l\u0131k alan\u0131nda \u00fcretim ger\u00e7ekle\u015ftirmekteyiz.\r\n\r\n2016 y\u0131l\u0131nda topraks\u0131z tar\u0131m sistemini b\u00f6lgemizde kurduk. Kurmu\u015f oldu\u011fumuz 2000m\u00b2 alanda \u00f6rnek \u00fcretim yapt\u0131k.\r\n\r\nGe\u00e7mi\u015ften beri edindi\u011fimiz bilgi ve tecr\u00fcbelerimizle sizler i\u00e7in, sera kurulumu, kapal\u0131 alan tar\u0131m sistemleri kurulumu, bitkisel \u00fcretim ve dan\u0131\u015fmanl\u0131k hizmeti sa\u011fl\u0131yoruz. Bu alanlarda bilgilerimizi hizmetinize sunarak, sizlerle birlikte b\u00fcy\u00fcmeyi hedefledik.","author_facebook":"","author_twitter":"","author_instagram":"","author_role":["administrator"],"author_firstname":"Hidroponik","author_lastname":"Bah\u00e7e","user_login":"admin_hb","author_avatar":"<img alt='' src='https:\/\/secure.gravatar.com\/avatar\/7393a1173fc46138dc179ca1318e5590b299f6bcba2e0635c0e298992e665c97?s=200&#038;d=mm&#038;r=g' srcset='https:\/\/secure.gravatar.com\/avatar\/7393a1173fc46138dc179ca1318e5590b299f6bcba2e0635c0e298992e665c97?s=400&#038;d=mm&#038;r=g 2x' class='avatar avatar-200 photo' height='200' width='200' loading='lazy' decoding='async'\/>","author_avatar_url":"https:\/\/secure.gravatar.com\/avatar\/7393a1173fc46138dc179ca1318e5590b299f6bcba2e0635c0e298992e665c97?s=96&d=mm&r=g","comment_count":0,"post_likes":0,"post_views":0},"tpgb_post_category":[],"jetpack-related-posts":[],"jetpack_sharing_enabled":true,"_links":{"self":[{"href":"https:\/\/hidroponikbahce.net\/en\/wp-json\/wp\/v2\/pages\/1188","targetHints":{"allow":["GET"]}}],"collection":[{"href":"https:\/\/hidroponikbahce.net\/en\/wp-json\/wp\/v2\/pages"}],"about":[{"href":"https:\/\/hidroponikbahce.net\/en\/wp-json\/wp\/v2\/types\/page"}],"author":[{"embeddable":true,"href":"https:\/\/hidroponikbahce.net\/en\/wp-json\/wp\/v2\/users\/1"}],"replies":[{"embeddable":true,"href":"https:\/\/hidroponikbahce.net\/en\/wp-json\/wp\/v2\/comments?post=1188"}],"version-history":[{"count":1,"href":"https:\/\/hidroponikbahce.net\/en\/wp-json\/wp\/v2\/pages\/1188\/revisions"}],"predecessor-version":[{"id":1189,"href":"https:\/\/hidroponikbahce.net\/en\/wp-json\/wp\/v2\/pages\/1188\/revisions\/1189"}],"wp:attachment":[{"href":"https:\/\/hidroponikbahce.net\/en\/wp-json\/wp\/v2\/media?parent=1188"}],"curies":[{"name":"wp","href":"https:\/\/api.w.org\/{rel}","templated":true}]}}