{"id":1186,"date":"2022-12-05T16:41:41","date_gmt":"2022-12-05T13:41:41","guid":{"rendered":"https:\/\/hidroponikbahce.com\/?page_id=1186"},"modified":"2022-12-13T17:44:09","modified_gmt":"2022-12-13T14:44:09","slug":"danismanlik","status":"publish","type":"page","link":"https:\/\/hidroponikbahce.net\/en\/danismanlik\/","title":{"rendered":"Consultancy"},"content":{"rendered":"<div class=\"wp-block-getwid-section alignfull alignfull getwid-section-content-custom-width\"><div class=\"wp-block-getwid-section__wrapper getwid-padding-left-medium getwid-padding-right-medium\"><div class=\"wp-block-getwid-section__inner-wrapper\" style=\"max-width:1140px\"><div class=\"wp-block-getwid-section__background-holder\"><div class=\"wp-block-getwid-section__background\"><\/div><div class=\"wp-block-getwid-section__foreground\"><\/div><\/div><div class=\"wp-block-getwid-section__content\"><div class=\"wp-block-getwid-section__inner-content\">\n<div class=\"wp-block-getwid-advanced-heading\" style=\"margin-bottom:0px;margin-top:0px\"><span class=\"wp-block-getwid-advanced-heading__content\" style=\"text-align:center\">In The Agricultural Sector<\/span><\/div>\n\n\n\n<div class=\"wp-block-getwid-advanced-heading\" style=\"margin-bottom:30px;margin-top:10px\"><h2 class=\"wp-block-getwid-advanced-heading__content\" style=\"text-align:center\">Our Consulting Services<\/h2><\/div>\n\n\n\n<p class=\"has-text-align-center translation-block\">With our experienced staff in the field, we offer you <br>professional consulting services on agriculture and related issues<\/p>\n\n\n\n<div class=\"wp-block-getwid-advanced-spacer\" style=\"height:40px\" aria-hidden=\"true\"><\/div>\n\n\n\n<div class=\"wp-block-columns has-3-columns is-layout-flex wp-container-core-columns-is-layout-28f84493 wp-block-columns-is-layout-flex\">\n<div class=\"wp-block-column is-layout-flow wp-block-column-is-layout-flow\">\n<div class=\"wp-block-getwid-icon-box has-text-center\"><div class=\"wp-block-getwid-icon-box__icon-container is-position-top\"><a href=\"https:\/\/hidroponikbahce.com\/tarimsal-danismanlik\/\" rel=\"https:\/\/hidroponikbahce.com\/tarimsal-danismanlik\/\" class=\"wp-block-getwid-icon-box__icon-wrapper has-text-color has-palette-color-1-color\" style=\"font-size:36px;padding:0px\"><i class=\"fas fa-leaf\"><\/i><\/a><\/div><div class=\"wp-block-getwid-icon-box__content\">\n<div class=\"wp-block-getwid-advanced-heading\"><h3 class=\"wp-block-getwid-advanced-heading__content\"><a href=\"https:\/\/hidroponikbahce.com\/tarimsal-danismanlik\/\">Agricultural Consultancy<\/a><\/h3><\/div>\n\n\n\n<p class=\"has-small-font-size\">Whatever is intended for agriculture<\/p>\n\n\n\n<p>Agricultural production consultancy<br>Fertilizer consultancy<br>Plant planting and harvest planning<\/p>\n\n\n\n<div class=\"wp-block-stackable-button-group aligncenter stk-block-button-group stk-block stk-f680295\" data-block-id=\"f680295\"><div class=\"stk-row stk-inner-blocks has-text-align-center stk-block-content stk-button-group\">\n<div class=\"wp-block-stackable-button stk-block-button has-text-align-center stk-block stk-0a90475\" data-block-id=\"0a90475\"><style>.stk-0a90475 .stk-button__inner-text{color:#f9fafb !important}<\/style><a class=\"stk-link stk-button stk--hover-effect-darken\" href=\"https:\/\/hidroponikbahce.com\/tarimsal-danismanlik\/\"><span class=\"has-text-color has-palette-color-6-color stk-button__inner-text\">Go to Page<\/span><\/a><\/div>\n<\/div><\/div>\n<\/div><\/div>\n<\/div>\n\n\n\n<div class=\"wp-block-column is-layout-flow wp-block-column-is-layout-flow\">\n<div class=\"wp-block-getwid-icon-box has-text-center\"><div class=\"wp-block-getwid-icon-box__icon-container is-position-top\"><a href=\"https:\/\/hidroponikbahce.com\/proje-danismanligi\/\" rel=\"https:\/\/hidroponikbahce.com\/proje-danismanligi\/\" class=\"wp-block-getwid-icon-box__icon-wrapper has-text-color has-palette-color-1-color\" style=\"font-size:36px;padding:0px\"><i class=\"fas fa-project-diagram\"><\/i><\/a><\/div><div class=\"wp-block-getwid-icon-box__content\">\n<div class=\"wp-block-getwid-advanced-heading\"><h3 class=\"wp-block-getwid-advanced-heading__content\"><a href=\"https:\/\/hidroponikbahce.com\/proje-danismanligi\/\">Project Consultancy<\/a><\/h3><\/div>\n\n\n\n<p class=\"has-small-font-size\">If you want to benefit from the supports<\/p>\n\n\n\n<p>Agricultural planning and projecting<br>Land surveying and mapping<br>TKDK, KOSGEB, IPARD projects<br>BAC, HACCP etc. documents <\/p>\n\n\n\n<div class=\"wp-block-stackable-button-group aligncenter stk-block-button-group stk-block stk-1743b3e\" data-block-id=\"1743b3e\"><div class=\"stk-row stk-inner-blocks has-text-align-center stk-block-content stk-button-group\">\n<div class=\"wp-block-stackable-button stk-block-button has-text-align-center stk-block stk-3e5076e\" data-block-id=\"3e5076e\"><style>.stk-3e5076e .stk-button{background:#00af40 !important}.stk-3e5076e .stk-button__inner-text{color:#f9fafb !important}<\/style><a class=\"stk-link stk-button stk--hover-effect-darken\" href=\"https:\/\/hidroponikbahce.com\/proje-danismanligi\/\"><span class=\"has-text-color has-palette-color-6-color stk-button__inner-text\">Go to Page<\/span><\/a><\/div>\n<\/div><\/div>\n<\/div><\/div>\n<\/div>\n\n\n\n<div class=\"wp-block-column is-layout-flow wp-block-column-is-layout-flow\">\n<div class=\"wp-block-getwid-icon-box has-text-center\"><div class=\"wp-block-getwid-icon-box__icon-container is-position-top\"><a href=\"https:\/\/hidroponikbahce.com\/egitim-farmer-academy\/\" rel=\"https:\/\/hidroponikbahce.com\/egitim-farmer-academy\/\" class=\"wp-block-getwid-icon-box__icon-wrapper has-text-color has-palette-color-1-color\" style=\"font-size:36px;padding:0px\"><i class=\"fas fa-school\"><\/i><\/a><\/div><div class=\"wp-block-getwid-icon-box__content\">\n<div class=\"wp-block-getwid-advanced-heading\"><h3 class=\"wp-block-getwid-advanced-heading__content\"><a href=\"https:\/\/hidroponikbahce.com\/egitim-farmer-academy\/\">Farmer Academy<\/a><\/h3><\/div>\n\n\n\n<p class=\"has-small-font-size\">Agricultural education<\/p>\n\n\n\n<p>Practical training<br>Distance education<br>Visitor<\/p>\n\n\n\n<div class=\"wp-block-stackable-button-group aligncenter stk-block-button-group stk-block stk-0ac066d\" data-block-id=\"0ac066d\"><div class=\"stk-row stk-inner-blocks has-text-align-center stk-block-content stk-button-group\">\n<div class=\"wp-block-stackable-button stk-block-button stk-block stk-ba4804f\" data-block-id=\"ba4804f\"><style>.stk-ba4804f .stk-button__inner-text{color:#f9fafb !important}<\/style><a class=\"stk-link stk-button stk--hover-effect-darken\" href=\"https:\/\/hidroponikbahce.com\/egitim-farmer-academy\/\"><span class=\"has-text-color has-palette-color-6-color stk-button__inner-text\">Go to Page<\/span><\/a><\/div>\n<\/div><\/div>\n<\/div><\/div>\n<\/div>\n<\/div>\n<\/div><\/div><\/div><\/div><\/div>","protected":false},"excerpt":{"rendered":"","protected":false},"author":1,"featured_media":1962,"parent":0,"menu_order":0,"comment_status":"closed","ping_status":"closed","template":"","meta":{"tpgb_global_settings":"","_vp_format_video_url":"","_vp_image_focal_point":{"x":0.5,"y":1},"footnotes":""},"class_list":["post-1186","page","type-page","status-publish","has-post-thumbnail","hentry"],"blocksy_meta":{"styles_descriptor":{"styles":{"desktop":"","tablet":"","mobile":""},"google_fonts":[],"version":5}},"yoast_head":"<!-- This site is optimized with the Yoast SEO plugin v27.4 - https:\/\/yoast.com\/product\/yoast-seo-wordpress\/ -->\n<title>Dan\u0131\u015fmanl\u0131k - Hidroponik Bah\u00e7e<\/title>\n<meta name=\"description\" content=\"Zirai \u00fcretim dan\u0131\u015fmanl\u0131\u011f\u0131, tar\u0131m dan\u0131\u015fmanl\u0131\u011f\u0131, bitki dikim ve hasat dan\u0131\u015fmanl\u0131\u011f\u0131, g\u00fcbre dan\u0131\u015fmanl\u0131\u011f\u0131, farmer academy e\u011fitim, TKDK, KOSGEB, bel\" \/>\n<meta name=\"robots\" content=\"index, follow, max-snippet:-1, max-image-preview:large, max-video-preview:-1\" \/>\n<link rel=\"canonical\" href=\"https:\/\/hidroponikbahce.com\/danismanlik\/\" \/>\n<meta property=\"og:locale\" content=\"en_US\" \/>\n<meta property=\"og:type\" content=\"article\" \/>\n<meta property=\"og:title\" content=\"Dan\u0131\u015fmanl\u0131k - Hidroponik Bah\u00e7e\" \/>\n<meta property=\"og:description\" content=\"Zirai \u00fcretim dan\u0131\u015fmanl\u0131\u011f\u0131, tar\u0131m dan\u0131\u015fmanl\u0131\u011f\u0131, bitki dikim ve hasat dan\u0131\u015fmanl\u0131\u011f\u0131, g\u00fcbre dan\u0131\u015fmanl\u0131\u011f\u0131, farmer academy e\u011fitim, TKDK, KOSGEB, bel\" \/>\n<meta property=\"og:url\" content=\"https:\/\/hidroponikbahce.com\/danismanlik\/\" \/>\n<meta property=\"og:site_name\" content=\"Hidroponik Bah\u00e7e\" \/>\n<meta property=\"article:publisher\" content=\"https:\/\/www.facebook.com\/hydroponic.farm.5\" \/>\n<meta property=\"article:modified_time\" content=\"2022-12-13T14:44:09+00:00\" \/>\n<meta property=\"og:image\" content=\"https:\/\/hidroponikbahce.com\/wp-content\/uploads\/2022\/12\/Tarim-Danismanligi-1-scaled.jpg\" \/>\n\t<meta property=\"og:image:width\" content=\"2560\" \/>\n\t<meta property=\"og:image:height\" content=\"1706\" \/>\n\t<meta property=\"og:image:type\" content=\"image\/jpeg\" \/>\n<meta name=\"twitter:card\" content=\"summary_large_image\" \/>\n<meta name=\"twitter:label1\" content=\"Est. reading time\" \/>\n\t<meta name=\"twitter:data1\" content=\"1 minute\" \/>\n<script type=\"application\/ld+json\" class=\"yoast-schema-graph\">{\"@context\":\"https:\\\/\\\/schema.org\",\"@graph\":[{\"@type\":\"WebPage\",\"@id\":\"https:\\\/\\\/hidroponikbahce.com\\\/danismanlik\\\/\",\"url\":\"https:\\\/\\\/hidroponikbahce.com\\\/danismanlik\\\/\",\"name\":\"Dan\u0131\u015fmanl\u0131k - Hidroponik Bah\u00e7e\",\"isPartOf\":{\"@id\":\"https:\\\/\\\/hidroponikbahce.com\\\/#website\"},\"primaryImageOfPage\":{\"@id\":\"https:\\\/\\\/hidroponikbahce.com\\\/danismanlik\\\/#primaryimage\"},\"image\":{\"@id\":\"https:\\\/\\\/hidroponikbahce.com\\\/danismanlik\\\/#primaryimage\"},\"thumbnailUrl\":\"https:\\\/\\\/i0.wp.com\\\/hidroponikbahce.net\\\/wp-content\\\/uploads\\\/2022\\\/12\\\/Tarim-Danismanligi-1-scaled.jpg?fit=2560%2C1706&ssl=1\",\"datePublished\":\"2022-12-05T13:41:41+00:00\",\"dateModified\":\"2022-12-13T14:44:09+00:00\",\"description\":\"Zirai \u00fcretim dan\u0131\u015fmanl\u0131\u011f\u0131, tar\u0131m dan\u0131\u015fmanl\u0131\u011f\u0131, bitki dikim ve hasat dan\u0131\u015fmanl\u0131\u011f\u0131, g\u00fcbre dan\u0131\u015fmanl\u0131\u011f\u0131, farmer academy e\u011fitim, TKDK, KOSGEB, bel\",\"breadcrumb\":{\"@id\":\"https:\\\/\\\/hidroponikbahce.com\\\/danismanlik\\\/#breadcrumb\"},\"inLanguage\":\"en-US\",\"potentialAction\":[{\"@type\":\"ReadAction\",\"target\":[\"https:\\\/\\\/hidroponikbahce.com\\\/danismanlik\\\/\"]}]},{\"@type\":\"ImageObject\",\"inLanguage\":\"en-US\",\"@id\":\"https:\\\/\\\/hidroponikbahce.com\\\/danismanlik\\\/#primaryimage\",\"url\":\"https:\\\/\\\/i0.wp.com\\\/hidroponikbahce.net\\\/wp-content\\\/uploads\\\/2022\\\/12\\\/Tarim-Danismanligi-1-scaled.jpg?fit=2560%2C1706&ssl=1\",\"contentUrl\":\"https:\\\/\\\/i0.wp.com\\\/hidroponikbahce.net\\\/wp-content\\\/uploads\\\/2022\\\/12\\\/Tarim-Danismanligi-1-scaled.jpg?fit=2560%2C1706&ssl=1\",\"width\":2560,\"height\":1706,\"caption\":\"tar\u0131m proje dan\u0131\u015fmanl\u0131\u011f\u0131\"},{\"@type\":\"BreadcrumbList\",\"@id\":\"https:\\\/\\\/hidroponikbahce.com\\\/danismanlik\\\/#breadcrumb\",\"itemListElement\":[{\"@type\":\"ListItem\",\"position\":1,\"name\":\"Anasayfa\",\"item\":\"https:\\\/\\\/hidroponikbahce.net\\\/\"},{\"@type\":\"ListItem\",\"position\":2,\"name\":\"Dan\u0131\u015fmanl\u0131k\"}]},{\"@type\":\"WebSite\",\"@id\":\"https:\\\/\\\/hidroponikbahce.com\\\/#website\",\"url\":\"https:\\\/\\\/hidroponikbahce.com\\\/\",\"name\":\"Hidroponik Bah\u00e7e\",\"description\":\"Topraks\u0131z Tar\u0131m Sistemleri\",\"publisher\":{\"@id\":\"https:\\\/\\\/hidroponikbahce.com\\\/#organization\"},\"potentialAction\":[{\"@type\":\"SearchAction\",\"target\":{\"@type\":\"EntryPoint\",\"urlTemplate\":\"https:\\\/\\\/hidroponikbahce.com\\\/?s={search_term_string}\"},\"query-input\":{\"@type\":\"PropertyValueSpecification\",\"valueRequired\":true,\"valueName\":\"search_term_string\"}}],\"inLanguage\":\"en-US\"},{\"@type\":\"Organization\",\"@id\":\"https:\\\/\\\/hidroponikbahce.com\\\/#organization\",\"name\":\"Hidroponik Bah\u00e7e\",\"url\":\"https:\\\/\\\/hidroponikbahce.com\\\/\",\"logo\":{\"@type\":\"ImageObject\",\"inLanguage\":\"en-US\",\"@id\":\"https:\\\/\\\/hidroponikbahce.com\\\/#\\\/schema\\\/logo\\\/image\\\/\",\"url\":\"https:\\\/\\\/i0.wp.com\\\/hidroponikbahce.net\\\/wp-content\\\/uploads\\\/2022\\\/12\\\/Logo-Hidroponik-Bahce.png?fit=2000%2C350&ssl=1\",\"contentUrl\":\"https:\\\/\\\/i0.wp.com\\\/hidroponikbahce.net\\\/wp-content\\\/uploads\\\/2022\\\/12\\\/Logo-Hidroponik-Bahce.png?fit=2000%2C350&ssl=1\",\"width\":2000,\"height\":350,\"caption\":\"Hidroponik Bah\u00e7e\"},\"image\":{\"@id\":\"https:\\\/\\\/hidroponikbahce.com\\\/#\\\/schema\\\/logo\\\/image\\\/\"},\"sameAs\":[\"https:\\\/\\\/www.facebook.com\\\/hydroponic.farm.5\",\"https:\\\/\\\/www.instagram.com\\\/hydroponic_market\\\/\",\"https:\\\/\\\/tr-tr.facebook.com\\\/groups\\\/205584269848909\\\/?mibextid=6NoCDW\",\"https:\\\/\\\/www.linkedin.com\\\/in\\\/hydroponic-farm-farmer-academy-249b3b196\",\"https:\\\/\\\/www.youtube.com\\\/channel\\\/UCkiZ8fuHlNtao_MkEQRhN-A\"]}]}<\/script>\n<!-- \/ Yoast SEO plugin. -->","yoast_head_json":{"title":"Dan\u0131\u015fmanl\u0131k - Hidroponik Bah\u00e7e","description":"Zirai \u00fcretim dan\u0131\u015fmanl\u0131\u011f\u0131, tar\u0131m dan\u0131\u015fmanl\u0131\u011f\u0131, bitki dikim ve hasat dan\u0131\u015fmanl\u0131\u011f\u0131, g\u00fcbre dan\u0131\u015fmanl\u0131\u011f\u0131, farmer academy e\u011fitim, TKDK, KOSGEB, bel","robots":{"index":"index","follow":"follow","max-snippet":"max-snippet:-1","max-image-preview":"max-image-preview:large","max-video-preview":"max-video-preview:-1"},"canonical":"https:\/\/hidroponikbahce.com\/danismanlik\/","og_locale":"en_US","og_type":"article","og_title":"Dan\u0131\u015fmanl\u0131k - Hidroponik Bah\u00e7e","og_description":"Zirai \u00fcretim dan\u0131\u015fmanl\u0131\u011f\u0131, tar\u0131m dan\u0131\u015fmanl\u0131\u011f\u0131, bitki dikim ve hasat dan\u0131\u015fmanl\u0131\u011f\u0131, g\u00fcbre dan\u0131\u015fmanl\u0131\u011f\u0131, farmer academy e\u011fitim, TKDK, KOSGEB, bel","og_url":"https:\/\/hidroponikbahce.com\/danismanlik\/","og_site_name":"Hidroponik Bah\u00e7e","article_publisher":"https:\/\/www.facebook.com\/hydroponic.farm.5","article_modified_time":"2022-12-13T14:44:09+00:00","og_image":[{"width":2560,"height":1706,"url":"https:\/\/hidroponikbahce.com\/wp-content\/uploads\/2022\/12\/Tarim-Danismanligi-1-scaled.jpg","type":"image\/jpeg"}],"twitter_card":"summary_large_image","twitter_misc":{"Est. reading time":"1 minute"},"schema":{"@context":"https:\/\/schema.org","@graph":[{"@type":"WebPage","@id":"https:\/\/hidroponikbahce.com\/danismanlik\/","url":"https:\/\/hidroponikbahce.com\/danismanlik\/","name":"Dan\u0131\u015fmanl\u0131k - Hidroponik Bah\u00e7e","isPartOf":{"@id":"https:\/\/hidroponikbahce.com\/#website"},"primaryImageOfPage":{"@id":"https:\/\/hidroponikbahce.com\/danismanlik\/#primaryimage"},"image":{"@id":"https:\/\/hidroponikbahce.com\/danismanlik\/#primaryimage"},"thumbnailUrl":"https:\/\/i0.wp.com\/hidroponikbahce.net\/wp-content\/uploads\/2022\/12\/Tarim-Danismanligi-1-scaled.jpg?fit=2560%2C1706&ssl=1","datePublished":"2022-12-05T13:41:41+00:00","dateModified":"2022-12-13T14:44:09+00:00","description":"Zirai \u00fcretim dan\u0131\u015fmanl\u0131\u011f\u0131, tar\u0131m dan\u0131\u015fmanl\u0131\u011f\u0131, bitki dikim ve hasat dan\u0131\u015fmanl\u0131\u011f\u0131, g\u00fcbre dan\u0131\u015fmanl\u0131\u011f\u0131, farmer academy e\u011fitim, TKDK, KOSGEB, bel","breadcrumb":{"@id":"https:\/\/hidroponikbahce.com\/danismanlik\/#breadcrumb"},"inLanguage":"en-US","potentialAction":[{"@type":"ReadAction","target":["https:\/\/hidroponikbahce.com\/danismanlik\/"]}]},{"@type":"ImageObject","inLanguage":"en-US","@id":"https:\/\/hidroponikbahce.com\/danismanlik\/#primaryimage","url":"https:\/\/i0.wp.com\/hidroponikbahce.net\/wp-content\/uploads\/2022\/12\/Tarim-Danismanligi-1-scaled.jpg?fit=2560%2C1706&ssl=1","contentUrl":"https:\/\/i0.wp.com\/hidroponikbahce.net\/wp-content\/uploads\/2022\/12\/Tarim-Danismanligi-1-scaled.jpg?fit=2560%2C1706&ssl=1","width":2560,"height":1706,"caption":"tar\u0131m proje dan\u0131\u015fmanl\u0131\u011f\u0131"},{"@type":"BreadcrumbList","@id":"https:\/\/hidroponikbahce.com\/danismanlik\/#breadcrumb","itemListElement":[{"@type":"ListItem","position":1,"name":"Anasayfa","item":"https:\/\/hidroponikbahce.net\/"},{"@type":"ListItem","position":2,"name":"Dan\u0131\u015fmanl\u0131k"}]},{"@type":"WebSite","@id":"https:\/\/hidroponikbahce.com\/#website","url":"https:\/\/hidroponikbahce.com\/","name":"Hidroponik Bah\u00e7e","description":"Soilless Agricultural Systems","publisher":{"@id":"https:\/\/hidroponikbahce.com\/#organization"},"potentialAction":[{"@type":"SearchAction","target":{"@type":"EntryPoint","urlTemplate":"https:\/\/hidroponikbahce.com\/?s={search_term_string}"},"query-input":{"@type":"PropertyValueSpecification","valueRequired":true,"valueName":"search_term_string"}}],"inLanguage":"en-US"},{"@type":"Organization","@id":"https:\/\/hidroponikbahce.com\/#organization","name":"Hidroponik Bah\u00e7e","url":"https:\/\/hidroponikbahce.com\/","logo":{"@type":"ImageObject","inLanguage":"en-US","@id":"https:\/\/hidroponikbahce.com\/#\/schema\/logo\/image\/","url":"https:\/\/i0.wp.com\/hidroponikbahce.net\/wp-content\/uploads\/2022\/12\/Logo-Hidroponik-Bahce.png?fit=2000%2C350&ssl=1","contentUrl":"https:\/\/i0.wp.com\/hidroponikbahce.net\/wp-content\/uploads\/2022\/12\/Logo-Hidroponik-Bahce.png?fit=2000%2C350&ssl=1","width":2000,"height":350,"caption":"Hidroponik Bah\u00e7e"},"image":{"@id":"https:\/\/hidroponikbahce.com\/#\/schema\/logo\/image\/"},"sameAs":["https:\/\/www.facebook.com\/hydroponic.farm.5","https:\/\/www.instagram.com\/hydroponic_market\/","https:\/\/tr-tr.facebook.com\/groups\/205584269848909\/?mibextid=6NoCDW","https:\/\/www.linkedin.com\/in\/hydroponic-farm-farmer-academy-249b3b196","https:\/\/www.youtube.com\/channel\/UCkiZ8fuHlNtao_MkEQRhN-A"]}]}},"tpgb_featured_images":{"full":["https:\/\/i0.wp.com\/hidroponikbahce.net\/wp-content\/uploads\/2022\/12\/Tarim-Danismanligi-1-scaled.jpg?fit=2560%2C1706&ssl=1",2560,1706,false],"tp-image-grid":["https:\/\/i0.wp.com\/hidroponikbahce.net\/wp-content\/uploads\/2022\/12\/Tarim-Danismanligi-1-scaled.jpg?resize=700%2C700&ssl=1",700,700,true],"thumbnail":["https:\/\/i0.wp.com\/hidroponikbahce.net\/wp-content\/uploads\/2022\/12\/Tarim-Danismanligi-1-scaled.jpg?resize=150%2C150&ssl=1",150,150,true],"medium":["https:\/\/i0.wp.com\/hidroponikbahce.net\/wp-content\/uploads\/2022\/12\/Tarim-Danismanligi-1-scaled.jpg?fit=300%2C200&ssl=1",300,200,true],"medium_large":["https:\/\/i0.wp.com\/hidroponikbahce.net\/wp-content\/uploads\/2022\/12\/Tarim-Danismanligi-1-scaled.jpg?fit=768%2C512&ssl=1",768,512,true],"large":["https:\/\/i0.wp.com\/hidroponikbahce.net\/wp-content\/uploads\/2022\/12\/Tarim-Danismanligi-1-scaled.jpg?fit=1024%2C683&ssl=1",1024,683,true],"default":"https:\/\/hidroponikbahce.net\/wp-content\/plugins\/the-plus-addons-for-block-editor\/assets\/images\/tpgb-placeholder.jpg"},"tpgb_post_meta_info":{"get_date":"December 5, 2022","get_modified_date":"December 13, 2022","author_name":"Hidroponik Bah\u00e7e","author_url":"https:\/\/hidroponikbahce.net\/en\/author\/admin_hb\/","author_email":"info@hidroponikbahce.com","author_website":"https:\/\/hidroponikbahce.com","author_description":"25 senedir \u00e7ift\u00e7ilik faaliyetlerimizi s\u00fcrd\u00fcrmekteyiz. A\u00e7\u0131k alan, serac\u0131l\u0131k ve meyvecilik y\u00f6n\u00fcnde faaliyet g\u00f6steren aile i\u015fletmesiyiz. 15 senedir, serac\u0131l\u0131k alan\u0131nda \u00fcretim ger\u00e7ekle\u015ftirmekteyiz.\r\n\r\n2016 y\u0131l\u0131nda topraks\u0131z tar\u0131m sistemini b\u00f6lgemizde kurduk. Kurmu\u015f oldu\u011fumuz 2000m\u00b2 alanda \u00f6rnek \u00fcretim yapt\u0131k.\r\n\r\nGe\u00e7mi\u015ften beri edindi\u011fimiz bilgi ve tecr\u00fcbelerimizle sizler i\u00e7in, sera kurulumu, kapal\u0131 alan tar\u0131m sistemleri kurulumu, bitkisel \u00fcretim ve dan\u0131\u015fmanl\u0131k hizmeti sa\u011fl\u0131yoruz. Bu alanlarda bilgilerimizi hizmetinize sunarak, sizlerle birlikte b\u00fcy\u00fcmeyi hedefledik.","author_facebook":"","author_twitter":"","author_instagram":"","author_role":["administrator"],"author_firstname":"Hidroponik","author_lastname":"Bah\u00e7e","user_login":"admin_hb","author_avatar":"<img alt='' src='https:\/\/secure.gravatar.com\/avatar\/7393a1173fc46138dc179ca1318e5590b299f6bcba2e0635c0e298992e665c97?s=200&#038;d=mm&#038;r=g' srcset='https:\/\/secure.gravatar.com\/avatar\/7393a1173fc46138dc179ca1318e5590b299f6bcba2e0635c0e298992e665c97?s=400&#038;d=mm&#038;r=g 2x' class='avatar avatar-200 photo' height='200' width='200' loading='lazy' decoding='async'\/>","author_avatar_url":"https:\/\/secure.gravatar.com\/avatar\/7393a1173fc46138dc179ca1318e5590b299f6bcba2e0635c0e298992e665c97?s=96&d=mm&r=g","comment_count":0,"post_likes":0,"post_views":0},"tpgb_post_category":[],"jetpack-related-posts":[],"jetpack_sharing_enabled":true,"_links":{"self":[{"href":"https:\/\/hidroponikbahce.net\/en\/wp-json\/wp\/v2\/pages\/1186","targetHints":{"allow":["GET"]}}],"collection":[{"href":"https:\/\/hidroponikbahce.net\/en\/wp-json\/wp\/v2\/pages"}],"about":[{"href":"https:\/\/hidroponikbahce.net\/en\/wp-json\/wp\/v2\/types\/page"}],"author":[{"embeddable":true,"href":"https:\/\/hidroponikbahce.net\/en\/wp-json\/wp\/v2\/users\/1"}],"replies":[{"embeddable":true,"href":"https:\/\/hidroponikbahce.net\/en\/wp-json\/wp\/v2\/comments?post=1186"}],"version-history":[{"count":4,"href":"https:\/\/hidroponikbahce.net\/en\/wp-json\/wp\/v2\/pages\/1186\/revisions"}],"predecessor-version":[{"id":2005,"href":"https:\/\/hidroponikbahce.net\/en\/wp-json\/wp\/v2\/pages\/1186\/revisions\/2005"}],"wp:featuredmedia":[{"embeddable":true,"href":"https:\/\/hidroponikbahce.net\/en\/wp-json\/wp\/v2\/media\/1962"}],"wp:attachment":[{"href":"https:\/\/hidroponikbahce.net\/en\/wp-json\/wp\/v2\/media?parent=1186"}],"curies":[{"name":"wp","href":"https:\/\/api.w.org\/{rel}","templated":true}]}}